{"id":4950,"date":"2021-08-29T14:33:32","date_gmt":"2021-08-29T13:33:32","guid":{"rendered":"https:\/\/1001vertus.com\/?post_type=product&#038;p=4950"},"modified":"2026-04-05T10:01:49","modified_gmt":"2026-04-05T09:01:49","slug":"getrocknete-seneblatter-sana-maki","status":"publish","type":"product","link":"https:\/\/1001vertus.com\/de\/produit\/feuilles-de-sene-sechees-sana-maki\/","title":{"rendered":"Getrocknete Sennesbl\u00e4tter (sana maki) 100g"},"content":{"rendered":"<p>Die Senna ist ein Strauch aus der Familie der Sesalpiniaceae. Die Bl\u00e4tter und H\u00fclsen werden in der Pflanzenheilkunde zur Bek\u00e4mpfung von Verstopfungsproblemen verwendet. Au\u00dferdem werden sie zur Reinigung des Verdauungstrakts und der Darmflora verwendet. \u00dcbernehmen Sie das Sennesblatt bei 1001 vertus!<\/p>\n<h2><strong>Senna im Wandel der Zeiten :<\/strong><\/h2>\n<p>Diese Pflanze stammt aus den W\u00fcstengebieten der arabischen Halbinsel (Jemen) und Afrikas (Somalia). Ihre Verwendung l\u00e4sst sich bis ins alte \u00c4gypten zur\u00fcckverfolgen, wo sie von \u00e4gyptischen \u00c4rzten anal zur Darmsp\u00fclung verwendet wurde.<\/p>\n<p>Jahrhundert erw\u00e4hnte der griechische Arzt Actuarius in einem seiner Werke zum ersten Mal Senna als Abf\u00fchrmittel.<\/p>\n<p>Aber es waren die Araber, die dieses nat\u00fcrliche Heilmittel wirklich popul\u00e4r machten, vor allem weil es ein prophetisches Heilmittel war. Sie gaben ihm den Namen \"Sana\", aus dem sich sp\u00e4ter im Franz\u00f6sischen der Name S\u00e9n\u00e9 entwickelte.<br \/>\nArabische H\u00e4ndler brachten die Pflanze in ihren Karawanen mit und verbreiteten sie in ganz Europa. Die Pflanze findet Eingang in die europ\u00e4ischen Arzneib\u00fccher und wird im 18. Jahrhundert als Abf\u00fchrmittel und Adstringens sehr beliebt, insbesondere bei Seeleuten, da sie Bestandteil eines Heilmittels in der damaligen westlichen Seefahrtsapotheke war.<\/p>\n<p>Heute werden die Vorteile der Senna von hohen medizinischen Instanzen anerkannt.<\/p>\n<h2><strong>Sana makki: F\u00fcr medizinisch anerkannte Vorteile :<\/strong><\/h2>\n<p><strong>Die Weltgesundheitsorganisation<\/strong> (WHO) betrachtet Sennesbl\u00e4tter als \"punktuelle Behandlung von gelegentlichen Verstopfungen\". Die WHO empfiehlt Sennesbl\u00e4tter auch zur Behandlung von Fieber. Husten, Gonorrh\u00f6e und H\u00e4morrhoiden, jedoch ohne wirkliche wissenschaftliche Beweise.<\/p>\n<p><strong>Die Europ\u00e4ische Arzneimittel-Agentur<\/strong>\u00a0(EMA) betrachtet die Verwendung von Sennesbl\u00e4ttern und -fr\u00fcchten zur \"Behandlung gelegentlicher Verstopfung\" als \"gut etabliert\", allerdings nur bei Erwachsenen und Kindern \u00fcber 12 Jahren.<\/p>\n<p><strong>Die Kommission E des deutschen Gesundheitsministeriums und die ESCOP<\/strong>\u00a0(European Scientific Cooperative on Phytotherapy) empfiehlt die gleiche Anwendung von Sennesfr\u00fcchten, allerdings nur \u00fcber einen kurzen Zeitraum.<\/p>\n<h2><strong>Das Sennesblatt in der muslimischen prophetischen Medizin :<\/strong><\/h2>\n<p>Senna wird in der Medizin, die aus der muslimischen Tradition (Sunna) hervorgegangen ist, zur Reinigung verwendet, aber auch um <a href=\"https:\/\/www.huiles-de-nigelle.com\/collection\/roqya\/\" target=\"_blank\" rel=\"noopener\"><strong>im Rahmen von Roqya chariya<\/strong><\/a>Roqya ist ein Begriff, der mit Exorzismus \u00fcbersetzt werden kann, auch wenn Roqya eher eine Heilung von k\u00f6rperlichen und seelischen Beschwerden ist.<br \/>\nDieses Heilmittel wird bei Hexerei (Sihr) eingesetzt, die getrunken oder geschluckt wird, und hilft dank seiner starken abf\u00fchrenden Wirkung, diese loszuwerden.<\/p>\n<h2><strong>Was sind die Vorteile von Sennesbl\u00e4ttern?<\/strong><\/h2>\n<p>Sennesbl\u00e4tter werden haupts\u00e4chlich wegen ihrer abf\u00fchrenden und reinigenden Wirkung auf den Darm verwendet, aber sie haben auch noch andere Vorz\u00fcge:<\/p>\n<h2><strong>Wirkung auf das Verdauungssystem und den Transit : <\/strong><\/h2>\n<p>Durch die Anregung der Darmt\u00e4tigkeit hilft Senna, vor\u00fcbergehende Verstopfung und Verdauungsst\u00f6rungen wirksam zu bek\u00e4mpfen. Dies geschieht, indem es als Darmpurgativ wirkt.<\/p>\n<p>Diese Wirkung ist vorteilhaft bei H\u00e4morrhoiden. Da weicher Stuhl leichter zu def\u00e4kieren ist als harter Stuhl, der schmerzhaft sein kann. Diese Wirkung wird manchmal zur Reinigung des Darms, insbesondere des Dickdarms, genutzt. Vor bestimmten endoskopischen medizinischen Untersuchungen (Endoskopien und Koloskopien) f\u00fcr eine effektive Untersuchung. Manche sagen ihm eine schlankmachende Wirkung nach, aber da es sich um ein Produkt handelt, das nur einmalig eingenommen wird, kann man ihm keine echte schlankmachende Wirkung zuschreiben.<\/p>\n<p><strong>Wirkung auf die Leber : <\/strong>In der Ayurveda-Medizin, der traditionellen indischen Medizin, wird Senna zur Bek\u00e4mpfung von Lebererkrankungen verwendet: An\u00e4mie, Lebererkrankungen, Gelbsucht, Typhus etc.<\/p>\n<p><strong>Verwendung in der Kosmetik : <\/strong>Sennaaufguss\/-tee wird als Sp\u00fclwasser oder als Umschlag auf dem Haar verwendet, um es zu n\u00e4hren und ihm Glanz zu verleihen. Er soll eine angeblich sehr wirksame Anti-Schuppen-Wirkung haben.<\/p>\n<h2><strong>Wie werden Sennesbl\u00e4tter verwendet?<\/strong><\/h2>\n<p>Die empfohlene Dosis betr\u00e4gt 1 bis 2 g getrocknete Bl\u00e4tter. Es wird allgemein empfohlen, einen Tee pro Tag zu trinken, meist abends vor dem Schlafengehen, damit man tags\u00fcber nicht von der abf\u00fchrenden Wirkung gest\u00f6rt wird.<\/p>\n<h3><strong>Wie bereitet man einen Tee aus Sennesbl\u00e4ttern zu?<\/strong><\/h3>\n<p>Wasser erhitzen, aber nicht kochen, 1 bis 2 Teel\u00f6ffel getrocknete Sennesbl\u00e4tter (nicht mehr als 2 g) 10 Minuten lang im hei\u00dfen Wasser ziehen lassen und dann abseihen.<\/p>\n<p><strong>Externe Verwendung : <\/strong>Einen Aufguss zubereiten und den Tee als Sp\u00fclwasser f\u00fcr die Haare verwenden. Alternativ ein sauberes Tuch in den Sud tauchen und als Umschlag auf die <a href=\"https:\/\/1001vertus.com\/de\/product\/kardoune-algerien\/\"><strong>Haar<\/strong><\/a>.<\/p>\n<h2><strong>Vorsichtsma\u00dfnahmen f\u00fcr die Verwendung von Sennesbl\u00e4ttern :<\/strong><\/h2>\n<p>Achtung: Hinter einer Verstopfung kann sich eine ernsthaftere Erkrankung verbergen. Konsultieren Sie daher immer einen Arzt, bevor Sie eine Heilpflanze verwenden.<br \/>\nEine Senna-Kur sollte immer kurz und punktuell sein und nie l\u00e4nger als 8 Tage dauern, da die Pflanze den Darm reizen k\u00f6nnte. Wenn nach 4 Tagen keine Wirkung festzustellen ist, sollten Sie sofort einen Arzt oder Apotheker aufsuchen.<\/p>\n<h3><strong>Gegenanzeigen :<\/strong><\/h3>\n<p>Die Verwendung von Sennesbl\u00e4ttern ist kontraindiziert bei Menschen, die an einer Darmentz\u00fcndung (Morbus Crohn, h\u00e4morrhagische Rektokolitis usw.) leiden. An Darmverschluss, chronischer Verstopfung und allen Darmproblemen im Allgemeinen, auf jeden Fall ohne \u00e4rztliche Genehmigung. Schwangeren und stillenden Frauen wird von der Einnahme von Senna abgeraten. Bei Kindern unter 12 Jahren und bei Personen mit Herzproblemen.<\/p>\n<h3><strong>Unerw\u00fcnschte Wirkungen des Sennesblatts (Sana Makki)<\/strong><\/h3>\n<p>Bei einer \u00dcberdosierung, einer zu langen oder zu regelm\u00e4\u00dfigen Einnahme kann Senna zu Darmreizungen, Bauchschmerzen oder starkem Durchfall f\u00fchren. Starker Durchfall kann zu einem Kaliummangel f\u00fchren, der wiederum Herzrhythmusst\u00f6rungen verursachen kann.<\/p>\n<h3><strong>Wechselwirkungen mit Medikamenten und Heilpflanzen :<\/strong><\/h3>\n<p>Senna sollte nicht zus\u00e4tzlich zu einem Medikament eingenommen werden. Auch einer Pflanze oder einem Nahrungserg\u00e4nzungsmittel mit abf\u00fchrenden Eigenschaften. Sennesbl\u00e4tter sollten nicht zusammen mit Medikamenten zur Behandlung von Herzproblemen und Nierenversagen eingenommen werden. Dies gilt auch f\u00fcr Digitalis, Diuretika oder Kortikoide.<\/p>\n<p><u>Gewicht :<\/u>\u00a0100g<\/p>\n<p><u>Herkunft :<\/u>\u00a0Indien<\/p>","protected":false},"excerpt":{"rendered":"<p class=\"Standard\">Senna wird seit der Zeit der Pharaonen verwendet und sp\u00e4ter von den Arabern popul\u00e4r gemacht, da sie Teil ihrer prophetischen Medizin war. Heute wird sie von hohen medizinischen Instanzen wie der WHO als \"punktuelle Behandlung von gelegentlichen Verstopfungen\" anerkannt.<\/p>\n<p class=\"Standard\">Als Tee getrunken, werden die Bl\u00e4tter in der Pflanzenheilkunde zur Bek\u00e4mpfung von Verstopfungsproblemen und zur Reinigung des Verdauungstraktes und der Darmflora verwendet.<\/p>","protected":false},"featured_media":4972,"template":"","meta":[],"product_brand":[],"product_cat":[54,28,96],"product_tag":[],"class_list":{"0":"post-4950","1":"product","2":"type-product","3":"status-publish","4":"has-post-thumbnail","6":"product_cat-tisane","7":"product_cat-medecine-sante","8":"product_cat-roqya-chariya","10":"first","11":"instock","12":"shipping-taxable","13":"purchasable","14":"product-type-simple"},"_links":{"self":[{"href":"https:\/\/1001vertus.com\/de\/wp-json\/wp\/v2\/product\/4950","targetHints":{"allow":["GET"]}}],"collection":[{"href":"https:\/\/1001vertus.com\/de\/wp-json\/wp\/v2\/product"}],"about":[{"href":"https:\/\/1001vertus.com\/de\/wp-json\/wp\/v2\/types\/product"}],"wp:featuredmedia":[{"embeddable":true,"href":"https:\/\/1001vertus.com\/de\/wp-json\/wp\/v2\/media\/4972"}],"wp:attachment":[{"href":"https:\/\/1001vertus.com\/de\/wp-json\/wp\/v2\/media?parent=4950"}],"wp:term":[{"taxonomy":"product_brand","embeddable":true,"href":"https:\/\/1001vertus.com\/de\/wp-json\/wp\/v2\/product_brand?post=4950"},{"taxonomy":"product_cat","embeddable":true,"href":"https:\/\/1001vertus.com\/de\/wp-json\/wp\/v2\/product_cat?post=4950"},{"taxonomy":"product_tag","embeddable":true,"href":"https:\/\/1001vertus.com\/de\/wp-json\/wp\/v2\/product_tag?post=4950"}],"curies":[{"name":"wp","href":"https:\/\/api.w.org\/{rel}","templated":true}]}}