{"id":4927,"date":"2021-09-13T14:10:19","date_gmt":"2021-09-13T13:10:19","guid":{"rendered":"https:\/\/1001vertus.com\/?post_type=product&#038;p=4927"},"modified":"2026-04-29T11:32:53","modified_gmt":"2026-04-29T10:32:53","slug":"festes-deodorant-tahara-1001-tugenden","status":"publish","type":"product","link":"https:\/\/1001vertus.com\/de\/produit\/deodorant-solide-tahara-1001-vertus\/","title":{"rendered":"D\u00e9odorant solide tahara &#8211; 1001 VERTUS"},"content":{"rendered":"<h2>Qu\u2019est-ce qu\u2019un d\u00e9odorant solide ?<\/h2>\n<p>Le d\u00e9odorant solide est un must-have \u00e0 avoir dans votre salle de bain pour une routine d\u2019hygi\u00e8ne z\u00e9ro d\u00e9chet.<\/p>\n<p>\u00c9cologique, \u00e9conomique et efficace, il est aussi respectueux de la peau sensible des aisselles. Le d\u00e9odorant solide renferme des ingr\u00e9dients naturels doux qui, en plus d\u2019\u00e9liminer les mauvaises odeurs, apportent douceur, apaisement et protection \u00e0 la peau.<\/p>\n<p>Le d\u00e9odorant solide se distingue des d\u00e9odorants classiques tout d\u2019abord par son format solide mais aussi par sa texture et sa composition. Comme son nom l\u2019indique, il se pr\u00e9sente sous forme solide et peut ressembler \u00e0 un savon galet. C\u00f4t\u00e9 composition, les d\u00e9odorants solides sont un tr\u00e9sor de bienfaits pour la peau puisqu\u2019ils sont formul\u00e9s \u00e0 partir d\u2019ingr\u00e9dients naturels qui sont tout aussi efficaces que les produits d\u2019hygi\u00e8ne conventionnels. Ils se composent en partie de mati\u00e8res hydratantes comme le beurre de karit\u00e9 ou l\u2019huile de coco, d\u2019ingr\u00e9dients anti-odeurs et de produit absorbant comme le bicarbonate de soude. Sa composition est donc bien plus clean qu\u2019un d\u00e9odorant classique qui contient des sels d\u2019aluminium, des parab\u00e8nes\u2026<\/p>\n<h2>Pourquoi le d\u00e9odorant solide ?<\/h2>\n<p>Le d\u00e9odorant solide tend \u00e0 d\u00e9tr\u00f4ner le d\u00e9odorant usuel, par sa composition compl\u00e9tement naturelle compar\u00e9e aux \u00e9tiquettes de d\u00e9odorants tr\u00e8s controvers\u00e9es. Aluminium, parab\u00e8nes, alcool, les d\u00e9odorants traditionnels seraient \u00e0 l\u2019origine de nombreuses maladies, irritations de la peau et m\u00eame cancer du sein ! \u00c9tant donn\u00e9 notre utilisation quotidienne, il est recommand\u00e9 de faire attention aux ingr\u00e9dients chimiques pr\u00e9sents dans votre d\u00e9odorant.<\/p>\n<p>Hautement inflammables, les d\u00e9odorants en spray de nos supermarch\u00e9s lib\u00e8rent en effet dans l\u2019air ce que l\u2019on appelle des compos\u00e9s organiques volatils (COV) pouvant entra\u00eener \u00e0 terme divers troubles respiratoires, cardiaques ou des irritations. Certains sont d\u2019ailleurs canc\u00e9rig\u00e8nes tout comme le sont les sels d\u2019aluminiums contenus massivement dans les produits de ce type. On les accuse \u00e9galement de favoriser le d\u00e9veloppement des maladies d\u2019Alzheimer ou de Parkinson et pourtant, certains d\u00e9odorants en contiennent jusqu\u2019\u00e0 20% l\u00e0 o\u00f9 le seuil de recommandation est fix\u00e9 \u00e0 0.6% par l\u2019Agence nationale de s\u00e9curit\u00e9 du m\u00e9dicament et des produits de sant\u00e9.<\/p>\n<p>Le d\u00e9odorant solide est \u00e9galement tr\u00e8s \u00e9conomique ! Sa dur\u00e9e d\u2019utilisation est 2 \u00e0 3 fois sup\u00e9rieure \u00e0 celle d\u2019un d\u00e9o classique.<\/p>\n<p>Enfin, son efficacit\u00e9 est impressionnante, loin de boucher les pores \u00e0 cause de l\u2019aluminium, il d\u00e9sodorise durablement et reste tr\u00e8s \u00e9cologique puisqu\u2019il n\u2019a pas d\u2019emballage superflu.<\/p>\n<h2>Notre d\u00e9odorant solide<\/h2>\n<p>Il est principalement compos\u00e9 d\u2019huile de coco et de bicarbonate de soude, deux ingr\u00e9dients reconnus comme des ingr\u00e9dients naturellement efficaces contre les odeurs de transpiration.\u00a0En effet, ils viennent grignoter les bact\u00e9ries pr\u00e9sentes dans la transpiration, \u00e0 l&rsquo;origine des mauvaises odeurs, au lieu de juste venir les camoufler. Il n\u2019est pas anti transpirant et ne bouche pas les pores de la peau.<br \/>\nNotre\u00a0d\u00e9odorant est totalement universel\u00a0et unisexe : il\u00a0convient aux hommes, aux femmes et aux enfants. Il d\u00e9gage un parfum de\u00a0propre tr\u00e8s\u00a0agr\u00e9able.\u00a0Sans huile essentielle, il est\u00a0tol\u00e9r\u00e9 par toutes les peaux, m\u00eame les peaux sensibles\u00a0comme celles des\u00a0femmes enceintes\u00a0et\u00a0des plus jeunes.<\/p>\n<p>&nbsp;<\/p>\n<h3>Utilisation\u00a0:<\/h3>\n<p>Mouillez votre d\u00e9odorant solide et appliquez-le sur vos aisselles. Si vous sortez de la douche, m\u00eame pas besoin de le mouiller, appliquez-le directement sur vos aisselles encore humides !<br \/>\nUne fine couche cr\u00e9meuse se d\u00e9pose, c&rsquo;est normal et cela suffit. Notre objectif est de neutraliser les mauvaises odeurs sans emp\u00eacher le ph\u00e9nom\u00e8ne naturel de transpiration.<br \/>\nEntretien\u00a0:<br \/>\nUne fois utilis\u00e9, conservez votre d\u00e9odorant solide \u00e0 l\u2019abri de la poussi\u00e8re, des bact\u00e9ries, des fortes chaleurs et de l\u2019humidit\u00e9.<br \/>\nLaissez-le s\u00e9cher sur un porte-savon puis rangez-le dans sa bo\u00eete d\u2019origine, dans une bo\u00eete en m\u00e9tal, dans un pot en verre ou encore dans une bo\u00eete \u00e0 savon.<\/p>\n<p>&nbsp;<\/p>\n<h3>Composition\u00a0:<\/h3>\n<p><strong>Liste INCI des ingr\u00e9dients :<\/strong><\/p>\n<p>COCOS NUCIFERA OIL*, NATRIUM BICARBONATE*, CORN STARCH*, CERA ALBA*, FRAGRANCE.<\/p>\n<p>* Ingr\u00e9dients d\u2019origine naturelle<\/p>\n<p>&nbsp;<\/p>\n<p>Voici ses ingr\u00e9dients pass\u00e9s \u00e0 la loupe :<\/p>\n<p><em>&#8211; ingr\u00e9dients v\u00e9g\u00e9taux :<\/em><br \/>\nCocos nucifera oil*: Huile de coco, elle nourrit la peau. Riche en acide laurique antibact\u00e9rien, elle est reconnue pour ses propri\u00e9t\u00e9s antimicrobiennes et permet de solidifier plus facilement notre d\u00e9odorant.<\/p>\n<p>Corn starch*\u00a0: Amidon de ma\u00efs, il r\u00e9duit la sensation d\u2019humidit\u00e9 et absorbe la transpiration.<\/p>\n<p>Cera Alba*\u00a0: Cire d&rsquo;abeille, ce corps gras est utilis\u00e9 en cosm\u00e9tique comme \u00e9paississant ou \u00e9mulsifiant. Elle dispose de propri\u00e9t\u00e9s protectrices et hydratantes. Elle forme un film protecteur doux sur la peau, de plus, contrairement aux cires issues du p\u00e9trole comme la paraffine ou la vaseline, elle ne bouche pas les pores et adoucit et assouplit la peau. De plus, elle assure la tenue \u00e0 la chaleur.<\/p>\n<p>&nbsp;<\/p>\n<p><em>&#8211; ingr\u00e9dients min\u00e9raux :<\/em><br \/>\nSodium bicarbonate* : R\u00e9gule le pH du d\u00e9odorant. Neutralise l\u2019acidit\u00e9 et bloque la prolif\u00e9ration des bact\u00e9ries responsables du d\u00e9veloppement des mauvaises odeurs corporelles.<\/p>\n<p>&nbsp;<\/p>\n<p><em>&#8211; autres\u00a0:<\/em><br \/>\nFragrance\u00a0: Parfum, ces notes de musc Tahara donne au d\u00e9odorant une sensation de propre et de puret\u00e9.<\/p>\n<p>&nbsp;<\/p>\n<p><strong>Poids\u00a0: 25g<\/strong><\/p>\n<h3><\/h3>\n<h2>FAQ (foires aux questions)\u00a0:<\/h2>\n<p>1- Le d\u00e9odorant r\u00e9siste-t-il aux fortes chaleurs ?<\/p>\n<p><em>Par de fortes chaleurs, notre d\u00e9odorant \u00e9tant un produit tr\u00e8s gras, il aura tendance \u00e0 suinter. Il faudra veiller \u00e0 le conserver dans un petit contenant.<\/em><\/p>\n<p>2- Ist dieses Produkt f\u00fcr eine schwangere Frau geeignet?<\/p>\n<p><em>Oui, sans aucun probl\u00e8me.<\/em><\/p>\n<p>3- Comment utiliser se produit jusqu&rsquo;\u00e0 la fin ? Ce n\u2019est pas tr\u00e8s pratique quand il est petit. Avez-vous une solution ?<\/p>\n<p><em>Quand le d\u00e9odorant arrive \u00e0 sa fin, la prise en main peut en effet \u00eatre un peu plus d\u00e9licate ! Une solution possible est alors de frotter le morceau restant entre vos mains, et d&rsquo;appliquer sur vos aisselles le produit recueilli dans vos mains ! Vous pouvez \u00e9galement coller le morceau restant sur un nouveau d\u00e9odorant !<\/em><\/p>\n<p>4- Apr\u00e8s utilisation, j&rsquo;ai des rougeurs et d\u00e9mangeaisons sous les aisselles. Comment cela se fait ? Que dois-je faire ?<\/p>\n<p><em>Certaines peaux ne supportent pas le bicarbonate utilis\u00e9 dans notre d\u00e9odorant. Cessez son utilisation et appliquez de l\u2019huile de coco.<\/em><\/p>\n<p>5- Votre d\u00e9odorant contient-il des sels d\u2019aluminium ?<\/p>\n<p><em>Nein, sicherlich nicht.<\/em><\/p>\n<p>6- Peut-on utiliser le d\u00e9odorant sur des aisselles venant d&rsquo;\u00eatres \u00e9pil\u00e9es ?<\/p>\n<p><em>Le bicarbonate a potentiel irritant. Si la peau est fragile, nous conseillons de ne pas appliquer le d\u00e9odorant 24h apr\u00e8s l&rsquo;\u00e9pilation.<\/em><\/p>\n<p>&nbsp;<\/p>","protected":false},"excerpt":{"rendered":"<p>Notre d\u00e9odorant solide aux notes de musc Tahara <span class=\"gcautolinkproduct\">convient \u00e0 toute la famille. Il<\/span> ne bloque pas le processus naturel de transpiration mais emp\u00eache cependant les mauvaises odeurs !<\/p>\n<p style=\"margin: 0cm; margin-bottom: .0001pt;\">Klein, aber stark,\u00a0<strong>il dure environ 2 \u00e0 3 mois<\/strong>\u00a0\u00e0 raison d\u2019une utilisation par jour.<\/p>\n<p style=\"margin-top: 0cm;\">Puisqu\u2019il est sans applicateur, c\u2019est donc un produit \u00e9conomique\u00a0mais aussi \u00e9cologique.<\/p>\n<p><span class=\"gcautolinkproduct\">De plus, il est sans huile essentielle, sans alcool, sans sel d\u2019aluminium <\/span><span class=\"tab-content\">(auch ohne Alaunstein, der nichts anderes als ein Aluminiumsalz ist)<\/span><span class=\"gcautolinkproduct\"> und ohne Palm\u00f6l. <\/span><\/p>\n<p><span class=\"gcautolinkproduct\">Quant \u00e0 sa tenue, elle est tout simplement extra-longue\u00a0!<\/span><\/p>","protected":false},"featured_media":5029,"template":"","meta":[],"product_brand":[],"product_cat":[27,103],"product_tag":[],"class_list":{"0":"post-4927","1":"product","2":"type-product","3":"status-publish","4":"has-post-thumbnail","6":"product_cat-bien-etre","7":"product_cat-deodorant-naturel","9":"first","10":"instock","11":"shipping-taxable","12":"purchasable","13":"product-type-simple"},"_links":{"self":[{"href":"https:\/\/1001vertus.com\/de\/wp-json\/wp\/v2\/product\/4927","targetHints":{"allow":["GET"]}}],"collection":[{"href":"https:\/\/1001vertus.com\/de\/wp-json\/wp\/v2\/product"}],"about":[{"href":"https:\/\/1001vertus.com\/de\/wp-json\/wp\/v2\/types\/product"}],"wp:featuredmedia":[{"embeddable":true,"href":"https:\/\/1001vertus.com\/de\/wp-json\/wp\/v2\/media\/5029"}],"wp:attachment":[{"href":"https:\/\/1001vertus.com\/de\/wp-json\/wp\/v2\/media?parent=4927"}],"wp:term":[{"taxonomy":"product_brand","embeddable":true,"href":"https:\/\/1001vertus.com\/de\/wp-json\/wp\/v2\/product_brand?post=4927"},{"taxonomy":"product_cat","embeddable":true,"href":"https:\/\/1001vertus.com\/de\/wp-json\/wp\/v2\/product_cat?post=4927"},{"taxonomy":"product_tag","embeddable":true,"href":"https:\/\/1001vertus.com\/de\/wp-json\/wp\/v2\/product_tag?post=4927"}],"curies":[{"name":"wp","href":"https:\/\/api.w.org\/{rel}","templated":true}]}}