{"id":43308,"date":"2025-11-07T12:36:40","date_gmt":"2025-11-07T11:36:40","guid":{"rendered":"https:\/\/1001vertus.com\/?post_type=product&#038;p=43308"},"modified":"2025-12-18T16:52:12","modified_gmt":"2025-12-18T15:52:12","slug":"reiner-shilajit-aus-harz","status":"publish","type":"product","link":"https:\/\/1001vertus.com\/de\/produit\/shilajit-pur-en-resine\/","title":{"rendered":"Reiner Shilajit aus Harz aus dem Altaigebirge (50g Topf) - Ziyada"},"content":{"rendered":"<p>Entdecken Sie den&nbsp;<strong>shilajit pur<\/strong> in Form von <strong>Naturharz<\/strong> aus den <strong>Altaigebirge<\/strong>, Wenn Sie sich f\u00fcr eine Reise in die Vergangenheit entscheiden, tauchen Sie in eine Welt ein, in der althergebrachte Traditionen und Wohlbefinden miteinander verbunden sind.<\/p>\n<p>Dieser Schatz, der lange Zeit in der traditionellen Medizin Zentralasiens gesch\u00e4tzt wurde, \u00fcberzeugt heute wegen seines Potenzials zur St\u00e4rkung der&nbsp;<strong>Vitalit\u00e4t<\/strong>, Unterst\u00fctzung der\u2019<strong>Energie<\/strong> Alltag und f\u00f6rdern das k\u00f6rperliche Gleichgewicht. Das Format&nbsp;<strong>50g Topf<\/strong> der Marke Ziyada gew\u00e4hrleistet eine praktische Anwendung, wobei alle authentischen Qualit\u00e4ten dieses seltenen Konzentrats erhalten bleiben.<\/p>\n<h2>Herkunft und Besonderheiten des reinen Shilajit aus Harz<\/h2>\n<p>Die <strong>shilajit<\/strong> sch\u00f6pft seine Kraft aus seiner au\u00dfergew\u00f6hnlichen Umgebung. Aus den unber\u00fchrten H\u00f6hen der <strong>Altaigebirge<\/strong>, Es hat die Form einer <strong>Naturharz<\/strong> reich, das nach einem langen Reifungsprozess zwischen den Felsen sorgf\u00e4ltig geerntet wird. Diese extremen geografischen Bedingungen garantieren ein Produkt von bemerkenswerter Reinheit und einer <strong>einmalige Konzentration<\/strong>.<\/p>\n<p>Sein dunkler Farbton und seine dichte Textur zeugen von seiner komplexen Zusammensetzung, die \u00fcber Jahrtausende hinweg durch die Zersetzung von Alpenpflanzen und wertvollen Mineralien geformt wurde.<\/p>\n<p>Dieser nat\u00fcrliche Prozess verleiht dem Shilajit einen hohen Anteil an&nbsp;<strong>Fulvins\u00e4ure<\/strong>, Es ist bekannt daf\u00fcr, dass es den Transport von N\u00e4hrstoffen erleichtert, die Verdauung unterst\u00fctzt und den Stoffwechsel f\u00f6rdert.\u2019<strong>Zellgleichgewicht<\/strong> und die Bioverf\u00fcgbarkeit von wichtigen Elementen optimieren.<\/p>\n<h2>Wesentliche Vorteile, die mit Altai-Shilajit verbunden sind<\/h2>\n<h3>Warum sollte man sich f\u00fcr dieses Naturharz entscheiden?<\/h3>\n<p>Entscheiden Sie sich f\u00fcr eine Kur von <strong>shilajit pur<\/strong> aus dem Altai ist eine wertvolle Quelle von\u2019<strong>nat\u00fcrliche Antioxidantien<\/strong>. Diese helfen, oxidativen Stress zu bek\u00e4mpfen, unterst\u00fctzen die Erholung nach dem Sport und sind besonders hilfreich in Zeiten von <strong>Anhaltende M\u00fcdigkeit<\/strong>.<\/p>\n<p>Viele sch\u00e4tzen diese&nbsp;<strong>Naturharz<\/strong> die nach und nach die\u2019<strong>Energie<\/strong> und die Widerstandsf\u00e4higkeit gegen\u00fcber den t\u00e4glichen Belastungen. Es ist auch m\u00f6glich, von den <a href=\"https:\/\/1001vertus.com\/de\/product\/shilajit-kapseln\/\">Shilajit-Kapseln aus nat\u00fcrlichem Harz<\/a> f\u00fcr diejenigen, die eine praktische Alternative zur traditionellen Form bevorzugen.<\/p>\n<p>Dank seines Reichtums an <strong>Spurenelemente<\/strong>, Shilajit tr\u00e4gt auch zur St\u00e4rkung der nat\u00fcrlichen Abwehrkr\u00e4fte des K\u00f6rpers bei. L\u2019<strong>Fulvins\u00e4ure<\/strong> wirkt wie ein Katalysator und erleichtert die Aufnahme von Mineralien und anderen lebenswichtigen Bestandteilen, die f\u00fcr das allgemeine Gleichgewicht notwendig sind.<\/p>\n<h3>Unterst\u00fctzung von Vitalit\u00e4t, Libido und Testosteron<\/h3>\n<p>Zu seinen gr\u00f6\u00dften Attraktionen geh\u00f6rt der reine Shilajit, der f\u00fcr seinen wohltuenden Einfluss auf die <strong>allgemeine Vitalit\u00e4t<\/strong> und die Spannkraft. \u00dcberlieferungen zufolge f\u00f6rdert regelm\u00e4\u00dfiger Gebrauch nicht nur die\u2019<strong>Gesamtenergie<\/strong>, sondern verbessert auch die <strong>Libido<\/strong> und die Produktion von <strong>Testosteron<\/strong>.<\/p>\n<p>Immer mehr Menschen nehmen dieses Superfood zu sich, um einen aktiven Lebensstil zu begleiten oder vor\u00fcbergehende M\u00fcdigkeitsanf\u00e4lle zu \u00fcberstehen.<\/p>\n<p>Diese <strong>m\u00e4chtiger pflanzlicher Verb\u00fcndeter<\/strong> wirkt auch auf die\u2019<strong>m\u00e4nnliches hormonelles Gleichgewicht<\/strong> und hilft, auf nat\u00fcrliche Weise das Niveau von <strong>Testosteron<\/strong>, Sie sind oft von Stress oder Hektik betroffen. Die Synergie zwischen <strong>Fulvins\u00e4ure<\/strong>, Die hohe Konzentration an Mineralien und Mikron\u00e4hrstoffen erkl\u00e4rt die positive Wirkung auf Tonus, Ausdauer und Kraft.&nbsp;<\/p>\n<h2>Wie verwendet man reines Shilajit aus dem Harz des Altaigebirges?<\/h2>\n<h3>Dosierung und praktische Tipps<\/h3>\n<p>Eine <strong>50g Topf<\/strong> der Marke Ziyada deckt in der Regel mehrere Wochen der t\u00e4glichen Anwendung ab. Die meisten Anwender l\u00f6sen lieber einen kleinen Klecks <strong>Naturharz<\/strong> (etwa die Gr\u00f6\u00dfe eines Reiskorns) in ein Glas lauwarmes Wasser oder einen hei\u00dfen Kr\u00e4utertee geben. Auf n\u00fcchternen Magen am Morgen konsumiert, maximiert sich die positive Wirkung auf die\u2019<strong>Energie<\/strong> und die <strong>Vitalit\u00e4t<\/strong>.<\/p>\n<p>Die Einnahme dieses Nahrungserg\u00e4nzungsmittels in fl\u00fcssiger Form erleichtert seine schnelle Aufnahme durch den K\u00f6rper. Auch wenn der Geschmack zun\u00e4chst \u00fcberraschend sein mag, l\u00e4sst er sich leicht in eine Wellness-Routine integrieren, sobald die ersten Vorteile - neue Energie, bessere Widerstandsf\u00e4higkeit gegen M\u00fcdigkeit - sp\u00fcrbar werden.<\/p>\n<h3>Tipps, wie Sie Naturharz leicht in Ihren Alltag integrieren k\u00f6nnen<\/h3>\n<p>Die Verwendung eines Messl\u00f6ffels direkt im Topf hilft, jede Portion genau zu kontrollieren von <strong>shilajit pur<\/strong>. Die gelegentliche Zugabe zu einem Detox-Getr\u00e4nk oder Smoothie bietet leckere Alternativen, ohne den N\u00e4hrstoffgehalt zu beeintr\u00e4chtigen. <strong>Fulvins\u00e4ure<\/strong> und Antioxidantien.<\/p>\n<p>Verschlie\u00dfen Sie sorgf\u00e4ltig den <strong>50g Topf<\/strong> nach dem Gebrauch bewahrt alle aktiven Eigenschaften der <strong>Naturharz<\/strong>, So wird verhindert, dass sie Feuchtigkeit oder Luft ausgesetzt werden. Ein paar einfache Handgriffe gen\u00fcgen, um die Qualit\u00e4t und Wirksamkeit dieses au\u00dfergew\u00f6hnlichen Superfoods zu verl\u00e4ngern.<\/p>\n<h2>Vergleichende Tabelle der N\u00e4hrstoffzufuhr<\/h2>\n<p>Um besser zu verstehen, was Ihnen diese Erg\u00e4nzung bringt, finden Sie hier eine zusammenfassende Tabelle mit den wichtigsten Elementen, die in der <strong>reiner Shilajit aus Harz<\/strong> :<\/p>\n<table>\n<tbody>\n<tr>\n<th>Komponente<\/th>\n<th>Rolle f\u00fcr den Organismus<\/th>\n<\/tr>\n<tr>\n<td>Fulvos\u00e4ure<\/td>\n<td>N\u00e4hrstofftransport, Entgiftung<\/td>\n<\/tr>\n<tr>\n<td>Nat\u00fcrliche Antioxidantien<\/td>\n<td>Schutz der Zellen vor freien Radikalen<\/td>\n<\/tr>\n<tr>\n<td>Spurenelemente (Magnesium, Zink...)<\/td>\n<td>Nervengleichgewicht, Energiestoffwechsel<\/td>\n<\/tr>\n<tr>\n<td>Aminos\u00e4uren<\/td>\n<td>Proteinsynthese, Muskelerholung<\/td>\n<\/tr>\n<\/tbody>\n<\/table>\n<p>Diese Komponenten wirken zusammen, um ein umfassendes Supplement zu bieten, das vor allem f\u00fcr die <strong>neue Vitalit\u00e4t<\/strong> und die <strong>k\u00f6rperliche Stressresistenz<\/strong>.<\/p>\n<h2>H\u00e4ufig gestellte Fragen rund um den reinen Altai-Shilajit aus Harz<\/h2>\n<div itemscope=\"\" itemtype=\"https:\/\/schema.org\/FAQPage\">\n<div itemprop=\"mainEntity\" itemscope=\"\" itemtype=\"https:\/\/schema.org\/Question\">\n<h3 itemprop=\"name\">Wie lange dauert es, bis man die Wirkung von reinem Shilajit sp\u00fcrt?<\/h3>\n<div itemprop=\"acceptedAnswer\" itemscope=\"\" itemtype=\"https:\/\/schema.org\/Answer\">\n<div itemprop=\"text\">\n<p>Das Einsetzen der Wirkung ist von Organismus zu Organismus unterschiedlich und h\u00e4ngt von der Regelm\u00e4\u00dfigkeit der Einnahme ab. Viele stellen bereits eine Verbesserung der\u2019<strong>Energie<\/strong> oder eine Verringerung der <strong>M\u00fcdigkeit<\/strong> nach ein bis zwei Wochen regelm\u00e4\u00dfiger Anwendung. Eine ausgewogene Ern\u00e4hrung und eine ausreichende Fl\u00fcssigkeitszufuhr optimieren diese Ergebnisse.<\/p>\n<ul>\n<li>Erh\u00f6htes Energieniveau<\/li>\n<li>Gef\u00fchl, sich schneller zu erholen<\/li>\n<li>Weniger M\u00fcdigkeitsanf\u00e4lle im Laufe des Tages<\/li>\n<\/ul>\n<\/div>\n<\/div>\n<\/div>\n<div itemprop=\"mainEntity\" itemscope=\"\" itemtype=\"https:\/\/schema.org\/Question\">\n<h3 itemprop=\"name\">Kann man Naturharz mit anderen Nahrungserg\u00e4nzungsmitteln kombinieren?<\/h3>\n<div itemprop=\"acceptedAnswer\" itemscope=\"\" itemtype=\"https:\/\/schema.org\/Answer\">\n<div itemprop=\"text\">\n<p>Die <strong>Naturharz<\/strong> reines Shilajit kann mit anderen Nahrungserg\u00e4nzungsmitteln wie Magnesium, Spirulina oder bestimmten Probiotika kombiniert werden. Es ist immer noch am besten, mehrere Produkte in Abst\u00e4nden einzunehmen, um ihre jeweiligen Auswirkungen auf den K\u00f6rper klar zu erkennen. <strong>Vitalit\u00e4t<\/strong> und die<strong>Energie<\/strong>.<\/p>\n<ul>\n<li>Halten Sie einen Abstand von mindestens einer Stunde zwischen den Erg\u00e4nzungen ein.<\/li>\n<li>Die Dosis nach pers\u00f6nlichem Empfinden anpassen<\/li>\n<\/ul>\n<\/div>\n<\/div>\n<\/div>\n<div itemprop=\"mainEntity\" itemscope=\"\" itemtype=\"https:\/\/schema.org\/Question\">\n<h3 itemprop=\"name\">Welche Anzeichen sprechen f\u00fcr eine gute Vertr\u00e4glichkeit von reinem Shilajit?<\/h3>\n<div itemprop=\"acceptedAnswer\" itemscope=\"\" itemtype=\"https:\/\/schema.org\/Answer\">\n<div itemprop=\"text\">\n<p>Eine optimale Verwaltung der\u2019<strong>Energie<\/strong>, Ein Gef\u00fchl der geistigen Klarheit und ein erholsamer Schlaf sind positive Indikatoren. Bei manchen Menschen kann es in den ersten Tagen zu leichten Verdauungsst\u00f6rungen kommen, die durch eine vor\u00fcbergehende Reduzierung der Dosis gemildert werden.<\/p>\n<ul>\n<li>\u00dcberwachung von Verdauungsreaktionen<\/li>\n<li>Auf den K\u00f6rper h\u00f6ren und die Dosierung anpassen<\/li>\n<\/ul>\n<\/div>\n<\/div>\n<\/div>\n<div itemprop=\"mainEntity\" itemscope=\"\" itemtype=\"https:\/\/schema.org\/Question\">\n<h3 itemprop=\"name\">Gibt es bekannte Kontraindikationen f\u00fcr den Verzehr von reinem Shilajit?<\/h3>\n<div itemprop=\"acceptedAnswer\" itemscope=\"\" itemtype=\"https:\/\/schema.org\/Answer\">\n<div itemprop=\"text\">\n<p>Bestimmte Bev\u00f6lkerungsgruppen sollten sich von einem Fachmann beraten lassen, bevor sie das <strong>shilajit pur<\/strong> : Schwangere, stillende Frauen oder Personen mit chronischen Nierenerkrankungen. Beachten Sie die <strong>Dosierung<\/strong> empfohlen wird, erm\u00f6glicht es, seine gesundheitlichen Vorteile voll auszusch\u00f6pfen.<\/p>\n<ul>\n<li>Einhaltung der empfohlenen Tagesdosis<\/li>\n<li>Langsamer Start bei empfindlichen Personen empfohlen<\/li>\n<\/ul>\n<\/div>\n<\/div>\n<\/div>\n<\/div>","protected":false},"excerpt":{"rendered":"<p>D&eacute;couvrir le&nbsp;shilajit pur sous forme de r&eacute;sine naturelle issue des montagnes de l&rsquo;Alta&iuml;, c&rsquo;est plonger dans un univers o&ugrave; traditions ancestrales et bien-&ecirc;tre se rejoignent. Ce tr&eacute;sor, longtemps valoris&eacute; dans les m&eacute;decines traditionnelles d&rsquo;Asie centrale, s&eacute;duit aujourd&rsquo;hui pour son potentiel &agrave; renforcer la&nbsp;vitalit&eacute;, soutenir l&rsquo;&eacute;nergie quotidienne et favoriser l&rsquo;&eacute;quilibre physique.&nbsp;Le format&nbsp;pot de 50g de la [&#8230;]\n","protected":false},"featured_media":43309,"template":"","meta":[],"product_brand":[],"product_cat":[27,53],"product_tag":[],"class_list":{"0":"post-43308","1":"product","2":"type-product","3":"status-publish","4":"has-post-thumbnail","6":"product_cat-bien-etre","7":"product_cat-complements-alimentaires","9":"first","10":"instock","11":"shipping-taxable","12":"purchasable","13":"product-type-simple"},"_links":{"self":[{"href":"https:\/\/1001vertus.com\/de\/wp-json\/wp\/v2\/product\/43308","targetHints":{"allow":["GET"]}}],"collection":[{"href":"https:\/\/1001vertus.com\/de\/wp-json\/wp\/v2\/product"}],"about":[{"href":"https:\/\/1001vertus.com\/de\/wp-json\/wp\/v2\/types\/product"}],"wp:featuredmedia":[{"embeddable":true,"href":"https:\/\/1001vertus.com\/de\/wp-json\/wp\/v2\/media\/43309"}],"wp:attachment":[{"href":"https:\/\/1001vertus.com\/de\/wp-json\/wp\/v2\/media?parent=43308"}],"wp:term":[{"taxonomy":"product_brand","embeddable":true,"href":"https:\/\/1001vertus.com\/de\/wp-json\/wp\/v2\/product_brand?post=43308"},{"taxonomy":"product_cat","embeddable":true,"href":"https:\/\/1001vertus.com\/de\/wp-json\/wp\/v2\/product_cat?post=43308"},{"taxonomy":"product_tag","embeddable":true,"href":"https:\/\/1001vertus.com\/de\/wp-json\/wp\/v2\/product_tag?post=43308"}],"curies":[{"name":"wp","href":"https:\/\/api.w.org\/{rel}","templated":true}]}}