{"id":41173,"date":"2025-07-29T10:25:08","date_gmt":"2025-07-29T09:25:08","guid":{"rendered":"https:\/\/1001vertus.com\/?post_type=product&#038;p=41173"},"modified":"2025-07-29T10:31:54","modified_gmt":"2025-07-29T09:31:54","slug":"haarbotox-mit-kaviar","status":"publish","type":"product","link":"https:\/\/1001vertus.com\/de\/produit\/botox-capillaire-au-caviar\/","title":{"rendered":"Caviar-Haarbotox 1000ml - Note 33"},"content":{"rendered":"<p>Hauptinhaltsstoffe : <\/p>\n<p>Aqua (Wasser), Cetearyl Alcohol, Cocamide MEA, Behentrimonium Chloride, Helianthus Annuus (Sunflower) Seed Oil, Astrocaryum Murumuru Seed Butter, Caviar Extract (Acipenser Stellatus), Propylene Glycol, Hydrolyzed Hyaluronic Acid, Kaempferol, Apricot Kernel Oil, Polyglyceryl Esters, Sorbitan Palmitate, Dehydroacetic Acid, Tocopherol, Citric Acid, Disodium EDTA, Linalool, Limonene.<\/p>","protected":false},"excerpt":{"rendered":"<p><strong>Gebrauchsanweisung : <\/strong><\/p>\n<ul>\n<li>Zubereitung: Beginnen Sie damit, Ihr Haar zu waschen und gr\u00fcndlich auszuwringen.<\/li>\n<li>Anwendung: Tragen Sie das Botox Str\u00e4hne f\u00fcr Str\u00e4hne auf das nasse Haar auf und b\u00fcrsten und massieren Sie es vom Ansatz bis zu den Spitzen, um es gleichm\u00e4\u00dfig zu verteilen.<\/li>\n<li>Einwirkzeit: Lassen Sie das Produkt zwischen 30 und 60 Minuten einwirken, damit die Wirkstoffe tief in die Haarfasern eindringen k\u00f6nnen.<\/li>\n<li>Sp\u00fclung: Mit reichlich klarem Wasser sp\u00fclen, um alle Produktr\u00fcckst\u00e4nde zu entfernen.<\/li>\n<\/ul>","protected":false},"featured_media":41174,"template":"","meta":[],"product_brand":[],"product_cat":[128],"product_tag":[],"class_list":{"0":"post-41173","1":"product","2":"type-product","3":"status-publish","4":"has-post-thumbnail","6":"product_cat-botox-capillaire","8":"first","9":"instock","10":"shipping-taxable","11":"purchasable","12":"product-type-simple"},"_links":{"self":[{"href":"https:\/\/1001vertus.com\/de\/wp-json\/wp\/v2\/product\/41173","targetHints":{"allow":["GET"]}}],"collection":[{"href":"https:\/\/1001vertus.com\/de\/wp-json\/wp\/v2\/product"}],"about":[{"href":"https:\/\/1001vertus.com\/de\/wp-json\/wp\/v2\/types\/product"}],"wp:featuredmedia":[{"embeddable":true,"href":"https:\/\/1001vertus.com\/de\/wp-json\/wp\/v2\/media\/41174"}],"wp:attachment":[{"href":"https:\/\/1001vertus.com\/de\/wp-json\/wp\/v2\/media?parent=41173"}],"wp:term":[{"taxonomy":"product_brand","embeddable":true,"href":"https:\/\/1001vertus.com\/de\/wp-json\/wp\/v2\/product_brand?post=41173"},{"taxonomy":"product_cat","embeddable":true,"href":"https:\/\/1001vertus.com\/de\/wp-json\/wp\/v2\/product_cat?post=41173"},{"taxonomy":"product_tag","embeddable":true,"href":"https:\/\/1001vertus.com\/de\/wp-json\/wp\/v2\/product_tag?post=41173"}],"curies":[{"name":"wp","href":"https:\/\/api.w.org\/{rel}","templated":true}]}}