{"id":41086,"date":"2025-07-24T15:33:45","date_gmt":"2025-07-24T14:33:45","guid":{"rendered":"https:\/\/1001vertus.com\/?post_type=product&#038;p=41086"},"modified":"2025-09-15T11:20:08","modified_gmt":"2025-09-15T10:20:08","slug":"gummies-fettverbrenner","status":"publish","type":"product","link":"https:\/\/1001vertus.com\/de\/produit\/gummies-brule-graisse\/","title":{"rendered":"60 Fettverbrennungsgummies - Ziyada"},"content":{"rendered":"<p>Im Fokus steht ein Trend, der in der Welt der Ern\u00e4hrung immer mehr an Bedeutung gewinnt: die <strong>Fettverbrennungsgummies<\/strong>. Diese kleinen, bunten, leicht zu konsumierenden Radiergummis bieten einen innovativen Ansatz zur <strong>Nahrungserg\u00e4nzungsmittel, das der Schlankheitswirkung gewidmet ist<\/strong>. Ihre angenehme Textur und ihr fruchtiger Geschmack sprechen diejenigen an, die nach nat\u00fcrlichen L\u00f6sungen suchen, um ein Ziel zu begleiten von <strong>Gewichtsverlust<\/strong>.<\/p>\n<p>Warum gibt es so viel Aufregung um diese <strong>zuckerfreie Gummib\u00e4rchen<\/strong> die in sozialen Netzwerken und Parapharmaziegesch\u00e4ften auftauchen? Sie sind keineswegs nur eine schlecht getarnte S\u00fc\u00dfigkeit, sondern vereinen oftmals verschiedene <strong>nat\u00fcrliche Inhaltsstoffe<\/strong> wie Guarana, Mate oder auch Pflanzenextrakte, die daf\u00fcr bekannt sind, bei der <strong>den Appetit z\u00fcgeln<\/strong>Sie k\u00f6nnen den Stoffwechsel ankurbeln und den Abbau von Fett erleichtern.<\/p>\n<h2>Wie funktionieren fettverbrennende Gummib\u00e4rchen?<\/h2>\n<p>Die <strong>Fettverbrennungsgummies<\/strong> geh\u00f6ren zu den Nahrungserg\u00e4nzungsmitteln, die sanft, aber effektiv auf den K\u00f6rper einwirken sollen. Was ist ihre Aufgabe? Den Abbau \u00fcberfl\u00fcssiger Pfunde durch eine Vielzahl von Mechanismen zu unterst\u00fctzen, die auf den Tugenden der <strong>Pflanzen<\/strong> und sorgf\u00e4ltig ausgew\u00e4hlte Aktivstoffe.<\/p>\n<p>Die Wirksamkeit dieser Kaugummis beruht auf der Kombination mehrerer gestempelter Inhaltsstoffe <strong>Fettverbrenner<\/strong> und <a href=\"https:\/\/1001vertus.com\/de\/product\/geschnittene-kirschschwanze\/\"><strong>Appetitz\u00fcgler<\/strong><\/a>Sie sind in der Lage, den K\u00f6rper zu stimulieren. Die H\u00e4utung in Form von Gummib\u00e4rchen ver\u00e4ndert die Benutzererfahrung: Abschied von den unattraktiven Kapseln und Annahme einer genussvollen Geste, die sich leicht in die t\u00e4gliche Routine integrieren l\u00e4sst, spricht sowohl Neulinge als auch Stammkunden von Schlankheitskuren an.<\/p>\n<h3>Fettverbrennungs-Effekt: Welche Wirkungsweisen gibt es?<\/h3>\n<p>Das Hauptversprechen der Schlankheitsgummies beruht auf drei Hauptachsen: Hilfe bei der <strong>gespeicherte Fette abbauen<\/strong>Sie k\u00f6nnen den Appetit z\u00fcgeln und die Lust am Essen steigern.<strong>Erh\u00f6hung des Stoffwechsels<\/strong>.<\/p>\n<p>Ein Gro\u00dfteil dieser Effekte ergibt sich aus ihrer Zusammensetzung auf der Grundlage von <strong>nat\u00fcrliche Inhaltsstoffe<\/strong> Studien, die ihre Rolle bei der Verbesserung der Lebensqualit\u00e4t unterst\u00fctzen <strong>allm\u00e4hlicher Gewichtsverlust<\/strong>. Beispielsweise setzen einige Komplexmittel auf Johannisbrot oder Seetang, um eine lang anhaltende S\u00e4ttigung herbeizuf\u00fchren, w\u00e4hrend ein Extrakt aus gr\u00fcnem Kaffee zur Mobilisierung von Lipiden (Fetten) w\u00e4hrend k\u00f6rperlicher Anstrengung oder im Ruhezustand beitr\u00e4gt.<\/p>\n<h3>Sind zuckerfreie Gummib\u00e4rchen wirklich gut f\u00fcr die Schlankheitswirkung?<\/h3>\n<p>Die richtige Wahl seiner <strong>gummies<\/strong> sollte die Aufmerksamkeit auf die Liste der Inhaltsstoffe und die N\u00e4hrwerte lenken. Eine Formel bevorzugen <strong>ohne Zucker<\/strong> begrenzt die unn\u00f6tige Kalorienzufuhr und verhindert gleichzeitig, dass die Blutzuckerkontrolle beeintr\u00e4chtigt wird, die bei einer Di\u00e4t oder in einer Stabilisierungsphase unerl\u00e4sslich ist.<\/p>\n<p>Einige Marken bevorzugen eine leichtere oder zuckerfreie Formulierung und erh\u00f6hen damit die Kompatibilit\u00e4t mit den Ambitionen von <strong>Gewichtsverlust<\/strong> und die Aufrechterhaltung des <strong>Blutzuckerspiegel<\/strong> in optimalen Werten.<\/p>\n<h2>Was sind die wichtigsten Inhaltsstoffe von fettverbrennenden Gummib\u00e4rchen?<\/h2>\n<p>Die Attraktivit\u00e4t von <strong>Fettverbrennungsgummies<\/strong> r\u00fchrt vor allem von ihrem Reichtum an Wirkstoffen her, die bekannt sind f\u00fcr ihre <strong>gezielte Wirkung auf den Stoffwechsel<\/strong>Die meisten Menschen haben keine Lust, sich zu ern\u00e4hren. Aber nicht alle Rezepte sind gleich gut!<\/p>\n<p>Im Folgenden finden Sie eine nicht ersch\u00f6pfende Liste der wichtigsten Zutaten, die h\u00e4ufig in diesen Schlankheitsformeln enthalten sind, sowie einfache Erkl\u00e4rungen, die Ihnen helfen, ihren Mehrwert in dieser Art von Di\u00e4t besser zu verstehen. <strong>Nahrungserg\u00e4nzungsmittel<\/strong>.<\/p>\n<ul>\n<li><strong>Guarana :<\/strong> reich an nat\u00fcrlichem Koffein, steigert die Energie, unterst\u00fctzt die Thermogenese und hilft bei der Ausscheidung.<\/li>\n<li><strong>Kola :<\/strong> anregend durch Theobromin, f\u00f6rdert die Fettverbrennung und hilft, das Hungergef\u00fchl unter Kontrolle zu halten.<\/li>\n<li><strong>Mate :<\/strong> ist daf\u00fcr bekannt, die Lipidoxidation zu optimieren und f\u00fcr einen nat\u00fcrlichen belebenden Effekt zu sorgen.<\/li>\n<li><strong>Ananas :<\/strong> enth\u00e4lt Bromelain, ein Enzym, das zur Verbesserung der Verdauung und zur Begrenzung von Wassereinlagerungen erw\u00fcnscht ist.<\/li>\n<li><strong>Chrome :<\/strong> reguliert den Blutzuckerspiegel, wodurch Hei\u00dfhungerattacken aufgrund von Schwankungen des Blutzuckerspiegels begrenzt werden.<\/li>\n<li><strong>Gr\u00fcner Kaffee :<\/strong> Vorhandensein von Chlorogens\u00e4ure, verbunden mit einer Erh\u00f6hung des Grundumsatzes.<\/li>\n<li><strong>Ascophyllum und Fucus :<\/strong> Algen, die von Natur aus reich an Jod sind und eine optimale Schilddr\u00fcsenfunktion zur Unterst\u00fctzung des Stoffwechselrhythmus anregen.<\/li>\n<li><strong>Johannisbrot :<\/strong> Quelle f\u00fcr l\u00f6sliche Ballaststoffe, die die Aufnahme von Zucker verlangsamen und l\u00e4nger satt machen.<\/li>\n<li><strong>Chicor\u00e9e :<\/strong> anerkannt f\u00fcr seine F\u00e4higkeit, die Verdauung zu f\u00f6rdern und an der Verringerung der Fettspeicherung mitzuwirken.<\/li>\n<li><strong>Probiotika :<\/strong> tragen zum Gleichgewicht der Darmflora bei, was sich positiv auf die Figur und den Verdauungskomfort auswirken kann.<\/li>\n<\/ul>\n<h2>F\u00fcr wen sind fettverbrennende Gummib\u00e4rchen geeignet und welche Verwendungszwecke sind zu bevorzugen?<\/h2>\n<p>Diese Kaugummis sind f\u00fcr ein erwachsenes Publikum gedacht, das eine praktische Option zur Unterst\u00fctzung seines gesunden Lebensstils sucht. <strong>Gewichtsverlust<\/strong>&nbsp;: zur Unterst\u00fctzung einer individuellen Di\u00e4t, zum Ausgleich einer unausgewogenen Ern\u00e4hrung oder einfach als punktueller Ansto\u00df f\u00fcr die<strong>Beseitigung<\/strong> nach einigen Exzessen<\/p>\n<p>Der Hauptvorteil bleibt die einfache Einnahme. F\u00fcr diejenigen, die sich gegen Tabletten, Kapseln oder Getr\u00e4nke zum Verd\u00fcnnen str\u00e4uben, ist das Format <strong>gummy<\/strong> erneuert den Genuss und erf\u00fcllt gleichzeitig seine Funktion als <strong>Nahrungserg\u00e4nzungsmittel<\/strong>. Sanftes Kauen erh\u00f6ht auch die Geschmackswahrnehmung, was den Aspekt \"Genuss und Gesundheit\" verst\u00e4rkt.<\/p>\n<h3>Unter welchen Bedingungen erhalten Sie sichtbare Ergebnisse?<\/h3>\n<p>Keine Magie hinter dem Effekt <strong>Fettverbrenner<\/strong> in Gummis mit gr\u00fcnem Kaffee, Chrom oder Konjak: Die Vorteile liegen in der Erg\u00e4nzung guter Ern\u00e4hrungsgewohnheiten im Alltag.<\/p>\n<p>Regelm\u00e4\u00dfige k\u00f6rperliche Aktivit\u00e4t, eine ausreichende Fl\u00fcssigkeitszufuhr und eine ausgewogene Ern\u00e4hrung sind nach wie vor unerl\u00e4sslich. Die <strong>gummies<\/strong> spielen eine beschleunigende Rolle, aber ihre isolierte Anwendung f\u00fchrt nicht zu wundersamen Ver\u00e4nderungen. Eine punktuelle \u00dcberwachung durch eine medizinische Fachkraft maximiert ihren Nutzen, ohne dass die Gefahr eines Ungleichgewichts oder einer \u00dcberdosierung besteht.<\/p>\n<h3>Vorsichtsma\u00dfnahmen und Empfehlungen zur Verwendung<\/h3>\n<p>Wenn die <strong>zuckerfreie Gummib\u00e4rchen<\/strong> und angereichert mit <strong>nat\u00fcrliche Inhaltsstoffe<\/strong> Die meisten Menschen, die wegen ihres Gesundheitsprofils angezogen werden, m\u00fcssen bestimmte Vorsichtsma\u00dfnahmen beachten, insbesondere Menschen mit Stoffwechselst\u00f6rungen oder Allergien gegen bestimmte Pflanzen.<\/p>\n<p>Die intelligente Dosierung gem\u00e4\u00df den auf der Verpackung angegebenen Ratschl\u00e4gen, die Vermeidung von \u00dcbersch\u00fcssen und die gleichzeitige \u00dcberpr\u00fcfung auf Wechselwirkungen mit anderen Medikamenten gew\u00e4hrleisten eine sichere Verwendung des Produkts. Bei allen chronischen Erkrankungen wird eine vorherige \u00e4rztliche Beratung empfohlen.<\/p>\n<h2>Vergleich: Unterschied zwischen fettverbrennenden Gummib\u00e4rchen und anderen Formen von Nahrungserg\u00e4nzungsmitteln zum Abnehmen<\/h2>\n<p>Die Vielzahl der Optionen zur Ankurbelung der<strong>Schlankheitsaktion<\/strong> kann die Auswahl kompliziert machen. Kapseln, Pulver, Fl\u00fcssigkeiten oder <strong>gummies<\/strong> haben alle ihre eigenen Vorteile und Grenzen: Ein Vergleich hilft Ihnen, die Alternative zu finden, die Ihren Erwartungen und Einschr\u00e4nkungen am besten entspricht.<\/p>\n<p>Nachfolgend eine zusammenfassende Tabelle, die die Hauptmerkmale dieser verschiedenen Formen hervorhebt, um das spezifische Interesse der <strong>zuckerfreie Gummib\u00e4rchen<\/strong> f\u00fcr die <strong>Gewichtsverlust<\/strong> und die Steuerung des Stoffwechsels.<\/p>\n<table border=\"1\">\n<tbody>\n<tr>\n<th>Form<\/th>\n<th>Vorteile<\/th>\n<th>Nachteile<\/th>\n<th>Zielpublikum<\/th>\n<\/tr>\n<tr>\n<td>Fettverbrennungsgummis<br \/>(nat\u00fcrliche Inhaltsstoffe)<\/td>\n<td>\n<ul>\n<li>Spielerisches und praktisches Format<\/li>\n<li>Angenehmer Geschmack<\/li>\n<li>Oft zuckerfrei<\/li>\n<\/ul>\n<\/td>\n<td>\n<ul>\n<li>Begrenzte Dosis pro Einheit<\/li>\n<li>Verwechslungsgefahr mit Bonbons<\/li>\n<\/ul>\n<\/td>\n<td>Erwachsene, die eine einfache und leckere Alternative w\u00fcnschen<\/td>\n<\/tr>\n<tr>\n<td>Kapseln \/ Tabletten<\/td>\n<td>\n<ul>\n<li>Genaue Dosierung<\/li>\n<li>Gro\u00dfe Auswahl an Verm\u00f6genswerten<\/li>\n<\/ul>\n<\/td>\n<td>\n<ul>\n<li>Schwierigkeiten beim Verschlucken<\/li>\n<li>Mangelnde Attraktivit\u00e4t<\/li>\n<\/ul>\n<\/td>\n<td>Disziplinierte Nutzerinnen und Nutzer, die an regelm\u00e4\u00dfige Kuren gew\u00f6hnt sind<\/td>\n<\/tr>\n<tr>\n<td>Pulver zum Verd\u00fcnnen<\/td>\n<td>\n<ul>\n<li>Vielseitige Verwendbarkeit<br \/>&#8211; Forte concentration en actifs<\/li>\n<\/ul>\n<\/td>\n<td>&#8211; Pr&eacute;paration fastidieuse<br \/>&#8211; Saveur parfois am&egrave;re<\/td>\n<td>Sportlich, geeignet f\u00fcr ausgefeilte Routinen<\/td>\n<\/tr>\n<tr>\n<td>Trinkfertige Getr\u00e4nke<\/td>\n<td>&#8211; Facilit&eacute; de transport<br \/>&#8211; Absorption rapide<\/td>\n<td>&#8211; Pr&eacute;sence fr&eacute;quente de sucres<br \/>&#8211; Conservation limit&eacute;e<\/td>\n<td>Eilige Personen, nomadische Steckdose<\/td>\n<\/tr>\n<\/tbody>\n<\/table>\n<p>Die Integration von <strong>Probiotika<\/strong> oder Konzentrate von <strong>Pflanzen<\/strong> in Gummis ist daher eine attraktive Option, um Effizienz, Nutzerkomfort und die Einhaltung von Energiesparma\u00dfnahmen zu kombinieren.<\/p>\n<div itemscope=\"\" itemtype=\"https:\/\/schema.org\/FAQPage\">\n<h2>H\u00e4ufig gestellte Fragen zu fettverbrennenden Gummib\u00e4rchen<\/h2>\n<div itemprop=\"mainEntity\" itemscope=\"\" itemtype=\"https:\/\/schema.org\/Question\">\n<h3 itemprop=\"name\">Kann man auf fettverbrennende Gummib\u00e4rchen setzen, ohne seine Ern\u00e4hrung umzustellen?<\/h3>\n<div itemprop=\"acceptedAnswer\" itemscope=\"\" itemtype=\"https:\/\/schema.org\/Answer\">\n<div itemprop=\"text\">Auch wenn einige Formulierungen, die reich an <strong>nat\u00fcrliche Inhaltsstoffe<\/strong> bieten eine echte Unterst\u00fctzung f\u00fcr die<strong>Schlankheitskur<\/strong>Sie sind jedoch ohne eine <strong>ausgewogene Ern\u00e4hrung<\/strong> und ein <strong>Mindestma\u00df an k\u00f6rperlicher Aktivit\u00e4t<\/strong>. Gummies sollten als ein <strong>intelligente Erg\u00e4nzung<\/strong>Es handelt sich hierbei nicht um eine Wunderl\u00f6sung.<\/div>\n<\/div>\n<\/div>\n<div itemprop=\"mainEntity\" itemscope=\"\" itemtype=\"https:\/\/schema.org\/Question\">\n<h3 itemprop=\"name\">Welche Unterschiede bestehen zwischen herk\u00f6mmlichen und zuckerfreien Gummib\u00e4rchen?<\/h3>\n<div itemprop=\"acceptedAnswer\" itemscope=\"\" itemtype=\"https:\/\/schema.org\/Answer\">\n<div itemprop=\"text\">Die <strong>zuckerfreie Gummib\u00e4rchen<\/strong> liefern keine leeren Kalorien und sorgen f\u00fcr eine bessere <strong>den Blutzuckerspiegel kontrollieren<\/strong>. Sie behalten wesentliche Verm\u00f6genswerte wie <strong>Guarana<\/strong>am <strong>Chrom<\/strong> oder das <strong>Mate<\/strong> ohne die Ziele der Gewichtsabnahme zu beeintr\u00e4chtigen. Sie sind daher ideal in einem <strong>Schlankheitsprogramm<\/strong>.<\/div>\n<\/div>\n<\/div>\n<div itemprop=\"mainEntity\" itemscope=\"\" itemtype=\"https:\/\/schema.org\/Question\">\n<h3 itemprop=\"name\">Gibt es Kontraindikationen f\u00fcr den Verzehr von fettverbrennenden Gummib\u00e4rchen?<\/h3>\n<div itemprop=\"acceptedAnswer\" itemscope=\"\" itemtype=\"https:\/\/schema.org\/Answer\">\n<div itemprop=\"text\">Ja. Einige Zutaten wie <strong>nat\u00fcrliches Koffein<\/strong> (Guarana, gr\u00fcner Kaffee), die <strong>Meeresalgen<\/strong> oder das <strong>Chrom<\/strong> k\u00f6nnen f\u00fcr schwangere und stillende Frauen sowie f\u00fcr Personen mit Herz-Kreislauf- oder Schilddr\u00fcsenerkrankungen nicht empfohlen werden. Immer :<\/p>\n<ul>\n<li>Lesen Sie die Packungsbeilage sorgf\u00e4ltig durch<\/li>\n<li>Halten Sie sich an die Dosierung<\/li>\n<li>Im Zweifelsfall eine medizinische Fachkraft konsultieren<\/li>\n<\/ul>\n<\/div>\n<\/div>\n<\/div>\n<div itemprop=\"mainEntity\" itemscope=\"\" itemtype=\"https:\/\/schema.org\/Question\">\n<h3 itemprop=\"name\">Fettverbrennungsgummis: Wie w\u00e4hlt man die beste Formel?<\/h3>\n<div itemprop=\"acceptedAnswer\" itemscope=\"\" itemtype=\"https:\/\/schema.org\/Answer\">\n<div itemprop=\"text\">Eine gute Formel enth\u00e4lt :<\/p>\n<ul>\n<li>Von <strong>nat\u00fcrliche fettverbrennende Wirkstoffe<\/strong> anerkannt<\/li>\n<li>Keine <strong>Zuckerzusatz<\/strong><\/li>\n<li>Klare Dosierungen und eine nachvollziehbare Herkunft<\/li>\n<\/ul>\n<p>Hier sind einige g\u00e4ngige Aktivstoffe und ihre Vorteile :<\/p>\n<table border=\"1\">\n<thead>\n<tr>\n<th>Hauptverm\u00f6genswert<\/th>\n<th>Schl\u00fcsselgewinn<\/th>\n<\/tr>\n<\/thead>\n<tbody>\n<tr>\n<td>Guarana<\/td>\n<td>Energiestimulation und Stoffwechsel<\/td>\n<\/tr>\n<tr>\n<td>Mate<\/td>\n<td>Appetithemmende und antioxidative Wirkung<\/td>\n<\/tr>\n<tr>\n<td>Chrom<\/td>\n<td>Regulierung des Blutzuckerspiegels<\/td>\n<\/tr>\n<tr>\n<td>Fucus<\/td>\n<td>Abbau von Fett<\/td>\n<\/tr>\n<tr>\n<td>Zichorie \/ Johannisbrot<\/td>\n<td>Z\u00fcgeln des Appetits<\/td>\n<\/tr>\n<\/tbody>\n<\/table>\n<\/div>\n<\/div>\n<\/div>\n<\/div>","protected":false},"excerpt":{"rendered":"<p><strong>Tipps zur Verwendung<\/strong> 2 Kaugummis pro Tag, mit Genuss kauen und ein gro\u00dfes Glas Wasser 30 Minuten vor den Mahlzeiten trinken. Eine Kur von mindestens 3 Monaten wird empfohlen, um die Wirkung optimal zu maximieren.<\/p>\n<p><strong>Zutaten<\/strong> : Wasser, Pfirsicharoma, Erythritol, Pektin, Zitronens\u00e4ure, Kokos\u00f6l, Zimtextrakt.<\/p>","protected":false},"featured_media":41087,"template":"","meta":[],"product_brand":[],"product_cat":[53],"product_tag":[],"class_list":{"0":"post-41086","1":"product","2":"type-product","3":"status-publish","4":"has-post-thumbnail","6":"product_cat-complements-alimentaires","8":"first","9":"instock","10":"shipping-taxable","11":"purchasable","12":"product-type-simple"},"_links":{"self":[{"href":"https:\/\/1001vertus.com\/de\/wp-json\/wp\/v2\/product\/41086","targetHints":{"allow":["GET"]}}],"collection":[{"href":"https:\/\/1001vertus.com\/de\/wp-json\/wp\/v2\/product"}],"about":[{"href":"https:\/\/1001vertus.com\/de\/wp-json\/wp\/v2\/types\/product"}],"wp:featuredmedia":[{"embeddable":true,"href":"https:\/\/1001vertus.com\/de\/wp-json\/wp\/v2\/media\/41087"}],"wp:attachment":[{"href":"https:\/\/1001vertus.com\/de\/wp-json\/wp\/v2\/media?parent=41086"}],"wp:term":[{"taxonomy":"product_brand","embeddable":true,"href":"https:\/\/1001vertus.com\/de\/wp-json\/wp\/v2\/product_brand?post=41086"},{"taxonomy":"product_cat","embeddable":true,"href":"https:\/\/1001vertus.com\/de\/wp-json\/wp\/v2\/product_cat?post=41086"},{"taxonomy":"product_tag","embeddable":true,"href":"https:\/\/1001vertus.com\/de\/wp-json\/wp\/v2\/product_tag?post=41086"}],"curies":[{"name":"wp","href":"https:\/\/api.w.org\/{rel}","templated":true}]}}