{"id":3755,"date":"2020-11-15T13:08:54","date_gmt":"2020-11-15T12:08:54","guid":{"rendered":"https:\/\/1001vertus.com\/?post_type=product&#038;p=3755"},"modified":"2026-01-24T15:16:45","modified_gmt":"2026-01-24T14:16:45","slug":"daghmous-suphorbienhonig-aus-der-sahara","status":"publish","type":"product","link":"https:\/\/1001vertus.com\/de\/produit\/miel-deuphorbe-daghmous-du-sahara\/","title":{"rendered":"Honig der Wolfsmilch (Daghmous) aus der Sahara"},"content":{"rendered":"<p align=\"LEFT\">Euphorbienhonig, auch Darmous-Honig genannt, manchmal auch Daghmous oder Kaktushonig geschrieben, ist ein Honig, der die Besonderheit hat, den Hals zu w\u00e4rmen und sehr wirksam gegen Halsschmerzen, Angina...<\/p>\n<p align=\"LEFT\">Dieser \u00fcberraschende Honig stammt von einer Kaktusart, einer Pflanze, die in ihrem nat\u00fcrlichen Zustand mit blo\u00dfen H\u00e4nden kaum zu fassen ist. Das hindert die Bienen jedoch nicht daran, ihre Bl\u00fcten zu sammeln, um dann den Euphorbia-Honig zu produzieren, der genau wie der Kaktus das Stechen nicht verlernt hat.<\/p>\n<p align=\"LEFT\">Man findet diesen Honig, der aus Marokko stammt, im Mittleren Atlas, im Hohen Atlas, in der Souss-Region, aber auch in der Sahara. Wir haben uns bewusst f\u00fcr letztere entschieden. Aufgrund der Trockenheit in dieser Region ist der Euphorbienhonig noch \u00abst\u00e4rker\u00bb, w\u00e4rmt die Kehle noch mehr und ist daher wirksamer.<\/p>\n<h2 align=\"LEFT\"><strong><u>Zu seinen Tugenden geh\u00f6ren:<\/u><\/strong><\/h2>\n<ul>\n<li>sehr wirksam gegen Halsschmerzen und Husten,<\/li>\n<li>Bek\u00e4mpfung von Asthma, Bronchitis und anderen HNO- und Atemwegserkrankungen,<\/li>\n<li>bek\u00e4mpft Infektionen im Mund, in der Nase und bei Halsentz\u00fcndungen,<\/li>\n<li>verleiht Spannkraft und w\u00e4rmt den K\u00f6rper,<\/li>\n<li>steigert die Fruchtbarkeit.<\/li>\n<\/ul>\n<h2 align=\"LEFT\"><strong>Wie erkenne ich echten Euphorbienhonig?<\/strong><\/h2>\n<p align=\"LEFT\">Achtung: Euphorbienhonig ist daf\u00fcr bekannt, dass er die Kehle erhitzt oder sogar sticht. Einige skrupellose Leute f\u00fcgen Kaktussaft (oder andere Dinge) hinzu, um den Honig noch sch\u00e4rfer zu machen.<\/p>\n<p align=\"LEFT\">Bei 1001 Tugend ist das nicht der Fall und wir erkl\u00e4ren Ihnen sogar, wie Sie echten Euphorbienhonig von einem mit \u00abSch\u00e4rfe\u00bb unterscheiden k\u00f6nnen.<\/p>\n<p align=\"LEFT\">Reiner Euphorbia-Honig soll den Hals (und\/oder den Verdauungstrakt) allm\u00e4hlich und nicht von Anfang an erw\u00e4rmen. Wenn dies der Fall ist und er direkt nach der Einnahme in Ihrem Mund, auf Ihren Lippen oder in Ihrem Verdauungstrakt stark brennt, ist die Wahrscheinlichkeit sehr gro\u00df, dass ihm absichtlich etwas \u00abScharfes\u00bb hinzugef\u00fcgt wurde.<\/p>\n<h3 align=\"LEFT\"><strong>Wie konsumiert man scharfen Daghmushonig?<\/strong><\/h3>\n<p align=\"LEFT\">Euphorbia-Honig ist ein Honig, der haupts\u00e4chlich f\u00fcr medizinische Zwecke verwendet wird. Es wird empfohlen, zu jeder Tageszeit einen Teel\u00f6ffel davon einzunehmen. Bei Bedarf (Halsschmerzen, starker Husten, Asthmaanf\u00e4lle...).<\/p>\n<p align=\"LEFT\">Um die Einnahme zu erleichtern, k\u00f6nnen Sie es in einem halben Glas Wasser bei Raumtemperatur verd\u00fcnnen. Allerdings wirkt es alleine besser.<\/p>\n<p align=\"LEFT\">Euphorbienhonig kann als Fruchtbarkeitskur verwendet werden. In Verbindung mit Palmenpollen wird er zu einem starken nat\u00fcrlichen 100%-Medikament.<\/p>\n<p align=\"LEFT\"><strong><u><b>Herkunft :<\/b><\/u><\/strong> Marokko (Sahara)<\/p>\n<p align=\"LEFT\"><strong><u><b>Inhalt :<\/b><\/u><\/strong> erh\u00e4ltlich in Glasbeh\u00e4ltern zu 125g und 250g<\/p>\n<p align=\"LEFT\">Wir raten davon ab, diesen Honig f\u00fcr Kinder unter 10 Jahren zu kaufen. Nicht, weil er gef\u00e4hrlich ist, sondern weil er wirklich sehr sticht und sie ihn nicht m\u00f6gen werden.<\/p>\n<p align=\"LEFT\"><strong><u><b>Achtung :<\/b><\/u><\/strong> Wir m\u00f6chten Sie daran erinnern, dass es verboten ist, S\u00e4uglingen Honig zu geben. Lesen Sie mehr dazu <a href=\"https:\/\/1001vertus.com\/de\/honig-fur-sauglinge-verboten\/\">dieser Artikel<\/a>.<\/p>","protected":false},"excerpt":{"rendered":"<p align=\"LEFT\">Euphorbienhonig, auch Daghmous-Honig genannt, ist ein Honig, der die Eigenschaft hat <strong>die Kehle erw\u00e4rmen<\/strong> und zu sein<strong> sehr wirksam gegen Halsschmerzen, Halsentz\u00fcndungen, Husten...<\/strong><\/p>\n<p align=\"LEFT\">Dieser \u00fcberraschende Honig, der haupts\u00e4chlich f\u00fcr medizinische Zwecke verwendet wird, stammt von einer Kaktusart, und das Mindeste, was man sagen kann, ist, dass es ihm nicht an Sch\u00e4rfe mangelt!<\/p>\n<p align=\"LEFT\">Der Euphorbia-Honig aus der <strong>Sahara-Region<\/strong>, Die meisten Menschen, die sich mit dem Thema besch\u00e4ftigen, sind sich dessen bewusst, dass sie sich mit dem Thema besch\u00e4ftigen, weil sie sich mit dem Thema besch\u00e4ftigen, weil sie sich mit dem Thema besch\u00e4ftigen, weil sie sich mit dem Thema besch\u00e4ftigen, weil sie sich mit dem Thema besch\u00e4ftigen.<strong><br \/>\n<\/strong><\/p>\n<p><strong>*Unsere Honige k\u00f6nnen auf nat\u00fcrliche Weise kristallisieren: Entdecken Sie, warum und wie man sie reliquifiziert <a href=\"https:\/\/1001vertus.com\/de\/2026\/01\/24\/warum-honig-kristallisiert\/\">hier<\/strong><\/a>.<\/p>","protected":false},"featured_media":3758,"template":"","meta":[],"product_brand":[],"product_cat":[25,28,68],"product_tag":[],"class_list":{"0":"post-3755","1":"product","2":"type-product","3":"status-publish","4":"has-post-thumbnail","6":"product_cat-miels","7":"product_cat-medecine-sante","8":"product_cat-miel-maroc","10":"first","11":"instock","12":"featured","13":"shipping-taxable","14":"purchasable","15":"product-type-variable"},"_links":{"self":[{"href":"https:\/\/1001vertus.com\/de\/wp-json\/wp\/v2\/product\/3755","targetHints":{"allow":["GET"]}}],"collection":[{"href":"https:\/\/1001vertus.com\/de\/wp-json\/wp\/v2\/product"}],"about":[{"href":"https:\/\/1001vertus.com\/de\/wp-json\/wp\/v2\/types\/product"}],"wp:featuredmedia":[{"embeddable":true,"href":"https:\/\/1001vertus.com\/de\/wp-json\/wp\/v2\/media\/3758"}],"wp:attachment":[{"href":"https:\/\/1001vertus.com\/de\/wp-json\/wp\/v2\/media?parent=3755"}],"wp:term":[{"taxonomy":"product_brand","embeddable":true,"href":"https:\/\/1001vertus.com\/de\/wp-json\/wp\/v2\/product_brand?post=3755"},{"taxonomy":"product_cat","embeddable":true,"href":"https:\/\/1001vertus.com\/de\/wp-json\/wp\/v2\/product_cat?post=3755"},{"taxonomy":"product_tag","embeddable":true,"href":"https:\/\/1001vertus.com\/de\/wp-json\/wp\/v2\/product_tag?post=3755"}],"curies":[{"name":"wp","href":"https:\/\/api.w.org\/{rel}","templated":true}]}}