{"id":3681,"date":"2020-11-06T09:09:54","date_gmt":"2020-11-06T08:09:54","guid":{"rendered":"https:\/\/1001vertus.com\/?post_type=product&#038;p=3681"},"modified":"2026-05-03T09:46:03","modified_gmt":"2026-05-03T08:46:03","slug":"indische-costus-gelules","status":"publish","type":"product","link":"https:\/\/1001vertus.com\/de\/produit\/gelules-de-costus-indien\/","title":{"rendered":"Indische Costus-Kapseln - Nigella-Quelle"},"content":{"rendered":"<p><span style=\"font-family: Times New Roman, serif;\"><span style=\"font-size: medium;\">Der indische Costus oder<\/span><\/span><span style=\"font-family: Times New Roman, serif;\"><span style=\"font-size: medium;\"><i> qist al hindi<\/i><\/span><\/span><span style=\"font-family: Times New Roman, serif;\"><span style=\"font-size: medium;\"> en arabe, est une plante originaire principalement d&rsquo;Asie qui pousse en haute altitude. On utilise les racines de cette plante pour ses incroyables propri\u00e9t\u00e9s m\u00e9dicinales, dans la m\u00e9decine traditionnelle arabe et chinoise mais aussi la m\u00e9decine proph\u00e9tique islamique, <\/span><\/span><\/p>\n<p><span style=\"font-family: Times New Roman, serif;\"><span style=\"font-size: medium;\">Son go\u00fbt \u00e9tant amer et son odeur tr\u00e8s d\u00e9sagr\u00e9able, notre Costus Indien vous est pr\u00e9sent\u00e9 sous forme de g\u00e9lules 100% naturelles afin de faciliter son ingestion et son action rapide sur l&rsquo;organisme.<\/span><\/span><\/p>\n<h2><span style=\"font-family: Times New Roman, serif;\"><span style=\"font-size: large;\"><b>Les bienfaits du costus indien\u00a0 :<\/b><\/span><\/span><\/h2>\n<ul>\n<li><span style=\"font-family: Times New Roman, serif;\"><span style=\"font-size: medium;\">stimule le syst\u00e8me immunitaire,<\/span><\/span><\/li>\n<li><span style=\"font-family: Times New Roman, serif;\"><span style=\"font-size: medium;\">soulage efficacement les maux de t\u00eate (migraines et c\u00e9phal\u00e9es), <\/span><\/span><\/li>\n<li><span style=\"font-family: Times New Roman, serif;\"><span style=\"font-size: medium;\">permet de r\u00e9guler naturellement le cycle menstruel, <\/span><\/span><\/li>\n<li><span style=\"font-family: Times New Roman, serif;\"><span style=\"font-size: medium;\">booste la fertilit\u00e9 et favorise l\u2019ovulation,<\/span><\/span><\/li>\n<li><span style=\"font-family: Times New Roman, serif;\"><span style=\"font-size: medium;\">stimule la libido et permet de lutter contre l\u2019impuissance sexuelle,<\/span><\/span><\/li>\n<li><span style=\"font-family: Times New Roman, serif;\"><span style=\"font-size: medium;\">traite les troubles urinaires comme l\u2019incontinence ou encore la r\u00e9tention urinaire (difficult\u00e9 \u00e0 vider sa vessie de mani\u00e8re compl\u00e8te), <\/span><\/span><\/li>\n<li><span style=\"font-family: Times New Roman, serif;\"><span style=\"font-size: medium;\">soigne la pleur\u00e9sie (inflammation de la pl\u00e8vre, membrane du poumon), <\/span><\/span><\/li>\n<li><span style=\"font-family: Times New Roman, serif;\"><span style=\"font-size: medium;\">fait baisser la fi\u00e8vre, <\/span><\/span><\/li>\n<li><span style=\"font-family: Times New Roman, serif;\"><span style=\"font-size: medium;\">stimule l\u2019app\u00e9tit chez les personnes souffrant de troubles alimentaires, <\/span><\/span><\/li>\n<li><span style=\"font-family: Times New Roman, serif;\"><span style=\"font-size: medium;\">aide \u00e0 venir \u00e0 bout des infections tels que les aphtes ou les amygdales, <\/span><\/span><\/li>\n<li><span style=\"font-family: Times New Roman, serif;\"><span style=\"font-size: medium;\">lindert Unterleibsschmerzen, <\/span><\/span><\/li>\n<li><span style=\"font-family: Times New Roman, serif;\"><span style=\"font-size: medium;\">permet d\u2019apaiser les rhumatismes,<\/span><\/span><\/li>\n<li><span style=\"font-family: Times New Roman, serif;\"><span style=\"font-size: medium;\">permet de r\u00e9cup\u00e9rer plus rapidement apr\u00e8s un effort physique, <\/span><\/span><\/li>\n<li><span style=\"font-family: Times New Roman, serif;\"><span style=\"font-size: medium;\">redonne vigueur et \u00e9nergie aux personnes en baisse de r\u00e9gime, <\/span><\/span><\/li>\n<li><span style=\"font-family: Times New Roman, serif;\"><span style=\"font-size: medium;\">favorise le transit intestinal et r\u00e9gule aussi bien les probl\u00e8mes de diarrh\u00e9e que de constipation chronique, <\/span><\/span><\/li>\n<li><span style=\"font-family: Times New Roman, serif;\"><span style=\"font-size: medium;\">wirksam gegen Nieren- und Leberfunktionsst\u00f6rungen,<br \/>\n<\/span><\/span><\/li>\n<li><span style=\"font-family: Times New Roman, serif;\"><span style=\"font-size: medium;\">entw\u00e4ssert die Leber, indem es ihr auf nat\u00fcrliche Weise einen Schub verleiht, <\/span><\/span><\/li>\n<li><span style=\"font-family: Times New Roman, serif;\"><span style=\"font-size: medium;\">pr\u00e9vient de l\u2019apparition de tumeur et du cancer de la bouche <\/span><\/span><\/li>\n<li><span style=\"font-family: Times New Roman, serif;\"><span style=\"font-size: medium;\">il est un excellent r\u00e9gulateur de tension, <\/span><\/span><\/li>\n<li><span style=\"font-family: Times New Roman, serif;\"><span style=\"font-size: medium;\">lindert Zahnschmerzen,<\/span><\/span><\/li>\n<li><span style=\"font-family: Times New Roman, serif;\"><span style=\"font-size: medium;\">d\u00e9barrasse l\u2019organisme des vers intestinaux et autres parasites, <\/span><\/span><\/li>\n<li><span style=\"font-family: Times New Roman, serif;\"><span style=\"font-size: medium;\">aide \u00e0 traiter les probl\u00e8mes li\u00e9s au diab\u00e8te et au pancr\u00e9as, <\/span><\/span><\/li>\n<li><span style=\"font-family: Times New Roman, serif;\"><span style=\"font-size: medium;\">diminue les effets du rhume et les \u00e9coulements du nez .<\/span><\/span><\/li>\n<\/ul>\n<p>&nbsp;<\/p>\n<p><span style=\"font-family: Times New Roman, serif;\"><span style=\"font-size: medium;\"><b>POSOLOGIE :<\/b><\/span><\/span><\/p>\n<p><span style=\"font-family: Times New Roman, serif;\"><span style=\"font-size: medium;\">2 g\u00e9lules par jour le matin, de pr\u00e9f\u00e9rence \u00e0 jeun. Nous vous conseillons une cure de 3 mois minimum pour en appr\u00e9cier tous les effets. <\/span><\/span><\/p>\n<p><span style=\"font-family: Times New Roman, serif;\"><span style=\"font-size: medium;\">Ce compl\u00e9ment alimentaire peut \u00eatre utilis\u00e9 en pr\u00e9vention, ou pour vous aider \u00e0 vous soigner.<\/span><\/span><\/p>\n<p>&nbsp;<\/p>\n<p><span style=\"font-family: Times New Roman, serif;\"><span style=\"font-size: medium;\"><b>KONTRAINDIKATIONEN :<\/b><\/span><\/span><\/p>\n<p><span style=\"font-family: Times New Roman, serif;\"><span style=\"font-size: medium;\">Contre indiqu\u00e9 pour les enfants en bas \u00e2ge, les femmes enceintes ou allaitantes.<\/span><\/span><\/p>\n<p>&nbsp;<\/p>\n<p><span style=\"font-family: Times New Roman, serif;\"><span style=\"font-size: medium;\"><u><b>Inhalt :<\/b><\/u><\/span><\/span><span style=\"font-family: Times New Roman, serif;\"><span style=\"font-size: medium;\">\u00a0 60 g\u00e9lules<br \/>\n<\/span><\/span><\/p>\n<p><span style=\"font-family: Times New Roman, serif;\"><span style=\"font-size: medium;\"><u><b>INCI-Inhaltsstoffe :<\/b><\/u><\/span><\/span><span style=\"font-family: Times New Roman, serif;\"><span style=\"font-size: medium;\">\u00a0 SAUSSUREA COSTUS (Pulver)<br \/>\n<\/span><\/span><\/p>\n<p><span style=\"font-family: Times New Roman, serif;\"><span style=\"font-size: medium;\"> G\u00e9lules v\u00e9g\u00e9tales HPMC<\/span><\/span><\/p>\n<p><span style=\"font-family: Times New Roman, serif;\"><span style=\"font-size: medium;\"><u><b>Provenance\u00a0 :<\/b><\/u><\/span><\/span><span style=\"font-family: Times New Roman, serif;\"><span style=\"font-size: medium;\"> Fabriqu\u00e9 en France. Origine costus : hors UE.<br \/>\n<\/span><\/span><\/p>\n<p><span style=\"font-family: Times New Roman, serif;\"><span style=\"font-size: medium;\">An einem trockenen, vor Hitze und Feuchtigkeit gesch\u00fctzten Ort aufbewahren. <\/span><\/span><\/p>\n<p>&nbsp;<\/p>\n<p><span style=\"font-family: Times New Roman, serif;\"><span style=\"font-size: medium;\">Retrouvez \u00e9galement le costus sous forme d&rsquo;<a href=\"https:\/\/1001vertus.com\/de\/product\/huile-de-costus-indien-60ml\/\">\u00d6l<\/a> (Massage, lokale Anwendung) oder von <a href=\"https:\/\/1001vertus.com\/de\/product\/indischer-costus-in-pulverform\/\">Pulver<\/a> (pour le m\u00e9langer \u00e0 du miel par exemple) sur notre site.<br \/>\n<\/span><\/span><\/p>","protected":false},"excerpt":{"rendered":"<p><span style=\"font-family: Times New Roman, serif;\"><span style=\"font-size: medium;\">Utilis\u00e9 depuis des si\u00e8cles dans la m\u00e9decine asiatique mais aussi arabe, notamment par le biais de la m\u00e9decine proph\u00e9tique, le costus indien a plus que fait ses preuves sur de nombreux maux.<\/span><\/span><\/p>\n<p><span style=\"font-family: Times New Roman, serif;\"><span style=\"font-size: medium;\">B\u00e9n\u00e9ficiez enfin de tous les bienfaits du costus indien sous forme de g\u00e9lules. Ce format est donc id\u00e9al pour ceux qui ne supportaient pas le go\u00fbt ou l&rsquo;odeur.<\/span><\/span><\/p>\n<p><span style=\"font-family: Times New Roman, serif;\"><span style=\"font-size: medium;\">Ces g\u00e9lules sont 100% naturelles et garanties <\/span><\/span><span style=\"font-family: Times New Roman, serif;\"><span style=\"font-size: medium;\">BIO, <\/span><\/span><span style=\"font-family: Times New Roman, serif;\"><span style=\"font-size: medium;\">halal, kosher und gentechnikfrei.<\/span><\/span><\/p>","protected":false},"featured_media":6977,"template":"","meta":[],"product_brand":[],"product_cat":[53,27,28,96],"product_tag":[],"class_list":{"0":"post-3681","1":"product","2":"type-product","3":"status-publish","4":"has-post-thumbnail","6":"product_cat-complements-alimentaires","7":"product_cat-bien-etre","8":"product_cat-medecine-sante","9":"product_cat-roqya-chariya","11":"first","12":"instock","13":"shipping-taxable","14":"purchasable","15":"product-type-simple"},"_links":{"self":[{"href":"https:\/\/1001vertus.com\/de\/wp-json\/wp\/v2\/product\/3681","targetHints":{"allow":["GET"]}}],"collection":[{"href":"https:\/\/1001vertus.com\/de\/wp-json\/wp\/v2\/product"}],"about":[{"href":"https:\/\/1001vertus.com\/de\/wp-json\/wp\/v2\/types\/product"}],"wp:featuredmedia":[{"embeddable":true,"href":"https:\/\/1001vertus.com\/de\/wp-json\/wp\/v2\/media\/6977"}],"wp:attachment":[{"href":"https:\/\/1001vertus.com\/de\/wp-json\/wp\/v2\/media?parent=3681"}],"wp:term":[{"taxonomy":"product_brand","embeddable":true,"href":"https:\/\/1001vertus.com\/de\/wp-json\/wp\/v2\/product_brand?post=3681"},{"taxonomy":"product_cat","embeddable":true,"href":"https:\/\/1001vertus.com\/de\/wp-json\/wp\/v2\/product_cat?post=3681"},{"taxonomy":"product_tag","embeddable":true,"href":"https:\/\/1001vertus.com\/de\/wp-json\/wp\/v2\/product_tag?post=3681"}],"curies":[{"name":"wp","href":"https:\/\/api.w.org\/{rel}","templated":true}]}}