{"id":3586,"date":"2020-10-04T09:55:03","date_gmt":"2020-10-04T08:55:03","guid":{"rendered":"https:\/\/1001vertus.com\/?post_type=product&#038;p=3586"},"modified":"2025-03-24T12:15:54","modified_gmt":"2025-03-24T11:15:54","slug":"oliban-louban-dakar-1001-tugenden","status":"publish","type":"product","link":"https:\/\/1001vertus.com\/de\/produit\/oliban-louban-dakar-1001-vertus\/","title":{"rendered":"Olibanum \" louban dakar \" - 1001 VERTUS"},"content":{"rendered":"<p>Olibanum oder arabisch Louban Dakar (was \"m\u00e4nnlicher Weihrauch\" bedeutet) ist eine Art Gummiarabikum.<\/p>\n<p>Louban stammt von Boswellia, einem Baum aus der Familie der Burseraceae, der auch Weihrauchbaum genannt wird. Er wird gewonnen, indem die Rinde an den \u00c4sten oder am Stamm eingeschnitten wird. Danach flie\u00dft der Saft und wenn er in direkten Kontakt mit der Luft kommt, gerinnt er. Er kann dann von Hand entnommen werden.<\/p>\n<p>Dieses kostbare Harz war einst Gegenstand des Handels zwischen Indien und den europ\u00e4ischen L\u00e4ndern.<\/p>\n<p>Im 15. Jahrhundert entdeckten europ\u00e4ische Seefahrer an den K\u00fcsten des Senegal und des heutigen Mauretanien das Gummiarabikum. Jahrhundert f\u00fchrt ein blutiger und erbitterter \"Gummikrieg\" dazu, dass Frankreich das Monopol f\u00fcr den Handel an der westafrikanischen K\u00fcste erlangt.<\/p>\n<p>Dieses Luxusgut wurde damals zu hohen Preisen verkauft.<\/p>\n<p>Olibanum hat sehr viele Vorteile und diese sind je nach Art der Anwendung sehr spezifisch.<\/p>\n<h2><u>Olibanum-Anwendungen :<\/u><\/h2>\n<ul>\n<li><strong>Verbrannt :<\/strong>\u00a0er beduftet Ihre H\u00e4user mit seinem Duft und reinigt die Luft.<\/li>\n<li><strong>Gekaut :<\/strong>\u00a0er lindert Bauchschmerzen und f\u00f6rdert die Verdauung nach dem Essen; er reinigt die Z\u00e4hne von Tabak und Kaffee und reguliert den Herzrhythmus; er erfrischt den Atem und desinfiziert den Mund.<\/li>\n<li><strong>In Wasser eingelegt\u00a0<\/strong>: Er st\u00e4rkt das Ged\u00e4chtnis, beugt mehreren chronischen Krankheiten wie Leber- und Nierenerkrankungen und Erkrankungen des Verdauungstrakts vor; lindert Verstopfung, aber auch Durchfall; st\u00e4rkt das Immunsystem; kontrolliert den Blutzuckerspiegel und senkt den Cholesterinspiegel...<\/li>\n<li><strong>In der kosmetischen Zubereitung<\/strong>\u00a0: Sie hilft, die Haut zu straffen, sie gut mit Feuchtigkeit zu versorgen und die Kollagenproduktion anzuregen. Es reduziert das Erscheinungsbild von Falten, sorgt f\u00fcr einen gleichm\u00e4\u00dfigen und verbesserten Hautton und f\u00f6rdert die Zellerneuerung der Haut.<\/li>\n<li><strong>Als Massage oder Verd\u00fcnnung in einem Bad :<\/strong>\u00a0Es lindert Schmerzen bei Sehnenscheidenentz\u00fcndung, Rheuma, Arthrose oder Ischias; es lindert auch HNO- und Atemwegsbeschwerden; es bek\u00e4mpft Erk\u00e4ltungshusten, M\u00fcdigkeit, aber auch ein geschw\u00e4chtes Immunsystem.Olibanum wird h\u00e4ufig in der Aromatherapie verwendet und lindert Angstzust\u00e4nde und Stress. ist auch ein hervorragendes Entspannungsmittel und hilft bei saisonalen Depressionen, \u00fcberm\u00e4\u00dfiger Emotionalit\u00e4t, Spannungen...<\/li>\n<\/ul>\n<p>Studien der Hopkins-Universit\u00e4t USA und der Qaboos-Universit\u00e4t Oman zufolge soll Olibanum bei der Bek\u00e4mpfung von Krebs helfen. Wissenschaftler haben herausgefunden, dass es in dem Harz einen Wirkstoff gibt, der die Ausbreitung von Krebs stoppen kann. Er w\u00fcrde die Krebszellen dazu bringen, sich selbst zu zerst\u00f6ren.<\/p>\n<h3><u>Vorbereitungen :<\/u><\/h3>\n<ul>\n<li><strong>Verbrannt :\u00a0<\/strong>Lege ein kleines St\u00fcck Olibanum auf eine gl\u00fchende Kohle.<\/li>\n<li>\u00a0<strong>Gekaut :\u00a0<\/strong>Kauen Sie Olibanumsteine mit einer Prise Puderzucker oder einem Teel\u00f6ffel Honig.<\/li>\n<li><strong>Mazerat :<\/strong>\u00a0Geben Sie 30 g Olibanum in 1 Liter kochendes Wasser oder Wasser mit Zimmertemperatur (je hei\u00dfer das Wasser, desto schneller l\u00f6st sich das Olibanum auf). \u00dcber Nacht stehen lassen (mindestens 3 bis 4 Stunden). Nehmen Sie den ganzen Tag \u00fcber kleine Schlucke von diesem Getr\u00e4nk.<\/li>\n<\/ul>\n<p>NB: Das Wasser hat dann eine wei\u00dfliche Farbe und sieht \"z\u00e4hfl\u00fcssig\" aus, das ist ganz normal. Sie k\u00f6nnen die Mischung auch durch ein Sieb streichen.<\/p>\n<ul>\n<li><strong>In Massage :<\/strong>\u00a0einige Einheiten Olibanum in einem nativen Pflanzen\u00f6l verd\u00fcnnen (wir empfehlen ein\u00a0<a href=\"https:\/\/1001vertus.com\/de\/product\/bio-susmandelol\/\">BIO S\u00fc\u00dfmandel\u00f6l<\/a>).<\/li>\n<\/ul>\n<ul>\n<li><strong>In der kosmetischen Zubereitung :<\/strong><\/li>\n<\/ul>\n<p><u>Zutaten :<\/u><\/p>\n<p><a href=\"https:\/\/1001vertus.com\/de\/product\/rohe-karitebutter-und-filter-zertifiziert-bio-und-ecocert\/\">100g Sheabutter<\/a><\/p>\n<p>30g Olibanum<\/p>\n<p>8 Tropfen Vitamin E<\/p>\n<p><u>Vorbereitung :<\/u><\/p>\n<ol>\n<li>Olibanum \u00fcber Nacht in Wasser einweichen.<\/li>\n<li>Geben Sie die Sheabutter in ein Wasserbad und lassen Sie sie leicht schmelzen.<\/li>\n<li>Filtern Sie das Olibanum und geben Sie es dann in einen Mixer.<\/li>\n<li>F\u00fcgen Sie die Sheabutter hinzu und mixen Sie erneut.<\/li>\n<li>Vitamin E hinzuf\u00fcgen und verr\u00fchren.<\/li>\n<li>Ihre Nachtcreme ist fertig!<\/li>\n<\/ol>\n<p><u><strong>Herkunft :<\/strong><\/u>\u00a0Sudan \/ Somalia<\/p>\n<p><u><strong>Gewicht :<\/strong><\/u> Erh\u00e4ltlich in luftdichten Kraftbeuteln zu 100g oder 250g.<\/p>\n<p><u><strong>Aufbewahrung :<\/strong><\/u>\u00a0Vor W\u00e4rmequellen, Luft und Licht sch\u00fctzen.<\/p>","protected":false},"excerpt":{"rendered":"<p>Olibanum ist ein Harz, das seit Jahrhunderten in Asien und Afrika verwendet wird. Es hat sehr viele positive Eigenschaften und diese sind je nach Art der Anwendung sehr unterschiedlich.<\/p>\n<p>Man kann sie u. a. als R\u00e4ucherwerk verbrennen, um von ihrem Duft zu profitieren und die Luft zu reinigen, sie kauen, um den Mund zu reinigen und Bauchschmerzen zu lindern, sie als Pr\u00e4parat trinken, um das Immunsystem zu st\u00e4rken oder mehreren chronischen Krankheiten vorzubeugen, sie in der Kosmetik als Anti-Faltenmittel, Kollagen-Booster und f\u00fcr einen gleichm\u00e4\u00dfigen Teint verwenden oder sie massieren, um zahlreiche Schmerzen, aber auch Verstopfungen der HNO und der Atemwege zu lindern...<\/p>","protected":false},"featured_media":3588,"template":"","meta":[],"product_brand":[],"product_cat":[28,27],"product_tag":[],"class_list":{"0":"post-3586","1":"product","2":"type-product","3":"status-publish","4":"has-post-thumbnail","6":"product_cat-medecine-sante","7":"product_cat-bien-etre","9":"first","10":"instock","11":"shipping-taxable","12":"purchasable","13":"product-type-variable"},"_links":{"self":[{"href":"https:\/\/1001vertus.com\/de\/wp-json\/wp\/v2\/product\/3586","targetHints":{"allow":["GET"]}}],"collection":[{"href":"https:\/\/1001vertus.com\/de\/wp-json\/wp\/v2\/product"}],"about":[{"href":"https:\/\/1001vertus.com\/de\/wp-json\/wp\/v2\/types\/product"}],"wp:featuredmedia":[{"embeddable":true,"href":"https:\/\/1001vertus.com\/de\/wp-json\/wp\/v2\/media\/3588"}],"wp:attachment":[{"href":"https:\/\/1001vertus.com\/de\/wp-json\/wp\/v2\/media?parent=3586"}],"wp:term":[{"taxonomy":"product_brand","embeddable":true,"href":"https:\/\/1001vertus.com\/de\/wp-json\/wp\/v2\/product_brand?post=3586"},{"taxonomy":"product_cat","embeddable":true,"href":"https:\/\/1001vertus.com\/de\/wp-json\/wp\/v2\/product_cat?post=3586"},{"taxonomy":"product_tag","embeddable":true,"href":"https:\/\/1001vertus.com\/de\/wp-json\/wp\/v2\/product_tag?post=3586"}],"curies":[{"name":"wp","href":"https:\/\/api.w.org\/{rel}","templated":true}]}}