{"id":3333,"date":"2020-07-29T19:50:03","date_gmt":"2020-07-29T18:50:03","guid":{"rendered":"https:\/\/1001vertus.com\/?post_type=product&#038;p=3333"},"modified":"2023-08-04T18:32:30","modified_gmt":"2023-08-04T17:32:30","slug":"bockshornkleeol-100ml-1001-tugenden","status":"publish","type":"product","link":"https:\/\/1001vertus.com\/de\/produit\/huile-de-fenugrec-100ml-1001-vertus\/","title":{"rendered":"Bockshornklee\u00f6l 100ml - 1001 Tugenden"},"content":{"rendered":"<p>Bockshornklee hat viele Sch\u00f6nheitsvorteile insbesondere f\u00fcr das Haar, die Haut, aber auch, um der Brust oder dem Ges\u00e4\u00df mehr Volumen zu verleihen.<\/p>\n<p>&nbsp;<\/p>\n<ul>\n<li>\n<h3><strong><u>BOCKSHORNKLEE\u00d6L F\u00dcR DIE HAARE :<\/u><\/strong><\/h3>\n<\/li>\n<\/ul>\n<p>Dank seiner unglaublichen Konstitution (Vitamine B1, B3, A und C, pflanzliche Proteine, Kalzium, Phosphor, Eisen, Schwefel, Magnesium, Lecithin ...) ist Bockshornklee\u00f6l bekannt f\u00fcr :<\/p>\n<ul>\n<li>Haarausfall bek\u00e4mpfen und das Haarwachstum anregen,<\/li>\n<li>die Haarfaser umh\u00fcllen und n\u00e4hren<\/li>\n<li>das Haar von der Wurzel bis zur Spitze st\u00e4rken,<\/li>\n<li>dem Haar wieder Kraft und Vitalit\u00e4t verleihen,<\/li>\n<li>dem Haar Volumen verleihen,<\/li>\n<li>trockenes, br\u00fcchiges Haar n\u00e4hren und geschmeidig machen,<\/li>\n<li>das Haar mit Feuchtigkeit versorgen,<\/li>\n<li>gegen Haarausfall k\u00e4mpfen<\/li>\n<\/ul>\n<p>Bockshornklee\u00f6l ist ideal f\u00fcr das Haar :<\/p>\n<ul>\n<li>trocken und spr\u00f6de,<\/li>\n<li>besch\u00e4digt, gef\u00e4rbt oder gebleicht,<\/li>\n<li>stumpf und devitalisiert,<\/li>\n<li>weich, d\u00fcnn oder ohne Volumen<\/li>\n<\/ul>\n<p><strong>Tipp zur Verwendung :<\/strong> Massieren Sie das Bockshornklee\u00f6l sanft in die Kopfhaut ein.<strong>.<\/strong> Umwickeln Sie Ihr Haar mit einem Handtuch und lassen Sie es 30 Minuten bis 1 Stunde ruhen, dann waschen Sie es aus. Wiederholen Sie diesen Vorgang 2 Mal pro Woche.<\/p>\n<ul>\n<li>\n<h3><strong><u>BOCKSHORNKLEE\u00d6L <\/u><\/strong><strong><u>F\u00dcR DIE HAUT :<\/u><\/strong><\/h3>\n<\/li>\n<\/ul>\n<p>Bockshornklee\u00f6l ist bekannt f\u00fcr :<\/p>\n<ul>\n<li>der Haut helfen, Sch\u00e4den durch freie Radikale zu bek\u00e4mpfen und den Zeichen der Hautalterung vorzubeugen,<\/li>\n<li>regenerierend und n\u00e4hrend sein,<\/li>\n<li>der Haut wieder Elastizit\u00e4t und Wohlbefinden verleihen,<\/li>\n<li>die Haut zu straffen und der Hauterschlaffung entgegenzuwirken,<\/li>\n<li>schlie\u00dflich, und es wird ihr nachgesagt, dass sie die Rundung der Brust und die des Ges\u00e4\u00dfes erh\u00f6ht.<\/li>\n<\/ul>\n<p>&nbsp;<\/p>\n<p>Bockshornklee\u00f6l eignet sich hervorragend f\u00fcr :<\/p>\n<ul>\n<li>Brustpflege, formende K\u00f6rperpflege,<\/li>\n<li>reife Haut (Erschlaffung der Haut, Vorbeugung vorzeitiger Hautalterung),<\/li>\n<li>trockene bis sehr trockene Haut.<\/li>\n<li>\n<h3><strong><u>UM DAS BRUSTVOLUMEN ZU VERGR\u00d6SSERN <em>(oder des Ges\u00e4\u00dfes)<\/em> :<\/u><\/strong><\/h3>\n<\/li>\n<\/ul>\n<p>In den arabischen L\u00e4ndern verwenden Frauen Bockshornklee seit jeher, um die Br\u00fcste zu vergr\u00f6\u00dfern, zu straffen und zu versch\u00f6nern. Die \u00c4gypter, Griechen und R\u00f6mer verwendeten Bockshornklee in der Di\u00e4t von Konkubinen, um die Gr\u00f6\u00dfe und die Rundungen ihrer Br\u00fcste zu vergr\u00f6\u00dfern. Weitere Informationen <a href=\"https:\/\/www.lagazettedesblondes.fr\/grossir-seins-naturellement\/\" target=\"_blank\" rel=\"noopener\"><strong>diesen der Brust gewidmeten Leitfaden ansehen<\/strong><\/a>.<\/p>\n<p>Der Bockshornklee ist ein Samen, der mit Phyto\u00f6strogen (einem pflanzlichen Hormon), Vitamin A, C, Lecithin und N\u00e4hrstoffen angereichert ist und so eine nat\u00fcrliche und gesunde Brustvergr\u00f6\u00dferung und -straffung erm\u00f6glicht.<\/p>\n<p>Phyto\u00f6strogene regen die Synthese der weiblichen Sexualhormone \u00d6strogen und Progesteron an. Indem er diese Sexualhormone stimuliert, l\u00e4sst er die Br\u00fcste gr\u00f6\u00dfer werden, und ganz nebenbei stimuliert Bockshornklee auch die weibliche Libido.<\/p>\n<p><strong>Tipp zur Verwendung :<\/strong> massieren Sie Ihre Brust mit der flachen Hand 5 bis 10 Minuten lang 1 bis 2 Mal t\u00e4glich \u00fcber einen Zeitraum von 3 bis 12 Wochen.<\/p>\n<p><em>Dasselbe Verfahren gilt f\u00fcr das Ges\u00e4\u00df oder die H\u00fcften.<\/em><\/p>\n<p><strong>Wie lange dauert es, bis man die Ergebnisse sieht <\/strong><strong>?<\/strong><\/p>\n<p>Wie bei allen Sch\u00f6nheitsmitteln und Omas Rezepten h\u00e4ngt der Erfolg von der Anzahl der Anwendungen und ihrer Qualit\u00e4t ab. Jede Frau reagiert anders, und bei manchen ist die Ver\u00e4nderung schon in den ersten Tagen sichtbar und sp\u00fcrbar. Bei anderen sind mehrere Wochen erforderlich. In jedem Fall sollten Sie nicht erwarten, dass sich das Volumen Ihrer Br\u00fcste an einem Tag verdoppelt.<\/p>\n<p><strong><u>INCI-Inhaltsstoffe : <\/u><\/strong>Helianthus annuss seed oil (Sonnenblumen\u00f6l); trigonella foenaum-graecum seed (Bockshornkleesamen)<\/p>\n<p><strong><u>Inhalt :<\/u><\/strong> 100ml<\/p>\n<p><strong><u>Herkunft :<\/u><\/strong> Marokko<\/p>\n<p>&nbsp;<\/p>","protected":false},"excerpt":{"rendered":"<p>Bockshornklee\u00f6l ist f\u00fcr seine wohltuende Wirkung auf Haut und Haar bekannt. Es ist ideal, um das Haar zu st\u00e4rken und Haarausfall zu bek\u00e4mpfen.<strong>.<\/strong> Aber sie ist vor allem daf\u00fcr bekannt, dass sie die <strong>Volumen der Brust, des Ges\u00e4\u00dfes und Straffung der Haut<\/strong>.<\/p>\n<p>Eine perfekte kosmetische Zutat f\u00fcr alle, die \u00fcber ihre kleinen Br\u00fcste jammern oder ihrem Ges\u00e4\u00df mehr Volumen verleihen wollen!<\/p>","protected":false},"featured_media":3274,"template":"","meta":[],"product_brand":[],"product_cat":[27],"product_tag":[],"class_list":{"0":"post-3333","1":"product","2":"type-product","3":"status-publish","4":"has-post-thumbnail","6":"product_cat-bien-etre","8":"first","9":"instock","10":"shipping-taxable","11":"purchasable","12":"product-type-simple"},"_links":{"self":[{"href":"https:\/\/1001vertus.com\/de\/wp-json\/wp\/v2\/product\/3333","targetHints":{"allow":["GET"]}}],"collection":[{"href":"https:\/\/1001vertus.com\/de\/wp-json\/wp\/v2\/product"}],"about":[{"href":"https:\/\/1001vertus.com\/de\/wp-json\/wp\/v2\/types\/product"}],"wp:featuredmedia":[{"embeddable":true,"href":"https:\/\/1001vertus.com\/de\/wp-json\/wp\/v2\/media\/3274"}],"wp:attachment":[{"href":"https:\/\/1001vertus.com\/de\/wp-json\/wp\/v2\/media?parent=3333"}],"wp:term":[{"taxonomy":"product_brand","embeddable":true,"href":"https:\/\/1001vertus.com\/de\/wp-json\/wp\/v2\/product_brand?post=3333"},{"taxonomy":"product_cat","embeddable":true,"href":"https:\/\/1001vertus.com\/de\/wp-json\/wp\/v2\/product_cat?post=3333"},{"taxonomy":"product_tag","embeddable":true,"href":"https:\/\/1001vertus.com\/de\/wp-json\/wp\/v2\/product_tag?post=3333"}],"curies":[{"name":"wp","href":"https:\/\/api.w.org\/{rel}","templated":true}]}}