{"id":3162,"date":"2020-06-16T11:09:34","date_gmt":"2020-06-16T10:09:34","guid":{"rendered":"https:\/\/1001vertus.com\/?post_type=product&#038;p=3162"},"modified":"2023-11-13T20:49:58","modified_gmt":"2023-11-13T19:49:58","slug":"rosali-ziegenmilchseife","status":"publish","type":"product","link":"https:\/\/1001vertus.com\/de\/produit\/savon-au-lait-de-chevre-rosali\/","title":{"rendered":"SEIFE AUS ZIEGENMILCH \" ROSALI \""},"content":{"rendered":"<p align=\"LEFT\"><span style=\"color: #000000;\"><span style=\"font-family: Arial, sans-serif;\"><span style=\"font-size: x-large;\"><b>Die Vorteile von Ziegenmilch :<\/b><\/span><\/span><\/span><\/p>\n<p align=\"LEFT\"><span style=\"color: #000000;\"><span style=\"font-family: Arial, sans-serif;\"><span style=\"font-size: medium;\">Ziegenmilch ist anerkannt als <b>ausgezeichnete Hautregeneration<\/b> dank ihres Hauptwirkstoffs: der Capryls\u00e4ure. Die Feinheit dieser Milch verleiht ihr fantastische feuchtigkeitsspendende Eigenschaften und eine sehr gute Affinit\u00e4t zur Haut.<\/span><\/span><\/span><\/p>\n<p align=\"LEFT\"><span style=\"font-family: Arial, sans-serif;\"><span style=\"font-size: medium;\"><span style=\"color: #000000;\">Allein er <\/span><b><span style=\"color: #000000;\">bek\u00e4mpft die Hautalterung<\/span><\/b><span style=\"color: #000000;\"> und gibt eine Dosis von\u2019 <\/span><b><span style=\"color: #000000;\">maximale Hydratation <\/span><\/b><span style=\"color: #000000;\">zu den am meisten ausgetrockneten Hauttypen. In den nordischen L\u00e4ndern wird es h\u00e4ufig verwendet und ist auch bei Menschen mit reaktiver Haut gut bekannt. Dank seiner <\/span><b><span style=\"color: #000000;\">weichmachende Eigenschaften<\/span><\/b><span style=\"color: #000000;\">, Ziegenmilch ist souver\u00e4n bei <\/span><b><span style=\"color: #000000;\">bestimmte Hautbeschwerden lindern<\/span><\/b><span style=\"color: #000000;\"> von Arten von Dermatosen, Ekzemen oder Schuppenflechte. <\/span><\/span><\/span><\/p>\n<h2 class=\"western\" align=\"LEFT\"><span style=\"color: #000000;\"><span style=\"font-family: Arial, sans-serif;\"><span style=\"font-size: x-large;\"><b>Was ist eine kaltverseifte Seife?<\/b><\/span><\/span><\/span><\/h2>\n<p><span style=\"font-family: Arial, sans-serif;\"><span style=\"font-size: medium;\">Die<\/span><\/span><strong><span style=\"font-family: Arial, sans-serif;\"><span style=\"font-size: medium;\"> Kaltverseifung<\/span><\/span><\/strong><span style=\"font-family: Arial, sans-serif;\"><span style=\"font-size: medium;\"> Bei der Seifenherstellung wird einfach eine Mischung aus Wasser und Wasserdampf zu einer Seife verarbeitet.<\/span><\/span><strong><span style=\"font-family: Arial, sans-serif;\"><span style=\"font-size: medium;\">Pflanzen\u00f6le<\/span><\/span><\/strong><span style=\"font-family: Arial, sans-serif;\"><span style=\"font-size: medium;\"> zu Soda, und zwar von <\/span><\/span><strong><span style=\"font-family: Arial, sans-serif;\"><span style=\"font-size: medium;\">auf handwerkliche Weise und ohne Erhitzen pflanzliche \u00d6le<\/span><\/span><\/strong><span style=\"font-family: Arial, sans-serif;\"><span style=\"font-size: medium;\"> die ihn bilden.<\/span><\/span><\/p>\n<p><span style=\"font-family: Arial, sans-serif;\"><span style=\"font-size: medium;\">Dieses althergebrachte Herstellungsverfahren ist jedoch langwierig und erfordert mindestens vier Wochen Trockenzeit, auch \u00abKur\u00bb genannt. Wegen dieser langen Zeit stellt keine gro\u00dfe Marke diese Art von Seife her, da sie nicht \u00abrentabel genug\u00bb ist. Die Hersteller beschleunigen die Reaktion daher durch Erhitzen: Dies nennt man <\/span><\/span><strong><span style=\"font-family: Arial, sans-serif;\"><span style=\"font-size: medium;\">die Hei\u00dfverseifung.<\/span><\/span><\/strong><\/p>\n<p><span style=\"font-family: Arial, sans-serif;\"><span style=\"font-size: medium;\">Au\u00dferdem werden die Seifen, die man in gro\u00dfen Einzelhandelsgesch\u00e4ften findet, aus sogenannten \u00ab.\u00ab\u00a0<\/span><\/span><em><span style=\"font-family: Arial, sans-serif;\"><span style=\"font-size: medium;\">bondillons \u00bb <\/span><\/span><\/em><span style=\"font-family: Arial, sans-serif;\"><span style=\"font-size: medium;\">= Industrieseifensp\u00e4ne, die im Gegensatz zu pflanzlichen \u00d6len v\u00f6llig inert sind.<\/span><\/span><\/p>\n<p>&nbsp;<\/p>\n<h2 class=\"western\"><span style=\"font-family: Arial, sans-serif;\"><span style=\"font-size: x-large;\">Warum ist eine kaltverseifte Seife wie eine Hautpflege?<\/span><\/span><\/h2>\n<p><span style=\"font-family: Arial, sans-serif;\"><span style=\"font-size: medium;\">Die Kaltverseifung ist die einzige Methode, die es erm\u00f6glicht, auf nat\u00fcrliche Weise und in erheblichem Ma\u00dfe die<\/span><\/span> <strong><span style=\"font-family: Arial, sans-serif;\"><span style=\"font-size: medium;\">pflanzliches Glyzerin<\/span><\/span><\/strong><span style=\"font-family: Arial, sans-serif;\"><span style=\"font-size: medium;\">. Dieses Glycerin, das f\u00fcr seine Eigenschaften bekannt ist<\/span><\/span><strong><span style=\"font-family: Arial, sans-serif;\"><span style=\"font-size: medium;\"> feuchtigkeitsspendend und weichmachend<\/span><\/span><\/strong><span style=\"font-family: Arial, sans-serif;\"><span style=\"font-size: medium;\">, Die Haut wird geschont und die Reinigungskraft der Seife wird ausgeglichen.<\/span><\/span><\/p>\n<p><span style=\"font-family: Arial, sans-serif;\"><span style=\"font-size: medium;\">Da die Pflanzen\u00f6le bei der Kaltverseifung nicht erhitzt werden, werden sie nicht denaturiert und der <\/span><\/span><strong><span style=\"font-family: Arial, sans-serif;\"><span style=\"font-size: medium;\">Seife bewahrt so die Vorteile der \u00d6le<\/span><\/span><\/strong><span style=\"font-family: Arial, sans-serif;\"><span style=\"font-size: medium;\">, Es ist wichtig, dass Sie sich auf Ihre Ern\u00e4hrung konzentrieren, insbesondere wenn diese hochwertig und biologisch ist.<\/span><\/span><span style=\"font-family: Arial, sans-serif;\"><span style=\"font-size: medium;\"><br \/>\nAu\u00dferdem wird bei der Verseifung der unverseifbare Teil der Pflanzen\u00f6le (Phytosterole, Polyphenole, Antioxidantien, Vitamine...) nicht umgewandelt, sodass diese Molek\u00fcle vollst\u00e4ndig in der Seife enthalten sind. Dies wird als \u00dcberfettung bezeichnet.<\/span><\/span><\/p>\n<p><span style=\"font-family: Arial, sans-serif;\"><span style=\"font-size: medium;\">Die Seife wird auch als<\/span><\/span><strong><span style=\"font-family: Arial, sans-serif;\"><span style=\"font-size: medium;\"> \u00fcberfettet<\/span><\/span><\/strong><span style=\"font-family: Arial, sans-serif;\"><span style=\"font-size: medium;\"> wenn ein oder mehrere native Pflanzen\u00f6le (oder -butter) absichtlich zus\u00e4tzlich zu den notwendigen Zutaten verwendet werden und nicht verseift werden. Sie erg\u00e4nzen dann die Eigenschaften der Seife und wirken direkt auf der Haut.<\/span><\/span><\/p>\n<p><span style=\"font-family: Arial, sans-serif;\"><span style=\"font-size: medium;\">Man erh\u00e4lt <\/span><\/span><span style=\"font-family: Arial, sans-serif;\"><span style=\"font-size: medium;\">so ein <\/span><\/span><strong><span style=\"font-family: Arial, sans-serif;\"><span style=\"font-size: medium;\">milde, n\u00e4hrende Naturseife<\/span><\/span><\/strong><span style=\"font-family: Arial, sans-serif;\"><span style=\"font-size: medium;\">, die respektvolle Formel des<\/span><\/span><strong><span style=\"font-family: Arial, sans-serif;\"><span style=\"font-size: medium;\"> Hydrolipidfilm<\/span><\/span><\/strong><span style=\"font-family: Arial, sans-serif;\"><span style=\"font-size: medium;\"> der Haut, sondern auch der Umwelt.<br \/>\nBestehend aus<\/span><\/span><strong><span style=\"font-family: Arial, sans-serif;\"><span style=\"font-size: medium;\"> Glycerin, Lipiden (Fetts\u00e4uren) und unverseifbaren Molek\u00fclen, die kaltverseifte und \u00fcberfettete Seife <\/span><\/span><\/strong><span style=\"font-family: Arial, sans-serif;\"><span style=\"font-size: medium;\">s<\/span><\/span><span style=\"font-family: Arial, sans-serif;\"><span style=\"font-size: medium;\">\u2019ie sind daher wie ein <\/span><\/span><strong><span style=\"font-family: Arial, sans-serif;\"><span style=\"font-size: medium;\">echte Hautpflege<\/span><\/span><\/strong><span style=\"font-family: Arial, sans-serif;\"><span style=\"font-size: medium;\">.<\/span><\/span><\/p>\n<h2 class=\"western\" align=\"LEFT\"><span style=\"color: #000000;\"><span style=\"font-family: Arial, sans-serif;\"><span style=\"font-size: x-large;\"><b>Was sind die Vorteile von \u00fcberfetteter Seife?<\/b><\/span><\/span><\/span><\/h2>\n<p><span style=\"font-family: Arial, sans-serif;\"><span style=\"font-size: medium;\">Die Hauptaufgabe der Haut besteht darin, eine Schutzbarriere gegen alle \u00e4u\u00dferen Einfl\u00fcsse zu bilden, denen sie ausgesetzt sein kann. Mit \u00e4u\u00dferen Einfl\u00fcssen sind Mikroben oder auch Bakterien gemeint. Dieser Schutz wird durch den Hydrolipidfilm erm\u00f6glicht, einen nat\u00fcrlichen Film, der unter anderem aus Talg und Wasser besteht. Ohne diesen Film verliert unsere Haut ihre nat\u00fcrlichen Abwehrkr\u00e4fte.<\/span><\/span><\/p>\n<p><span style=\"font-family: Arial, sans-serif;\"><span style=\"font-size: medium;\">Dieser Hydrolipidfilm verhindert auch, dass die Haut durch die Verdunstung des in ihr enthaltenen Wassers austrocknet. Er ist daher von entscheidender Bedeutung. <\/span><\/span><\/p>\n<p><span style=\"font-family: Arial, sans-serif;\"><span style=\"font-size: medium;\">Dennoch k\u00f6nnen unsere Lebensweise und unser Konsumverhalten Auswirkungen auf diesen Hydrolipidfilm haben: Das Waschen mit sehr kalkhaltigem Wasser kann ihn besch\u00e4digen. Ebenso wie die Verwendung bestimmter Pflegeprodukte (Duschgel, Peelingprodukte, Haushaltsprodukte f\u00fcr die H\u00e4nde usw.). Ohne den Hydrolipidfilm verliert die Haut Feuchtigkeit und wird trockener.<\/span><\/span><\/p>\n<p><span style=\"font-family: Arial, sans-serif;\"><span style=\"font-size: medium;\">Die Verwendung einer \u00fcberfettenden Seife wird den Schutzfilm auf der Haut wiederherstellen und so verhindern, dass die Haut austrocknet. Dies wird durch die in der fetthaltigen Seife enthaltenen r\u00fcckfettenden Substanzen erm\u00f6glicht. So k\u00f6nnen Sie sich mit einer r\u00fcckfettenden Seife waschen, ohne Ihre Haut auszutrocknen.<\/span><\/span><\/p>\n<p>\u200b<span style=\"font-family: Arial, sans-serif;\"><span style=\"font-size: medium;\">Wenn Sie unter Juckreiz oder gar Spannungsgef\u00fchlen leiden, liegt das daran, dass Sie extrem trockene Haut haben. Wenn Sie also zum Beispiel atopische Haut mit Ekzemen haben, ist es sehr empfehlenswert, eine r\u00fcckfettende Seife zu verwenden, um die Haut zu beruhigen.<\/span><\/span><\/p>\n<p>\u200b\u200b<span style=\"font-family: Arial, sans-serif;\"><span style=\"font-size: medium;\">Die \u00fcberfettende Seife erm\u00f6glicht also <b>Austrocknung, aber auch juckende Haut zu vermeiden.<\/b><\/span><\/span><\/p>\n<p>&nbsp;<\/p>\n<p><span style=\"font-family: Arial, sans-serif;\"><span style=\"font-size: x-large;\"><b>F\u00fcr welche Hauttypen sollte diese Seife verwendet werden?<\/b><\/span><\/span><\/p>\n<ul>\n<li><span style=\"font-family: Arial, sans-serif;\"><span style=\"font-size: medium;\"><b>f\u00fcr trockene und empfindliche Haut<\/b>f\u00fcr<b> <\/b>das Austrocknen der Haut verhindern,<\/span><\/span><\/li>\n<\/ul>\n<ul>\n<li><span style=\"font-family: Arial, sans-serif;\"><span style=\"font-size: medium;\"><b>f\u00fcr normale Haut<\/b>Die Haut wird mit Feuchtigkeit versorgt,<\/span><\/span><\/li>\n<\/ul>\n<ul>\n<li><span style=\"font-family: Arial, sans-serif;\"><span style=\"font-size: medium;\"><b>f\u00fcr Babys<\/b>, da er<b> <\/b>spendet der Haut tiefgehende Feuchtigkeit, es ist vielleicht ideal zum Waschen von Babys und Kleinkindern.<\/span><\/span><\/li>\n<\/ul>\n<p><span style=\"font-family: Arial, sans-serif;\"><span style=\"font-size: medium;\">Achten Sie jedoch darauf, dass Sie die \u00fcberfettete Seife nicht bei einem Teenager verwenden, der gerade eine Aknekrise hat. Die Haut ist n\u00e4mlich sehr talghaltig und die Verwendung von Seife w\u00fcrde die Situation nur noch verschlimmern.<\/span><\/span><\/p>\n<p>&nbsp;<\/p>\n<p><span style=\"font-family: Arial, sans-serif;\"><span style=\"font-size: medium;\"><u><b>INCI-Inhaltsstoffe :<\/b><\/u>\u00a0Sodium Olivate* (olive), Sodium Cocoate* (coconut\/ coco), Aqua (water\/eau), Caprae Lac (goat milk\/lait de ch\u00e8vre), Glycerin, Sodium Shea Butterate* (shea\/karit\u00e9), Sodium Sunflowerseedate* (sunflower\/tournesol), Sodium Hempseedate* (hemp\/chanvre), Sodium Cocoa Butterate*(cocoa\/cacao), Parfum (fragrance), Malva Sylvestris Flower Extract* (mallow\/mauve), CI77007 (natural dye\/colorant naturel), dl-citronellol, geraniol. <\/span><\/span><\/p>\n<p align=\"LEFT\"><span style=\"color: #000000;\"><span style=\"font-family: Arial, sans-serif;\"><span style=\"font-size: medium;\">*Zutaten aus biologischer Landwirtschaft <\/span><\/span><\/span><\/p>\n<p align=\"LEFT\"><strong><span style=\"color: #000000;\"><span style=\"font-family: Arial, sans-serif;\"><span style=\"font-size: medium;\">Franz\u00f6sische Herstellung.<\/span><\/span><\/span><\/strong><\/p>\n<p align=\"LEFT\"><span style=\"color: #000000;\"><span style=\"font-family: Arial, sans-serif;\"><span style=\"font-size: medium;\"><u><b>Gewicht :<\/b><\/u> 100g<\/span><\/span><\/span><\/p>\n<p align=\"LEFT\">","protected":false},"excerpt":{"rendered":"<p align=\"LEFT\"><span style=\"color: #000000;\"><span style=\"font-family: Arial, sans-serif;\"><span style=\"font-size: medium;\">Diese Seife ist <b>kalt verseift <\/b>und ist <b>100 % nat\u00fcrlich<\/b>.<\/span><\/span><\/span><\/p>\n<p align=\"LEFT\"><span style=\"color: #000000;\"><span style=\"font-family: Arial, sans-serif;\"><span style=\"font-size: medium;\">Es enth\u00e4lt:<\/span><\/span><\/span><\/p>\n<p align=\"LEFT\"><span style=\"color: #000000;\"><span style=\"font-family: Arial, sans-serif;\"><span style=\"font-size: medium;\">- <b>10% Ziegenmilch EXTRA-FRISCH <\/b>(und nicht Ziegenmilchpulver), <\/span><\/span><\/span><\/p>\n<p align=\"LEFT\"><span style=\"color: #000000;\"><span style=\"font-family: Arial, sans-serif;\"><span style=\"font-size: medium;\">- <b>7% FETTFREI, <\/b>f\u00fcr eine intensive Feuchtigkeitsversorgung (viel mehr als die meisten Seifen),<\/span><\/span><\/span><\/p>\n<p align=\"LEFT\"><span style=\"color: #000000;\"><span style=\"font-family: Arial, sans-serif;\"><span style=\"font-size: medium;\">-<b> 80% Minimum an BIOLOGISCHEN Inhaltsstoffen,<\/b> <\/span><\/span><\/span><\/p>\n<p align=\"LEFT\"><span style=\"color: #000000;\"><span style=\"font-family: Arial, sans-serif;\"><span style=\"font-size: medium;\">- <b>von 100% NAT\u00dcRLICHEN Parfums<\/b> die aus der Stadt Grasse stammen.<\/span><\/span><\/span><\/p>\n<p align=\"LEFT\"><span style=\"color: #000000;\"><span style=\"font-family: Arial, sans-serif;\"><span style=\"font-size: medium;\">Er ist <strong>parfum\u00e9 aux notes gourmandes de rose, de framboise et d&rsquo;abricot.<\/strong> <\/span><\/span><\/span><\/p>","protected":false},"featured_media":3168,"template":"","meta":[],"product_brand":[],"product_cat":[27,55,78],"product_tag":[],"class_list":{"0":"post-3162","1":"product","2":"type-product","3":"status-publish","4":"has-post-thumbnail","6":"product_cat-bien-etre","7":"product_cat-savon","8":"product_cat-savon-au-lait-de-chevre","10":"first","11":"outofstock","12":"shipping-taxable","13":"purchasable","14":"product-type-simple"},"_links":{"self":[{"href":"https:\/\/1001vertus.com\/de\/wp-json\/wp\/v2\/product\/3162","targetHints":{"allow":["GET"]}}],"collection":[{"href":"https:\/\/1001vertus.com\/de\/wp-json\/wp\/v2\/product"}],"about":[{"href":"https:\/\/1001vertus.com\/de\/wp-json\/wp\/v2\/types\/product"}],"wp:featuredmedia":[{"embeddable":true,"href":"https:\/\/1001vertus.com\/de\/wp-json\/wp\/v2\/media\/3168"}],"wp:attachment":[{"href":"https:\/\/1001vertus.com\/de\/wp-json\/wp\/v2\/media?parent=3162"}],"wp:term":[{"taxonomy":"product_brand","embeddable":true,"href":"https:\/\/1001vertus.com\/de\/wp-json\/wp\/v2\/product_brand?post=3162"},{"taxonomy":"product_cat","embeddable":true,"href":"https:\/\/1001vertus.com\/de\/wp-json\/wp\/v2\/product_cat?post=3162"},{"taxonomy":"product_tag","embeddable":true,"href":"https:\/\/1001vertus.com\/de\/wp-json\/wp\/v2\/product_tag?post=3162"}],"curies":[{"name":"wp","href":"https:\/\/api.w.org\/{rel}","templated":true}]}}