{"id":2537,"date":"2020-03-21T09:14:45","date_gmt":"2020-03-21T08:14:45","guid":{"rendered":"https:\/\/1001vertus.com\/?post_type=product&#038;p=2537"},"modified":"2024-02-21T10:51:12","modified_gmt":"2024-02-21T09:51:12","slug":"flussige-kamelmilch-uht-1001-tugenden","status":"publish","type":"product","link":"https:\/\/1001vertus.com\/de\/produit\/lait-de-chamelle-liquide-uht-1001-vertus\/","title":{"rendered":"Fl\u00fcssige Kamelmilch UHT - Cameliane"},"content":{"rendered":"<p class=\"western\" align=\"justify\"><span style=\"font-family: Arial, sans-serif;\"><span style=\"font-size: medium;\">Kamelmilch wird seit Jahrtausenden im Nahen Osten, in Afrika und Asien konsumiert und hat es vielen St\u00e4mmen dank ihrer au\u00dfergew\u00f6hnlichen Eigenschaften erm\u00f6glicht, mehrere Wochen unter extremen Bedingungen zu \u00fcberleben. Sie wurde von der FAO zum \u00abSuperfood\u00bb erkl\u00e4rt (<\/span><\/span><span style=\"font-family: Arial, sans-serif;\"><span style=\"font-size: medium;\"><i>Food and Agriculture Administration<\/i><\/span><\/span><span style=\"font-family: Arial, sans-serif;\"><span style=\"font-size: medium;\">).<\/span><\/span><\/p>\n<p class=\"western\" align=\"justify\"><span style=\"font-family: Arial, sans-serif;\"><span style=\"font-size: medium;\">Kamelmilch soll in ihrer Zusammensetzung der Muttermilch am n\u00e4chsten kommen und den menschlichen N\u00e4hrstoffbedarf perfekt erf\u00fcllen. <\/span><\/span><\/p>\n<p class=\"western\" align=\"justify\"><span style=\"font-family: Arial, sans-serif;\"><span style=\"font-size: medium;\">Dar\u00fcber hinaus ist laut einer Umfrage des <\/span><\/span><span style=\"font-family: Arial, sans-serif;\"><span style=\"font-size: medium;\"><i>World Allergy Group<\/i><\/span><\/span><span style=\"font-family: Arial, sans-serif;\"><span style=\"font-size: medium;\">, In den letzten Jahren haben Forscher nachgewiesen, dass Kamelmilch nach Menschenmilch die zweitwenigsten allergischen Reaktionen hervorruft.<\/span><\/span><\/p>\n<p class=\"western\" align=\"justify\"><span style=\"font-family: Arial, sans-serif;\"><span style=\"font-size: medium;\">Cameliane Liquid hat einen nat\u00fcrlich leckeren Geschmack, der durch eine UHT-Behandlung erhalten bleibt. Der leicht salzige Geschmack ist charakteristisch f\u00fcr vollwertige Kamelmilch, sie bleibt cremig und sehr gut verdaulich, ihre Wirksamkeit ist absolut bemerkenswert. <\/span><\/span><\/p>\n<p class=\"western\" align=\"justify\"><span style=\"font-family: Arial, sans-serif;\"><span style=\"font-size: medium;\">Man kann die Milch erhitzen, um sie warm zu genie\u00dfen. Sie kann auch mit anderen Lebensmitteln vermischt werden.<\/span><\/span><\/p>\n<h2 class=\"western\" align=\"justify\"><span style=\"font-family: Arial, sans-serif;\"><span style=\"font-size: large;\"><b>EINE KUR MIT KAMELMILCH? JA, ABER WARUM?<\/b><\/span><\/span><\/h2>\n<p class=\"western\" align=\"justify\"><span style=\"font-family: Arial, sans-serif;\"><span style=\"font-size: medium;\">Es hat viele positive Eigenschaften, es erm\u00f6glicht unter anderem :<\/span><\/span><\/p>\n<ul>\n<li>\n<p class=\"western\" align=\"justify\"><span style=\"font-family: Arial, sans-serif;\"><span style=\"font-size: medium;\">Ihren Organismus tiefgreifend ins Gleichgewicht bringen<\/span><\/span><\/p>\n<\/li>\n<li>\n<p class=\"western\" align=\"justify\"><span style=\"font-family: Arial, sans-serif;\"><span style=\"font-size: medium;\">Ihre gesamte Verdauungssph\u00e4re regenerieren<\/span><\/span><\/p>\n<\/li>\n<li>\n<p class=\"western\" align=\"justify\"><span style=\"font-family: Arial, sans-serif;\"><span style=\"font-size: medium;\">Ihre Immunabwehr anregen und st\u00e4rken<\/span><\/span><\/p>\n<\/li>\n<\/ul>\n<p class=\"western\" align=\"justify\"><span style=\"font-family: Arial, sans-serif;\"><span style=\"font-size: medium;\">Eine Kamelmilchkur kann verschiedene Arten haben:<\/span><\/span><\/p>\n<ul>\n<li>\n<p class=\"western\" align=\"justify\"><span style=\"font-family: Arial, sans-serif;\"><span style=\"font-size: medium;\"><b>Erhaltungskur<\/b><\/span><\/span><span style=\"font-family: Arial, sans-serif;\"><span style=\"font-size: medium;\">\u00a0die man bei jedem Jahreszeitenwechsel erneuern kann : <\/span><\/span><\/p>\n<\/li>\n<li>\n<p class=\"western\" align=\"justify\"><span style=\"font-family: Arial, sans-serif;\"><span style=\"font-size: medium;\"><b>gelegentliche Kur\u00a0<\/b><\/span><\/span><span style=\"font-family: Arial, sans-serif;\"><span style=\"font-size: medium;\">w\u00e4hrend einer schwierigen Zeit: Antibiotikatherapie, Impfungen, \u00dcberanstrengung, Chemotherapie, intensiver Sport, Rekonvaleszenz, saisonale Allergien...<\/span><\/span><\/p>\n<\/li>\n<li>\n<p class=\"western\" align=\"justify\"><span style=\"font-family: Arial, sans-serif;\"><span style=\"font-size: medium;\"><b>l\u00e4ngere Kur<\/b><\/span><\/span><span style=\"font-family: Arial, sans-serif;\"><span style=\"font-size: medium;\">\u00a0um eine bestimmte Therapie zu begleiten: Diabetes, Krebs, Morbus Crohn, Autismus, Kuhmilchallergien, Multiple Sklerose,...<\/span><\/span><\/p>\n<\/li>\n<\/ul>\n<p>&nbsp;<\/p>\n<h2 class=\"western\" align=\"justify\"><span style=\"font-family: Arial, sans-serif;\"><span style=\"font-size: large;\"><b>DIE TUGENDEN DER KAMELMILCH<\/b><\/span><\/span><\/h2>\n<p class=\"western\" align=\"justify\"><span style=\"font-family: Arial, sans-serif;\"><span style=\"font-size: medium;\">Er gilt als :<\/span><\/span><\/p>\n<ul>\n<li>\n<p class=\"western\" align=\"justify\"><span style=\"font-family: Arial, sans-serif;\"><span style=\"font-size: medium;\"><u><b>f\u00fcr Allergiker und Menschen mit Laktoseintoleranz,<\/b><\/u><\/span><\/span><\/p>\n<\/li>\n<\/ul>\n<p class=\"western\" align=\"justify\"><span style=\"font-family: Arial, sans-serif;\"><span style=\"font-size: medium;\">Auch Menschen mit Allergien und\/oder Laktoseintoleranz werden an Kamelmilch Gefallen finden, da sie nicht allergen ist und daher ihre Empfindlichkeit wirksam mildern kann.<\/span><\/span><\/p>\n<ul>\n<li>\n<p class=\"western\" align=\"justify\"><span style=\"font-family: Arial, sans-serif;\"><span style=\"font-size: medium;\"><u><b>um das Immunsystem zu st\u00e4rken,<\/b><\/u><\/span><\/span><\/p>\n<\/li>\n<\/ul>\n<p class=\"western\" align=\"justify\"><span style=\"font-family: Arial, sans-serif;\"><span style=\"font-size: medium;\">Nach einer l\u00e4ngeren Krankheit oder zur Vorbeugung kann das Zusammenwirken von antimikrobiellen und antiviralen Proteinen (Lactoferrin, Lyzozyme und Immunglobuline) und Vitamin C mikrobielle Invasionen in den K\u00f6rper bek\u00e4mpfen und das Immunsystem st\u00e4rken und stimulieren.<\/span><\/span><\/p>\n<p class=\"western\" align=\"justify\"><span style=\"font-family: Arial, sans-serif;\"><span style=\"font-size: medium;\">Er zielt auf drei Aktionen ab: Er ist <\/span><\/span><span style=\"font-family: Arial, sans-serif;\"><span style=\"font-size: medium;\">revitalisierend, steigert die Widerstandskraft und aktiviert das Immunabwehrsystem auf nat\u00fcrliche Weise. <\/span><\/span><\/p>\n<p class=\"western\" align=\"justify\"><span style=\"font-family: Arial, sans-serif;\"><span style=\"font-size: medium;\">Wissenschaftliche Untersuchungen konnten zeigen, dass diese Milch Menschen helfen kann, die an sogenannten Autoimmunkrankheiten leiden, wie z. B.\u00a0<\/span><\/span><span style=\"font-family: Arial, sans-serif;\"><span style=\"font-size: medium;\">Multiple Sklerose.<\/span><\/span><\/p>\n<ul>\n<li>\n<p class=\"western\" align=\"justify\"><span style=\"font-family: Arial, sans-serif;\"><span style=\"font-size: medium;\"><u><b>zur Bek\u00e4mpfung von Verdauungsproblemen,<\/b><\/u><\/span><\/span><\/p>\n<\/li>\n<\/ul>\n<p class=\"western\" align=\"justify\"><span style=\"font-family: Arial, sans-serif;\"><span style=\"font-size: medium;\">Kamelmilch hat einen niedrigen Laktosegehalt und ist sehr leicht verdaulich. <\/span><\/span><\/p>\n<p class=\"western\" align=\"justify\"><span style=\"font-family: Arial, sans-serif;\"><span style=\"font-size: medium;\">Menschen mit einem schwachen Darm oder Verdauungsproblemen k\u00f6nnen Kamelmilch w\u00e4hlen, da sie sehr reich an Probiotika ist, die f\u00fcr eine gesunde Verdauung wichtig sind.<\/span><\/span><\/p>\n<p class=\"western\" align=\"justify\"><span style=\"font-family: Arial, sans-serif;\"><span style=\"font-size: medium;\">Die N\u00e4hrstoffe in der Kamelmilch sorgen au\u00dferdem daf\u00fcr, dass die Verdauung insgesamt verbessert wird. <\/span><\/span><\/p>\n<ul>\n<li>\n<p class=\"western\" align=\"justify\"><span style=\"font-family: Arial, sans-serif;\"><span style=\"font-size: medium;\"><u><b>um reich an Kalzium zu sein,<\/b><\/u><\/span><\/span><\/p>\n<\/li>\n<\/ul>\n<p class=\"western\" align=\"justify\"><span style=\"font-family: Arial, sans-serif;\"><span style=\"font-size: medium;\">Die Aufnahme von Kalzium wird w\u00e4hrend der Schwangerschaft f\u00fcr die Knochen, aber auch f\u00fcr die Z\u00e4hne und viele andere Dinge empfohlen, sowohl f\u00fcr Erwachsene als auch f\u00fcr Babys.<\/span><\/span><\/p>\n<p class=\"western\" align=\"justify\"><span style=\"font-family: Arial, sans-serif;\"><span style=\"font-size: medium;\">Kalzium auf nat\u00fcrliche Weise zu sich zu nehmen, garantiert eine bessere Aufnahme. Kamelmilch ist daher die beste Alternative, um das Kalzium zu sich zu nehmen, das Sie t\u00e4glich brauchen, und das auf einfachste Weise, mit einem Glas Milch. Kamelmilch enth\u00e4lt n\u00e4mlich dreimal so viel Kalzium wie Muttermilch und kann von unserem K\u00f6rper perfekt verwertet werden.<\/span><\/span><\/p>\n<ul>\n<li><span style=\"font-family: Arial, sans-serif;\"><span style=\"font-size: medium;\"><u><b>um Diabetikern zu helfen,<\/b><\/u><\/span><\/span><\/li>\n<\/ul>\n<p class=\"western\" align=\"justify\"><span style=\"font-family: Arial, sans-serif;\"><span style=\"font-size: medium;\">Da er von Natur aus reich an Insulin (52 IE) ist, wird er besonders f\u00fcr Diabetiker empfohlen. <\/span><\/span><\/p>\n<p class=\"western\" align=\"justify\"><span style=\"font-family: Arial, sans-serif;\"><span style=\"font-size: medium;\">Sein regelm\u00e4\u00dfiger Verzehr soll eine blutzuckersenkende und -regulierende Wirkung bei insulinpflichtigen Patienten mit Typ-I-Diabetes haben.<\/span><\/span><\/p>\n<p class=\"western\" align=\"justify\"><span style=\"font-family: Arial, sans-serif;\"><span style=\"font-size: medium;\">Er kann Ihre Lebensqualit\u00e4t erheblich verbessern, indem er Ihre Behandlung gestaltet und Ihnen erm\u00f6glicht, Ihr Insulin auf nat\u00fcrliche Weise zu regulieren.<\/span><\/span><\/p>\n<p class=\"western\" align=\"justify\"><span style=\"font-family: Arial, sans-serif;\"><span style=\"font-size: medium;\">Da Kamelmilch von Natur aus fettarm ist, sch\u00fctzt sie auch Ihr Herz-Kreislauf-System.<\/span><\/span><\/p>\n<ul>\n<li>\n<p class=\"western\" align=\"justify\"><span style=\"font-family: Arial, sans-serif;\"><span style=\"font-size: medium;\"><u><b>als vorbeugendes Nahrungsmittel gegen Herzerkrankungen,<\/b><\/u><\/span><\/span><\/p>\n<\/li>\n<\/ul>\n<p class=\"western\" align=\"justify\"><span style=\"font-family: Arial, sans-serif;\"><span style=\"font-size: medium;\">In der Zusammensetzung der Kamelmilch finden sich auch komplexe Fetts\u00e4uren, die den Gehalt an gutem Cholesterin (LDL) im K\u00f6rper verbessern und gleichzeitig das Vorhandensein von schlechtem Cholesterin (HDL) senken.<\/span><\/span><\/p>\n<p class=\"western\" align=\"justify\"><span style=\"font-family: Arial, sans-serif;\"><span style=\"font-size: medium;\">Das Trinken von Kamelmilch w\u00fcrde demnach das Risiko von Schlaganf\u00e4llen, Bluthochdruck und Herzerkrankungen verhindern.<\/span><\/span><\/p>\n<ul>\n<li><span style=\"font-family: Arial, sans-serif;\"><span style=\"font-size: medium;\"><u><b>um Menschen zu helfen, die an Krebs, Sklerose und Alzheimer leiden,<\/b><\/u><\/span><\/span><\/li>\n<\/ul>\n<p class=\"western\" align=\"justify\"><span style=\"font-family: Arial, sans-serif;\"><span style=\"font-size: medium;\">Die meisten seiner Vorteile stammen aus Proteinen, den sogenannten Immunglobulinen, die eine Schl\u00fcsselrolle f\u00fcr das Wohlbefinden des Immunsystems spielen.<\/span><\/span><span style=\"font-family: Arial, sans-serif;\"><br \/>\n<\/span><span style=\"font-family: Arial, sans-serif;\"><span style=\"font-size: medium;\">Aufgrund ihrer besonderen Struktur sind viele der Immunglobuline der laktierenden Kamelstute in der Milch verf\u00fcgbar. Forscher haben herausgefunden, dass diese Immunglobuline bei einer Reihe von Krankheiten therapeutisch wirksam sind, ebenso bei den meisten Krebsarten, einer Reihe von Sklerosearten und der Alzheimer-Krankheit.<\/span><\/span><\/p>\n<p class=\"western\" align=\"justify\"><span style=\"color: #000000;\"><span style=\"font-family: Arial, sans-serif;\"><span style=\"font-size: medium;\"><i>Die Darstellung der Eigenschaften und potenziellen Vorteile von Kamelmilch basiert auf wissenschaftlichen Untersuchungen, Labortests und Verbrauchererfahrungen und stellt keine medizinische Beratung dar.<\/i><\/span><\/span><\/span><\/p>\n<h2 class=\"western\" align=\"justify\"><span style=\"font-family: Arial, sans-serif;\"><span style=\"font-size: large;\"><b>UND WAS IST MIT DEN KINDERN?<\/b><\/span><\/span><\/h2>\n<p class=\"western\" align=\"justify\"><span style=\"font-family: Arial, sans-serif;\"><span style=\"font-size: medium;\">Nat\u00fcrlich werden Sie darauf achten, die Dosis bei Kindern \u00fcber zwei Jahren zu halbieren. <\/span><\/span><\/p>\n<p class=\"western\" align=\"justify\"><span style=\"font-family: Arial, sans-serif;\"><span style=\"font-size: medium;\">Cameliane wurde nicht f\u00fcr S\u00e4uglinge unter 12 Monaten untersucht. <\/span><\/span><\/p>\n<p class=\"western\"><span style=\"color: #00000a;\"><span style=\"font-family: Arial, sans-serif;\"><span style=\"font-size: medium;\"><u><b>Zutaten:<\/b><\/u><\/span><\/span><\/span><span style=\"color: #00000a;\"><span style=\"font-family: Arial, sans-serif;\"><span style=\"font-size: medium;\"> Kamelmilch<\/span><\/span><\/span><\/p>\n<p class=\"western\" align=\"justify\"><span style=\"color: #00000a;\"><span style=\"font-family: Arial, sans-serif;\"><span style=\"font-size: medium;\"><u><b>Inhalt<\/b><\/u><\/span><\/span><\/span><span style=\"color: #00000a;\"><span style=\"font-family: @Yu Gothic, serif;\"><span style=\"font-size: medium;\"><u><b>\u00a0<\/b><\/u><\/span><\/span><\/span><span style=\"color: #00000a;\"><span style=\"font-family: Arial, sans-serif;\"><span style=\"font-size: medium;\"><u><b>:<\/b><\/u><\/span><\/span><\/span> <span style=\"color: #00000a;\"><span style=\"font-family: Arial, sans-serif;\"><span style=\"font-size: medium;\">235ml<\/span><\/span><\/span><\/p>\n<p class=\"western\" align=\"justify\"><span style=\"color: #00000a;\"><span style=\"font-family: Arial, sans-serif;\"><span style=\"font-size: medium;\"><u><b>Herkunft<\/b><\/u><\/span><\/span><\/span><span style=\"color: #00000a;\"><span style=\"font-family: @Yu Gothic, serif;\"><span style=\"font-size: medium;\"><u><b>\u00a0<\/b><\/u><\/span><\/span><\/span><span style=\"color: #00000a;\"><span style=\"font-family: Arial, sans-serif;\"><span style=\"font-size: medium;\"><u><b>:<\/b><\/u><\/span><\/span><\/span><span style=\"color: #00000a;\"><span style=\"font-family: Arial, sans-serif;\"><span style=\"font-size: medium;\"> Holland, Das Produkt wird in Frankreich kontrolliert und verpackt. Entspricht den europ\u00e4ischen Vorschriften.<\/span><\/span><\/span><\/p>\n<p class=\"western\" align=\"justify\"><span style=\"color: #00000a;\"><span style=\"font-family: Arial, sans-serif;\"><span style=\"font-size: medium;\"><u><b>Aufbewahrung :<\/b><\/u><\/span><\/span><\/span> <span style=\"color: #00000a;\"><span style=\"font-family: Arial, sans-serif;\"><span style=\"font-size: medium;\">Vor Licht gesch\u00fctzt unter 25\u00b0C aufbewahren. <\/span><\/span><\/span><span style=\"color: #00000a;\"><span style=\"font-family: Arial, sans-serif;\"><span style=\"font-size: medium;\">Nach dem \u00d6ffnen kann die Dose 2 bis 3 Tage im K\u00fchlschrank aufbewahrt werden.<\/span><\/span><\/span><\/p>\n<p class=\"western\" align=\"center\">","protected":false},"excerpt":{"rendered":"<p class=\"western\" align=\"justify\"><span style=\"font-family: Arial, sans-serif;\"><span style=\"font-size: medium;\">Kamelmilch ist ideal f\u00fcr Menschen mit Laktoseintoleranz oder -allergie.<\/span><\/span><\/p>\n<p class=\"western\" align=\"justify\"><span style=\"font-family: Arial, sans-serif;\"><span style=\"font-size: medium;\">Sie ist reich an Vitamin C, Eisen, unges\u00e4ttigten Fetts\u00e4uren und B-Vitaminen, Kalzium, enth\u00e4lt mehr Eiwei\u00df, Kalium, Magnesium, Eisen, Kupfer, Mangan, Natrium und Zink und weniger Fett als Kuhmilch.\u00a0<\/span><\/span><\/p>\n<p class=\"western\" align=\"justify\"><span style=\"font-family: Arial, sans-serif;\"><span style=\"font-size: medium;\">Die Liste dieser Tugenden ist nicht weniger umfangreich.<\/span><\/span><\/p>\n<p class=\"western\" align=\"justify\"><span style=\"font-family: Arial, sans-serif;\"><span style=\"font-size: medium;\">Von der FAO zum \u00abSuperfood\u00bb erkl\u00e4rt (<i>Food and Agriculture Administration<\/i>), steckt Kamelmilch voller Vorteile und Tugenden. Finden Sie all diese Tugenden in dieser Kamelmilch in der Dose und trinkfertig wieder. <\/span><\/span><\/p>","protected":false},"featured_media":3700,"template":"","meta":[],"product_brand":[],"product_cat":[28,29,27,64,89],"product_tag":[],"class_list":{"0":"post-2537","1":"product","2":"type-product","3":"status-publish","4":"has-post-thumbnail","6":"product_cat-medecine-sante","7":"product_cat-alimentation","8":"product_cat-bien-etre","9":"product_cat-lait-de-chamelle","10":"product_cat-promo-produits-naturels","12":"first","13":"outofstock","14":"shipping-taxable","15":"purchasable","16":"product-type-simple"},"_links":{"self":[{"href":"https:\/\/1001vertus.com\/de\/wp-json\/wp\/v2\/product\/2537","targetHints":{"allow":["GET"]}}],"collection":[{"href":"https:\/\/1001vertus.com\/de\/wp-json\/wp\/v2\/product"}],"about":[{"href":"https:\/\/1001vertus.com\/de\/wp-json\/wp\/v2\/types\/product"}],"wp:featuredmedia":[{"embeddable":true,"href":"https:\/\/1001vertus.com\/de\/wp-json\/wp\/v2\/media\/3700"}],"wp:attachment":[{"href":"https:\/\/1001vertus.com\/de\/wp-json\/wp\/v2\/media?parent=2537"}],"wp:term":[{"taxonomy":"product_brand","embeddable":true,"href":"https:\/\/1001vertus.com\/de\/wp-json\/wp\/v2\/product_brand?post=2537"},{"taxonomy":"product_cat","embeddable":true,"href":"https:\/\/1001vertus.com\/de\/wp-json\/wp\/v2\/product_cat?post=2537"},{"taxonomy":"product_tag","embeddable":true,"href":"https:\/\/1001vertus.com\/de\/wp-json\/wp\/v2\/product_tag?post=2537"}],"curies":[{"name":"wp","href":"https:\/\/api.w.org\/{rel}","templated":true}]}}