{"id":24440,"date":"2024-04-08T13:49:33","date_gmt":"2024-04-08T12:49:33","guid":{"rendered":"https:\/\/1001vertus.com\/?post_type=product&#038;p=24440"},"modified":"2025-11-08T21:14:10","modified_gmt":"2025-11-08T20:14:10","slug":"moringa-honig-aus-mali","status":"publish","type":"product","link":"https:\/\/1001vertus.com\/de\/produit\/miel-de-moringa-du-mali\/","title":{"rendered":"Moringa-Honig aus Mali - 250g"},"content":{"rendered":"<p>Die\u00a0<strong>Moringa-Honig aus Mali<\/strong>\u00a0est un produit naturel aux multiples vertus, gagnant en popularit\u00e9 aupr\u00e8s des adeptes d&rsquo;une alimentation saine et \u00e9quilibr\u00e9e. Il est possible d&rsquo;acheter ce pr\u00e9cieux nectar en ligne sur 1001vertus.com, une plateforme d\u00e9di\u00e9e aux produits verts et responsables. Dans cet article, nous vous invitons \u00e0 explorer les bienfaits de ce miel d&rsquo;exception et \u00e0 d\u00e9couvrir comment l&rsquo;int\u00e9grer dans votre vie quotidienne.<\/p>\n<h2><strong>Qu&rsquo;est-ce que le miel de moringa\u00a0?<\/strong><\/h2>\n<p>Die\u00a0<strong>Moringahonig<\/strong>\u00a0est issu des fleurs de moringa, un arbre originaire d&rsquo;Afrique, notamment du Mali, couramment surnomm\u00e9 \u00ab\u00a0arbre de vie\u00a0\u00bb ou \u00ab\u00a0arbre aux miracles\u00a0\u00bb. Appartenant \u00e0 la famille des Moringaceae, le moringa est r\u00e9put\u00e9 pour ses innombrables propri\u00e9t\u00e9s m\u00e9dicinales. Les abeilles butinent le nectar des fleurs du moringa pour cr\u00e9er ce miel au go\u00fbt unique.<\/p>\n<h3><strong>N\u00e4hrstoffzusammensetzung von Moringa-Honig<\/strong><\/h3>\n<p>Moringahonig zeichnet sich durch seinen Reichtum an Antioxidantien aus, <a href=\"https:\/\/1001vertus.com\/de\/2024\/02\/22\/vitamin-d-und-schlaf\/\"><strong>Vitamine<\/strong><\/a> (A, B, C et D) et min\u00e9raux (fer, magn\u00e9sium, potassium), tout comme le moringa lui-m\u00eame. De plus, il contient \u00e9galement des acides amin\u00e9s essentiels, des prot\u00e9ines et des enzymes b\u00e9n\u00e9fiques pour la sant\u00e9. Ces \u00e9l\u00e9ments conf\u00e8rent \u00e0 ce nectar une qualit\u00e9 nutritionnelle sup\u00e9rieure aux autres types de miel.<\/p>\n<h2><strong>Les bienfaits du miel de moringa du Mali pour la sant\u00e9<\/strong><\/h2>\n<p>Gr\u00e2ce \u00e0 ses vertus issues du moringa, le miel associ\u00e9 \u00e0 cette plante est un alli\u00e9 pr\u00e9cieux pour notre bien-\u00eatre quotidien.<\/p>\n<p>Voici quelques-uns des principaux avantages que vous pouvez profiter en int\u00e9grant r\u00e9guli\u00e8rement le miel de moringa dans votre alimentation\u00a0:<\/p>\n<ul>\n<li><strong>Wirksam gegen Allergien und Asthma<\/strong>\u00a0: le miel de moringa a des propri\u00e9t\u00e9s anti-inflammatoires qui s&rsquo;av\u00e8rent b\u00e9n\u00e9fiques en cas d&rsquo;allergies ou d&rsquo;asthme. Il permet ainsi d&rsquo;apaiser la toux persistante, les \u00e9ternuements et autres sympt\u00f4mes g\u00eanants.<\/li>\n<li><strong>Soutient le syst\u00e8me immunitaire<\/strong>\u00a0: source notable de vitamines et min\u00e9raux, ce miel renforce les d\u00e9fenses naturelles de l&rsquo;organisme et le rend plus r\u00e9sistant face aux infections et aux maladies.<\/li>\n<li><strong>Am\u00e9liore la digestion<\/strong>\u00a0: riche en enzymes digestives, le miel de moringa am\u00e9liore consid\u00e9rablement la digestion et contribue au bon fonctionnement de l&rsquo;appareil gastro-intestinal.<\/li>\n<li><strong>Nat\u00fcrlicher Entz\u00fcndungshemmer<\/strong>\u00a0: ayant des effets positifs sur les douleurs articulaires, notamment li\u00e9es \u00e0 l&rsquo;arthrose et \u00e0 l&rsquo;arthrite, ce miel apporte \u00e9galement une aide pr\u00e9cieuse pour r\u00e9duire l&rsquo;inflammation et les douleurs musculaires.<\/li>\n<li><strong>Starkes Antioxidans<\/strong>\u00a0: sa richesse en compos\u00e9s antioxydants contribue \u00e0 la lutte contre les radicaux libres, responsables du vieillissement cellulaire et des maladies cardiovasculaires. Le miel de moringa aide donc \u00e0 pr\u00e9server la jeunesse de la peau et celles des organes internes.<\/li>\n<li><strong>Am\u00e9liore la qualit\u00e9 du sommeil<\/strong>\u00a0: consomm\u00e9 avant le coucher, ce miel rendra votre nuit plus agr\u00e9able et r\u00e9g\u00e9n\u00e9rante gr\u00e2ce \u00e0 ses propri\u00e9t\u00e9s relaxantes.<\/li>\n<\/ul>\n<h3><strong>Wie k\u00f6nnen Sie dieses Bienenprodukt in Ihrem Alltag verwenden?<\/strong><\/h3>\n<p>D&rsquo;int\u00e9grer le\u00a0<strong>Moringa-Honig aus Mali<\/strong>\u00a0\u00e0 votre alimentation quotidienne est tr\u00e8s simple\u00a0: il suffit de remplacer le sucre conventionnel par ce nectar aux vertus surprenantes. Voici quelques id\u00e9es pour profiter pleinement des bienfaits de ce miel naturel\u00a0:<\/p>\n<ol>\n<li>Ajoutez-en une cuiller\u00e9e \u00e0 votre tisane, th\u00e9 ou infusion du soir pour favoriser un sommeil r\u00e9parateur.<\/li>\n<li>Sorgen Sie f\u00fcr Abwechslung, indem Sie Brot, Zwieback oder Pfannkuchen mit Moringahonig bestreichen.<\/li>\n<li>M\u00e9langez-le \u00e0 des yaourts ou du fromage blanc pour rehausser leur go\u00fbt tout en b\u00e9n\u00e9ficiant des apports nutritionnels de ce superaliment.<\/li>\n<li>Int\u00e9grez-le \u00e0 vos plats sucr\u00e9s-sal\u00e9s, comme des brochettes de poulet au miel et moringa, pour une recette originale et savoureuse.<\/li>\n<li>Utilisez-le comme ingr\u00e9dient dans vos p\u00e2tisseries maison (cakes, muffins, cookies) pour leur apporter douceur et saveurs exotiques tout en profitant de ses bienfaits.<\/li>\n<\/ol>\n<p>Ainsi, le miel de moringa du Mali est un tr\u00e9sor venu d&rsquo;Afrique, qui offre d&rsquo;innombrables avantages pour notre corps et notre esprit. N&rsquo;h\u00e9sitez pas \u00e0 l&rsquo;utiliser r\u00e9guli\u00e8rement pour profiter pleinement de ses vertus et am\u00e9liorer votre qualit\u00e9 de vie. Pour vous procurer ce fabuleux nectar de mani\u00e8re simple et rapide, rendez-vous sur la plateforme\u00a0<strong>1001vertus.com<\/strong>, votre alli\u00e9 pour un achat en ligne s\u00e9curis\u00e9 et responsable.<\/p>","protected":false},"excerpt":{"rendered":"<p>Le\u00a0miel de moringa du Mali\u00a0est un produit naturel aux multiples vertus, gagnant en popularit\u00e9 aupr\u00e8s des adeptes d&rsquo;une alimentation saine et \u00e9quilibr\u00e9e. Il est possible d&rsquo;acheter ce pr\u00e9cieux nectar en ligne sur 1001vertus.com, une plateforme d\u00e9di\u00e9e aux produits verts et responsables. Dans cet article, nous vous invitons \u00e0 explorer les bienfaits de ce miel d&rsquo;exception [&#8230;]\n","protected":false},"featured_media":24441,"template":"","meta":[],"product_brand":[],"product_cat":[119,25],"product_tag":[],"class_list":{"0":"post-24440","1":"product","2":"type-product","3":"status-publish","4":"has-post-thumbnail","6":"product_cat-miel-du-mali","7":"product_cat-miels","9":"first","10":"outofstock","11":"shipping-taxable","12":"purchasable","13":"product-type-simple"},"_links":{"self":[{"href":"https:\/\/1001vertus.com\/de\/wp-json\/wp\/v2\/product\/24440","targetHints":{"allow":["GET"]}}],"collection":[{"href":"https:\/\/1001vertus.com\/de\/wp-json\/wp\/v2\/product"}],"about":[{"href":"https:\/\/1001vertus.com\/de\/wp-json\/wp\/v2\/types\/product"}],"wp:featuredmedia":[{"embeddable":true,"href":"https:\/\/1001vertus.com\/de\/wp-json\/wp\/v2\/media\/24441"}],"wp:attachment":[{"href":"https:\/\/1001vertus.com\/de\/wp-json\/wp\/v2\/media?parent=24440"}],"wp:term":[{"taxonomy":"product_brand","embeddable":true,"href":"https:\/\/1001vertus.com\/de\/wp-json\/wp\/v2\/product_brand?post=24440"},{"taxonomy":"product_cat","embeddable":true,"href":"https:\/\/1001vertus.com\/de\/wp-json\/wp\/v2\/product_cat?post=24440"},{"taxonomy":"product_tag","embeddable":true,"href":"https:\/\/1001vertus.com\/de\/wp-json\/wp\/v2\/product_tag?post=24440"}],"curies":[{"name":"wp","href":"https:\/\/api.w.org\/{rel}","templated":true}]}}