{"id":23918,"date":"2024-03-26T19:19:49","date_gmt":"2024-03-26T18:19:49","guid":{"rendered":"https:\/\/1001vertus.com\/?post_type=product&#038;p=23918"},"modified":"2025-11-07T19:48:33","modified_gmt":"2025-11-07T18:48:33","slug":"karite-honig-aus-mali","status":"publish","type":"product","link":"https:\/\/1001vertus.com\/de\/produit\/miel-de-karite-du-mali\/","title":{"rendered":"Karit\u00e9-Honig aus Mali - 250g"},"content":{"rendered":"<p>Die\u00a0<strong>miel de karit\u00e9 du Mali<\/strong>\u00a0est un produit naturel et pr\u00e9cieux, aux multiples bienfaits pour la peau et les cheveux. L&rsquo;achat en ligne sur 1001vertus.com rend ce tr\u00e9sor accessible \u00e0 tous et vous permet de profiter de ses vertus exceptionnelles. Dans cet article, nous vous pr\u00e9senterons cette p\u00e9pite dor\u00e9e d&rsquo;Afrique, ainsi que ses nombreux atouts pour votre beaut\u00e9 et votre sant\u00e9.<\/p>\n<h2><strong>Qu&rsquo;est-ce que le miel de karit\u00e9 du Mali ?<\/strong><\/h2>\n<p>Tout d&rsquo;abord, il est important de comprendre ce qu&rsquo;est le miel de karit\u00e9. Issu des fruits du\u00a0<strong>karit\u00e9<\/strong>, un arbre end\u00e9mique d&rsquo;Afrique de l&rsquo;Ouest, il est m\u00e9lang\u00e9 avec du\u00a0<strong>reiner Honig<\/strong>\u00a0pour donner naissance \u00e0 ce produit unique. Le miel agit comme un conservateur naturel et apporte une texture onctueuse au beurre de karit\u00e9. Le m\u00e9lange des deux ingr\u00e9dients cr\u00e9e alors un soin nourrissant, regorgeant de nutriments essentiels et b\u00e9n\u00e9fiques.<\/p>\n<h3><strong>Les propri\u00e9t\u00e9s du karit\u00e9<\/strong><\/h3>\n<p>Reich an\u00a0<strong>Vitamin A, E und F<\/strong>, le beurre de karit\u00e9 est reconnu depuis des si\u00e8cles pour ses vertus hydratantes, r\u00e9paratrices et anti-inflammatoires. Il nourrit et prot\u00e8ge la peau ainsi que les cheveux tout en les adoucissant gr\u00e2ce \u00e0 sa composition en acides gras. Les peuples d&rsquo;Afrique de l&rsquo;Ouest, notamment du Mali, l&rsquo;utilisent dans leur pharmacop\u00e9e traditionnelle pour soigner une grande vari\u00e9t\u00e9 de probl\u00e8mes cutan\u00e9s ou encore comme agent protecteur contre les agressions ext\u00e9rieures.<\/p>\n<h3><strong>Die Vorteile von Honig<\/strong><\/h3>\n<p>Quant au miel, il est \u00e9galement r\u00e9put\u00e9 pour ses nombreuses propri\u00e9t\u00e9s. En plus de son pouvoir sucrant, il poss\u00e8de des vertus\u00a0<strong>feuchtigkeitsspendend, antioxidativ und wundheilend<\/strong>. Seine Verbindung mit dem <a href=\"https:\/\/1001vertus.com\/de\/product\/rohe-karitebutter-und-filter-zertifiziert-bio-und-ecocert\/\"><strong>beurre de karit\u00e9<\/strong><\/a> d\u00e9cuple les effets positifs sur la peau et les cheveux, lui conf\u00e9rant ainsi une place de choix dans les rituels de beaut\u00e9 naturelle.<\/p>\n<h2><strong>Utilisation et b\u00e9n\u00e9fices du miel de karit\u00e9 du Mali<\/strong><\/h2>\n<p>Qu&rsquo;il soit utilis\u00e9 pour nourrir, prot\u00e9ger ou r\u00e9parer, le miel de karit\u00e9 du Mali est un v\u00e9ritable alli\u00e9 pour votre peau et vos cheveux. Ses applications sont nombreuses et vari\u00e9es, pour le bonheur de tous.<\/p>\n<p>Voici quelques-unes des fa\u00e7ons dont vous pouvez profiter des bienfaits de ce tr\u00e9sor malien :<\/p>\n<ol>\n<li><strong>Nourrir et hydrater intens\u00e9ment la peau<\/strong> : appliqu\u00e9 g\u00e9n\u00e9reusement sur tout le corps. Il p\u00e9n\u00e8tre rapidement et laisse la peau douce, souple et parfum\u00e9e.<\/li>\n<li><strong>Reizungen und Entz\u00fcndungen lindern<\/strong>\u00a0: gr\u00e2ce \u00e0 ses propri\u00e9t\u00e9s anti-inflammatoires, il est efficace pour soulager les rougeurs et calmer les d\u00e9mangeaisons.<\/li>\n<li><strong>R\u00e9parer les l\u00e8vres gerc\u00e9es<\/strong>\u00a0: le miel de karit\u00e9 du Mali agit comme un baume \u00e0 l\u00e8vres ultra-nourrissant et r\u00e9parateur,<\/li>\n<li><strong>F\u00f6rderung der Wundheilung<\/strong>\u00a0: gr\u00e2ce aux vertus cicatrisantes du miel, il aide la peau \u00e0 se r\u00e9g\u00e9n\u00e9rer plus rapidement.<\/li>\n<li><strong>Das Haar n\u00e4hren und st\u00e4rken<\/strong> : en masque capillaire. Il apporte brillance et vitalit\u00e9 tout en pr\u00e9venant la casse et les pointes fourchues.<\/li>\n<\/ol>\n<h3><strong>Unsere Tipps zur Verwendung<\/strong><\/h3>\n<p>Afin de profiter au mieux des bienfaits du miel de karit\u00e9 du Mali, voici quelques astuces pour adapter son utilisation \u00e0 vos besoins :<\/p>\n<ul>\n<li>F\u00fcr eine\u00a0<strong>maximale Hydratation<\/strong>, privil\u00e9giez une application\u00a0<strong>t\u00e4glich<\/strong>\u00a0sur l&rsquo;ensemble du corps apr\u00e8s la douche ou le bain. Le miel de karit\u00e9 peut \u00e9galement \u00eatre utilis\u00e9 en compl\u00e9ment de votre cr\u00e8me hydratante habituelle.<\/li>\n<li>Im Falle von<strong>Reizungen oder Entz\u00fcndungen<\/strong>, appliquez-le localement sur la zone concern\u00e9e plusieurs fois par jour jusqu&rsquo;\u00e0 am\u00e9lioration.<\/li>\n<li>F\u00fcr die Haare sollten Sie einen\u00a0<strong>Haarmaske<\/strong>\u00a0\u00e0 base de miel de karit\u00e9 une \u00e0 deux fois par semaine, en insistant particuli\u00e8rement sur les longueurs et les pointes. Laissez poser environ 30 minutes avant de rincer et de proc\u00e9der au shampoing.<\/li>\n<\/ul>\n<h3><strong>O\u00f9 se procurer le miel de karit\u00e9 du Mali ?<\/strong><\/h3>\n<p>Pour vous offrir un produit de qualit\u00e9 et authentique, nous vous invitons \u00e0 d\u00e9couvrir l&rsquo;offre de\u00a0<strong>1001vertus.com.<\/strong> Une boutique en ligne sp\u00e9cialis\u00e9e dans les produits naturels et \u00e9cologiques. Gr\u00e2ce \u00e0 leur engagement pour l&rsquo;\u00e9thique et la s\u00e9lection rigoureuse de leurs fournisseurs. Vous \u00eates certain de recevoir un miel de karit\u00e9 du Mali qui respecte vos exigences ainsi que l&rsquo;environnement. Alors n&rsquo;h\u00e9sitez plus et go\u00fbtez aux plaisirs d&rsquo;un soin unique et efficace gr\u00e2ce \u00e0 cet achat en ligne !<\/p>","protected":false},"excerpt":{"rendered":"<p>Le\u00a0miel de karit\u00e9 du Mali\u00a0est un produit naturel et pr\u00e9cieux, aux multiples bienfaits pour la peau et les cheveux. L&rsquo;achat en ligne sur 1001vertus.com rend ce tr\u00e9sor accessible \u00e0 tous et vous permet de profiter de ses vertus exceptionnelles. Dans cet article, nous vous pr\u00e9senterons cette p\u00e9pite dor\u00e9e d&rsquo;Afrique, ainsi que ses nombreux atouts pour [&#8230;]\n","protected":false},"featured_media":23919,"template":"","meta":[],"product_brand":[],"product_cat":[119],"product_tag":[],"class_list":{"0":"post-23918","1":"product","2":"type-product","3":"status-publish","4":"has-post-thumbnail","6":"product_cat-miel-du-mali","8":"first","9":"instock","10":"shipping-taxable","11":"purchasable","12":"product-type-simple"},"_links":{"self":[{"href":"https:\/\/1001vertus.com\/de\/wp-json\/wp\/v2\/product\/23918","targetHints":{"allow":["GET"]}}],"collection":[{"href":"https:\/\/1001vertus.com\/de\/wp-json\/wp\/v2\/product"}],"about":[{"href":"https:\/\/1001vertus.com\/de\/wp-json\/wp\/v2\/types\/product"}],"wp:featuredmedia":[{"embeddable":true,"href":"https:\/\/1001vertus.com\/de\/wp-json\/wp\/v2\/media\/23919"}],"wp:attachment":[{"href":"https:\/\/1001vertus.com\/de\/wp-json\/wp\/v2\/media?parent=23918"}],"wp:term":[{"taxonomy":"product_brand","embeddable":true,"href":"https:\/\/1001vertus.com\/de\/wp-json\/wp\/v2\/product_brand?post=23918"},{"taxonomy":"product_cat","embeddable":true,"href":"https:\/\/1001vertus.com\/de\/wp-json\/wp\/v2\/product_cat?post=23918"},{"taxonomy":"product_tag","embeddable":true,"href":"https:\/\/1001vertus.com\/de\/wp-json\/wp\/v2\/product_tag?post=23918"}],"curies":[{"name":"wp","href":"https:\/\/api.w.org\/{rel}","templated":true}]}}