{"id":2204,"date":"2019-12-23T22:18:11","date_gmt":"2019-12-23T21:18:11","guid":{"rendered":"https:\/\/1001vertus.com\/?post_type=product&#038;p=2204"},"modified":"2026-04-10T15:58:23","modified_gmt":"2026-04-10T14:58:23","slug":"kamelmilchpulver-1001-tugend-2","status":"publish","type":"product","link":"https:\/\/1001vertus.com\/de\/produit\/lait-de-chamelle-en-poudre-1001-vertus-2\/","title":{"rendered":"Kamelmilchpulver - Cameliane"},"content":{"rendered":"<p>Kamelmilch wird seit Jahrtausenden im Nahen Osten, in Afrika und Asien konsumiert und hat es vielen St\u00e4mmen dank ihrer au\u00dfergew\u00f6hnlichen Eigenschaften erm\u00f6glicht, mehrere Wochen unter extremen Bedingungen zu \u00fcberleben. Sie wurde von der FAO zum \"Superfood\" erkl\u00e4rt (<em>Food and Agriculture Administration<\/em>).<\/p>\n<p>Kamelmilch soll in ihrer Zusammensetzung der Muttermilch am n\u00e4chsten kommen und den menschlichen N\u00e4hrstoffbedarf perfekt erf\u00fcllen.<\/p>\n<p>Dar\u00fcber hinaus ist laut einer Umfrage des <em>World Allergy Group<\/em>In den letzten Jahren haben Forscher bewiesen, dass Kamelmilch nach der menschlichen Milch die zweitwenigsten allergischen Reaktionen hervorruft.<\/p>\n<p>Cameliane Kamelmilch hat eine cremige Textur und einen leckeren Geschmack, der durch die Gefriertrocknung erhalten bleibt.<\/p>\n<h2>EINE KUR MIT KAMELMILCH? JA, ABER WARUM?<\/h2>\n<p>Dieses 100g Dollpack ist ideal f\u00fcr eine 10-t\u00e4gige Kur (10g pro Tag), die es Ihnen erm\u00f6glicht :<\/p>\n<ul>\n<li>Ihren Organismus tiefgreifend ins Gleichgewicht bringen<\/li>\n<li>Ihre gesamte Verdauungssph\u00e4re regenerieren<\/li>\n<li>Ihre Immunabwehr anregen und st\u00e4rken<\/li>\n<\/ul>\n<p>Diese Kur kann verschiedene Arten haben:<\/p>\n<ul>\n<li><strong>Erhaltungskur<\/strong>&nbsp;die man bei jedem Jahreszeitenwechsel erneuern kann :<\/li>\n<li><strong>gelegentliche Kur&nbsp;<\/strong>w\u00e4hrend einer schwierigen Zeit: Antibiotikatherapie, Impfungen, \u00dcberanstrengung, Chemotherapie, intensiver Sport, Rekonvaleszenz, saisonale Allergien...<\/li>\n<li><strong>l\u00e4ngere Kur<\/strong> um eine bestimmte Therapie zu begleiten: Diabetes, Krebs, Morbus Crohn, Autismus, Kuhmilchallergien, Multiple Sklerose...<\/li>\n<\/ul>\n<h2>DIE TUGENDEN DER KAMELMILCH<\/h2>\n<p>Er gilt als :<\/p>\n<ul>\n<li><u><strong>f\u00fcr Allergiker und Menschen mit Laktoseintoleranz,<\/strong><\/u><\/li>\n<\/ul>\n<p>Auch Menschen mit Allergien und\/oder Laktoseintoleranz werden an Kamelmilch Gefallen finden, da sie nicht allergen ist und daher ihre Empfindlichkeit wirksam mildern kann.<\/p>\n<ul>\n<li><u><strong>um das Immunsystem zu st\u00e4rken,<\/strong><\/u><\/li>\n<\/ul>\n<p>Nach einer l\u00e4ngeren Krankheit oder zur Vorbeugung kann es durch das Zusammenwirken von antimikrobiellen und antiviralen Proteinen (Lactoferrin, Lyzozyme und Immunglobuline) und Vitamin C mikrobielle Invasionen in den K\u00f6rper bek\u00e4mpfen und das Immunsystem st\u00e4rken und stimulieren.<\/p>\n<p>Er zielt auf drei Wirkungen ab: Er wirkt belebend, steigert die Widerstandskraft und aktiviert das Immunabwehrsystem auf nat\u00fcrliche Weise.<\/p>\n<p>Wissenschaftliche Untersuchungen konnten zeigen, dass diese Milch Menschen helfen kann, die an sogenannten Autoimmunerkrankungen wie Multipler Sklerose leiden.<\/p>\n<ul>\n<li><u><strong>zur Bek\u00e4mpfung von Verdauungsproblemen,<\/strong><\/u><\/li>\n<\/ul>\n<p>Kamelmilch hat einen niedrigen Laktosegehalt und ist sehr leicht verdaulich.<\/p>\n<p>Menschen mit einem schwachen Darm oder Verdauungsproblemen k\u00f6nnen Kamelmilch w\u00e4hlen, da sie sehr reich an Probiotika ist, die f\u00fcr eine gesunde Verdauung wichtig sind.<\/p>\n<p>Die N\u00e4hrstoffe in der Kamelmilch sorgen au\u00dferdem daf\u00fcr, dass die Verdauung insgesamt verbessert wird.<\/p>\n<ul>\n<li><u><strong>um reich an Kalzium zu sein,<\/strong><\/u><\/li>\n<\/ul>\n<p>Die Aufnahme von Kalzium wird w\u00e4hrend der Schwangerschaft f\u00fcr die Knochen, aber auch f\u00fcr die Z\u00e4hne und viele andere Dinge empfohlen, sowohl f\u00fcr Erwachsene als auch f\u00fcr Babys.<\/p>\n<p>Kalzium auf nat\u00fcrliche Weise zu sich zu nehmen, garantiert eine bessere Aufnahme. Kamelmilch ist daher die beste Alternative, um das Kalzium zu sich zu nehmen, das Sie t\u00e4glich brauchen, und das auf einfachste Weise, mit einem Glas Milch. Kamelmilch enth\u00e4lt n\u00e4mlich dreimal so viel Kalzium wie Muttermilch und kann von unserem K\u00f6rper perfekt verwertet werden.<\/p>\n<ul>\n<li><u><strong>um Diabetikern zu helfen,<\/strong><\/u><\/li>\n<\/ul>\n<p>Da er von Natur aus reich an Insulin (52 IE) ist, wird er besonders f\u00fcr Diabetiker empfohlen.<\/p>\n<p>Sein regelm\u00e4\u00dfiger Verzehr soll eine blutzuckersenkende und -regulierende Wirkung bei insulinpflichtigen Patienten mit Typ-I-Diabetes haben.<\/p>\n<p>Er kann Ihre Lebensqualit\u00e4t erheblich verbessern, indem er Ihre Behandlung gestaltet und Ihnen erm\u00f6glicht, Ihr Insulin auf nat\u00fcrliche Weise zu regulieren.<\/p>\n<p>Da Kamelmilch von Natur aus fettarm ist, sch\u00fctzt sie auch Ihr Herz-Kreislauf-System.<\/p>\n<ul>\n<li><u><strong>als vorbeugendes Nahrungsmittel gegen Herzerkrankungen,<\/strong><\/u><\/li>\n<\/ul>\n<p>In der Zusammensetzung der Kamelmilch finden sich auch komplexe Fetts\u00e4uren, die den Gehalt an gutem Cholesterin (LDL) im K\u00f6rper verbessern und gleichzeitig das Vorhandensein von schlechtem Cholesterin (HDL) senken.<\/p>\n<p>Das Trinken von Kamelmilch w\u00fcrde demnach das Risiko von Schlaganf\u00e4llen, Bluthochdruck und Herzerkrankungen verhindern.<\/p>\n<ul>\n<li><u><strong>um Menschen zu helfen, die an Krebs, Sklerose und Alzheimer leiden,<\/strong><\/u><\/li>\n<\/ul>\n<p>Die meisten ihrer Vorteile ergeben sich aus den Proteinen, den sogenannten Immunglobulinen, die eine Schl\u00fcsselrolle f\u00fcr das Wohlbefinden des Immunsystems spielen. Aufgrund ihrer besonderen Struktur sind viele der Immunglobuline der laktierenden Kamelstute in der Milch verf\u00fcgbar. Forscher haben herausgefunden, dass diese Immunglobuline bei einer Reihe von Krankheiten therapeutisch wirken, ebenso wie bei den meisten Krebsarten, einer Reihe von Sklerosearten und der Alzheimer-Krankheit.<\/p>\n<h2>WARUM MILCHPULVER?<\/h2>\n<p>Da es in unseren Breitengraden nur selten oder gar nicht m\u00f6glich ist, frische Kamelmilch zu konsumieren, kann man sie in Pulverform zu sich nehmen, was nichts an ihren Vorz\u00fcgen und N\u00e4hrwerten \u00e4ndert, ganz im Gegenteil. Dies ist bei H-Milch nicht der Fall, da sie zu Konservierungszwecken auf sehr hohe Temperaturen erhitzt wird und dadurch viele ihrer N\u00e4hrstoffe und Tugenden verloren gehen oder vermindert werden.<\/p>\n<p>Zu Pulver verarbeitet, ist der Transport und die Aufbewahrung dieser Kamelmilch bequemer und erm\u00f6glicht es uns, sie trotz ihrer Seltenheit regelm\u00e4\u00dfig zu konsumieren.<\/p>\n<h2>UND WAS IST MIT DEN KINDERN?<\/h2>\n<p>In der Packung ist ein Dosierl\u00f6ffel enthalten. Dieser entspricht der Dosierung f\u00fcr einen Erwachsenen. Sie achten darauf, die Dosis f\u00fcr Kinder \u00fcber zwei Jahren zu halbieren.<\/p>\n<p>Cameliane Kamelmilch wurde hingegen nicht f\u00fcr S\u00e4uglinge unter zwei Jahren untersucht.<\/p>\n<p>Wenn Sie Kamelmilch testen m\u00f6chten, ohne gleich eine gro\u00dfe Packung zu kaufen, empfehlen wir Ihnen unsere <a href=\"https:\/\/1001vertus.com\/de\/product\/kamelmilchpulver-in-einzeldosen\/\">Einzeldosen<\/a>.<\/p>\n<p><u><strong>Zutaten:<\/strong><\/u> Kamelmilch<\/p>\n<p><u><strong>Inhalt<\/strong><\/u><u><strong>:<\/strong><\/u> 100g<\/p>\n<p><u><strong>Herkunft<\/strong><\/u><u><strong>:<\/strong><\/u> Holland. In Frankreich kontrolliert und verpackt. Entspricht den europ\u00e4ischen Vorschriften.<\/p>\n<p><u><strong>Aufbewahrung :<\/strong><\/u> Geschlossen an einem trockenen, vor Feuchtigkeit und Licht gesch\u00fctzten Ort aufbewahren, damit seine Qualit\u00e4ten nicht beeintr\u00e4chtigt werden.<\/p>\n<p>Es sollte am besten bei einer Temperatur unter 25\u00b0C aufbewahrt werden.<\/p>\n<p><u><strong>Dosierungstipps :<\/strong><\/u>10g pro Tag verd\u00fcnnt in einem Glas Wasser oder in einer Zubereitung nach Ihrem Geschmack.<\/p>\n<p>&nbsp;<\/p>","protected":false},"excerpt":{"rendered":"<p>Kamelmilch ist ideal f\u00fcr Menschen mit Laktoseintoleranz oder -allergie.<\/p>\n<p>Sie ist reich an Vitamin C, Eisen, unges\u00e4ttigten Fetts\u00e4uren und B-Vitaminen, Kalzium, enth\u00e4lt mehr Eiwei\u00df, Kalium, Magnesium, Eisen, Kupfer, Mangan, Natrium und Zink und weniger Fett als Kuhmilch.<\/p>\n<p>Die Liste dieser Tugenden ist nicht weniger umfangreich.<\/p>\n<p>Von der FAO zum \"Superfood\" erkl\u00e4rt (<em>Food and Agriculture Administration<\/em>), ist Kamelmilch voller Vorteile und Vorz\u00fcge.<\/p>\n<p>Finden Sie alle ihre Vorz\u00fcge in diesem Kamelmilchpulver wieder.<\/p>","protected":false},"featured_media":8372,"template":"","meta":[],"product_brand":[],"product_cat":[28,29,27,64],"product_tag":[],"class_list":{"0":"post-2204","1":"product","2":"type-product","3":"status-publish","4":"has-post-thumbnail","6":"product_cat-medecine-sante","7":"product_cat-alimentation","8":"product_cat-bien-etre","9":"product_cat-lait-de-chamelle","11":"first","12":"outofstock","13":"shipping-taxable","14":"purchasable","15":"product-type-simple"},"_links":{"self":[{"href":"https:\/\/1001vertus.com\/de\/wp-json\/wp\/v2\/product\/2204","targetHints":{"allow":["GET"]}}],"collection":[{"href":"https:\/\/1001vertus.com\/de\/wp-json\/wp\/v2\/product"}],"about":[{"href":"https:\/\/1001vertus.com\/de\/wp-json\/wp\/v2\/types\/product"}],"wp:featuredmedia":[{"embeddable":true,"href":"https:\/\/1001vertus.com\/de\/wp-json\/wp\/v2\/media\/8372"}],"wp:attachment":[{"href":"https:\/\/1001vertus.com\/de\/wp-json\/wp\/v2\/media?parent=2204"}],"wp:term":[{"taxonomy":"product_brand","embeddable":true,"href":"https:\/\/1001vertus.com\/de\/wp-json\/wp\/v2\/product_brand?post=2204"},{"taxonomy":"product_cat","embeddable":true,"href":"https:\/\/1001vertus.com\/de\/wp-json\/wp\/v2\/product_cat?post=2204"},{"taxonomy":"product_tag","embeddable":true,"href":"https:\/\/1001vertus.com\/de\/wp-json\/wp\/v2\/product_tag?post=2204"}],"curies":[{"name":"wp","href":"https:\/\/api.w.org\/{rel}","templated":true}]}}