{"id":2203,"date":"2019-12-23T22:15:37","date_gmt":"2019-12-23T21:15:37","guid":{"rendered":"https:\/\/1001vertus.com\/?post_type=product&#038;p=2203"},"modified":"2023-11-12T17:47:37","modified_gmt":"2023-11-12T16:47:37","slug":"winterhonig-fur-die-verschiedenen-winterbeschwerden-1001-vertus-2","status":"publish","type":"product","link":"https:\/\/1001vertus.com\/de\/produit\/miel-dhiver-pour-les-divers-maux-de-lhiver-1001-vertus-2\/","title":{"rendered":"Cold honey - Der Honigmacher Mittel gegen die K\u00e4lte und ihre kleinen Sorgen"},"content":{"rendered":"<p class=\"western\" align=\"left\"><span style=\"font-family: Arial, sans-serif;\"><span style=\"font-size: medium;\">Der Cold honey :<br \/>\n<\/span><\/span><\/p>\n<ul>\n<li>\n<p class=\"western\" align=\"left\"><span style=\"font-family: Arial, sans-serif;\"><span style=\"font-size: medium;\">ist ideal gegen Halsschmerzen,<\/span><\/span><\/p>\n<\/li>\n<li>\n<p class=\"western\" align=\"left\"><span style=\"font-family: Arial, sans-serif;\"><span style=\"font-size: medium;\">beruhigt den Husten,<\/span><\/span><\/p>\n<\/li>\n<li>\n<p class=\"western\" align=\"left\"><span style=\"font-family: Arial, sans-serif;\"><span style=\"font-size: medium;\">befreit die Atemwege,<\/span><\/span><\/p>\n<\/li>\n<li>\n<p class=\"western\" align=\"left\"><span style=\"font-family: Arial, sans-serif;\"><span style=\"font-size: medium;\">beruhigt Halsentz\u00fcndungen,<\/span><\/span><\/p>\n<\/li>\n<li>\n<p class=\"western\" align=\"left\"><span style=\"font-family: Arial, sans-serif;\"><span style=\"font-size: medium;\">befreit die Nase<\/span><\/span><\/p>\n<\/li>\n<li>\n<p class=\"western\" align=\"left\"><span style=\"font-family: Arial, sans-serif;\"><span style=\"font-size: medium;\">st\u00e4rkt die Immunabwehr.<\/span><\/span><\/p>\n<\/li>\n<\/ul>\n<p>&nbsp;<\/p>\n<p class=\"western\" align=\"left\"><span style=\"font-family: Arial, sans-serif;\"><span style=\"font-size: medium;\"><u><b>Wann und wie man ihn konsumiert :<\/b><\/u><\/span><\/span><\/p>\n<p class=\"western\" align=\"left\"><span style=\"font-family: Arial, sans-serif;\"><span style=\"font-size: medium;\">Sie k\u00f6nnen es vorbeugend mit einem geh\u00e4uften Teel\u00f6ffel am Morgen, m\u00f6glichst auf n\u00fcchternen Magen, einnehmen.<\/span><\/span><\/p>\n<p class=\"western\" align=\"left\"><span style=\"font-family: Arial, sans-serif;\"><span style=\"font-size: medium;\">Sie k\u00f6nnen es auch zu jeder Tages- oder Nachtzeit einnehmen, wenn Sie das Bed\u00fcrfnis danach haben (Halsschmerzen, Hustenanfall ...).<\/span><\/span><\/p>\n<p class=\"western\" align=\"left\"><span style=\"font-family: Arial, sans-serif;\"><span style=\"font-size: medium;\">Aufgrund der unterschiedlichen Texturen der Zutaten kann es vorkommen, dass einige Zutaten, insbesondere das Schwarzk\u00fcmmelpulver, auf nat\u00fcrliche Weise an die Oberfl\u00e4che gelangen. Sie sollten daher gut mischen, um eine homogene Textur zu erhalten, bevor Sie diese Zubereitung verzehren.<\/span><\/span><\/p>\n<p class=\"western\"><span style=\"font-family: Arial, sans-serif;\"><span style=\"font-size: medium;\"><u>Zutaten :<\/u><\/span><\/span><\/p>\n<p class=\"western\"><span style=\"font-family: Arial, sans-serif;\"><span style=\"font-size: medium;\">Thymianhonig<\/span><\/span><\/p>\n<p class=\"western\"><span style=\"font-family: Arial, sans-serif;\"><span style=\"font-size: medium;\">Pulver aus Nigella-Samen<\/span><\/span><\/p>\n<p class=\"western\"><span style=\"font-family: Arial, sans-serif;\"><span style=\"font-size: medium;\">Propolis<\/span><\/span><\/p>\n<p class=\"western\"><span style=\"font-family: Arial, sans-serif;\"><span style=\"font-size: medium;\">Acerola<\/span><\/span><\/p>\n<p class=\"western\"><span style=\"font-family: Arial, sans-serif;\"><span style=\"font-size: medium;\">\u00c4therisches \u00d6l aus Pfefferminze<\/span><\/span><\/p>\n<p>&nbsp;<\/p>\n<p class=\"western\"><span style=\"color: #00000a;\"><span style=\"font-family: Arial, sans-serif;\"><span style=\"font-size: medium;\"><u>Gegenanzeigen :<\/u><\/span><\/span><\/span><span style=\"color: #00000a;\"><span style=\"font-family: Arial, sans-serif;\"><span style=\"font-size: medium;\"> Nicht geeignet f\u00fcr schwangere und stillende Frauen sowie f\u00fcr Kinder unter 6 Jahren.<\/span><\/span><\/span><\/p>\n<p class=\"western\"><span style=\"color: #00000a;\"><span style=\"font-family: Arial, sans-serif;\"><span style=\"font-size: medium;\"><u>Inhalt :<\/u><\/span><\/span><\/span><span style=\"color: #00000a;\"><span style=\"font-family: Arial, sans-serif;\"><span style=\"font-size: medium;\"> 250g<br \/>\n<\/span><\/span><\/span><\/p>\n<p class=\"western\"><span style=\"color: #00000a;\"><span style=\"font-family: Arial, sans-serif;\"><span style=\"font-size: medium;\"><u>Herkunft :<\/u><\/span><\/span><\/span><span style=\"font-family: Arial, sans-serif;\"><span style=\"font-size: medium;\"> Frankreich.<\/span><\/span><\/p>\n<p class=\"western\" align=\"left\"><span style=\"font-family: Arial, sans-serif;\"><span style=\"font-size: medium;\">Cold honey ist in einem Glasgef\u00e4\u00df mit weiter \u00d6ffnung verpackt, damit man den Inhalt leicht mischen kann.<\/span><\/span><\/p>\n<p align=\"left\"><strong><u><b>Achtung :<\/b><\/u><\/strong> Wir m\u00f6chten Sie daran erinnern, dass es verboten ist, S\u00e4uglingen Honig zu geben. Lesen Sie mehr dazu <a href=\"https:\/\/1001vertus.com\/de\/honig-fur-sauglinge-verboten\/\">dieser Artikel<\/a>.<\/p>","protected":false},"excerpt":{"rendered":"<p class=\"western\" align=\"left\"><span style=\"font-family: Arial, sans-serif;\"><span style=\"font-size: medium;\">Halsschmerzen, Husten, Atemprobleme oder eine verstopfte Nase - das sind die unumg\u00e4nglichen Beschwerden des Winters. Um dem entgegenzuwirken, bieten wir Ihnen \u00abcold honey\u00bb an.<\/span><\/span><\/p>\n<p class=\"western\" align=\"left\"><span style=\"font-family: Arial, sans-serif;\"><span style=\"font-size: medium;\">Dieses nat\u00fcrliche Honigpr\u00e4parat 100 % st\u00e4rkt nicht nur Ihre Immunabwehr, sondern hilft auch gegen die kleinen Unannehmlichkeiten des Winters.<\/span><\/span><\/p>\n<p class=\"western\" align=\"left\"><span style=\"font-family: Arial, sans-serif;\"><span style=\"font-size: medium;\">Wie Sie vielleicht schon bemerkt haben, ist \u00abcold honey\u00bb das \u00abhonigs\u00fc\u00dfe\u00bb Mittel, um gegen die K\u00e4lte und ihre kleinen Unannehmlichkeiten anzuk\u00e4mpfen.<br \/>\n<\/span><\/span><\/p>","protected":false},"featured_media":2328,"template":"","meta":[],"product_brand":[],"product_cat":[108],"product_tag":[],"class_list":{"0":"post-2203","1":"product","2":"type-product","3":"status-publish","4":"has-post-thumbnail","6":"product_cat-rupture-de-stock","8":"first","9":"outofstock","10":"shipping-taxable","11":"purchasable","12":"product-type-simple"},"_links":{"self":[{"href":"https:\/\/1001vertus.com\/de\/wp-json\/wp\/v2\/product\/2203","targetHints":{"allow":["GET"]}}],"collection":[{"href":"https:\/\/1001vertus.com\/de\/wp-json\/wp\/v2\/product"}],"about":[{"href":"https:\/\/1001vertus.com\/de\/wp-json\/wp\/v2\/types\/product"}],"wp:featuredmedia":[{"embeddable":true,"href":"https:\/\/1001vertus.com\/de\/wp-json\/wp\/v2\/media\/2328"}],"wp:attachment":[{"href":"https:\/\/1001vertus.com\/de\/wp-json\/wp\/v2\/media?parent=2203"}],"wp:term":[{"taxonomy":"product_brand","embeddable":true,"href":"https:\/\/1001vertus.com\/de\/wp-json\/wp\/v2\/product_brand?post=2203"},{"taxonomy":"product_cat","embeddable":true,"href":"https:\/\/1001vertus.com\/de\/wp-json\/wp\/v2\/product_cat?post=2203"},{"taxonomy":"product_tag","embeddable":true,"href":"https:\/\/1001vertus.com\/de\/wp-json\/wp\/v2\/product_tag?post=2203"}],"curies":[{"name":"wp","href":"https:\/\/api.w.org\/{rel}","templated":true}]}}