{"id":21703,"date":"2024-02-12T15:11:19","date_gmt":"2024-02-12T14:11:19","guid":{"rendered":"https:\/\/1001vertus.com\/?post_type=product&#038;p=21703"},"modified":"2025-09-05T17:02:39","modified_gmt":"2025-09-05T16:02:39","slug":"blutenhonig-aus-marokko","status":"publish","type":"product","link":"https:\/\/1001vertus.com\/de\/produit\/miel-de-fleurs-du-maroc\/","title":{"rendered":"Mehrbl\u00fctenhonig aus Marokko - 250g"},"content":{"rendered":"<p>Die\u00a0<strong>Bl\u00fctenhonig aus Marokko<\/strong>\u00a0est un produit d&rsquo;une qualit\u00e9 exceptionnelle qui a su conqu\u00e9rir les palais les plus exigeants. Issu des vari\u00e9t\u00e9s florales du Royaume ch\u00e9rifien, ce miel se distingue par sa richesse aromatique et ses nombreuses vertus pour la sant\u00e9.<\/p>\n<h2><strong>Les caract\u00e9ristiques du miel de fleurs du Maroc<\/strong><\/h2>\n<p>Le miel marocain tire son originalit\u00e9 de sa diversit\u00e9 florale. En effet, le Maroc poss\u00e8de une grande vari\u00e9t\u00e9 de plantes mellif\u00e8res qui permettent aux abeilles de produire un miel unique en son genre :<\/p>\n<ul>\n<li><strong>des couleurs vari\u00e9es<\/strong>, allant du jaune clair au brun fonc\u00e9, selon la floraison et la r\u00e9gion;<\/li>\n<li>eine\u00a0<strong>Geschmackspalette<\/strong>\u00a0qui varie avec les saisons et les types de fleurs butin\u00e9es;<\/li>\n<li>un profil sensoriel complexe, m\u00ealant ar\u00f4mes floraux, bois\u00e9s, \u00e9pic\u00e9s ou encore fruit\u00e9s.<\/li>\n<\/ul>\n<p>Cette diversit\u00e9 s&rsquo;explique notamment par la pr\u00e9sence de diff\u00e9rentes zones climatiques au Maroc, qui offre ainsi une flore riche et des conditions propices \u00e0 l&rsquo;\u00e9panouissement des abeilles et \u00e0 la production de miel.<\/p>\n<h2><strong>Les diff\u00e9rents types de miel de fleurs du Maroc<\/strong><\/h2>\n<p>On retrouve plusieurs types de miel produits au Maroc, chacun avec ses sp\u00e9cificit\u00e9s et ses bienfaits pour la sant\u00e9 :<\/p>\n<ul>\n<li><strong>Thymianhonig<\/strong><\/li>\n<\/ul>\n<p>Caract\u00e9ris\u00e9 par sa couleur ambr\u00e9e et son go\u00fbt puissant et l\u00e9g\u00e8rement \u00e9pic\u00e9, le <a href=\"https:\/\/1001vertus.com\/de\/product\/thymianhonig-aus-marokko\/\"><strong>Thymianhonig<\/strong><\/a> est riche en antioxydants et poss\u00e8de des propri\u00e9t\u00e9s antibact\u00e9riennes. Il contribue ainsi \u00e0 renforcer les d\u00e9fenses immunitaires et \u00e0 lutter contre les affections respiratoires.<\/p>\n<ul>\n<li><strong>Euphorbienhonig<\/strong><\/li>\n<\/ul>\n<p>Ce miel de couleur dor\u00e9e se distingue par son go\u00fbt sucr\u00e9 et l\u00e9g\u00e8rement amer. Riche en min\u00e9raux et en vitamines, il aide \u00e0 pr\u00e9venir les infections et \u00e0 soulager les douleurs articulaires.<\/p>\n<ul>\n<li><strong>Kapernhonig<\/strong><\/li>\n<\/ul>\n<p>Aux ar\u00f4mes floraux d\u00e9licats, ce miel clair pr\u00e9sente une texture cr\u00e9meuse et onctueuse. Connu pour ses vertus diur\u00e9tiques, il est \u00e9galement r\u00e9put\u00e9 pour faciliter la digestion et lutter contre l&rsquo;hypertension art\u00e9rielle.<\/p>\n<ul>\n<li><strong>Orangenbl\u00fctenhonig<\/strong><\/li>\n<\/ul>\n<p>Produit au printemps lors de la floraison des orangers, ce miel aux notes fruit\u00e9es et acidul\u00e9es est appr\u00e9ci\u00e9 pour sa douceur et sa fra\u00eecheur. En plus de ses qualit\u00e9s gustatives, il offre \u00e9galement des vertus calmantes et relaxantes.<\/p>\n<p>Il existe bien \u00e9videmment d&rsquo;autres vari\u00e9t\u00e9s de miels marocains, issues notamment du caroubier, du romarin ou encore de l&rsquo;eucalyptus. Chacun pr\u00e9sente un profil gustatif particulier et des propri\u00e9t\u00e9s bienfaisantes pour la sant\u00e9.<\/p>\n<h3><strong>Die Honigproduktion in Marokko<\/strong><\/h3>\n<p>Le Maroc, avec ses for\u00eats, montagnes, plaines et vall\u00e9es, est un v\u00e9ritable\u00a0<strong>Kleingarten<\/strong>\u00a0pour les abeilles qui y butinent une grande diversit\u00e9 de fleurs mellif\u00e8res.<\/p>\n<p>Selon les r\u00e9gions, les floraisons se succ\u00e8dent tout au long de l&rsquo;ann\u00e9e, offrant ainsi aux apiculteurs marocains un calendrier de r\u00e9colte \u00e9tendu :<\/p>\n<ol>\n<li><strong>D&rsquo;avril \u00e0 juin<\/strong>, les abeilles se r\u00e9galent du nectar des orangers et des autres agrumes;<\/li>\n<li><strong>Durant l&rsquo;\u00e9t\u00e9<\/strong>Sie sammeln die Bl\u00fcten von Thymian, Rosmarin, Lavendel oder Eukalyptus;<\/li>\n<li><strong>Im Herbst<\/strong>, le caprier, le jasmin et les plantes sauvages sont \u00e0 l&rsquo;honneur;<\/li>\n<li><strong>Im Winter endlich<\/strong>, la r\u00e9colte de miel d&rsquo;euphorbe bat son plein dans les r\u00e9gions montagneuses.<\/li>\n<\/ol>\n<p>Cette richesse floristique permet aux apiculteurs marocains de proposer une gamme vari\u00e9e de miels monofloraux et polyfloraux aux saveurs tr\u00e8s distinctes\u00a0!<\/p>\n<h2><strong>Comment choisir et consommer le miel de fleurs du Maroc\u00a0?<\/strong><\/h2>\n<p>Pour profiter pleinement des qualit\u00e9s gustatives et nutritionnelles du miel marocain, voici quelques conseils \u00e0 suivre :<\/p>\n<ul>\n<li><strong>Privil\u00e9giez les miels locaux et issus d&rsquo;une production artisanale<\/strong>, qui certifient une origine contr\u00f4l\u00e9e et un savoir-faire traditionnel.<\/li>\n<li><strong>Entscheiden Sie sich f\u00fcr rohen Honig<\/strong>, non pasteuris\u00e9 ni chauff\u00e9, afin de conserver toutes ses propri\u00e9t\u00e9s bienfaisantes.<\/li>\n<li><strong>Faites attention \u00e0 la texture<\/strong>, un miel pur cristallise naturellement avec le temps. Si vous constatez qu&rsquo;un miel reste liquide trop longtemps, il peut contenir des additifs ou avoir subi un traitement thermique d\u00e9gradant sa qualit\u00e9.<\/li>\n<\/ul>\n<p>Pour savourer votre miel marocain, rien de tel que de l&rsquo;int\u00e9grer dans vos pr\u00e9parations culinaires : tartines, yaourts, salades de fruits ou encore plats sucr\u00e9s-sal\u00e9s enrichis de cette merveilleuse saveur. Laissez-vous guider par vos envies et surprenez vos papilles\u00a0!<\/p>\n<h3><strong>Un produit d&rsquo;exception au service de votre sant\u00e9<\/strong><\/h3>\n<p>En plus d&rsquo;\u00eatre un d\u00e9lice pour les papilles, le miel de fleurs du Maroc est un v\u00e9ritable alli\u00e9 pour votre sant\u00e9. En effet, ses nombreuses vertus th\u00e9rapeutiques en font un excellent rem\u00e8de contre divers maux et affections :<\/p>\n<ul>\n<li><strong>entz\u00fcndungshemmend<\/strong>\u00a0gr\u00e2ce \u00e0 sa teneur en flavono\u00efdes;<\/li>\n<li><strong>Antiseptikum<\/strong>, il est utilis\u00e9 pour soigner les plaies et br\u00fblures;<\/li>\n<li><strong>protecteur du syst\u00e8me cardiovasculaire<\/strong>, car sa richesse en antioxydants pr\u00e9vient l&rsquo;oxydation du cholest\u00e9rol;<\/li>\n<li><strong>immunstimulierend<\/strong>, renfor\u00e7ant ainsi les d\u00e9fenses naturelles de l&rsquo;organisme;<\/li>\n<li><strong>weichmachend und beruhigend f\u00fcr den Hals<\/strong>\u00a0bei Husten oder Halsschmerzen.<\/li>\n<\/ul>\n<p>Ainsi, int\u00e9grer le miel marocain dans votre alimentation quotidienne vous permettra de b\u00e9n\u00e9ficier de cette mine d&rsquo;or nutritionnelle tout en savourant ses d\u00e9licieuses saveurs.<\/p>\n<p>Sans aucun doute, le miel de fleurs du Maroc m\u00e9rite sa place dans chaque cuisine. Offrant \u00e0 la fois des qualit\u00e9s gustatives remarquables et de multiples bienfaits pour la sant\u00e9, il ravira vos papilles et votre corps tout au long de l&rsquo;ann\u00e9e.<\/p>","protected":false},"excerpt":{"rendered":"<p>Le\u00a0miel de fleurs du Maroc\u00a0est un produit d&rsquo;une qualit\u00e9 exceptionnelle qui a su conqu\u00e9rir les palais les plus exigeants. Issu des vari\u00e9t\u00e9s florales du Royaume ch\u00e9rifien, ce miel se distingue par sa richesse aromatique et ses nombreuses vertus pour la sant\u00e9. Les caract\u00e9ristiques du miel de fleurs du Maroc Le miel marocain tire son originalit\u00e9 [&#8230;]\n","protected":false},"featured_media":21704,"template":"","meta":[],"product_brand":[],"product_cat":[68,25],"product_tag":[],"class_list":{"0":"post-21703","1":"product","2":"type-product","3":"status-publish","4":"has-post-thumbnail","6":"product_cat-miel-maroc","7":"product_cat-miels","9":"first","10":"instock","11":"shipping-taxable","12":"purchasable","13":"product-type-simple"},"_links":{"self":[{"href":"https:\/\/1001vertus.com\/de\/wp-json\/wp\/v2\/product\/21703","targetHints":{"allow":["GET"]}}],"collection":[{"href":"https:\/\/1001vertus.com\/de\/wp-json\/wp\/v2\/product"}],"about":[{"href":"https:\/\/1001vertus.com\/de\/wp-json\/wp\/v2\/types\/product"}],"wp:featuredmedia":[{"embeddable":true,"href":"https:\/\/1001vertus.com\/de\/wp-json\/wp\/v2\/media\/21704"}],"wp:attachment":[{"href":"https:\/\/1001vertus.com\/de\/wp-json\/wp\/v2\/media?parent=21703"}],"wp:term":[{"taxonomy":"product_brand","embeddable":true,"href":"https:\/\/1001vertus.com\/de\/wp-json\/wp\/v2\/product_brand?post=21703"},{"taxonomy":"product_cat","embeddable":true,"href":"https:\/\/1001vertus.com\/de\/wp-json\/wp\/v2\/product_cat?post=21703"},{"taxonomy":"product_tag","embeddable":true,"href":"https:\/\/1001vertus.com\/de\/wp-json\/wp\/v2\/product_tag?post=21703"}],"curies":[{"name":"wp","href":"https:\/\/api.w.org\/{rel}","templated":true}]}}