{"id":21613,"date":"2024-02-10T20:45:00","date_gmt":"2024-02-10T19:45:00","guid":{"rendered":"https:\/\/1001vertus.com\/?post_type=product&#038;p=21613"},"modified":"2024-02-10T20:45:00","modified_gmt":"2024-02-10T19:45:00","slug":"lindenhonig-aus-frankreich","status":"publish","type":"product","link":"https:\/\/1001vertus.com\/de\/produit\/miel-de-tilleul-de-france\/","title":{"rendered":"Lindenbl\u00fctenhonig aus Frankreich - 250g"},"content":{"rendered":"<p>Entdecken Sie in diesem Artikel die zahlreichen Vorz\u00fcge von\u00a0<strong>Lindenbl\u00fctenhonig aus Frankreich,<\/strong>\u00a0dieses Naturprodukt mit seinen ungeahnten Eigenschaften. Wir werfen einen Blick auf seine Beschaffenheit, seinen Geruch, seine Aromen und seine gesundheitlichen Vorteile.<\/p>\n<h2><strong>Geschichte und Eigenschaften des Lindenbl\u00fctenhonigs<\/strong><\/h2>\n<p>Die\u00a0<strong>Lindenhonig<\/strong>, Der Splinthonig, auch bekannt als Aubierhonig, wird von Bienen auf den Bl\u00fcten der Linde gesammelt, einem Baum, der in ganz Frankreich vorkommt. Die Linde wird insbesondere wegen ihres Schattens und ihrer duftenden Bl\u00fcten gesch\u00e4tzt, die Bienen anlocken.<\/p>\n<p>Dieser Honig mit seiner hellen, leicht goldenen Farbe weist eine\u00a0<strong>seidige, cremige Textur<\/strong>. Sein zarter Duft erinnert an Lindenbl\u00fcten, mit holzigen Noten und <a href=\"https:\/\/1001vertus.com\/de\/product\/minzkristalle\/\"><strong>mentholhaltig<\/strong><\/a>. Im Mund erweist er sich dank seines frischen und subtilen Geschmacks, der an die Aromen von Minze und Zitronengras erinnert, als sehr angenehm. Beachten Sie, dass das Aroma je nach Region oder verwendeter Lindenart (Silberlinde, kleine oder gro\u00dfe Linde) variieren kann.<\/p>\n<h3><strong>Lindensorten in Frankreich<\/strong><\/h3>\n<p>In Frankreich gibt es verschiedene Lindenarten, von denen sich viele f\u00fcr die Honigproduktion eignen. Die Silberlinde (Tilia tomentosa) ist zum Beispiel bei Bienen sehr beliebt, da sie gro\u00dfz\u00fcgig bl\u00fcht und s\u00fc\u00dfen Nektar bietet. Auch andere Arten wie die Kleine Linde (Tilia cordata) oder die Gro\u00dfe Linde (Tilia platyphyllos) k\u00f6nnen zur Gewinnung des wertvollen Nektars beitragen.<\/p>\n<h2><strong>Seine Vorteile <\/strong><strong>f\u00fcr die Gesundheit<\/strong><\/h2>\n<p>Franz\u00f6sischer Lindenbl\u00fctenhonig besitzt mehrere gesundheitsf\u00f6rdernde Eigenschaften, die ihn zu einem unverzichtbaren Verb\u00fcndeten im Alltag machen. Insbesondere seine beruhigenden und bes\u00e4nftigenden Eigenschaften sind seit langem bekannt.<\/p>\n<ol>\n<li><strong>Honig und Schlaf :<\/strong>\u00a0Dank seiner beruhigenden Wirkung kann Lindenbl\u00fctenhonig bei Schlafst\u00f6rungen helfen und das Einschlafen erleichtern. Ein Teel\u00f6ffel in einem Kr\u00e4utertee vor dem Schlafengehen reicht aus, um von seinen entspannenden Vorteilen zu profitieren.<\/li>\n<li><strong>St\u00e4rkung des Immunsystems :<\/strong>\u00a0Lindenbl\u00fctenhonig ist reich an Antioxidantien und Vitaminen und hat au\u00dferdem eine immunst\u00e4rkende Wirkung, die die nat\u00fcrlichen Abwehrkr\u00e4fte des K\u00f6rpers gegen Viren und Bakterien st\u00e4rkt. Daher wird er bei Grippe, Erk\u00e4ltung oder Halsschmerzen empfohlen.<\/li>\n<li><strong>Verdauungsprobleme lindern :<\/strong> dank seines Enzymgehalts. Lindenbl\u00fctenhonig f\u00f6rdert die Verdauung und lindert Magenbeschwerden.<\/li>\n<li><strong>Sich um seine Haut k\u00fcmmern :<\/strong> antiseptisch und wundheilend, Lindenbl\u00fctenhonig wird auch lokal auf kleine Wunden aufgetragen. Aknepickel, um die Heilung zu f\u00f6rdern. Er kann auch in selbstgemachte Masken eingearbeitet werden, um eine feuchtigkeitsspendende und regenerierende Wirkung zu erzielen.<\/li>\n<\/ol>\n<h2><strong>Die Verwendung von Lindenhonig in der K\u00fcche<\/strong><\/h2>\n<p>Lindenbl\u00fctenhonig ist ein vielseitiges Produkt, das sich f\u00fcr zahlreiche kulinarische Zwecke eignet. Seine S\u00fc\u00dfe und seine subtilen Nuancen machen ihn zu einer erlesenen Zutat, die sowohl Ihre herzhaften als auch Ihre s\u00fc\u00dfen Gerichte verfeinert. Hier finden Sie einige Ideen f\u00fcr einfache Rezepte, die Sie mit Ihrem Honig zubereiten k\u00f6nnen :<\/p>\n<ul>\n<li><strong>Honig-Vinaigrette :<\/strong>\u00a02 Essl\u00f6ffel Lindenbl\u00fctenhonig mit 3 Essl\u00f6ffeln Oliven\u00f6l, dem Saft einer halben Zitrone und einer Prise Salz verr\u00fchren. Dieses Dressing eignet sich hervorragend zum Anmachen von Sommersalaten.<\/li>\n<li><strong>S\u00fc\u00df-saure Marinade :<\/strong>\u00a0geben Sie einen Essl\u00f6ffel Honig in eine Mischung aus Oliven\u00f6l, Balsamico-Essig, Zitrone und geriebenem Ingwer.Sie k\u00f6nnen Ihre Fleischst\u00fccke vor dem Grillen einweichen, um einen zart fruchtigen, karamellisierten Geschmack zu erhalten.<\/li>\n<li><strong>Selbstgemachtes M\u00fcsli :<\/strong> f\u00fcr ein ausgewogenes Fr\u00fchst\u00fcck mischen Sie Haferflocken, Trockenfr\u00fcchte und einige Chiasamen mit Honig, der dieser nahrhaften Mischung eine s\u00fc\u00dfe und duftende Note verleiht.<\/li>\n<\/ul>\n<h3><strong>Wissen, wie man Lindenbl\u00fctenhonig ausw\u00e4hlt und aufbewahrt<\/strong><\/h3>\n<p>Um seine Vorteile voll auszusch\u00f6pfen, ist es wichtig, einen qualitativ hochwertigen Lindenbl\u00fctenhonig zu w\u00e4hlen. Bevorzugen Sie Produkte aus biologischem Anbau oder von lokalen Imkern, um die R\u00fcckverfolgbarkeit und den Respekt vor den Bienen zu gew\u00e4hrleisten. Auf dem Etikett sollten die geografische Herkunft und die Sorte des Honigs angegeben sein.<\/p>\n<p>Um seine Textur und seine Eigenschaften zu bewahren, sollte Lindenbl\u00fctenhonig an einem trockenen und k\u00fchlen Ort aufbewahrt werden, der vor Licht und Feuchtigkeit gesch\u00fctzt ist. Obwohl er eine lange Haltbarkeitsdauer hat, kann er jedoch mit der Zeit kristallisieren. In diesem Fall k\u00f6nnen Sie das Glas vorsichtig im Wasserbad erw\u00e4rmen, um seine weiche und cremige Konsistenz wiederzuerlangen.<\/p>\n<p>Jetzt sind Sie bereit, die Welt des\u00a0<strong>franz\u00f6sischer Lindenhonig<\/strong>, Dieser nat\u00fcrliche Schatz mit seinen vielf\u00e4ltigen geschmacklichen und therapeutischen Eigenschaften. Z\u00f6gern Sie nicht, Ihre Umgebung davon profitieren zu lassen und Ihre kulinarischen Entdeckungen rund um dieses au\u00dfergew\u00f6hnliche Produkt mit anderen zu teilen.<\/p>","protected":false},"excerpt":{"rendered":"<p>D\u00e9couvrez dans cet article les nombreuses vertus du\u00a0miel de tilleul de France,\u00a0ce produit naturel aux propri\u00e9t\u00e9s insoup\u00e7onn\u00e9es. Nous passerons en revue sa texture, son odeur, ses ar\u00f4mes et ses bienfaits pour la sant\u00e9. Histoire et caract\u00e9ristiques du miel de tilleul Le\u00a0miel de tilleul, aussi connu sous le nom de miel d&rsquo;aubier, est issu de la [&#8230;]\n","protected":false},"featured_media":21614,"template":"","meta":[],"product_brand":[],"product_cat":[25,116],"product_tag":[],"class_list":{"0":"post-21613","1":"product","2":"type-product","3":"status-publish","4":"has-post-thumbnail","6":"product_cat-miels","7":"product_cat-miel-de-france","9":"first","10":"instock","11":"shipping-taxable","12":"purchasable","13":"product-type-simple"},"_links":{"self":[{"href":"https:\/\/1001vertus.com\/de\/wp-json\/wp\/v2\/product\/21613","targetHints":{"allow":["GET"]}}],"collection":[{"href":"https:\/\/1001vertus.com\/de\/wp-json\/wp\/v2\/product"}],"about":[{"href":"https:\/\/1001vertus.com\/de\/wp-json\/wp\/v2\/types\/product"}],"wp:featuredmedia":[{"embeddable":true,"href":"https:\/\/1001vertus.com\/de\/wp-json\/wp\/v2\/media\/21614"}],"wp:attachment":[{"href":"https:\/\/1001vertus.com\/de\/wp-json\/wp\/v2\/media?parent=21613"}],"wp:term":[{"taxonomy":"product_brand","embeddable":true,"href":"https:\/\/1001vertus.com\/de\/wp-json\/wp\/v2\/product_brand?post=21613"},{"taxonomy":"product_cat","embeddable":true,"href":"https:\/\/1001vertus.com\/de\/wp-json\/wp\/v2\/product_cat?post=21613"},{"taxonomy":"product_tag","embeddable":true,"href":"https:\/\/1001vertus.com\/de\/wp-json\/wp\/v2\/product_tag?post=21613"}],"curies":[{"name":"wp","href":"https:\/\/api.w.org\/{rel}","templated":true}]}}