{"id":2148,"date":"2019-12-14T20:26:28","date_gmt":"2019-12-14T19:26:28","guid":{"rendered":"https:\/\/1001vertus.com\/?post_type=product&#038;p=2148"},"modified":"2026-03-29T13:32:12","modified_gmt":"2026-03-29T12:32:12","slug":"roll-on-gegen-unreinheiten","status":"publish","type":"product","link":"https:\/\/1001vertus.com\/de\/produit\/roll-on-anti-imperfections\/","title":{"rendered":"Roll-on gegen Hautunreinheiten"},"content":{"rendered":"<p class=\"western\" align=\"justify\"><span style=\"font-family: Arial, sans-serif;\"><span style=\"font-size: medium;\"><span style=\"color: #00000a;\">Unser Roll-on besteht aus \u00e4thiopischem Schwarzk\u00fcmmel\u00f6l (unserem ber\u00fchmten Abyssinia Schwarzk\u00fcmmel\u00f6l) und Teebaum\u00f6l (Tea Tree). Jedes dieser \u00d6le hat Vorteile f\u00fcr Ihre Haut, die Synergie der beiden ist einfach umwerfend.<\/span><\/span><\/span><\/p>\n<ul>\n<li>\n<p class=\"western\" align=\"justify\"><span style=\"color: #00000a;\"><span style=\"font-family: Arial, sans-serif;\"><span style=\"font-size: medium;\"><u><b>Schwarzk\u00fcmmel\u00f6l :<\/b><\/u><\/span><\/span><\/span><\/p>\n<\/li>\n<\/ul>\n<p class=\"western\"><span style=\"font-family: Arial, sans-serif;\"><span style=\"font-size: medium;\"><span style=\"color: #00000a;\">Schwarzk\u00fcmmel\u00f6l bek\u00e4mpft bestimmte Hautprobleme wie Ekzeme. Es spendet Feuchtigkeit und lindert den Juckreiz. Es f\u00f6rdert die Zellerneuerung und gl\u00e4ttet so feine Linien und mildert kleine Narben.\u00a0<\/span><\/span><\/span><\/p>\n<p class=\"western\"><span style=\"font-family: Arial, sans-serif;\"><span style=\"font-size: medium;\"><span style=\"color: #00000a;\">Seine entz\u00fcndungshemmenden, antiseptischen, antimykotischen und antibakteriellen Eigenschaften machen es zu einer hervorragenden Behandlung von Akne.<\/span><\/span><\/span><\/p>\n<p class=\"western\" align=\"justify\"><span style=\"font-family: Arial, sans-serif;\"><span style=\"font-size: medium;\"><span style=\"color: #00000a;\">S<\/span><span style=\"color: #00000a;\">ie sanierenden Eigenschaften<\/span><span style=\"color: #00000a;\">s<\/span><span style=\"color: #00000a;\"> helfen, die Bildung von kleinen Pickeln zu verhindern.<\/span><\/span><\/span><\/p>\n<p class=\"western\" align=\"justify\"><span style=\"font-family: Arial, sans-serif;\"><span style=\"font-size: medium;\"><span style=\"color: #00000a;\">Sie ist heilend, n\u00e4hrend und reinigend und verwandelt Hautkrankheiten schnell in schlechte Erinnerungen.<\/span><\/span><\/span><\/p>\n<ul>\n<li>\n<p class=\"western\" align=\"justify\"><u><span style=\"color: #00000a;\"><span style=\"font-family: Arial, sans-serif;\"><span style=\"font-size: medium;\"><b>\u00c4therisches Teebaum\u00f6l :\u00a0<\/b><\/span><\/span><\/span><\/u><\/p>\n<\/li>\n<\/ul>\n<p class=\"western\" align=\"justify\"><span style=\"font-family: Arial, sans-serif;\"><span style=\"font-size: medium;\"><span style=\"color: #00000a;\">Das \u00e4therische \u00d6l des Teebaums oder Tea Tree ist f\u00fcr seine antiviralen, antimykotischen und antiseptischen Eigenschaften bekannt.<\/span><\/span><\/span><\/p>\n<p class=\"western\"><span style=\"font-family: Arial, sans-serif;\"><span style=\"font-size: medium;\"><span style=\"color: #00000a;\">Sie eignet sich hervorragend f\u00fcr alle Hautprobleme und insbesondere f\u00fcr Pilzinfektionen. Sie kann auch im Alltag verwendet werden, um kleine Unreinheiten und Pickel zu bek\u00e4mpfen.<\/span><\/span><\/span><\/p>\n<p class=\"western\" align=\"justify\"><span style=\"font-family: Arial, sans-serif;\"><span style=\"font-size: medium;\"><span style=\"color: #00000a;\"><u><b>Hauttypen:<\/b><\/u><\/span><\/span><\/span><\/p>\n<p class=\"western\" align=\"justify\"><span style=\"font-family: Arial, sans-serif;\"><span style=\"font-size: medium;\"><span style=\"color: #00000a;\">F\u00fcr alle Hauttypen geeignet.<\/span><\/span><\/span><\/p>\n<p class=\"western\" align=\"justify\"><span style=\"font-family: Arial, sans-serif;\"><span style=\"font-size: medium;\"><span style=\"color: #00000a;\"><u><b>Hinweise zur Verwendung :<\/b><\/u><\/span><\/span><\/span><\/p>\n<p class=\"western\" align=\"justify\"><span style=\"font-family: Arial, sans-serif;\"><span style=\"font-size: medium;\"><span style=\"color: #00000a;\">Vor jeder Anwendung die Flasche gut sch\u00fctteln und dann den Anti-Pickel Roll-on mit kreisenden Bewegungen auf die saubere und trockene Haut auftragen. <\/span><span style=\"color: #00000a;\">oder auf den zu behandelnden Bereich<\/span><span style=\"color: #00000a;\">. <\/span><\/span><\/span><\/p>\n<p class=\"western\" align=\"justify\"><span style=\"font-family: Arial, sans-serif;\"><span style=\"font-size: medium;\"><span style=\"color: #00000a;\"><u><b>Inhalt :<\/b><\/u><\/span><b> <\/b><span style=\"color: #00000a;\">10ml<\/span><\/span><\/span><\/p>\n<p class=\"western\" align=\"justify\"><span style=\"font-family: Arial, sans-serif;\"><span style=\"font-size: medium;\"><u><b><span style=\"color: #00000a;\">INCI-Inhaltsstoffe :<\/span><\/b><\/u><\/span><\/span><\/p>\n<p class=\"western\" align=\"justify\"><span style=\"font-family: Arial, sans-serif;\"><span style=\"font-size: medium;\"><span style=\"color: #00000a;\">Nigella sativa seed ouil (pflanzliches \u00d6l aus Nigella), <\/span><\/span><\/span><\/p>\n<p class=\"western\" align=\"justify\"><span style=\"font-family: Arial, sans-serif;\"><span style=\"font-size: medium;\"><span style=\"color: #00000a;\">Melaleuca alternifolia leaf oil (\u00e4therisches \u00d6l aus Teebaum)<\/span><\/span><\/span><\/p>\n<p class=\"western\" align=\"justify\"><span style=\"font-family: Arial, sans-serif;\"><span style=\"font-size: medium;\"><u><b><span style=\"color: #00000a;\">Herkunft :<\/span><\/b><\/u><\/span><\/span><\/p>\n<p class=\"western\" align=\"justify\"><span style=\"font-family: Arial, sans-serif;\"><span style=\"font-size: medium;\"><span style=\"color: #00000a;\">\u00c4thiopien \/ Australien<\/span><\/span><\/span><\/p>","protected":false},"excerpt":{"rendered":"<p class=\"western\" align=\"justify\"><span style=\"font-family: Arial, sans-serif;\"><span style=\"font-size: medium;\"><span style=\"color: #00000a;\">Haben Sie Akne? Haben Sie periodisch auftretende Pickel? Unreinheiten in Ihrem Gesicht? Ein Fieberbl\u00e4schen? <\/span><\/span><\/span><\/p>\n<p class=\"western\" align=\"justify\"><span style=\"font-family: Arial, sans-serif;\"><span style=\"font-size: medium;\"><span style=\"color: #00000a;\">M\u00f6chten Sie sie einfach und nat\u00fcrlich loswerden?<\/span><\/span><\/span><\/p>\n<p class=\"western\" align=\"justify\"><span style=\"font-family: Arial, sans-serif;\"><span style=\"font-size: medium;\"><span style=\"color: #00000a;\">Probieren Sie unseren Roll-on gegen Hautunreinheiten aus!<\/span><\/span><\/span><\/p>\n<p class=\"western\" align=\"justify\"><span style=\"font-family: Arial, sans-serif;\"><span style=\"font-size: medium;\"><span style=\"color: #00000a;\">Diese Mischung aus \u00e4thiopischem Schwarzk\u00fcmmel\u00f6l und \u00e4therischem Teebaum\u00f6l (Tea Tree) begrenzt das Auftreten von Pickeln und erleichtert ihr Absterben.<\/span><\/span><\/span><\/p>","protected":false},"featured_media":2139,"template":"","meta":[],"product_brand":[],"product_cat":[27,26],"product_tag":[],"class_list":{"0":"post-2148","1":"product","2":"type-product","3":"status-publish","4":"has-post-thumbnail","6":"product_cat-bien-etre","7":"product_cat-nigelle","9":"first","10":"instock","11":"shipping-taxable","12":"purchasable","13":"product-type-simple"},"_links":{"self":[{"href":"https:\/\/1001vertus.com\/de\/wp-json\/wp\/v2\/product\/2148","targetHints":{"allow":["GET"]}}],"collection":[{"href":"https:\/\/1001vertus.com\/de\/wp-json\/wp\/v2\/product"}],"about":[{"href":"https:\/\/1001vertus.com\/de\/wp-json\/wp\/v2\/types\/product"}],"wp:featuredmedia":[{"embeddable":true,"href":"https:\/\/1001vertus.com\/de\/wp-json\/wp\/v2\/media\/2139"}],"wp:attachment":[{"href":"https:\/\/1001vertus.com\/de\/wp-json\/wp\/v2\/media?parent=2148"}],"wp:term":[{"taxonomy":"product_brand","embeddable":true,"href":"https:\/\/1001vertus.com\/de\/wp-json\/wp\/v2\/product_brand?post=2148"},{"taxonomy":"product_cat","embeddable":true,"href":"https:\/\/1001vertus.com\/de\/wp-json\/wp\/v2\/product_cat?post=2148"},{"taxonomy":"product_tag","embeddable":true,"href":"https:\/\/1001vertus.com\/de\/wp-json\/wp\/v2\/product_tag?post=2148"}],"curies":[{"name":"wp","href":"https:\/\/api.w.org\/{rel}","templated":true}]}}