{"id":1990,"date":"2019-11-20T22:09:21","date_gmt":"2019-11-20T21:09:21","guid":{"rendered":"https:\/\/1001vertus.com\/?post_type=product&#038;p=1990"},"modified":"2021-12-05T09:37:43","modified_gmt":"2021-12-05T08:37:43","slug":"schlemmerpaket","status":"publish","type":"product","link":"https:\/\/1001vertus.com\/de\/produit\/pack-gourmand\/","title":{"rendered":"Gourmand-Paket"},"content":{"rendered":"<p class=\"western\">Diese Packung besteht aus einem 250g-Topf Amlou und einem 310ml-Topf Carajmel.<\/p>\n<p>&nbsp;<\/p>\n<ul>\n<li>\n<p class=\"western\"><b>Carajmel ist ein weltweit einzigartiges Produkt: <\/b><strong><b>eine Milchkonfit\u00fcre mit nat\u00fcrlicher Kamelmilch 100%! <\/b><\/strong><\/p>\n<\/li>\n<\/ul>\n<p class=\"western\"><strong>Der Geschmack ist k\u00f6stlich und kommt dem Geschmack von gesalzenem Butterkaramell sehr nahe.<\/strong><\/p>\n<p class=\"western\">Dieses authentische Produkt aus der Sahara behielt einen Gro\u00dfteil der enormen <strong>Tugenden der Kamelmilch :<\/strong><\/p>\n<p class=\"western\"><strong>- <\/strong>diese Milch ist <strong>10-mal reicher an Eisen<\/strong> und <strong>3-mal reicher an Vitamin C<\/strong> als das von K\u00fchen,<\/p>\n<p class=\"western\">- er <strong>geeignet f\u00fcr Menschen mit Laktoseintoleranz,<\/strong><\/p>\n<p class=\"western\">- dank seiner <strong>hoher Gehalt an Kalium, Magnesium und Vitamin B<\/strong>, Kamelmilch f\u00f6rdert den Knochenaufbau, st\u00e4rkt das Haarwachstum und beugt Haarausfall vor und sorgt f\u00fcr gesunde Z\u00e4hne.<\/p>\n<p class=\"western\" align=\"left\">Carajmel ist also ein innovatives Verfahren, das auf Kamelmilch abgestimmt ist und es erm\u00f6glicht, sie mehrere Monate lang aufzubewahren und dabei einen Gro\u00dfteil der Tugenden der Basismilch zu erhalten.<\/p>\n<p class=\"western\" align=\"left\">Er wird nur aus frischer Vollmilch hergestellt, die tags\u00fcber von Kamelen gewonnen wird, die in freier Natur aufgezogen werden.<\/p>\n<ul>\n<li>\n<p class=\"western\"><b>Amlou ist ein traditioneller nat\u00fcrlicher 100% Brotaufstrich aus dem S\u00fcden Marokkos .<\/b><\/p>\n<\/li>\n<\/ul>\n<p class=\"western\">Es besteht aus drei reichhaltigen Lebensmitteln, die viele positive Eigenschaften haben: Honig, Argan\u00f6l und Mandeln.<\/p>\n<p class=\"western\">Es ist eine cremige Paste aus Honig f\u00fcr die s\u00fc\u00dfe Seite, Argan\u00f6l f\u00fcr den besonderen nussigen Geschmack und gemahlenen Mandeln f\u00fcr den Geschmack und die knusprige Seite. Die Kombination der Aromen ist perfekt, s\u00fc\u00df und explosiv zugleich ...<\/p>\n<p class=\"western\">Au\u00dferdem ist es eine wahre N\u00e4hrstoffbombe. Es ist sehr reich an Vitaminen, Antioxidantien, Fetts\u00e4uren (Omega 9 und 6) und Proteinen.  Es ist ein St\u00e4rkungsmittel und wird traditionell zum Fr\u00fchst\u00fcck oder als Zwischenmahlzeit als Aufstrich auf Brot oder Pfannkuchen serviert. Ein wenig Amloo am Morgen auf Brot und man h\u00e4lt problemlos bis zum Mittagessen durch.<\/p>\n<p class=\"western\">Nicht zu vergessen die Tatsache, dass es ein sehr effektiver Energiespender f\u00fcr junge M\u00fctter ist...<\/p>\n<p class=\"western\">Amlou ist also ein schmackhafter und gesunder Brotaufstrich, den man in Ma\u00dfen genie\u00dfen kann!<\/p>","protected":false},"excerpt":{"rendered":"<p class=\"western\">Entdecken Sie in diesem Paket 2 typisch marokkanische Produkte:<\/p>\n<ul>\n<li>\n<p class=\"western\">der Amlou, <strong>ein traditioneller nat\u00fcrlicher 100% Brotaufstrich aus S\u00fcdmarokko<\/strong>,<\/p>\n<\/li>\n<li>\n<p class=\"western\">und Carajmel, <strong>eine Marmelade aus Kamelmilch.<\/strong><\/p>\n<\/li>\n<\/ul>\n<p class=\"western\">Sie sind nicht nur k\u00f6stlich, sondern enthalten auch jeweils sehr viele positive Eigenschaften!<\/p>\n<p class=\"western\">Lassen Sie sich von diesem Gourmet-Paket verf\u00fchren, das Ihren Geschmacksnerven und Ihrem K\u00f6rper gut tut!<\/p>","protected":false},"featured_media":1980,"template":"","meta":[],"product_brand":[],"product_cat":[29,44],"product_tag":[],"class_list":{"0":"post-1990","1":"product","2":"type-product","3":"status-publish","4":"has-post-thumbnail","6":"product_cat-alimentation","7":"product_cat-nos-packs","9":"first","10":"outofstock","11":"sale","12":"shipping-taxable","13":"purchasable","14":"product-type-simple"},"_links":{"self":[{"href":"https:\/\/1001vertus.com\/de\/wp-json\/wp\/v2\/product\/1990","targetHints":{"allow":["GET"]}}],"collection":[{"href":"https:\/\/1001vertus.com\/de\/wp-json\/wp\/v2\/product"}],"about":[{"href":"https:\/\/1001vertus.com\/de\/wp-json\/wp\/v2\/types\/product"}],"wp:featuredmedia":[{"embeddable":true,"href":"https:\/\/1001vertus.com\/de\/wp-json\/wp\/v2\/media\/1980"}],"wp:attachment":[{"href":"https:\/\/1001vertus.com\/de\/wp-json\/wp\/v2\/media?parent=1990"}],"wp:term":[{"taxonomy":"product_brand","embeddable":true,"href":"https:\/\/1001vertus.com\/de\/wp-json\/wp\/v2\/product_brand?post=1990"},{"taxonomy":"product_cat","embeddable":true,"href":"https:\/\/1001vertus.com\/de\/wp-json\/wp\/v2\/product_cat?post=1990"},{"taxonomy":"product_tag","embeddable":true,"href":"https:\/\/1001vertus.com\/de\/wp-json\/wp\/v2\/product_tag?post=1990"}],"curies":[{"name":"wp","href":"https:\/\/api.w.org\/{rel}","templated":true}]}}