{"id":1919,"date":"2019-11-03T18:24:13","date_gmt":"2019-11-03T17:24:13","guid":{"rendered":"https:\/\/1001vertus.com\/?post_type=product&#038;p=1919"},"modified":"2023-07-20T08:35:50","modified_gmt":"2023-07-20T07:35:50","slug":"pack-winter-is-coming","status":"publish","type":"product","link":"https:\/\/1001vertus.com\/de\/produit\/pack-winter-is-coming\/","title":{"rendered":"Winter is coming\"-Paket"},"content":{"rendered":"<p class=\"western\" align=\"justify\"><span style=\"font-family: Arial, sans-serif;\"><span style=\"font-size: medium;\">Unser \u00abWinter is coming\u00bb-Paket besteht aus :<\/span><\/span><\/p>\n<ul>\n<li>\n<p class=\"western\" align=\"justify\"><span style=\"font-family: Arial, sans-serif;\"><span style=\"font-size: medium;\"><b>100ml Schwarzk\u00fcmmel\u00f6l <\/b><\/span><\/span><span style=\"font-family: Arial, sans-serif;\"><span style=\"font-size: medium;\"><i><b>Abyssinia <\/b><\/i><\/span><\/span><span style=\"font-family: Arial, sans-serif;\"><span style=\"font-size: medium;\"><b>aus \u00c4thiopien<\/b><\/span><\/span><span style=\"font-family: Arial, sans-serif;\"><span style=\"font-size: medium;\"> (oder 60 Kapseln mit Nigella <\/span><\/span><span style=\"font-family: Arial, sans-serif;\"><span style=\"font-size: medium;\"><i>Abyssinia<\/i><\/span><\/span><span style=\"font-family: Arial, sans-serif;\"><span style=\"font-size: medium;\">)<\/span><\/span><\/p>\n<p class=\"western\" style=\"text-align: left;\" align=\"justify\"><span style=\"font-family: Arial, sans-serif;\"><span style=\"font-size: medium;\">Nigella ist ein Samen mit 10<\/span><\/span><span style=\"font-family: Arial, sans-serif;\"><span style=\"font-size: medium;\">0<\/span><\/span><span style=\"font-family: Arial, sans-serif;\"><span style=\"font-size: medium;\">1 Tugenden! In Bezug auf den Winter wird sie besonders gesch\u00e4tzt <\/span><\/span><span style=\"font-family: Arial, sans-serif;\"><span style=\"font-size: medium;\">um Ihre Immunabwehr zu st\u00e4rken, <\/span><\/span><span style=\"font-family: Arial, sans-serif;\"><span style=\"font-size: medium;\">sondern auch bek\u00e4mpfen :<\/span><\/span><\/p>\n<p class=\"western\" style=\"text-align: left;\" align=\"justify\"><span style=\"font-family: Arial, sans-serif;\"><span style=\"font-size: medium;\">- <\/span><\/span><span style=\"font-family: Arial, sans-serif;\"><span style=\"font-size: medium;\">Bronchitis, <\/span><\/span><\/p>\n<p class=\"western\" style=\"text-align: left;\" align=\"justify\"><span style=\"font-family: Arial, sans-serif;\"><span style=\"font-size: medium;\">- verstopfte Nase, Husten und Schnupfen<\/span><\/span><\/p>\n<p class=\"western\" style=\"text-align: left;\" align=\"justify\"><span style=\"font-family: Arial, sans-serif;\"><span style=\"font-size: medium;\">- die Grippe,<\/span><\/span><\/p>\n<p class=\"western\" style=\"text-align: left;\" align=\"justify\"><span style=\"font-family: Arial, sans-serif;\"><span style=\"font-size: medium;\">- Halsschmerzen und Halsentz\u00fcndungen,<\/span><\/span><\/p>\n<p class=\"western\" style=\"text-align: left;\" align=\"justify\"><span style=\"font-family: Arial, sans-serif;\"><span style=\"font-size: medium;\">...<\/span><\/span><\/p>\n<\/li>\n<\/ul>\n<ul>\n<li>\n<p class=\"western\" align=\"justify\"><span style=\"font-family: Arial, sans-serif;\"><span style=\"font-size: medium;\"><b>250g Eukalyptushonig aus Marokko,<\/b><\/span><\/span><span style=\"font-family: Arial, sans-serif;\"><span style=\"font-size: medium;\"><br \/>\n<\/span><\/span><\/p>\n<\/li>\n<\/ul>\n<p class=\"western\" align=\"justify\"><span style=\"font-family: Arial, sans-serif;\"><span style=\"font-size: medium;\">Dieser Honig ist ber\u00fchmt f\u00fcr :<\/span><\/span><\/p>\n<p class=\"western\" align=\"justify\"><span style=\"font-family: Arial, sans-serif;\"><span style=\"font-size: medium;\">- den Husten beruhigen,<\/span><\/span><\/p>\n<p class=\"western\" align=\"justify\"><span style=\"font-family: Arial, sans-serif;\"><span style=\"font-size: medium;\">- bei Atemwegsinfektionen wirksam sein (Halsschmerzen, Bronchitis, Husten...),<\/span><\/span><\/p>\n<p class=\"western\" align=\"justify\"><span style=\"font-family: Arial, sans-serif;\"><span style=\"font-size: medium;\">- <\/span><\/span><span style=\"font-family: Arial, sans-serif;\"><span style=\"font-size: medium;\">gegen Fieber k\u00e4mpfen,<\/span><\/span><\/p>\n<p class=\"western\" align=\"justify\"><span style=\"font-family: Arial, sans-serif;\"><span style=\"font-size: medium;\">- <\/span><\/span><span style=\"font-family: Arial, sans-serif;\"><span style=\"font-size: medium;\">rheumatische Schmerzen lindern<\/span><\/span><\/p>\n<p class=\"western\" align=\"justify\">\u2026<\/p>\n<ul>\n<li>\n<p class=\"western\" align=\"justify\"><b><span style=\"font-family: Arial, sans-serif;\"><span style=\"font-size: medium;\">100g Bonbons mit Honig und Propolis.<\/span><\/span><\/b><\/p>\n<\/li>\n<\/ul>\n<p class=\"western\" align=\"justify\"><span style=\"font-family: Arial, sans-serif;\"><span style=\"font-size: medium;\">Diese kleinen Bonbons werden Ihren Hals weich machen und beruhigen.<\/span><\/span><\/p>\n<p class=\"western\" align=\"justify\"><span style=\"font-family: Arial, sans-serif;\"><span style=\"font-size: medium;\"><u><b>Ausf\u00fchrliche Beschreibung jedes :<\/b><\/u><\/span><\/span><\/p>\n<ul>\n<li>\n<p class=\"western\" align=\"justify\"><strong><span style=\"font-family: Arial, sans-serif;\"><span style=\"font-size: medium;\"><i>Schwarzk\u00fcmmel\u00f6l Abyssinia :<\/i><\/span><\/span><\/strong><\/p>\n<\/li>\n<\/ul>\n<p class=\"western\" align=\"justify\"><span style=\"font-family: Arial, sans-serif;\"><span style=\"font-size: medium;\">Die Samen, aus denen unser Schwarzk\u00fcmmel\u00f6l gewonnen wird, stammen aus \u00c4thiopien. Sie sind von h\u00f6chster Qualit\u00e4t (Grad A) und wurden von einer unabh\u00e4ngigen Stelle als 99% rein zertifiziert. Unser \u00d6l ist 100% rein und nat\u00fcrlich, es wurde nicht chemisch ver\u00e4ndert oder gef\u00e4rbt.<\/span><\/span><\/p>\n<ul>\n<li>\n<p class=\"western\" align=\"justify\"><strong><span style=\"font-family: Arial, sans-serif;\"><span style=\"font-size: medium;\"><i>Abyssinia Nigella Kapseln :<\/i><\/span><\/span><\/strong><\/p>\n<\/li>\n<\/ul>\n<p class=\"western\" align=\"justify\"><span style=\"font-family: Arial, sans-serif;\"><span style=\"font-size: medium;\">Kapseln mit Schwarzk\u00fcmmelpulver aus \u00c4thiopien, garantiert ohne Zusatzstoffe. <\/span><\/span><\/p>\n<p class=\"western\" align=\"justify\"><span style=\"font-family: Arial, sans-serif;\"><span style=\"font-size: medium;\">Packung mit 60 Kapseln \u00e0 500mg, BIO-zertifiziert, halal, koscher und gentechnikfrei.<\/span><\/span><\/p>\n<ul>\n<li>\n<p class=\"western\" align=\"justify\"><strong><span style=\"font-family: Arial, sans-serif;\"><span style=\"font-size: medium;\"><i>Eukalyptushonig aus Marokko :<\/i><\/span><\/span><\/strong><\/p>\n<\/li>\n<\/ul>\n<p align=\"justify\">Reiner Honig aus Marokko.<\/p>\n<p class=\"western\" align=\"justify\"><span style=\"font-family: Arial, sans-serif;\"><span style=\"font-size: medium;\">Nach der Abf\u00fcllung kann der Honig kristallisieren. Dies ist ein nat\u00fcrliches Ph\u00e4nomen, das seine Qualit\u00e4t garantiert. Er enth\u00e4lt keine Zusatz- oder Konservierungsstoffe.<\/span><\/span><\/p>\n<p class=\"western\" align=\"justify\"><span style=\"font-family: Arial, sans-serif;\"><span style=\"font-size: medium;\">Nat\u00fcrlich ist es zur besseren Haltbarkeit in einem Glasgef\u00e4\u00df verpackt.<\/span><\/span><\/p>\n<ul>\n<li>\n<p class=\"western\" align=\"justify\"><strong><span style=\"font-family: Arial, sans-serif;\"><span style=\"font-size: medium;\"><i>Honig- und Propolisbonbons :<\/i><\/span><\/span><\/strong><\/p>\n<\/li>\n<\/ul>\n<p class=\"western\" align=\"justify\"><span style=\"font-family: Arial, sans-serif;\"><span style=\"font-size: medium;\"><u>Zutaten :<\/u> <\/span><\/span><span style=\"font-family: Arial, sans-serif;\"><span style=\"font-size: medium;\">Zucker, s<\/span><\/span><span style=\"font-family: Arial, sans-serif;\"><span style=\"font-size: medium;\">Glukose-Irop, m<\/span><\/span><span style=\"font-family: Arial, sans-serif;\"><span style=\"font-size: medium;\">iel, e<\/span><\/span><span style=\"font-family: Arial, sans-serif;\"><span style=\"font-size: medium;\">nat\u00fcrlicher Propolis-Extrakt.<\/span><\/span><\/p>\n<p class=\"western\" align=\"justify\"><span style=\"font-family: Arial, sans-serif;\"><span style=\"font-size: medium;\"><b>Jedes dieser Produkte ist einzeln auf unserer Website erh\u00e4ltlich.<\/b><\/span><\/span><\/p>","protected":false},"excerpt":{"rendered":"<p class=\"western\" align=\"justify\"><span style=\"font-family: Arial, sans-serif;\"><span style=\"font-size: medium;\">Der Winter kommt, und mit ihm die K\u00e4lte und viele kleine Beschwerden: Halsschmerzen, Husten, Atemprobleme, Angina... Um sie wirksam zu bek\u00e4mpfen, haben wir Sie mit einem kleinen Paket speziell f\u00fcr den Winter kontaktiert.<\/span><\/span><\/p>\n<p class=\"western\" align=\"justify\"><span style=\"font-family: Arial, sans-serif;\"><span style=\"font-size: medium;\">Dieser besteht aus Schwarzk\u00fcmmel\u00f6l (oder Schwarzk\u00fcmmelkapseln), um Ihre Abwehrkr\u00e4fte zu st\u00e4rken, Eukalyptushonig, der ideal bei Halsschmerzen und Atemproblemen ist, und Honig- und Propolisbonbons, um Ihren Hals zu beruhigen und weich zu machen.<\/span><\/span><\/p>","protected":false},"featured_media":1920,"template":"","meta":[],"product_brand":[],"product_cat":[44,28,26],"product_tag":[],"class_list":{"0":"post-1919","1":"product","2":"type-product","3":"status-publish","4":"has-post-thumbnail","6":"product_cat-nos-packs","7":"product_cat-medecine-sante","8":"product_cat-nigelle","10":"first","11":"outofstock","12":"shipping-taxable","13":"purchasable","14":"product-type-variable"},"_links":{"self":[{"href":"https:\/\/1001vertus.com\/de\/wp-json\/wp\/v2\/product\/1919","targetHints":{"allow":["GET"]}}],"collection":[{"href":"https:\/\/1001vertus.com\/de\/wp-json\/wp\/v2\/product"}],"about":[{"href":"https:\/\/1001vertus.com\/de\/wp-json\/wp\/v2\/types\/product"}],"wp:featuredmedia":[{"embeddable":true,"href":"https:\/\/1001vertus.com\/de\/wp-json\/wp\/v2\/media\/1920"}],"wp:attachment":[{"href":"https:\/\/1001vertus.com\/de\/wp-json\/wp\/v2\/media?parent=1919"}],"wp:term":[{"taxonomy":"product_brand","embeddable":true,"href":"https:\/\/1001vertus.com\/de\/wp-json\/wp\/v2\/product_brand?post=1919"},{"taxonomy":"product_cat","embeddable":true,"href":"https:\/\/1001vertus.com\/de\/wp-json\/wp\/v2\/product_cat?post=1919"},{"taxonomy":"product_tag","embeddable":true,"href":"https:\/\/1001vertus.com\/de\/wp-json\/wp\/v2\/product_tag?post=1919"}],"curies":[{"name":"wp","href":"https:\/\/api.w.org\/{rel}","templated":true}]}}