{"id":17950,"date":"2023-12-02T16:14:20","date_gmt":"2023-12-02T15:14:20","guid":{"rendered":"https:\/\/1001vertus.com\/?post_type=product&#038;p=17950"},"modified":"2026-05-03T18:59:58","modified_gmt":"2026-05-03T17:59:58","slug":"sukkari-rutab-datteln-von-qassim","status":"publish","type":"product","link":"https:\/\/1001vertus.com\/de\/produit\/dattes-sukkari-rutab-de-qassim\/","title":{"rendered":"Qassim sukkari rutab Datteln 500g - Nadaty"},"content":{"rendered":"<p>In diesem Artikel sprechen wir \u00fcber diese k\u00f6stlichen Sukkari-Rutab-Datteln und ihre besonderen Eigenschaften, die sie so einzigartig machen. Macht Sie das neugierig? Dann lesen Sie weiter, um mehr \u00fcber diese nicht allt\u00e4gliche Dattelart zu erfahren.<\/p>\n<h2><strong>Der Ursprung der Sukkari-Rutab-Datteln<\/strong><\/h2>\n<p>Zun\u00e4chst einmal ist es wichtig zu wissen, dass die\u00a0<strong>Datteln sukkari rutab<\/strong>\u00a0stammen aus Saudi-Arabien, genauer gesagt aus der Region Al-Qassim. Diese exquisite Frucht ist das Ergebnis der Kreuzung zweier verschiedener Dattelarten, was ihr einen ganz besonderen Geschmack und eine besondere Textur verleiht.<\/p>\n<p>Sukkari-Datteln werden in diesem Teil der Welt seit Jahrhunderten angebaut und stellen eine S\u00e4ule der saudischen Landwirtschaftskultur dar. Sukkari-Datteln wurden erst vor kurzem auf den internationalen M\u00e4rkten eingef\u00fchrt und haben aufgrund ihres unverwechselbaren Geschmacks und ihrer ern\u00e4hrungsphysiologischen Vorz\u00fcge schnell an Beliebtheit gewonnen.<\/p>\n<h2><strong>Der einzigartige Geschmack von Sukkari Rutab Datteln<\/strong><\/h2>\n<p>Kommen wir nun zu dem, was diese Datteln-Sorte zu einer so beliebten Wahl unter den Liebhabern dieser Frucht macht. Ihr Geschmack erinnert an den von\u00a0<strong>Karamell<\/strong>Die Nase ist leicht s\u00fc\u00dflich und hat einen erdigen Nachgeschmack.<\/p>\n<p>Au\u00dferdem sind diese Datteln von Natur aus sehr zuckerreich (ca. 70% ihres Gewichts), was sie besonders geeignet f\u00fcr den Verzehr in getrockneter Form macht. Ob Sie sie gerne zu einem Tee oder als gesunden Snack knabbern, diese Datteln <a href=\"https:\/\/1001vertus.com\/de\/product-category\/ajwa-datteln\/\"><strong>werden Ihren Gaumen erfreuen<\/strong><\/a>.<\/p>\n<h3><strong>Kulinarischer Gebrauch<\/strong><\/h3>\n<p>Bei einem so feinen und einzigartigen Geschmack ist es offensichtlich, dass diese Datteln in vielen Gerichten und Rezepten verwendet werden k\u00f6nnen.<\/p>\n<p><strong>Hier sind einige Ideen, wie Sie die Sukkari Rutab Datteln in Ihrer K\u00fcche verwenden k\u00f6nnen:<\/strong><\/p>\n<ul>\n<li>Sie f\u00fcr eine s\u00fc\u00dfe Note in Salate geben<\/li>\n<li>Dattelst\u00fccke in Joghurt oder Milchdesserts einr\u00fchren<\/li>\n<li>Sie als Zutat in orientalischem Geb\u00e4ck verwenden<\/li>\n<li>Daraus Datteltr\u00fcffel machen, indem man sie in Kakao oder Kokosnuss w\u00e4lzt.<\/li>\n<\/ul>\n<p>Nat\u00fcrlich ist die Liste damit noch nicht zu Ende. Sie k\u00f6nnen viele weitere Rezepte mit diesen Datteln ganz einfach online finden und Ihrer Fantasie freien Lauf lassen.<\/p>\n<h2><strong>Die unwiderstehliche Textur dieser Fr\u00fcchte von Qassim<\/strong><\/h2>\n<p>Neben ihrem hervorragenden Geschmack werden Sukkari-Datteln auch wegen ihrer einzigartigen Textur gesch\u00e4tzt. Sie sind daf\u00fcr bekannt, dass sie ein besonders zartes und schmelzendes Fruchtfleisch haben, was sie von anderen Dattelsorten unterscheidet. Diese Textur ist auf den speziellen Anbau- und Trocknungsprozess dieser Dattelsorte zur\u00fcckzuf\u00fchren.<\/p>\n<p>Diese besondere Textur erm\u00f6glicht es ihnen, in verschiedenen Phasen des Trocknungsprozesses verzehrt zu werden. Frische Sukkari-Rutab-Datteln haben beispielsweise ein sehr weiches, feuchtes Fruchtfleisch, w\u00e4hrend getrocknete Datteln fester sind und eher den herk\u00f6mmlichen Datteln \u00e4hneln, die man auf dem Markt kaufen kann.<\/p>\n<h3><strong>Aufbewahrung von Sukkari Rutab Datteln<\/strong><\/h3>\n<p>Aufgrund ihrer weichen Textur ist es wichtig, diese Datteln richtig zu lagern, um ihren optimalen Geschmack und ihre Qualit\u00e4t zu erhalten. Hier sind einige Tipps, wie Sie Ihre Sukkari Rutab Datteln in perfektem Zustand halten k\u00f6nnen :<\/p>\n<ol>\n<li>Bewahren Sie sie in einem luftdichten Beh\u00e4lter auf: So trocknen sie nicht zu schnell aus und das weiche Fleisch bleibt erhalten.<\/li>\n<li>Halten Sie sie k\u00fchl: Obwohl es nicht notwendig ist, sie zu k\u00fchlen.<\/li>\n<li>Achte darauf, dass sie vor Feuchtigkeit gesch\u00fctzt gelagert werden: Das verhindert, dass sie klebrig oder weich werden und garantiert dir ein optimales Geschmackserlebnis.<\/li>\n<\/ol>\n<h3><strong>Ern\u00e4hrungsvorteile von Sukkari Rutab Datteln<\/strong><\/h3>\n<p>Es w\u00e4re schade, \u00fcber die\u00a0<strong>Datteln sukkari rutab<\/strong>\u00a0ohne ihre Vorteile f\u00fcr unsere Gesundheit zu erw\u00e4hnen. Diese schmackhaften Fr\u00fcchte sind nicht nur k\u00f6stlich zu essen, sondern haben auch viele ern\u00e4hrungsphysiologische Vorteile :<\/p>\n<ul>\n<li>Reich an Ballaststoffen: Sie f\u00f6rdern die Verdauung und helfen, den Appetit zu regulieren.<\/li>\n<li>Gute Kaliumquellen: Dieser Mineralstoff spielt eine Schl\u00fcsselrolle f\u00fcr den Ausgleich der K\u00f6rperfl\u00fcssigkeiten und die Nervenfunktion.<\/li>\n<li>Enthalten Antioxidantien: Datteln sind reich an n\u00fctzlichen Pflanzenverbindungen. Sch\u00fctzen so unsere Zellen vor Sch\u00e4den durch freie Radikale.<\/li>\n<li>Hoher Gehalt an nat\u00fcrlichen Kohlenhydraten: Dank ihres Reichtums an einfachen Zuckern wie Fruktose liefern diese Datteln eine schnelle und einfache Energiequelle.<\/li>\n<\/ul>\n<p><strong>Alles in allem haben die Sukkari Rutab Datteln alles, was das Herz begehrt<\/strong>Sie sind nicht nur gut f\u00fcr den Gaumen, sondern auch f\u00fcr die Gesundheit. Das ist ein weiterer Grund, diese schmackhaften Fr\u00fcchte ohne Schuldgef\u00fchle zu genie\u00dfen!<\/p>","protected":false},"excerpt":{"rendered":"<p><strong>Neue Ernte.<\/strong><\/p>","protected":false},"featured_media":17951,"template":"","meta":[],"product_brand":[],"product_cat":[79,29,109,111],"product_tag":[],"class_list":{"0":"post-17950","1":"product","2":"type-product","3":"status-publish","4":"has-post-thumbnail","6":"product_cat-bienfaits-des-dattes","7":"product_cat-alimentation","8":"product_cat-dattes-nadaty","9":"product_cat-fruits-secs","11":"first","12":"instock","13":"shipping-taxable","14":"purchasable","15":"product-type-simple"},"_links":{"self":[{"href":"https:\/\/1001vertus.com\/de\/wp-json\/wp\/v2\/product\/17950","targetHints":{"allow":["GET"]}}],"collection":[{"href":"https:\/\/1001vertus.com\/de\/wp-json\/wp\/v2\/product"}],"about":[{"href":"https:\/\/1001vertus.com\/de\/wp-json\/wp\/v2\/types\/product"}],"wp:featuredmedia":[{"embeddable":true,"href":"https:\/\/1001vertus.com\/de\/wp-json\/wp\/v2\/media\/17951"}],"wp:attachment":[{"href":"https:\/\/1001vertus.com\/de\/wp-json\/wp\/v2\/media?parent=17950"}],"wp:term":[{"taxonomy":"product_brand","embeddable":true,"href":"https:\/\/1001vertus.com\/de\/wp-json\/wp\/v2\/product_brand?post=17950"},{"taxonomy":"product_cat","embeddable":true,"href":"https:\/\/1001vertus.com\/de\/wp-json\/wp\/v2\/product_cat?post=17950"},{"taxonomy":"product_tag","embeddable":true,"href":"https:\/\/1001vertus.com\/de\/wp-json\/wp\/v2\/product_tag?post=17950"}],"curies":[{"name":"wp","href":"https:\/\/api.w.org\/{rel}","templated":true}]}}