{"id":17946,"date":"2022-12-02T15:59:36","date_gmt":"2022-12-02T14:59:36","guid":{"rendered":"https:\/\/1001vertus.com\/?post_type=product&#038;p=17946"},"modified":"2025-07-04T18:45:31","modified_gmt":"2025-07-04T17:45:31","slug":"ajwa-datteln-aus-medina","status":"publish","type":"product","link":"https:\/\/1001vertus.com\/de\/produit\/dattes-ajwa-de-medine\/","title":{"rendered":"Ajwa-Datteln aus Medina 500g"},"content":{"rendered":"<p>&nbsp;<\/p>\n<p>&nbsp;<\/p>","protected":false},"excerpt":{"rendered":"<p>Les dattes ajwa sont une vari\u00e9t\u00e9 de datte unique qui ne pousse que dans les palmeraies de M\u00e9dine en Arabie Saoudite.<br \/>\nElles sont appr\u00e9ci\u00e9es pour leur go\u00fbt qui poss\u00e8de une l\u00e9g\u00e8re saveur de r\u00e9glisse mais aussi car elles sont tr\u00e8s recommand\u00e9es dans la religion musulmane.<\/p>\n<p>&nbsp;<\/p>","protected":false},"featured_media":9656,"template":"","meta":[],"product_brand":[],"product_cat":[29,79,110,111,28,96],"product_tag":[],"class_list":{"0":"post-17946","1":"product","2":"type-product","3":"status-publish","4":"has-post-thumbnail","6":"product_cat-alimentation","7":"product_cat-bienfaits-des-dattes","8":"product_cat-dattes-ajwa","9":"product_cat-fruits-secs","10":"product_cat-medecine-sante","11":"product_cat-roqya-chariya","13":"first","14":"outofstock","15":"sale","16":"shipping-taxable","17":"purchasable","18":"product-type-variable"},"_links":{"self":[{"href":"https:\/\/1001vertus.com\/de\/wp-json\/wp\/v2\/product\/17946","targetHints":{"allow":["GET"]}}],"collection":[{"href":"https:\/\/1001vertus.com\/de\/wp-json\/wp\/v2\/product"}],"about":[{"href":"https:\/\/1001vertus.com\/de\/wp-json\/wp\/v2\/types\/product"}],"wp:featuredmedia":[{"embeddable":true,"href":"https:\/\/1001vertus.com\/de\/wp-json\/wp\/v2\/media\/9656"}],"wp:attachment":[{"href":"https:\/\/1001vertus.com\/de\/wp-json\/wp\/v2\/media?parent=17946"}],"wp:term":[{"taxonomy":"product_brand","embeddable":true,"href":"https:\/\/1001vertus.com\/de\/wp-json\/wp\/v2\/product_brand?post=17946"},{"taxonomy":"product_cat","embeddable":true,"href":"https:\/\/1001vertus.com\/de\/wp-json\/wp\/v2\/product_cat?post=17946"},{"taxonomy":"product_tag","embeddable":true,"href":"https:\/\/1001vertus.com\/de\/wp-json\/wp\/v2\/product_tag?post=17946"}],"curies":[{"name":"wp","href":"https:\/\/api.w.org\/{rel}","templated":true}]}}