{"id":1726,"date":"2019-08-23T12:14:48","date_gmt":"2019-08-23T11:14:48","guid":{"rendered":"https:\/\/1001vertus.com\/?post_type=product&#038;p=1726"},"modified":"2026-03-22T19:25:39","modified_gmt":"2026-03-22T18:25:39","slug":"konjac-schwamm-100-naturlich-1001-tugenden","status":"publish","type":"product","link":"https:\/\/1001vertus.com\/de\/produit\/eponge-konjac-100-naturelle-1001-vertus\/","title":{"rendered":"Eponge konjac 100% naturelle &#8211; 1001 vertus"},"content":{"rendered":"<p class=\"western\" align=\"justify\"><span style=\"font-family: Arial, sans-serif;\"><span style=\"color: #00000a;\"><span style=\"font-family: Arial, serif;\"><span style=\"font-size: medium;\">L\u2019Amorphophalus Konjac est un l\u00e9gume qui pousse en for\u00eat, principalement cultiv\u00e9 au Vietnam, en Chine, en Indon\u00e9sie, Cor\u00e9e du Sud et au Japon. Ses racines transform\u00e9es en farine sont surtout consomm\u00e9es et cuisin\u00e9es par les Japonais sous forme de p\u00e2tes sous le nom de Konnyaku, aux propri\u00e9t\u00e9s th\u00e9rapeutiques (toux, probl\u00e8mes intestinaux\u2026).<\/span><\/span><\/span><\/span><\/p>\n<p class=\"western\"><span style=\"color: #000000;\"><span style=\"font-family: Arial, serif;\"><span style=\"font-size: medium;\">L\u2019\u00e9ponge konjac est un m\u00e9lange de cette p\u00e2te avec de l&rsquo;eau, qui est ensuite moul\u00e9e. <\/span><\/span><\/span><\/p>\n<p class=\"western\"><span style=\"color: #00000a;\"><span style=\"font-family: Arial, serif;\"><span style=\"font-size: medium;\">Depuis plus d&rsquo;un si\u00e8cle, les Japonais utilisent l&rsquo;\u00e9ponge konjac comme un traitement de beaut\u00e9 pour leur peau d\u00e9licate. Initialement con\u00e7ues pour les b\u00e9b\u00e9s, les bienfaits de cette \u00e9ponge ont rapidement \u00e9tait prouv\u00e9s pour le reste de la famille.<\/span><\/span><\/span><\/p>\n<p class=\"western\"><span style=\"color: #00000a;\"><span style=\"font-family: Arial, serif;\"><span style=\"font-size: medium;\">Selon des recherches effectu\u00e9es au Japon, l&rsquo;\u00e9ponge Konjac est le produit de nettoyage le plus doux et efficace que l&rsquo;on peut trouver sur le march\u00e9. Elle peut nettoyer en profondeur sans ab\u00eemer la peau mieux que n&rsquo;importe quel tissu de lavage normal (ou m\u00eame une \u00e9ponge de mer). <\/span><\/span><\/span><\/p>\n<p class=\"western\"><span style=\"color: #00000a;\"><span style=\"font-family: Arial, serif;\"><span style=\"font-size: medium;\">L&rsquo;\u00e9ponge konjac agit comme un agent nettoyant pour votre visage pour \u00e9liminer les impuret\u00e9s et la salet\u00e9 de la peau. Elle est fabriqu\u00e9e \u00e0 partir de fibres naturelles, par cons\u00e9quent, elle est s\u00fbre pour \u00eatre utilis\u00e9e sur votre peau. De plus, \u00e9tant d\u00e9pourvue de conservateurs, c&rsquo;est un nettoyant indiscutablement respectueux de l\u2019environnement. <\/span><\/span><\/span><\/p>\n<p class=\"western\" align=\"justify\"><span style=\"color: #00000a;\"><span style=\"font-family: Arial, serif;\"><span style=\"font-size: medium;\">Ces \u00e9ponges sont id\u00e9ales pour tous les types de peau m\u00eame hypersensibles, avec de l\u2019ecz\u00e9ma, de l\u2019acn\u00e9 ou du psoriasis.<\/span><\/span><\/span><\/p>\n<p class=\"western\"><span style=\"color: #00000a;\"><span style=\"font-family: Arial, serif;\"><span style=\"font-size: medium;\">Si elle convient aux hommes comme aux femmes, elle est particuli\u00e8rement recommand\u00e9e pour les hommes : il n\u2019y a rien de mieux pour att\u00e9nuer le feu du rasage et calmer les micro-coupures. <\/span><\/span><\/span><\/p>\n<p class=\"western\"><span style=\"color: #000000;\"><span style=\"font-family: Arial, serif;\"><span style=\"font-size: medium;\">De plus, c\u2019est un vrai produit naturel\u00a0:<\/span><\/span><\/span><\/p>\n<ul>\n<li>\n<p class=\"western\"><span style=\"color: #000000;\"><span style=\"font-family: Arial, serif;\"><span style=\"font-size: medium;\"><b>100% v\u00e9g\u00e9tal<\/b><\/span><\/span><\/span><\/p>\n<\/li>\n<li>\n<p class=\"western\"><span style=\"color: #000000;\"><span style=\"font-family: Arial, serif;\"><span style=\"font-size: medium;\"><b>100% biod\u00e9gradable<\/b><\/span><\/span><\/span><\/p>\n<\/li>\n<li>\n<p class=\"western\"><span style=\"color: #000000;\"><span style=\"font-family: Arial, serif;\"><span style=\"font-size: medium;\"><b>Sans additif, ni colorant, ni parab\u00e8ne<\/b><\/span><\/span><\/span><\/p>\n<\/li>\n<\/ul>\n<p>&nbsp;<\/p>\n<h2 class=\"western\"><span style=\"color: #00000a;\"><span style=\"font-family: Arial, serif;\"><span style=\"font-size: large;\"><u><b>Les vertus de l\u2019\u00e9ponge konjac pour votre peau :<\/b><\/u><\/span><\/span><\/span><\/h2>\n<p class=\"western\"><span style=\"color: #00000a;\"><span style=\"font-family: Arial, serif;\"><span style=\"font-size: medium;\"><b>1. Reinigt gr\u00fcndlich<\/b><\/span><\/span><\/span><\/p>\n<p class=\"western\"><span style=\"color: #00000a;\"><span style=\"font-family: Arial, serif;\"><span style=\"font-size: medium;\">L\u2019\u00e9ponge konjac nettoie votre peau des impuret\u00e9s, des points noirs, des points blancs, de l\u2019exc\u00e8s\u00a0de s\u00e9bum et autres imperfections.\u00a0L\u2019un des bienfaits de l\u2019\u00e9ponge\u00a0konjac est de rendre la peau\u00a0extr\u00eamement propre sans la s\u00e9cher, ce qui peut la rendre terne. <\/span><\/span><\/span><\/p>\n<p class=\"western\"><span style=\"color: #00000a;\"><span style=\"font-family: Arial, serif;\"><span style=\"font-size: medium;\"><b>2. Exfoliert sanft<\/b><\/span><\/span><\/span><\/p>\n<p class=\"western\"><span style=\"color: #00000a;\"><span style=\"font-family: Arial, serif;\"><span style=\"font-size: medium;\">Gr\u00e2ce \u00e0 sa composition enrichie en fibres v\u00e9g\u00e9tales, elle exfolie de mani\u00e8re d\u00e9licate l\u2019\u00e9piderme sensible du visage. Utilis\u00e9e quotidiennement ou une fois par semaine selon votre type de peau, elle d\u00e9sincrustera les pores, \u00e9liminera les peaux mortes et aidera ainsi \u00e0 lutter contre la formation des points noirs.<\/span><\/span><\/span><\/p>\n<p class=\"western\"><span style=\"color: #00000a;\"><span style=\"font-family: Arial, serif;\"><span style=\"font-size: medium;\"><b>3. Antibact\u00e9rienne<\/b><\/span><\/span><\/span><\/p>\n<p class=\"western\"><span style=\"color: #00000a;\"><span style=\"font-family: Arial, serif;\"><span style=\"font-size: medium;\">La racine de konjac est antibact\u00e9rienne et assainissante par nature. Associ\u00e9e \u00e0 l\u2019argile verte ou au charbon de bambou aux m\u00eames propri\u00e9t\u00e9s, elle permet de lutter plus efficacement contre les bact\u00e9ries responsables de l\u2019apparition des points noirs ou boutons d\u2019acn\u00e9. Elle purifie l\u2019\u00e9piderme en profondeur et la pr\u00e9pare naturellement \u00e0 recevoir les soins d\u2019hydratation ou sp\u00e9cifiques \u00e0 vos besoins.<\/span><\/span><\/span><\/p>\n<p class=\"western\"><span style=\"color: #00000a;\"><span style=\"font-family: Arial, serif;\"><span style=\"font-size: medium;\"><b>4. Aide contre\u00a0l\u2019acn\u00e9<\/b><\/span><\/span><\/span> <span style=\"color: #00000a;\"><span style=\"font-family: Arial, serif;\"><span style=\"font-size: medium;\"><b>et les peaux qui p\u00e8lent<\/b><\/span><\/span><\/span><\/p>\n<p class=\"western\"><span style=\"color: #00000a;\"><span style=\"font-family: Arial, serif;\"><span style=\"font-size: medium;\">L\u2019\u00e9ponge Konjac aide dans le traitement des pores obstru\u00e9s et de l\u2019acn\u00e9.<\/span><\/span><\/span><b> <\/b><span style=\"color: #00000a;\"><span style=\"font-family: Arial, serif;\"><span style=\"font-size: medium;\">Ses fibres naturelles d\u00e9gagent les pores de votre visage, ce qui entra\u00eene un teint plus lisse et plus clair. <\/span><\/span><\/span><\/p>\n<p class=\"western\"><span style=\"color: #00000a;\"><span style=\"font-family: Arial, serif;\"><span style=\"font-size: medium;\">L\u2019\u00e9ponge konjac est bonne pour les personnes avec une peau qui p\u00e8le\u00a0apr\u00e8s\u00a0une exposition au soleil, car elle d\u00e9truit les cellules mortes de la peau, donnant lieu \u00e0 une peau plus r\u00e9cente et plus fra\u00eeche. L\u2019\u00e9ponge\u00a0konjac peut \u00e9galement \u00e9liminer les \u00e9crans solaires tenaces qui adh\u00e8rent \u00e0 votre peau et ne peuvent pas \u00eatre lav\u00e9s facilement.<\/span><\/span><\/span><\/p>\n<p class=\"western\"><span style=\"color: #00000a;\"><span style=\"font-family: Arial, serif;\"><span style=\"font-size: medium;\"><b>5. Douce pour la peau, m\u00eame celle des b\u00e9b\u00e9s<\/b><\/span><\/span><\/span><\/p>\n<p class=\"western\"><span style=\"color: #00000a;\"><span style=\"font-family: Arial, serif;\"><span style=\"font-size: medium;\">L\u2019\u00e9ponge\u00a0konjac est\u00a0douce\u00a0pour la peau. Elle est id\u00e9ale\u00a0pour ceux qui ont une peau sensible et elle n\u2019endommagera pas les cellules de votre peau. Elle peut m\u00eame \u00eatre utilis\u00e9e pour les b\u00e9b\u00e9s, c&rsquo;\u00e9tait d&rsquo;ailleurs son utilisation premi\u00e8re.<\/span><\/span><\/span><\/p>\n<p class=\"western\"><span style=\"color: #00000a;\"><span style=\"font-family: Arial, serif;\"><span style=\"font-size: medium;\"><b>6. Bringt den Blutkreislauf wieder in Gang<\/b><\/span><\/span><\/span><\/p>\n<p class=\"western\"><span style=\"color: #00000a;\"><span style=\"font-family: Arial, serif;\"><span style=\"font-size: medium;\">Utilis\u00e9e r\u00e9guli\u00e8rement en massage doux, elle permettra de relancer la circulation sanguine, acc\u00e9l\u00e9rant ainsi le processus de r\u00e9g\u00e9n\u00e9ration cellulaire.<\/span><\/span><\/span><\/p>\n<p class=\"western\"><span style=\"color: #00000a;\"><span style=\"font-family: Arial, serif;\"><span style=\"font-size: medium;\"><b>7. D\u00e9maquille en profondeur<\/b><\/span><\/span><\/span><\/p>\n<p class=\"western\"><span style=\"color: #00000a;\"><span style=\"font-family: Arial, serif;\"><span style=\"font-size: medium;\">Associ\u00e9e \u00e0 un gel nettoyant ou \u00e0 une huile v\u00e9g\u00e9tale, elle d\u00e9multipliera la qualit\u00e9 du soin et d\u00e9barrassera la peau plus facilement et plus rapidement de toutes les impuret\u00e9s accumul\u00e9es pendant la journ\u00e9e.<\/span><\/span><\/span><\/p>\n<p class=\"western\"><span style=\"color: #00000a;\"><span style=\"font-family: Arial, serif;\"><span style=\"font-size: medium;\"><b>8. Hilft, das Make-up zu halten <\/b><\/span><\/span><\/span><\/p>\n<p class=\"western\"><span style=\"color: #00000a;\"><span style=\"font-family: Arial, serif;\"><span style=\"font-size: medium;\">Elle aide\u00a0\u00e0 l\u2019application du maquillage et \u00e0 ce qu&rsquo;il dure plus longtemps. L\u2019\u00e9ponge konjac hydratera votre peau et fera dispara\u00eetre tous les squames, votre visage deviendra plus r\u00e9ceptif pour les autres produits de soins et sera une toile parfaite pour les cosm\u00e9tiques. <\/span><\/span><\/span><\/p>\n<p class=\"western\"><span style=\"color: #00000a;\"><span style=\"font-family: Arial, serif;\"><span style=\"font-size: medium;\"><b>9. \u00c9claircit le teint<\/b><\/span><\/span><\/span><\/p>\n<p class=\"western\"><span style=\"color: #00000a;\"><span style=\"font-family: Arial, serif;\"><span style=\"font-size: medium;\">Le dernier des bienfaits de l\u2019\u00e9ponge\u00a0konjac\u00a0est qu\u2019elle rend votre peau plus radieuse. Imaginez une peau plus claire et plus lisse qui n\u2019est pas marqu\u00e9e par des boutons et autres imperfections. L\u2019utilisation r\u00e9guli\u00e8re de l\u2019\u00e9ponge\u00a0konjac rendra votre peau lisse et soyeuse comme celle d\u2019un b\u00e9b\u00e9.<\/span><\/span><\/span><\/p>\n<p>&nbsp;<\/p>\n<h2 class=\"western\"><span style=\"color: #00000a;\"><span style=\"font-family: Arial, serif;\"><span style=\"font-size: large;\"><u><b>Comment s&rsquo;utilise l&rsquo;\u00e9ponge konjac ?<\/b><\/u><\/span><\/span><\/span><\/h2>\n<p class=\"western\"><span style=\"color: #00000a;\"><span style=\"font-family: Arial, serif;\"><span style=\"font-size: medium;\">1) Pour s\u2019en servir, rien de plus simple\u00a0: passez-la quelques secondes sous l\u2019eau ti\u00e8de pour bien l\u2019humidifier et la ramollir. Elle doublera alors de taille et sera pr\u00eate \u00e0 \u00eatre utilis\u00e9e\u2009! <\/span><\/span><\/span><\/p>\n<p class=\"western\"><span style=\"color: #00000a;\"><span style=\"font-family: Arial, serif;\"><span style=\"font-size: medium;\">2) Vous pouvez alors soit l\u2019utiliser seule, en petits massages circulaires sur le visage, ou associ\u00e9e \u00e0 un gel nettoyant ou une huile v\u00e9g\u00e9tale de votre choix. <\/span><\/span><\/span><\/p>\n<p class=\"western\"><span style=\"color: #00000a;\"><span style=\"font-family: Arial, serif;\"><span style=\"font-size: medium;\">C\u2019est ce mouvement circulaire qui permettra d\u2019exfolier les cellules mortes et de nettoyer l\u2019\u00e9piderme en profondeur. C\u2019est aussi ce geste massant qui encouragera le renouvellement cellulaire en stimulant la peau fatigu\u00e9e.<\/span><\/span><\/span><\/p>\n<p class=\"western\"><span style=\"color: #00000a;\"><span style=\"font-family: Arial, serif;\"><span style=\"font-size: medium;\">Bei der Verwendung :<\/span><\/span><\/span><\/p>\n<ul>\n<li>\n<p class=\"western\"><span style=\"color: #00000a;\"><span style=\"font-family: Arial, serif;\"><span style=\"font-size: medium;\">assurez-vous qu\u2019elle soit bien humide (sinon vous la trouverez abrasive !) ;<\/span><\/span><\/span><\/p>\n<\/li>\n<li>\n<p class=\"western\"><span style=\"color: #00000a;\"><span style=\"font-family: Arial, serif;\"><span style=\"font-size: medium;\">ne l\u2019utilisez pas dans un bain moussant ou avec des sels de bain qui pourraient l\u2019abimer ;<\/span><\/span><\/span><\/p>\n<\/li>\n<li>\n<p class=\"western\"><span style=\"color: #00000a;\"><span style=\"font-family: Arial, serif;\"><span style=\"font-size: medium;\">\u00e9vitez d\u2019utiliser un produit cosm\u00e9tique dessus, cela risque de l\u2019abimer ;<\/span><\/span><\/span><\/p>\n<\/li>\n<li>\n<p class=\"western\"><span style=\"color: #00000a;\"><span style=\"font-family: Arial, serif;\"><span style=\"font-size: medium;\">ne frottez pas trop vigoureusement, cela ne sert \u00e0 rien et vous risquez d\u2019abimer votre \u00e9piderme. M\u00eame remarque si vous avez de l\u2019acn\u00e9<\/span><\/span><\/span><\/p>\n<\/li>\n<\/ul>\n<p class=\"western\"><span style=\"color: #00000a;\"><span style=\"font-family: Arial, serif;\"><span style=\"font-size: medium;\">3) Puis bien la rincer et l\u2019essorer sans brutalit\u00e9 (sinon on l\u2019ab\u00eeme).<\/span><\/span><\/span><\/p>\n<p class=\"western\"><span style=\"color: #00000a;\"><span style=\"font-family: Arial, serif;\"><span style=\"font-size: medium;\">4) Enfin, l\u2019\u00e9tendre gr\u00e2ce \u00e0 sa petite ficelle (sur le s\u00e8che serviette par exemple). L\u2019objectif \u00e9tant qu\u2019elle s\u00e8che dans un endroit a\u00e9r\u00e9 pour ne pas d\u00e9velopper de bact\u00e9ries.<\/span><\/span><\/span><\/p>\n<p class=\"western\"><span style=\"color: #00000a;\"><span style=\"font-family: Arial, serif;\"><span style=\"font-size: medium;\"><i><u>Tipps :<\/u><\/i><\/span><\/span><\/span><span style=\"color: #00000a;\"><span style=\"font-family: Arial, serif;\"><span style=\"font-size: medium;\"><i> Deux \u00e0 trois fois par mois, pour \u00e9viter les moisissures, elle peut \u00eatre nettoy\u00e9e plus en profondeur avec du savon, voire tremp\u00e9e une ou deux minutes dans de l\u2019eau bouillante pour \u00e9liminer toute trace de produits cosm\u00e9tiques ou r\u00e9sidus de bact\u00e9ries. <\/i><\/span><\/span><\/span><\/p>\n<p class=\"western\"><span style=\"color: #00000a;\"><span style=\"font-family: Arial, serif;\"><span style=\"font-size: medium;\"><i>Vous pouvez \u00e9galement mettre une ou deux gouttes d\u2019huile essentielle de Tea Tree sur chaque face de votre \u00e9ponge : les propri\u00e9t\u00e9s d\u00e9sinfectantes de cette huile feront des miracles pour l\u2019entretien naturel de votre \u00e9ponge ! <\/i><\/span><\/span><\/span><\/p>\n<p>&nbsp;<\/p>\n<p class=\"western\"><span style=\"color: #00000a;\"><span style=\"font-family: Arial, serif;\"><span style=\"font-size: large;\"><u><b>Dur\u00e9e de vie :<\/b><\/u><\/span><\/span><\/span><\/p>\n<p class=\"western\"><span style=\"color: #00000a;\"><span style=\"font-family: Arial, serif;\"><span style=\"font-size: medium;\">Une \u00e9ponge konjac dure environ 2 mois. Il faut la remplacer d\u00e8s qu\u2019elle semble us\u00e9e ou qu\u2019elle commence \u00e0 se d\u00e9composer. Son prix relativement bas fait qu&rsquo;elle est plus que rentable pour sa dur\u00e9e de vie compar\u00e9 \u00e0 bon nombre d\u2019exfoliants que l\u2019on peut trouver en magasin\u2026<\/span><\/span><\/span><\/p>\n<p class=\"western\"><span style=\"color: #00000a;\"><span style=\"font-family: Arial, serif;\"><span style=\"font-size: medium;\">N\u2019oubliez pas que les \u00e9ponges 100% naturelles sont compostables si vous faites du compost.<\/span><\/span><\/span><\/p>\n<p>&nbsp;<\/p>\n<h2 class=\"western\"><span style=\"color: #00000a;\"><span style=\"font-family: Arial, serif;\"><span style=\"font-size: large;\"><u><b>Quelle \u00e9ponge choisir ?<\/b><\/u><\/span><\/span><\/span><\/h2>\n<p class=\"western\"><span style=\"color: #00000a;\"><span style=\"font-family: Arial, serif;\"><span style=\"font-size: medium;\">A l\u2019origine de couleur blanche, <\/span><\/span><\/span><span style=\"color: #00000a;\"><span style=\"font-family: Arial, serif;\"><span style=\"font-size: medium;\"><b>les \u00e9ponges konjac se sont enrichies de divers autres actifs pour traiter les probl\u00e8mes de peau les plus courants<\/b><\/span><\/span><\/span><span style=\"color: #00000a;\"><span style=\"font-family: Arial, serif;\"><span style=\"font-size: medium;\">. <\/span><\/span><\/span><\/p>\n<ul>\n<li>\n<p class=\"western\"><span style=\"color: #00000a;\"><span style=\"font-family: Arial, serif;\"><span style=\"font-size: medium;\"><b>L\u2019\u00e9ponge konjac classique<\/b><\/span><\/span><\/span><\/p>\n<\/li>\n<\/ul>\n<p class=\"western\"><span style=\"color: #00000a;\"><span style=\"font-family: Arial, serif;\"><span style=\"font-size: medium;\">Neutral, l<\/span><\/span><\/span><span style=\"color: #00000a;\"><span style=\"font-family: Arial, serif;\"><span style=\"font-size: medium;\">\u2019\u00e9ponge blanche <\/span><\/span><\/span><span style=\"color: #00000a;\"><span style=\"font-family: Arial, serif;\"><span style=\"font-size: medium;\">convient \u00e0 tous les types de peau.<\/span><\/span><\/span><\/p>\n<ul>\n<li>\n<p class=\"western\"><span style=\"color: #00000a;\"><span style=\"font-family: Arial, serif;\"><span style=\"font-size: medium;\"><b>L\u2019\u00e9ponge konjac verte<\/b><\/span><\/span><\/span><\/p>\n<\/li>\n<\/ul>\n<p class=\"western\"><span style=\"color: #00000a;\"><span style=\"font-family: Arial, serif;\"><span style=\"font-size: medium;\">On recommandera l\u2019\u00e9ponge \u00e0 l\u2019argile verte avant tout aux peaux mixtes ou peaux normales avec une zone T (partie m\u00e9diane du visage) mixte ou grasse.<\/span><\/span><\/span><\/p>\n<ul>\n<li>\n<p class=\"western\"><span style=\"color: #00000a;\"><span style=\"font-family: Arial, serif;\"><span style=\"font-size: medium;\"><b>L\u2019\u00e9ponge konjac rose<\/b><\/span><\/span><\/span><\/p>\n<\/li>\n<\/ul>\n<p class=\"western\"><span style=\"color: #00000a;\"><span style=\"font-family: Arial, serif;\"><span style=\"font-size: medium;\">Fabriqu\u00e9e \u00e0 base d\u2019argile rose, cette \u00e9ponge fera des merveilles sur les peaux sensibles.<\/span><\/span><\/span><\/p>\n<ul>\n<li>\n<p class=\"western\"><span style=\"color: #00000a;\"><span style=\"font-family: Arial, serif;\"><span style=\"font-size: medium;\"><b>L\u2019\u00e9ponge konjac noire<\/b><\/span><\/span><\/span><\/p>\n<\/li>\n<\/ul>\n<p class=\"western\"><span style=\"color: #00000a;\"><span style=\"font-family: Arial, serif;\"><span style=\"font-size: medium;\">Cette \u00e9ponge \u00e0 base de charbon de bambou s\u2019av\u00e8re parfaite pour les peaux grasses qui sont sujettes aux imperfections, comme celles des adolescents.<\/span><\/span><\/span><\/p>\n<p>&nbsp;<\/p>\n<h2 class=\"western\"><span style=\"color: #000000;\"><span style=\"font-family: Arial, serif;\"><span style=\"font-size: large;\"><u><b>En r\u00e9sum\u00e9 : pourquoi opter pour une \u00e9ponge konjac ?<\/b><\/u><\/span><\/span><\/span><\/h2>\n<ul>\n<li>\n<p class=\"western\"><span style=\"color: #000000;\"><span style=\"font-family: Arial, serif;\"><span style=\"font-size: medium;\">Sa composition 100% naturelle et biod\u00e9gradable <\/span><\/span><\/span><\/p>\n<\/li>\n<li>\n<p class=\"western\"><span style=\"color: #000000;\"><span style=\"font-family: Arial, serif;\"><span style=\"font-size: medium;\">Sa simplicit\u00e9 et sa douceur d\u2019utilisation <\/span><\/span><\/span><\/p>\n<\/li>\n<li>\n<p class=\"western\"><span style=\"color: #000000;\"><span style=\"font-family: Arial, serif;\"><span style=\"font-size: medium;\">Son efficacit\u00e9\u00a0: peau nettoy\u00e9e sans \u00eatre agress\u00e9e, pores resserr\u00e9s, pas de sensation de tiraillement <\/span><\/span><\/span><\/p>\n<\/li>\n<li>\n<p class=\"western\"><span style=\"color: #000000;\"><span style=\"font-family: Arial, serif;\"><span style=\"font-size: medium;\">Sa longue dur\u00e9e de vie pour son petit prix ! <\/span><\/span><\/span><\/p>\n<\/li>\n<\/ul>","protected":false},"excerpt":{"rendered":"<p class=\"western\"><span style=\"font-family: Arial, sans-serif;\">Selon des recherches effectu\u00e9es au Japon, l&rsquo;\u00e9ponge Konjac est le produit de nettoyage le plus doux et efficace que l&rsquo;on peut trouver sur le march\u00e9. Elle peut nettoyer en profondeur sans ab\u00eemer la peau mieux que n&rsquo;importe quel tissu de lavage !<\/span><\/p>\n<p class=\"western\"><span style=\"font-family: Arial, sans-serif;\">Elle\u00a0\u00e9limine les impuret\u00e9s et la salet\u00e9 de la peau.\u00a0Elle est fabriqu\u00e9e \u00e0 partir de fibres naturelles, il n\u2019y a rien de synth\u00e9tique dans cette \u00e9ponge, et par cons\u00e9quent, elle est s\u00fbre pour votre peau. <\/span><\/p>\n<p class=\"western\" align=\"justify\"><span style=\"font-family: Arial, sans-serif;\">Ces \u00e9ponges sont id\u00e9ales pour tous types de peau m\u00eame hypersensibles, avec de l\u2019ecz\u00e9ma, de l\u2019acn\u00e9 ou du psoriasis.<\/span><\/p>","protected":false},"featured_media":1731,"template":"","meta":[],"product_brand":[],"product_cat":[27],"product_tag":[],"class_list":{"0":"post-1726","1":"product","2":"type-product","3":"status-publish","4":"has-post-thumbnail","6":"product_cat-bien-etre","8":"first","9":"instock","10":"shipping-taxable","11":"purchasable","12":"product-type-variable"},"_links":{"self":[{"href":"https:\/\/1001vertus.com\/de\/wp-json\/wp\/v2\/product\/1726","targetHints":{"allow":["GET"]}}],"collection":[{"href":"https:\/\/1001vertus.com\/de\/wp-json\/wp\/v2\/product"}],"about":[{"href":"https:\/\/1001vertus.com\/de\/wp-json\/wp\/v2\/types\/product"}],"wp:featuredmedia":[{"embeddable":true,"href":"https:\/\/1001vertus.com\/de\/wp-json\/wp\/v2\/media\/1731"}],"wp:attachment":[{"href":"https:\/\/1001vertus.com\/de\/wp-json\/wp\/v2\/media?parent=1726"}],"wp:term":[{"taxonomy":"product_brand","embeddable":true,"href":"https:\/\/1001vertus.com\/de\/wp-json\/wp\/v2\/product_brand?post=1726"},{"taxonomy":"product_cat","embeddable":true,"href":"https:\/\/1001vertus.com\/de\/wp-json\/wp\/v2\/product_cat?post=1726"},{"taxonomy":"product_tag","embeddable":true,"href":"https:\/\/1001vertus.com\/de\/wp-json\/wp\/v2\/product_tag?post=1726"}],"curies":[{"name":"wp","href":"https:\/\/api.w.org\/{rel}","templated":true}]}}