{"id":1661,"date":"2019-08-02T08:15:45","date_gmt":"2019-08-02T07:15:45","guid":{"rendered":"https:\/\/1001vertus.com\/?post_type=product&#038;p=1661"},"modified":"2023-03-04T19:07:10","modified_gmt":"2023-03-04T18:07:10","slug":"himbeerblatter","status":"publish","type":"product","link":"https:\/\/1001vertus.com\/de\/produit\/feuilles-de-framboisier\/","title":{"rendered":"Himbeerbl\u00e4tter 50g"},"content":{"rendered":"<p align=\"JUSTIFY\"><span style=\"color: #000000;\"><span style=\"font-family: Arial, sans-serif;\"><span style=\"font-size: medium;\">La tisane de feuille de framboisier est une d\u00e9coction relativement peu connue en France des naturopathes, ce qui n&rsquo;est pas le cas dans les pays anglo-saxons o\u00f9 elle est couramment pr\u00e9conis\u00e9 <\/span><\/span><\/span><strong><span style=\"color: #000000;\"><span style=\"font-family: Arial, sans-serif;\"><span style=\"font-size: medium;\">pour la pr\u00e9paration de l\u2019accouchement<\/span><\/span><\/span><\/strong> <span style=\"color: #000000;\"><span style=\"font-family: Arial, sans-serif;\"><span style=\"font-size: medium;\">au-del\u00e0 de plusieurs mois de grossesse puisqu&rsquo;elle <\/span><\/span><\/span><span style=\"color: #000000;\"><span style=\"font-family: Arial, sans-serif;\"><span style=\"font-size: medium;\">a la r\u00e9putation de pr\u00e9venir d\u2019\u00e9ventuelles fausses couches et <strong>facilite l\u2019accouchement<\/strong> durch seine stimulierende Wirkung. Dar\u00fcber hinaus <strong>soulage la douleur due aux contractions ut\u00e9rines<\/strong> et ainsi r\u00e9duit le risque d\u2019h\u00e9morragie post-partum. <\/span><\/span><\/span><\/p>\n<p align=\"JUSTIFY\"><span style=\"color: #000000;\"><span style=\"font-family: Arial, sans-serif;\"><span style=\"font-size: medium;\">De plus, elle apporte \u00e9norm\u00e9ment de vitamines, de mol\u00e9cules et de min\u00e9raux \u00e0 un moment o\u00f9 les femmes en ont particuli\u00e8rement besoin. En effet, la feuille de framboisier contient :<\/span><\/span><\/span><\/p>\n<ul>\n<li>\n<p align=\"JUSTIFY\"><span style=\"color: #000000;\"><span style=\"font-family: Arial, sans-serif;\"><span style=\"font-size: medium;\">Vitamine A, B, C, E,<\/span><\/span><\/span><\/p>\n<\/li>\n<li>\n<p align=\"JUSTIFY\"><span style=\"color: #000000;\"><span style=\"font-family: Arial, sans-serif;\"><span style=\"font-size: medium;\">Kalzium,<\/span><\/span><\/span><\/p>\n<\/li>\n<li>\n<p align=\"JUSTIFY\"><span style=\"color: #000000;\"><span style=\"font-family: Arial, sans-serif;\"><span style=\"font-size: medium;\">Magn\u00e9sium,<\/span><\/span><\/span><\/p>\n<\/li>\n<li>\n<p align=\"JUSTIFY\"><span style=\"color: #000000;\"><span style=\"font-family: Arial, sans-serif;\"><span style=\"font-size: medium;\">Kalium,<\/span><\/span><\/span><\/p>\n<\/li>\n<li>\n<p align=\"JUSTIFY\"><span style=\"color: #000000;\"><span style=\"font-family: Arial, sans-serif;\"><span style=\"font-size: medium;\">S\u00e4ure,<\/span><\/span><\/span><\/p>\n<\/li>\n<li>\n<p align=\"JUSTIFY\"><span style=\"color: #000000;\"><span style=\"font-family: Arial, sans-serif;\"><span style=\"font-size: medium;\">Eisen,<\/span><\/span><\/span><\/p>\n<\/li>\n<li>\n<p align=\"JUSTIFY\"><span style=\"color: #000000;\"><span style=\"font-family: Arial, sans-serif;\"><span style=\"font-size: medium;\">Zink,<\/span><\/span><\/span><\/p>\n<\/li>\n<li>\n<p align=\"JUSTIFY\"><span style=\"color: #000000;\"><span style=\"font-family: Arial, sans-serif;\"><span style=\"font-size: medium;\">Chrome,<\/span><\/span><\/span><\/p>\n<\/li>\n<li>\n<p align=\"JUSTIFY\"><span style=\"color: #000000;\"><span style=\"font-family: Arial, sans-serif;\"><span style=\"font-size: medium;\">Mangan\u00e8se,<\/span><\/span><\/span><\/p>\n<\/li>\n<li>\n<p align=\"JUSTIFY\"><span style=\"color: #000000;\"><span style=\"font-family: Arial, sans-serif;\"><span style=\"font-size: medium;\">Fragine.<\/span><\/span><\/span><\/p>\n<\/li>\n<\/ul>\n<p>&nbsp;<\/p>\n<p align=\"JUSTIFY\"><span style=\"color: #000000;\"><span style=\"font-family: Arial, sans-serif;\"><span style=\"font-size: medium;\">L\u2019histoire raconte que les feuilles de framboisier \u00e9taient utilis\u00e9es par les <\/span><\/span><\/span><strong><span style=\"color: #000000;\"><span style=\"font-family: Arial, sans-serif;\"><span style=\"font-size: medium;\">am\u00e9rindiennes<\/span><\/span><\/span><\/strong><span style=\"color: #000000;\"><span style=\"font-family: Arial, sans-serif;\"><span style=\"font-size: medium;\"> du nord\u00a0pour\u00a0:<\/span><\/span><\/span><\/p>\n<ul>\n<li>\n<p align=\"JUSTIFY\"><span style=\"color: #000000;\"><span style=\"font-family: Arial, sans-serif;\"><span style=\"font-size: medium;\">tonifier leur ut\u00e9rus<\/span><\/span><\/span><\/p>\n<\/li>\n<li>\n<p align=\"JUSTIFY\"><span style=\"color: #000000;\"><span style=\"font-family: Arial, sans-serif;\"><span style=\"font-size: medium;\">retrouver un \u00e9quilibre hormonal<\/span><\/span><\/span><\/p>\n<\/li>\n<li>\n<p align=\"JUSTIFY\"><span style=\"color: #000000;\"><span style=\"font-family: Arial, sans-serif;\"><span style=\"font-size: medium;\">r\u00e9guler leur cycle menstruel<\/span><\/span><\/span><\/p>\n<\/li>\n<li>\n<p align=\"JUSTIFY\"><span style=\"color: #000000;\"><span style=\"font-family: Arial, sans-serif;\"><span style=\"font-size: medium;\">stimuler la f\u00e9condit\u00e9<\/span><\/span><\/span><\/p>\n<\/li>\n<li>\n<p align=\"JUSTIFY\"><span style=\"color: #000000;\"><span style=\"font-family: Arial, sans-serif;\"><span style=\"font-size: medium;\">favoriser le travail \u00e0 l\u2019accouchement<\/span><\/span><\/span><\/p>\n<\/li>\n<li>\n<p align=\"JUSTIFY\"><span style=\"color: #000000;\"><span style=\"font-family: Arial, sans-serif;\"><span style=\"font-size: medium;\">soulager les sympt\u00f4mes de la <\/span><\/span><\/span><strong><span style=\"color: #000000;\"><span style=\"font-family: Arial, sans-serif;\"><span style=\"font-size: medium;\">m\u00e9nopause<\/span><\/span><\/span><\/strong><span style=\"color: #000000;\"><span style=\"font-family: Arial, sans-serif;\"><span style=\"font-size: medium;\">.<\/span><\/span><\/span><\/p>\n<\/li>\n<\/ul>\n<p align=\"JUSTIFY\"><span style=\"color: #000000;\"><span style=\"font-family: Arial, sans-serif;\"><span style=\"font-size: medium;\">Eine <\/span><\/span><\/span><span style=\"color: #000080;\"><span lang=\"fr-FR\"><span style=\"color: #000000;\"><span style=\"font-family: Arial, sans-serif;\"><span style=\"font-size: medium;\">\u00e9tude de l\u2019<\/span><\/span><\/span><\/span><\/span><span style=\"color: #000080;\"><span lang=\"fr-FR\"><span style=\"color: #000000;\"><span style=\"font-family: Arial, sans-serif;\"><span style=\"font-size: medium;\"><b>Universit\u00e9 de m\u00e9decine de Sydney<\/b><\/span><\/span><\/span><\/span><\/span> <span style=\"color: #000000;\"><span style=\"font-family: Arial, sans-serif;\"><span style=\"font-size: medium;\">effectu\u00e9e en 2001 sur un \u00e9chantillon de 108 femmes, a d\u00e9montr\u00e9 ces r\u00e9sultats. Selon cette \u00e9tude, les feuilles de framboisier concourent \u00e0 <strong>raccourcir le temps de l\u2019accouchement, sans aucun effet secondaire, et diminuerait la probabilit\u00e9 d\u2019accouchement pr\u00e9matur\u00e9 ou apr\u00e8s terme.<\/strong> <\/span><\/span><\/span><\/p>\n<h2 class=\"western\" align=\"JUSTIFY\"><span style=\"color: #000000;\"><span style=\"font-family: Arial, sans-serif;\"><span style=\"font-size: medium;\"><u>Nutzen und Tugenden der Himbeerbl\u00e4tter<\/u><\/span><\/span><\/span><\/h2>\n<ul>\n<li class=\"western\"><span style=\"color: #000000;\"><span style=\"font-family: Arial, sans-serif;\"><span style=\"font-size: medium;\"><u><b>Pour les femmes\u00a0:<\/b><\/u><\/span><\/span><\/span><\/li>\n<\/ul>\n<p align=\"JUSTIFY\"><span style=\"color: #000000;\"><span style=\"font-family: Arial, sans-serif;\"><span style=\"font-size: medium;\">Vor der Schwangerschaft sind sie eine ausgezeichnete nat\u00fcrliche Ressource f\u00fcr eine gute <\/span><\/span><\/span><strong><span style=\"color: #000000;\"><span style=\"font-family: Arial, sans-serif;\"><span style=\"font-size: medium;\">\u00e9quilibre hormonal<\/span><\/span><\/span><\/strong><span style=\"color: #000000;\"><span style=\"font-family: Arial, sans-serif;\"><span style=\"font-size: medium;\"> ainsi qu\u2019une r\u00e9gularisation des cycles menstruels. Son effet <\/span><\/span><\/span><strong><span style=\"color: #000000;\"><span style=\"font-family: Arial, sans-serif;\"><span style=\"font-size: medium;\">krampfl\u00f6send<\/span><\/span><\/span><\/strong><span style=\"color: #000000;\"><span style=\"font-family: Arial, sans-serif;\"><span style=\"font-size: medium;\"> sur les muscles ut\u00e9rins permet de soulager les <\/span><\/span><\/span><strong><span style=\"color: #000000;\"><span style=\"font-family: Arial, sans-serif;\"><span style=\"font-size: medium;\">r\u00e8gles douloureuses<\/span><\/span><\/span><\/strong><span style=\"color: #000000;\"><span style=\"font-family: Arial, sans-serif;\"><span style=\"font-size: medium;\">. <\/span><\/span><\/span><\/p>\n<ul>\n<li class=\"western\"><span style=\"color: #000000;\"><span style=\"font-family: Arial, sans-serif;\"><span style=\"font-size: medium;\"><u><b>Pour les femmes enceintes\u00a0:<\/b><\/u><\/span><\/span><\/span><\/li>\n<\/ul>\n<p align=\"JUSTIFY\"><span style=\"color: #000000;\"><span style=\"font-family: Arial, sans-serif;\"><span style=\"font-size: medium;\">Das Geheimnis des Himbeerblatts ist, dass es Folgendes enth\u00e4lt<\/span><\/span><\/span><span style=\"color: #000000;\"><span style=\"font-family: Arial, sans-serif;\"><span style=\"font-size: medium;\"> der <\/span><\/span><\/span><strong><span style=\"color: #000000;\"><span style=\"font-family: Arial, sans-serif;\"><span style=\"font-size: medium;\">fragine<\/span><\/span><\/span><\/strong><span style=\"color: #000000;\"><span style=\"font-family: Arial, sans-serif;\"><span style=\"font-size: medium;\">, une mol\u00e9cule qui int\u00e9resse les femmes enceintes. <\/span><\/span><\/span><\/p>\n<p align=\"JUSTIFY\"><span style=\"color: #000000;\"><span style=\"font-family: Arial, sans-serif;\"><span style=\"font-size: medium;\">Cette mol\u00e9cule que l\u2019on trouve en quantit\u00e9 dans les feuilles de framboisier stimule sp\u00e9cifiquement les muscles de l\u2019ut\u00e9rus mais n\u2019agit pas sur le col. Son action relaxante et tonifiante agit directement sur le muscle favorisant son activit\u00e9. <\/span><\/span><\/span><\/p>\n<p align=\"JUSTIFY\"><span style=\"color: #000000;\"><span style=\"font-family: Arial, sans-serif;\"><span style=\"font-size: medium;\">Cette substance permet \u00e0 l\u2019ut\u00e9rus de se d\u00e9tendre plus efficacement lorsqu\u2019il est contract\u00e9 et inversement de favoriser sa contraction quand il est d\u00e9tendu. <\/span><\/span><\/span><\/p>\n<p align=\"JUSTIFY\"><span style=\"color: #000000;\"><span style=\"font-family: Arial, sans-serif;\"><span style=\"font-size: medium;\">De plus, leurs effets tonifiants sur l\u2019ut\u00e9rus r\u00e9duisent les risques de fausse couche.<\/span><\/span><\/span><\/p>\n<p align=\"JUSTIFY\"><span style=\"color: #000000;\"><span style=\"font-family: Arial, sans-serif;\"><span style=\"font-size: medium;\">\u00c0 l\u2019<\/span><\/span><\/span><strong><span style=\"color: #000000;\"><span style=\"font-family: Arial, sans-serif;\"><span style=\"font-size: medium;\">Geburt<\/span><\/span><\/span><\/strong><span style=\"color: #000000;\"><span style=\"font-family: Arial, sans-serif;\"><span style=\"font-size: medium;\">ihre <\/span><\/span><\/span><strong><span style=\"color: #000000;\"><span style=\"font-family: Arial, sans-serif;\"><span style=\"font-size: medium;\">Anti-Kontrakt-Effekt<\/span><\/span><\/span><\/strong><span style=\"color: #000000;\"><span style=\"font-family: Arial, sans-serif;\"><span style=\"font-size: medium;\"> et tonifiant sur l\u2019ut\u00e9rus<strong> favorise le travail de la d\u00e9livrance.<\/strong><\/span><\/span><\/span><\/p>\n<ul>\n<li><span style=\"color: #000000;\"><span style=\"font-family: Arial, sans-serif;\"><span style=\"font-size: medium;\"><u><b>Pour tous\u00a0:<\/b><\/u><\/span><\/span><\/span><\/li>\n<\/ul>\n<p align=\"JUSTIFY\"><span style=\"color: #000000;\"><span style=\"font-family: Arial, sans-serif;\"><span style=\"font-size: medium;\">Zur Bek\u00e4mpfung von <\/span><\/span><\/span><strong><span style=\"color: #000000;\"><span style=\"font-family: Arial, sans-serif;\"><span style=\"font-size: medium;\"><b>probl\u00e8mes intestinaux<\/b><\/span><\/span><\/span><\/strong><span style=\"color: #000000;\"><span style=\"font-family: Arial, sans-serif;\"><span style=\"font-size: medium;\"> (indigestion, diarrh\u00e9es), les <\/span><\/span><\/span><strong><span style=\"color: #000000;\"><span style=\"font-family: Arial, sans-serif;\"><span style=\"font-size: medium;\">phytoth\u00e9rapeutes<\/span><\/span><\/span><\/strong><span style=\"color: #000000;\"><span style=\"font-family: Arial, sans-serif;\"><span style=\"font-size: medium;\"> empfehlen die Bl\u00e4tter der Himbeere wegen ihrer Wirkung <\/span><\/span><\/span><strong><span style=\"color: #000000;\"><span style=\"font-family: Arial, sans-serif;\"><span style=\"font-size: medium;\">adstringierend<\/span><\/span><\/span><\/strong><span style=\"color: #000000;\"><span style=\"font-family: Arial, sans-serif;\"><span style=\"font-size: medium;\">. <\/span><\/span><\/span><\/p>\n<p align=\"JUSTIFY\"><span style=\"color: #000000;\"><span style=\"font-family: Arial, sans-serif;\"><span style=\"font-size: medium;\">Zur Linderung von <\/span><\/span><\/span><span style=\"color: #000000;\"><span style=\"font-family: Arial, sans-serif;\"><span style=\"font-size: medium;\"><b>Halsschmerzen<\/b><\/span><\/span><\/span><span style=\"color: #000000;\"><span style=\"font-family: Arial, sans-serif;\"><span style=\"font-size: medium;\">, un bain de bouche de tisane \u00e0 base feuilles de framboisier est souvent conseill\u00e9.<\/span><\/span><\/span><\/p>\n<p align=\"JUSTIFY\"><span style=\"color: #000000;\"><span style=\"font-family: Arial, sans-serif;\"><span style=\"font-size: medium;\">Elle favorise \u00e9galement la <\/span><\/span><\/span><span style=\"color: #000000;\"><span style=\"font-family: Arial, sans-serif;\"><span style=\"font-size: medium;\"><b>fertilit\u00e9<\/b><\/span><\/span><\/span><span style=\"color: #000000;\"><span style=\"font-family: Arial, sans-serif;\"><span style=\"font-size: medium;\"> sowohl bei M\u00e4nnern als auch bei Frauen.<\/span><\/span><\/span><\/p>\n<p align=\"JUSTIFY\"><span style=\"color: #000000;\"><span style=\"font-family: Arial, sans-serif;\"><span style=\"font-size: medium;\"><u>En r\u00e9sum\u00e9 la tisane de feuille de framboisier est conseill\u00e9e\u00a0:<\/u><\/span><\/span><\/span><\/p>\n<ul>\n<li>\n<p align=\"JUSTIFY\"><span style=\"color: #000000;\"><span style=\"font-family: Arial, sans-serif;\"><span style=\"font-size: medium;\">imp\u00e9rativement aux femmes enceintes <strong>in ihrem letzten Drittel der Schwangerschaft<\/strong>\u00a0!<\/span><\/span><\/span><\/p>\n<\/li>\n<li>\n<p align=\"JUSTIFY\"><span style=\"color: #000000;\"><span style=\"font-family: Arial, sans-serif;\"><span style=\"font-size: medium;\">um die Wehen anzuregen,<\/span><\/span><\/span><\/p>\n<\/li>\n<li>\n<p align=\"JUSTIFY\"><span style=\"color: #000000;\"><span style=\"font-family: Arial, sans-serif;\"><span style=\"font-size: medium;\">pour soulager la d\u00e9tente des muscles de l\u2019ut\u00e9rus,<\/span><\/span><\/span><\/p>\n<\/li>\n<li>\n<p align=\"JUSTIFY\"><span style=\"color: #000000;\"><span style=\"font-family: Arial, sans-serif;\"><span style=\"font-size: medium;\">pour favoriser le travail et la d\u00e9livrance,<\/span><\/span><\/span><\/p>\n<\/li>\n<li>\n<p align=\"JUSTIFY\"><span style=\"color: #000000;\"><span style=\"font-family: Arial, sans-serif;\"><span style=\"font-size: medium;\">pour gu\u00e9rir les maux dues \u00e0 une grossesse (naus\u00e9e, constipation).<\/span><\/span><\/span><\/p>\n<\/li>\n<li>\n<p align=\"JUSTIFY\"><span style=\"color: #000000;\"><span style=\"font-family: Arial, sans-serif;\"><span style=\"font-size: medium;\">pour lutter contre les probl\u00e8mes intestinaux,<\/span><\/span><\/span><\/p>\n<\/li>\n<li>\n<p align=\"JUSTIFY\"><span style=\"color: #000000;\"><span style=\"font-family: Arial, sans-serif;\"><span style=\"font-size: medium;\">pour soulager les r\u00e8gles douloureuses,<\/span><\/span><\/span><\/p>\n<\/li>\n<li>\n<p align=\"JUSTIFY\"><span style=\"color: #000000;\"><span style=\"font-family: Arial, sans-serif;\"><span style=\"font-size: medium;\">pour favoriser la fertilit\u00e9.<\/span><\/span><\/span><\/p>\n<\/li>\n<\/ul>\n<p align=\"JUSTIFY\"><span style=\"color: #000000;\"><span style=\"font-family: Arial, sans-serif;\"><span style=\"font-size: medium;\"><u><b>Attention\u00a0:<\/b><\/u><\/span><\/span><\/span><span style=\"color: #000000;\"><span style=\"font-family: Arial, sans-serif;\"><span style=\"font-size: medium;\"><b> elle est tr\u00e8s fortement d\u00e9conseill\u00e9 aux femmes enceintes de moins de 6 mois de grossesses.<\/b><\/span><\/span><\/span><\/p>\n<h2 class=\"western\" align=\"JUSTIFY\"><span style=\"color: #000000;\"><span style=\"font-family: Arial, sans-serif;\"><span style=\"font-size: medium;\"><u>Comment l&rsquo;utiliser\u00a0?<\/u><\/span><\/span><\/span><\/h2>\n<p align=\"JUSTIFY\"><span style=\"color: #000000;\"><span style=\"font-family: Arial, sans-serif;\"><span style=\"font-size: medium;\">Man verwendet die Bl\u00e4tter der Himbeere<\/span><\/span><\/span><strong><span style=\"color: #000000;\"><span style=\"font-family: Arial, sans-serif;\"><span style=\"font-size: medium;\"> als Aufguss :<\/span><\/span><\/span><\/strong><\/p>\n<p align=\"JUSTIFY\"><span style=\"color: #000000;\"><span style=\"font-family: Arial, sans-serif;\"><span style=\"font-size: medium;\">Dans 50 cl d\u2019eau, faire bouillir pendant 5 minutes, 2 \u00e0 3 cuill\u00e8res \u00e0 caf\u00e9 de feuilles s\u00e9ch\u00e9es de framboisier. Filtrer. Boire 1 tasse, 2 ou 3 fois par jour.<\/span><\/span><\/span><\/p>\n<p align=\"JUSTIFY\"><span style=\"color: #000000;\"><span style=\"font-family: Arial, sans-serif;\"><span style=\"font-size: medium;\">Vous pouvez-y ajouter du citron et\/ou du miel pour am\u00e9liorer le go\u00fbt de cette tisane aux 1001 vertus.<\/span><\/span><\/span><\/p>\n<p align=\"JUSTIFY\"><span style=\"color: #000000;\"><span style=\"font-family: Arial, sans-serif;\"><span style=\"font-size: medium;\"><i>Attention\u00a0: la consommation de tisane de framboisier ne vient qu\u2019en compl\u00e9ment d\u2019un v\u00e9ritable travail avec une sage-femme et ne se substitue en aucun cas aux m\u00e9thodes d\u2019accouchement classiques.<\/i><\/span><\/span><\/span><\/p>\n<p><span style=\"font-family: Liberation Sans, sans-serif;\"><u><b>Ing<\/b><\/u><u><b>r<\/b><\/u><u><b>INCI-Erzeugnisse:<\/b><\/u><\/span><\/p>\n<p><span style=\"color: #00000a;\"><span style=\"font-family: Liberation Sans, sans-serif;\"><span style=\"font-size: medium;\">Himbeerbl\u00e4tter<\/span><\/span><\/span><\/p>\n<p><span style=\"font-family: Liberation Sans, sans-serif;\"><u><b>Herkunft :<\/b><\/u> <span style=\"font-size: medium;\">Frankreich<\/span><\/span><\/p>\n<p><u><b>Inhalt :<\/b><\/u><span style=\"color: #000000;\"><span style=\"font-family: Arial, sans-serif;\"><span style=\"font-size: medium;\"> 50g<\/span><\/span><\/span><b> <\/b><\/p>","protected":false},"excerpt":{"rendered":"<p align=\"JUSTIFY\"><span style=\"color: #000000;\"><span style=\"font-family: Arial, sans-serif;\"><span style=\"font-size: medium;\">La tisane de framboisier est tr\u00e8s r\u00e9put\u00e9e dans les pays anglo-saxons pour les<strong> schwangere Frauen im letzten Drittel der Schwangerschaft<\/strong>. En France, elle est encore assez m\u00e9connue.<\/span><\/span><\/span><\/p>\n<p align=\"JUSTIFY\"><span style=\"color: #000000;\"><span style=\"font-family: Arial, sans-serif;\"><span style=\"font-size: medium;\">Sie <strong>erleichtert die Geburt<\/strong> denn sie macht die Arbeit leichter, stimuliert <\/span><\/span><\/span><span style=\"color: #000000;\"><span style=\"font-family: Arial, sans-serif;\"><span style=\"font-size: medium;\">les contractions et soulage la d\u00e9tente des muscles de l\u2019ut\u00e9rus.<\/span><\/span><\/span><\/p>\n<p align=\"JUSTIFY\"><span style=\"color: #000000;\"><span style=\"font-family: Arial, sans-serif;\"><span style=\"font-size: medium;\">Sie ist auch bekannt f\u00fcr <strong>soulager les r\u00e8gles douloureuses et booster la fertilit\u00e9<\/strong> sowohl bei M\u00e4nnern als auch bei Frauen.<\/span><\/span><\/span><\/p>","protected":false},"featured_media":1664,"template":"","meta":[],"product_brand":[],"product_cat":[28,27,54],"product_tag":[],"class_list":{"0":"post-1661","1":"product","2":"type-product","3":"status-publish","4":"has-post-thumbnail","6":"product_cat-medecine-sante","7":"product_cat-bien-etre","8":"product_cat-tisane","10":"first","11":"instock","12":"shipping-taxable","13":"purchasable","14":"product-type-simple"},"_links":{"self":[{"href":"https:\/\/1001vertus.com\/de\/wp-json\/wp\/v2\/product\/1661","targetHints":{"allow":["GET"]}}],"collection":[{"href":"https:\/\/1001vertus.com\/de\/wp-json\/wp\/v2\/product"}],"about":[{"href":"https:\/\/1001vertus.com\/de\/wp-json\/wp\/v2\/types\/product"}],"wp:featuredmedia":[{"embeddable":true,"href":"https:\/\/1001vertus.com\/de\/wp-json\/wp\/v2\/media\/1664"}],"wp:attachment":[{"href":"https:\/\/1001vertus.com\/de\/wp-json\/wp\/v2\/media?parent=1661"}],"wp:term":[{"taxonomy":"product_brand","embeddable":true,"href":"https:\/\/1001vertus.com\/de\/wp-json\/wp\/v2\/product_brand?post=1661"},{"taxonomy":"product_cat","embeddable":true,"href":"https:\/\/1001vertus.com\/de\/wp-json\/wp\/v2\/product_cat?post=1661"},{"taxonomy":"product_tag","embeddable":true,"href":"https:\/\/1001vertus.com\/de\/wp-json\/wp\/v2\/product_tag?post=1661"}],"curies":[{"name":"wp","href":"https:\/\/api.w.org\/{rel}","templated":true}]}}