{"id":16159,"date":"2023-10-22T18:06:21","date_gmt":"2023-10-22T17:06:21","guid":{"rendered":"https:\/\/1001vertus.com\/?post_type=product&#038;p=16159"},"modified":"2026-01-07T10:29:04","modified_gmt":"2026-01-07T09:29:04","slug":"kakaool","status":"publish","type":"product","link":"https:\/\/1001vertus.com\/de\/produit\/huile-de-cacay\/","title":{"rendered":"Amazonas-Kakao\u00f6l 10ml"},"content":{"rendered":"<p>Unser Kakao\u00f6l wird aus einer <strong>cha\u00eene d&rsquo;approvisionnement responsable, durable et \u00e9thique<\/strong>. Ci-dessous d\u00e9couvrez ses nombreux bienfaits !<\/p>\n<h2><strong>Cacay-\u00d6l, ein nat\u00fcrlicher Reichtum mit vielen Vorteilen<\/strong><\/h2>\n<p>Riche en vitamines et en nutriments essentiels pour la peau, cette huile naturelle est devenue un ingr\u00e9dient pris\u00e9 dans l&rsquo;industrie cosm\u00e9tique.<\/p>\n<p><strong>Voici quelques-uns des bienfaits de cette huile pr\u00e9cieuse :<\/strong><\/p>\n<ul>\n<li><strong>Feuchtigkeitsversorgung<\/strong> : gr\u00e2ce \u00e0 sa teneur \u00e9lev\u00e9e en acide linol\u00e9ique. L&rsquo;huile de Cacay aide \u00e0 nourrir et hydrater la peau en profondeur.<\/li>\n<li><strong>R\u00e9g\u00e9n\u00e9ration cellulaire<\/strong> : les vitamines A et E pr\u00e9sentes dans cette huile favorisent le renouvellement cellulaire et la production de collag\u00e8ne. Maintenant ainsi l&rsquo;\u00e9lasticit\u00e9 et la fermet\u00e9 de la peau.<\/li>\n<li><strong>Antioxidans<\/strong>\u00a0: les antioxydants contenus dans l&rsquo;huile de Cacay prot\u00e8gent la peau des agressions ext\u00e9rieures et du vieillissement pr\u00e9matur\u00e9.<\/li>\n<li><strong>Entz\u00fcndungshemmend<\/strong> : gr\u00e2ce \u00e0 ses propri\u00e9t\u00e9s anti-inflammatoires, cette huile b\u00e9n\u00e9fique aide \u00e0 apaiser les irritations et les rougeurs cutan\u00e9es.<\/li>\n<\/ul>\n<h3><strong>Les diff\u00e9rentes utilisations de l&rsquo;huile de Cacay<\/strong><\/h3>\n<p>Elle est un produit polyvalent qui peut \u00eatre utilis\u00e9 pour diverses applications, tant pour la beaut\u00e9 que pour la sant\u00e9.<\/p>\n<p><strong>Hier sind einige Beispiele f\u00fcr m\u00f6gliche Verwendungszwecke:<\/strong><\/p>\n<ul>\n<li><strong>In der Gesichtspflege<\/strong> : appliqu\u00e9e directement sur la peau, elle permet de l&rsquo;hydrater et la prot\u00e9ger tout au long de la journ\u00e9e.<\/li>\n<li><a href=\"https:\/\/1001vertus.com\/de\/product-category\/massageol\/\"><strong>In Massage<\/strong><\/a> : m\u00e9lang\u00e9e avec d&rsquo;autres huiles v\u00e9g\u00e9tales ou essentielles. Elle favorise la d\u00e9tente et le bien-\u00eatre.<\/li>\n<li><strong>In der Haarbehandlung<\/strong> : Beim Auftragen auf das Haar und die Kopfhaut. Cacay-\u00d6l n\u00e4hrt, st\u00e4rkt und <a href=\"https:\/\/1001vertus.com\/de\/product\/lincroyable-serum-repousse-de-1001-vertus\/\"><strong>regt das Haarwachstum an<\/strong><\/a>.<\/li>\n<\/ul>\n<h3><strong>Des pratiques \u00e9thiques et durables pour pr\u00e9server l&rsquo;environnement et soutenir les communaut\u00e9s locales<\/strong><\/h3>\n<p>Notre engagement envers la protection de l&rsquo;environnement par la mise en place de pratiques \u00e9thiques et durables :<\/p>\n<ul>\n<li><strong>R\u00e9colte responsable<\/strong> : les fruits de Cacay sont r\u00e9colt\u00e9s de mani\u00e8re durable et respectueuse de l&rsquo;environnement. Sans endommager les arbres ni perturber les \u00e9cosyst\u00e8mes locaux.<\/li>\n<li><strong>Espaces verts prot\u00e9g\u00e9s<\/strong> : afin de pr\u00e9server la biodiversit\u00e9 et de lutter contre la d\u00e9forestation. Nos partenaires s\u2019engagent \u00e0 conserver et entretenir les espaces naturels qui entourent les exploitations de Cacay et \u00e0 participer activement \u00e0 des projets de reboisement.<\/li>\n<\/ul>\n<p>En faisant le choix de l&rsquo;huile vierge de Cacay, vous participez activement \u00e0 la pr\u00e9servation de notre plan\u00e8te et au soutien des communaut\u00e9s locales en Colombie.<\/p>","protected":false},"excerpt":{"rendered":"<p><strong>Ingr\u00e9dients\u00a0: CARYODENDRON ORINOCENSE SEED OIL<\/strong><\/p>\n<ul>\n<li>Origine : Br\u00e9sil<\/li>\n<li>Herkunft: UK<\/li>\n<li>Usage :\u00a0Cosm\u00e9tique<\/li>\n<li>Extrahierter Teil: Walnuss<\/li>\n<li>Proc\u00e9d\u00e9 d\u2019obtention : Premi\u00e8re pression \u00e0 froid.<\/li>\n<li>Qualit\u00e9 : 100% naturelle.<\/li>\n<li>N\u00b0 LOT : 4460603<\/li>\n<li>P.A.O. : 12\u00a0mois apr\u00e8s ouverture<\/li>\n<\/ul>","protected":false},"featured_media":16160,"template":"","meta":[],"product_brand":[],"product_cat":[71,27,15],"product_tag":[],"class_list":{"0":"post-16159","1":"product","2":"type-product","3":"status-publish","4":"has-post-thumbnail","6":"product_cat-nigelle-source","7":"product_cat-bien-etre","8":"product_cat-huiles-bio","10":"first","11":"instock","12":"shipping-taxable","13":"purchasable","14":"product-type-simple"},"_links":{"self":[{"href":"https:\/\/1001vertus.com\/de\/wp-json\/wp\/v2\/product\/16159","targetHints":{"allow":["GET"]}}],"collection":[{"href":"https:\/\/1001vertus.com\/de\/wp-json\/wp\/v2\/product"}],"about":[{"href":"https:\/\/1001vertus.com\/de\/wp-json\/wp\/v2\/types\/product"}],"wp:featuredmedia":[{"embeddable":true,"href":"https:\/\/1001vertus.com\/de\/wp-json\/wp\/v2\/media\/16160"}],"wp:attachment":[{"href":"https:\/\/1001vertus.com\/de\/wp-json\/wp\/v2\/media?parent=16159"}],"wp:term":[{"taxonomy":"product_brand","embeddable":true,"href":"https:\/\/1001vertus.com\/de\/wp-json\/wp\/v2\/product_brand?post=16159"},{"taxonomy":"product_cat","embeddable":true,"href":"https:\/\/1001vertus.com\/de\/wp-json\/wp\/v2\/product_cat?post=16159"},{"taxonomy":"product_tag","embeddable":true,"href":"https:\/\/1001vertus.com\/de\/wp-json\/wp\/v2\/product_tag?post=16159"}],"curies":[{"name":"wp","href":"https:\/\/api.w.org\/{rel}","templated":true}]}}