{"id":16030,"date":"2023-10-18T16:18:46","date_gmt":"2023-10-18T15:18:46","guid":{"rendered":"https:\/\/1001vertus.com\/?post_type=product&#038;p=16030"},"modified":"2026-05-05T10:57:15","modified_gmt":"2026-05-05T09:57:15","slug":"nigella-honig-aus-marokko","status":"publish","type":"product","link":"https:\/\/1001vertus.com\/de\/produit\/miel-de-nigelle-du-maroc\/","title":{"rendered":"Reiner Honig aus Marokko mit Nigella - 250g"},"content":{"rendered":"<p>Le miel de nigelle est un v\u00e9ritable tr\u00e9sor provenant directement du Maroc. Appr\u00e9ci\u00e9 pour ses vertus th\u00e9rapeutiques et son go\u00fbt unique. Il est produit \u00e0 partir du nectar des fleurs de chardon et des <a href=\"https:\/\/1001vertus.com\/de\/product\/samen-von-thiopischem-nigella-abyssinia-habachya\/\"><strong>Nigella-Samen<\/strong><\/a>\u00a0<strong>habba saouda<\/strong>. Ici, nous allons explorer les diff\u00e9rents aspects de ce miel pr\u00e9cieux, ainsi que les raisons pour lesquelles il est si appr\u00e9ci\u00e9.<\/p>\n<h2><strong>Herkunft und Produktion von Nigella-Honig in Marokko<\/strong><\/h2>\n<p>La nigelle, \u00e9galement connue sous le nom d&rsquo;habba saouda, est une plante qui pousse naturellement dans plusieurs r\u00e9gions du Maroc. Son utilisation remonte \u00e0 l&rsquo;\u00e9poque des anciennes civilisations \u00e9gyptiennes et grecques, et elle \u00e9tait d\u00e9j\u00e0 reconnue pour ses nombreuses propri\u00e9t\u00e9s m\u00e9dicinales.<\/p>\n<p>Aujourd&rsquo;hui, la culture de la nigelle et la production du miel de nigelle sont principalement concentr\u00e9es dans certaines r\u00e9gions montagneuses du Maroc. Les apiculteurs locaux utilisent des techniques traditionnelles pour r\u00e9colter le nectar et fabriquer un miel de qualit\u00e9 sup\u00e9rieure.<\/p>\n<h3><strong>Les \u00e9tapes de production<\/strong><\/h3>\n<ol>\n<li><strong>R\u00e9colte du nectar<\/strong> : durant la saison de floraison, les abeilles butinent les fleurs de nigelle pour collecter leur pr\u00e9cieux nectar.<\/li>\n<li><strong>Verarbeitung zu Honig<\/strong> : les abeilles transportent le nectar dans leurs ruches et le transforment en miel. Ceci gr\u00e2ce \u00e0 un processus de d\u00e9shydratation et d&rsquo;enzymatisation.<\/li>\n<li><strong>R\u00e9colte du miel<\/strong> : les apiculteurs r\u00e9cup\u00e8rent les rayons de miel, tout en prenant soin de pr\u00e9server l&rsquo;int\u00e9grit\u00e9 des ruches et des colonies d&rsquo;abeilles.<\/li>\n<li><strong>Filtern und Verpacken<\/strong> : le miel est ensuite filtr\u00e9 pour \u00e9liminer les impuret\u00e9s. Il est emball\u00e9 dans des pots herm\u00e9tiques pour pr\u00e9server sa fra\u00eecheur et ses propri\u00e9t\u00e9s.<\/li>\n<\/ol>\n<h2><strong>Les bienfaits du miel de nigelle pour la sant\u00e9<\/strong><\/h2>\n<p>Le miel de nigelle est reconnu pour ses nombreuses vertus m\u00e9dicinales et ses effets b\u00e9n\u00e9fiques sur la sant\u00e9. Voici quelques-uns des avantages qu&rsquo;il procure :<\/p>\n<ul>\n<li><strong>St\u00e4rkung des Immunsystems<\/strong> : gr\u00e2ce \u00e0 sa richesse en nutriments et en antioxydants. La consommation r\u00e9guli\u00e8re de miel de habba saouda aide \u00e0 stimuler le syst\u00e8me immunitaire et \u00e0 pr\u00e9venir les infections.<\/li>\n<li><strong>Verbesserung der Verdauung<\/strong> : les propri\u00e9t\u00e9s carminatives et anti-inflammatoires de la nigelle contribuent \u00e0 soulager les troubles digestifs. Favorisant ainsi une meilleure digestion.<\/li>\n<li><strong>Linderung von Atembeschwerden<\/strong> : le miel de nigelle aux propri\u00e9t\u00e9s expectorantes et antitussives. Aidant ainsi \u00e0 apaiser les toux tenaces et \u00e0 d\u00e9gager les voies respiratoires encombr\u00e9es.<\/li>\n<li><strong>Linderung von Gelenkschmerzen<\/strong>\u00a0: les effets anti-inflammatoires de la nigelle peuvent \u00e9galement aider \u00e0 r\u00e9duire les douleurs et les inflammations associ\u00e9es \u00e0 l&rsquo;arthrite ou aux autres troubles articulaires.<\/li>\n<li><strong>R\u00e9gulation de la glyc\u00e9mie<\/strong> : le miel de nigelle a un faible indice glyc\u00e9mique. Il peut contribuer \u00e0 r\u00e9guler la glyc\u00e9mie chez les diab\u00e9tiques ou les personnes cherchant \u00e0 contr\u00f4ler leur taux de sucre dans le sang.<\/li>\n<\/ul>\n<h2><strong>Kulinarischer Gebrauch von Habba-Saudahonig<\/strong><\/h2>\n<p>Le miel de nigelle au Maroc est non seulement appr\u00e9ci\u00e9 pour ses vertus m\u00e9dicinales mais aussi pour sa saveur unique, qui se distingue par des notes \u00e9pic\u00e9es et l\u00e9g\u00e8rement am\u00e8res. Voici quelques suggestions pour int\u00e9grer ce miel d\u00e9licieux et b\u00e9n\u00e9fique dans votre cuisine :<\/p>\n<ul>\n<li><strong>Schnitten und Toast<\/strong> : \u00e9talez g\u00e9n\u00e9reusement du miel de nigelle sur une tranche de pain grill\u00e9 ou de brioche. Profiter de sa saveur riche et complexe d\u00e8s le petit-d\u00e9jeuner.<\/li>\n<li><strong>Hei\u00dfe Getr\u00e4nke<\/strong> : ajoutez une cuill\u00e8re \u00e0 caf\u00e9 de miel de nigelle dans votre tasse de th\u00e9 ou de caf\u00e9. Cela afin de lui donner une touche sucr\u00e9e et \u00e9nergisante.<\/li>\n<li><strong>Plats sal\u00e9s<\/strong> : le miel de habba saouda peut \u00e9galement \u00eatre utilis\u00e9 comme marinade pour les viandes ou les l\u00e9gumes avant cuisson. Cela afin d&rsquo;apporter un go\u00fbt unique \u00e0 vos recettes favorites.<\/li>\n<li><strong>Desserts und Geb\u00e4ck<\/strong> : profitez des notes \u00e9pic\u00e9es du miel de nigelle pour r\u00e9aliser des cr\u00e9ations sucr\u00e9es. Telles que cr\u00e8mes br\u00fbl\u00e9es, mousses au chocolat ou tartelettes aux fruits.<\/li>\n<\/ul>\n<h2><strong>Wie w\u00e4hlt man Habba-Saudahonig aus und wie bewahrt man ihn auf?<\/strong><\/h2>\n<p>Pour profiter pleinement des avantages du miel de nigelle en provenance du Maroc, il est essentiel de choisir un produit de qualit\u00e9 sup\u00e9rieure. Voici quelques conseils pour vous guider dans votre achat :<\/p>\n<ul>\n<li><strong>Herkunft<\/strong> : privil\u00e9giez un miel de habba saouda authentique originaire du Maroc et \u00e9vitez les contrefa\u00e7ons ou les m\u00e9langes de moindre qualit\u00e9.<\/li>\n<li><strong>Zusammensetzung<\/strong>\u00a0: assurez-vous que le miel est 100 % pur et naturel, sans ajout d&rsquo;ar\u00f4mes artificiels ni de conservateurs chimiques.<\/li>\n<li><strong>Farbe und Textur<\/strong>\u00a0: un miel de nigelle de qualit\u00e9 pr\u00e9sente g\u00e9n\u00e9ralement une couleur ambr\u00e9e avec des nuances fonc\u00e9es, ainsi qu&rsquo;une consistance onctueuse et lisse.<\/li>\n<\/ul>\n<p>Une fois achet\u00e9, conservez votre pot de miel de nigelle dans un endroit frais et sec. \u00c0 l&rsquo;abri de la lumi\u00e8re et de l&rsquo;humidit\u00e9. Bien conserv\u00e9, il peut se garder pendant plusieurs ann\u00e9es sans alt\u00e9ration de ses qualit\u00e9s gustatives et nutritionnelles.<\/p>\n<h3><strong>Partez \u00e0 la\u00a0rencontre\u00a0du miel de nigelle du Maroc<\/strong><\/h3>\n<p>Le miel de nigelle au Maroc vous offre une exp\u00e9rience gustative unique alliant la force des graines de nigelle \u00e0 la douceur sucr\u00e9e du miel. Ses nombreuses vertus et usages en font un v\u00e9ritable tr\u00e9sor pour votre sant\u00e9 et vos papilles. Ne tardez pas \u00e0 en faire l&rsquo;essai et \u00e0 l&rsquo;int\u00e9grer dans vos recettes favorites.<\/p>","protected":false},"excerpt":{"rendered":"<p>Le miel de nigelle est un v\u00e9ritable tr\u00e9sor provenant directement du Maroc. Appr\u00e9ci\u00e9 pour ses vertus th\u00e9rapeutiques et son go\u00fbt unique. Il est produit \u00e0 partir du nectar des fleurs de chardon et des graines de nigelle\u00a0habba saouda. Ici, nous allons explorer les diff\u00e9rents aspects de ce miel pr\u00e9cieux, ainsi que les raisons pour lesquelles [&#8230;]\n","protected":false},"featured_media":16031,"template":"","meta":[],"product_brand":[],"product_cat":[26,68,25],"product_tag":[],"class_list":{"0":"post-16030","1":"product","2":"type-product","3":"status-publish","4":"has-post-thumbnail","6":"product_cat-nigelle","7":"product_cat-miel-maroc","8":"product_cat-miels","10":"first","11":"instock","12":"shipping-taxable","13":"purchasable","14":"product-type-simple"},"_links":{"self":[{"href":"https:\/\/1001vertus.com\/de\/wp-json\/wp\/v2\/product\/16030","targetHints":{"allow":["GET"]}}],"collection":[{"href":"https:\/\/1001vertus.com\/de\/wp-json\/wp\/v2\/product"}],"about":[{"href":"https:\/\/1001vertus.com\/de\/wp-json\/wp\/v2\/types\/product"}],"wp:featuredmedia":[{"embeddable":true,"href":"https:\/\/1001vertus.com\/de\/wp-json\/wp\/v2\/media\/16031"}],"wp:attachment":[{"href":"https:\/\/1001vertus.com\/de\/wp-json\/wp\/v2\/media?parent=16030"}],"wp:term":[{"taxonomy":"product_brand","embeddable":true,"href":"https:\/\/1001vertus.com\/de\/wp-json\/wp\/v2\/product_brand?post=16030"},{"taxonomy":"product_cat","embeddable":true,"href":"https:\/\/1001vertus.com\/de\/wp-json\/wp\/v2\/product_cat?post=16030"},{"taxonomy":"product_tag","embeddable":true,"href":"https:\/\/1001vertus.com\/de\/wp-json\/wp\/v2\/product_tag?post=16030"}],"curies":[{"name":"wp","href":"https:\/\/api.w.org\/{rel}","templated":true}]}}