{"id":15876,"date":"2023-10-13T16:04:20","date_gmt":"2023-10-13T15:04:20","guid":{"rendered":"https:\/\/1001vertus.com\/?post_type=product&#038;p=15876"},"modified":"2026-05-03T11:34:23","modified_gmt":"2026-05-03T10:34:23","slug":"schwarze-seife-aus-marokko","status":"publish","type":"product","link":"https:\/\/1001vertus.com\/de\/produit\/savon-noir-du-maroc\/","title":{"rendered":"Schwarze Seife aus Marokko - 350g"},"content":{"rendered":"<p>Urspr\u00fcnglich aus Marokko stammend, ist der\u00a0<strong>Schmierseife<\/strong>\u00a0est un produit naturel aux multiples vertus. Richesse de la tradition marocaine, ce savon v\u00e9g\u00e9tal est utilis\u00e9 depuis des si\u00e8cles pour prendre soin du corps et du visage. De nos jours, le savon noir du Maroc conna\u00eet une renomm\u00e9e internationale gr\u00e2ce \u00e0 ses nombreux bienfaits pour la peau. Entre exfoliation douce, hydratation et nettoyage en profondeur, d\u00e9couvrez tout ce que ce tr\u00e9sor oriental a \u00e0 offrir.<\/p>\n<h2><strong>Was ist schwarze Seife aus Marokko?<\/strong><\/h2>\n<p>Die\u00a0<strong>schwarze Seife aus Marokko<\/strong>, aussi appel\u00e9 \u00ab\u00a0Beldi\u00a0\u00bb, est un produit issu des traditions ancestrales du pays. Originaire de Marrakech et F\u00e8s, ce cosm\u00e9tique marocain est obtenu \u00e0 partir d&rsquo;olives noires broy\u00e9es, m\u00e9lang\u00e9es \u00e0 de <a href=\"https:\/\/1001vertus.com\/de\/product-category\/dolive-ol\/\"><strong>Oliven\u00f6l<\/strong><\/a>, de l&rsquo;eau chaude et de la potasse. Ce m\u00e9lange produit une p\u00e2te \u00e9paisse de couleur sombre, riche en vitamine E et en acides gras insatur\u00e9s, qui lui conf\u00e8re ses propri\u00e9t\u00e9s b\u00e9n\u00e9fiques pour la peau.<\/p>\n<h2><strong>Seine Vorteile f\u00fcr die Haut<\/strong><\/h2>\n<p>Gr\u00e2ce \u00e0 sa composition naturelle, le savon noir du Maroc poss\u00e8de de nombreuses vertus pour notre Peau :<\/p>\n<ul>\n<li><strong>Nat\u00fcrliches Peeling :<\/strong> les olives noires broy\u00e9es pr\u00e9sentes dans le savon beldi permettent d&rsquo;\u00e9liminer les impuret\u00e9s. Les cellules mortes qui s\u2019accumulent \u00e0 la surface de la peau. Il laisse ainsi la peau douce, lisse et revitalis\u00e9e.<\/li>\n<li><strong>Feuchtigkeitsspendend :<\/strong> riche en acides gras insatur\u00e9s, il contribue \u00e0 maintenir l&rsquo;hydratation de la peau. \u00c9vitant ainsi la d\u00e9shydratation et la sensation de tiraillement.<\/li>\n<li><strong>Tiefenreinigung :<\/strong>\u00a0gr\u00e2ce \u00e0 sa texture \u00e9paisse, il poss\u00e8de une excellente capacit\u00e9 nettoyante et \u00e9limine les impuret\u00e9s log\u00e9es dans les pores.<\/li>\n<li><strong>N\u00e4hrend :<\/strong>\u00a0sa teneur en vitamine E et en acides gras lui conf\u00e8re des propri\u00e9t\u00e9s nourrissantes luttant contre le vieillissement cutan\u00e9 et pr\u00e9servant ainsi l&rsquo;\u00e9lasticit\u00e9 et la souplesse de la peau.<\/li>\n<li><strong>Beruhigend :<\/strong> ce cosm\u00e9tique marocain peut \u00eatre m\u00e9lang\u00e9 avec de <em>Rosenwasser<\/em>\u00a0pour ses propri\u00e9t\u00e9s apaisantes et hydratantes<\/li>\n<\/ul>\n<h2><strong>Wie verwendet man schwarze Seife?<\/strong><\/h2>\n<p>Pour b\u00e9n\u00e9ficier pleinement des bienfaits du savon noir du Maroc, un rituel pr\u00e9cis doit \u00eatre respect\u00e9 :<\/p>\n<ol>\n<li>Mouillez votre corps et visage \u00e0 l&rsquo;eau ti\u00e8de puis appliquez une noix de savon noir sur la peau.<\/li>\n<li>Massez-vous avec des mouvements circulaires pour bien r\u00e9partir le produit sur votre peau. Laissez poser quelques minutes : il est normal que le savon noir ne mousse pas.<\/li>\n<li>Rincez abondamment, puis gommez votre peau \u00e0 l&rsquo;aide d&rsquo;un <a href=\"https:\/\/1001vertus.com\/de\/product-category\/kessa-handschuh\/\"><strong>Handschuh<\/strong><\/a> aus Rosshaar oder einem <a href=\"https:\/\/1001vertus.com\/de\/product\/loofah-oder-luffa-badeponge-100-naturlich\/\"><strong>loofa<\/strong><\/a>. Les cellules mortes et impuret\u00e9s seront \u00e9limin\u00e9es, laissant place \u00e0 une peau douce et lumineuse.<\/li>\n<li>Terminez par l&rsquo;application d&rsquo;un lait hydratant ou d&rsquo;une huile v\u00e9g\u00e9tale pour nourrir et prot\u00e9ger votre \u00e9piderme.<\/li>\n<\/ol>\n<p>Notez que cosm\u00e9tique marocain peut \u00eatre utilis\u00e9 sur tout le corps (y compris le visage). Cependant, si vous avez la peau sensible, il est recommand\u00e9 de r\u00e9aliser un test cutan\u00e9 sur une petite zone afin de v\u00e9rifier l&rsquo;\u00e9ventuelle pr\u00e9sence de r\u00e9actions allergiques.<\/p>\n<h2><strong>Les diff\u00e9rentes variantes \u00e0 conna\u00eetre du savon beldi<\/strong><\/h2>\n<p>Au-del\u00e0 de sa forme traditionnelle, le\u00a0<strong>schwarze Seife aus Marokko<\/strong>\u00a0se d\u00e9cline en diff\u00e9rentes versions pour s&rsquo;adapter aux besoins sp\u00e9cifiques de chaque type de peau :<\/p>\n<ul>\n<li><strong>Honig :<\/strong> connu pour ses vertus adoucissantes et antiseptiques. Le miel permet de calmer les irritations et redonne de l&rsquo;\u00e9clat \u00e0 la peau.<\/li>\n<li><strong>Le savon noir \u00e0 l&rsquo;huile d&rsquo;argan :<\/strong> riches en acides gras insatur\u00e9s et en vitamine E. L&rsquo;huile d&rsquo;argan apporte une nutrition suppl\u00e9mentaire et renforce l&rsquo;action anti-\u00e2ge du savon noir traditionnel.<\/li>\n<li><strong>Le mod\u00e8le \u00e0 l&rsquo;eucalyptus :<\/strong>\u00a0cette version contient de l&rsquo;huile essentielle d&rsquo;eucalyptus aux propri\u00e9t\u00e9s antiseptiques et stimulantes pour la circulation sanguine. Elle procure aussi une agr\u00e9able sensation de fra\u00eecheur et de tonus.<\/li>\n<\/ul>\n<h3><strong>W\u00e4hlen Sie Ihr marokkanisches Seifenst\u00fcck nach den Bed\u00fcrfnissen Ihrer Haut aus<\/strong><\/h3>\n<p>Pour tirer le meilleur parti de ce produit naturel, il convient de choisir le savon noir adapt\u00e9 \u00e0 vos besoins :<\/p>\n<ul>\n<li><strong>Pour les peaux s\u00e8ches<\/strong>, optez pour un savon beldi enrichi \u00e0 l&rsquo;huile d&rsquo;argan ou au miel qui nourrit et hydrate parfaitement.<\/li>\n<li><strong>Pour les peaux normales \u00e0 mixtes<\/strong>, pr\u00e9f\u00e9rez un savon beldi traditionnel qui \u00e9quilibre, nettoie et adoucit la peau tout en respectant son film hydrolipidique.<\/li>\n<li><strong>F\u00fcr fettige Haut<\/strong>, un savon marocain \u00e0 l&rsquo;eucalyptus aidera \u00e0 r\u00e9guler l\u2019exc\u00e8s de s\u00e9bum et r\u00e9duire les imperfections.<\/li>\n<\/ul>\n<p>So ist der\u00a0<strong>schwarze Seife aus Marokko<\/strong>\u00a0est ind\u00e9niablement un alli\u00e9 beaut\u00e9 de choix pour prendre soin de sa peau naturellement. Adapt\u00e9 \u00e0 diff\u00e9rents types de peaux et d\u00e9clin\u00e9 en plusieurs versions, il saura r\u00e9pondre aux besoins sp\u00e9cifiques de chacun. Gr\u00e2ce \u00e0 son pouvoir exfoliant, hydratant et nourrissant, le savon noir du Maroc s\u00e9duit de plus en plus d&rsquo;adeptes \u00e0 travers le monde et s&rsquo;impose comme un rituel beaut\u00e9 incontournable.<\/p>","protected":false},"excerpt":{"rendered":"<p>Urspr\u00fcnglich aus Marokko stammend, ist der\u00a0<strong>Schmierseife<\/strong>\u00a0ist ein Naturprodukt mit vielen positiven Eigenschaften.<\/p>\n<p>Richesse de la tradition marocaine, ce savon v\u00e9g\u00e9tal est utilis\u00e9 depuis des si\u00e8cles pour prendre soin du corps et du visage<\/p>","protected":false},"featured_media":15877,"template":"","meta":[],"product_brand":[],"product_cat":[55,27],"product_tag":[],"class_list":{"0":"post-15876","1":"product","2":"type-product","3":"status-publish","4":"has-post-thumbnail","6":"product_cat-savon","7":"product_cat-bien-etre","9":"first","10":"instock","11":"shipping-taxable","12":"purchasable","13":"product-type-simple"},"_links":{"self":[{"href":"https:\/\/1001vertus.com\/de\/wp-json\/wp\/v2\/product\/15876","targetHints":{"allow":["GET"]}}],"collection":[{"href":"https:\/\/1001vertus.com\/de\/wp-json\/wp\/v2\/product"}],"about":[{"href":"https:\/\/1001vertus.com\/de\/wp-json\/wp\/v2\/types\/product"}],"wp:featuredmedia":[{"embeddable":true,"href":"https:\/\/1001vertus.com\/de\/wp-json\/wp\/v2\/media\/15877"}],"wp:attachment":[{"href":"https:\/\/1001vertus.com\/de\/wp-json\/wp\/v2\/media?parent=15876"}],"wp:term":[{"taxonomy":"product_brand","embeddable":true,"href":"https:\/\/1001vertus.com\/de\/wp-json\/wp\/v2\/product_brand?post=15876"},{"taxonomy":"product_cat","embeddable":true,"href":"https:\/\/1001vertus.com\/de\/wp-json\/wp\/v2\/product_cat?post=15876"},{"taxonomy":"product_tag","embeddable":true,"href":"https:\/\/1001vertus.com\/de\/wp-json\/wp\/v2\/product_tag?post=15876"}],"curies":[{"name":"wp","href":"https:\/\/api.w.org\/{rel}","templated":true}]}}