{"id":15565,"date":"2023-10-06T16:44:41","date_gmt":"2023-10-06T15:44:41","guid":{"rendered":"https:\/\/1001vertus.com\/?post_type=product&#038;p=15565"},"modified":"2025-09-21T16:19:29","modified_gmt":"2025-09-21T15:19:29","slug":"massageol-aus-naturlichen-olen","status":"publish","type":"product","link":"https:\/\/1001vertus.com\/de\/produit\/huile-de-massage-aux-huiles-naturelles\/","title":{"rendered":"Massage\u00f6l aus nat\u00fcrlichen \u00d6len - 150ml"},"content":{"rendered":"","protected":false},"excerpt":{"rendered":"<p><strong>Zusammensetzung<\/strong> :<\/p>\n<p>Huile d&rsquo;Amande douce , huile de s\u00e9same , huile d&rsquo;olive , huile de tournesol ,huile d&rsquo;Argan bio ,huile p\u00e9pin de raisin, huile abricot huile d&rsquo; avocat, huile jojoba, huile essentielle ylang ylang , huile essentielle orange ,vitamine e, fragrance cosmetic.<\/p>","protected":false},"featured_media":15566,"template":"","meta":[],"product_brand":[],"product_cat":[102,15],"product_tag":[],"class_list":{"0":"post-15565","1":"product","2":"type-product","3":"status-publish","4":"has-post-thumbnail","6":"product_cat-huile-de-massage","7":"product_cat-huiles-bio","9":"first","10":"instock","11":"shipping-taxable","12":"purchasable","13":"product-type-simple"},"_links":{"self":[{"href":"https:\/\/1001vertus.com\/de\/wp-json\/wp\/v2\/product\/15565","targetHints":{"allow":["GET"]}}],"collection":[{"href":"https:\/\/1001vertus.com\/de\/wp-json\/wp\/v2\/product"}],"about":[{"href":"https:\/\/1001vertus.com\/de\/wp-json\/wp\/v2\/types\/product"}],"wp:featuredmedia":[{"embeddable":true,"href":"https:\/\/1001vertus.com\/de\/wp-json\/wp\/v2\/media\/15566"}],"wp:attachment":[{"href":"https:\/\/1001vertus.com\/de\/wp-json\/wp\/v2\/media?parent=15565"}],"wp:term":[{"taxonomy":"product_brand","embeddable":true,"href":"https:\/\/1001vertus.com\/de\/wp-json\/wp\/v2\/product_brand?post=15565"},{"taxonomy":"product_cat","embeddable":true,"href":"https:\/\/1001vertus.com\/de\/wp-json\/wp\/v2\/product_cat?post=15565"},{"taxonomy":"product_tag","embeddable":true,"href":"https:\/\/1001vertus.com\/de\/wp-json\/wp\/v2\/product_tag?post=15565"}],"curies":[{"name":"wp","href":"https:\/\/api.w.org\/{rel}","templated":true}]}}