{"id":1532,"date":"2019-06-06T18:23:11","date_gmt":"2019-06-06T17:23:11","guid":{"rendered":"https:\/\/1001vertus.com\/?post_type=product&#038;p=1532"},"modified":"2023-01-04T20:54:44","modified_gmt":"2023-01-04T19:54:44","slug":"carajmel-die-marmelade-aus-kamelmilch","status":"publish","type":"product","link":"https:\/\/1001vertus.com\/de\/produit\/carajmel-la-confiture-de-lait-de-chamelle\/","title":{"rendered":"Carajmel, die Konfit\u00fcre aus Kamelmilch"},"content":{"rendered":"<p class=\"western\">Der Carajmel ist ein <strong>Kamelmilchkonfit\u00fcre<\/strong> ou plut\u00f4t un <strong>\u00abdulche de leche\u00a0\u00bb<\/strong>. Son go\u00fbt est tr\u00e8s proche du caramel au beurre sal\u00e9 mais en plus onctueux, moins gras et qui ne colle pas.<\/p>\n<p class=\"western\">En plus d\u2019\u00eatre d\u00e9licieux, le Carajmel vous fait b\u00e9n\u00e9ficier des <a href=\"https:\/\/1001vertus.com\/de\/die-vorteile-von-kamelmilch\/\"><strong>Tugenden der Kamelmilch<\/strong><\/a>\u00a0:<\/p>\n<ul>\n<li class=\"western\">diese Milch ist <strong>10-mal reicher an Eisen<\/strong> und <strong>3-mal reicher an Vitamin C<\/strong> als das von K\u00fchen,<\/li>\n<li>er <strong>geeignet f\u00fcr Menschen mit Laktoseintoleranz,<\/strong><\/li>\n<li>gr\u00e2ce \u00e0 sa <strong>hoher Gehalt an Kalium, Magnesium und Vitamin B<\/strong>, le lait de chamelle favorise le d\u00e9veloppement des os, renforce la croissance des cheveux et pr\u00e9viens leur chute, en plus d&rsquo;assurer une dentition saine.<\/li>\n<\/ul>\n<p class=\"western\" align=\"left\">Le Carajmel est donc un processus innovant, adapt\u00e9 au lait de chamelle permettant de pouvoir le conserver plusieurs mois tout en conservant une bonne partie des vertus du lait de base.<\/p>\n<p class=\"western\" align=\"left\">Le Carajmel est fabriqu\u00e9 uniquement avec du lait frais, entier, tir\u00e9 du jour sur des chamelles \u00e9lev\u00e9es en libert\u00e9 en milieu naturel.<\/p>\n<p align=\"left\">Retrouvez \u00e9galement le carjamel sous forme de pack \u00ab\u00a0<a href=\"https:\/\/1001vertus.com\/de\/product\/schlemmerpaket\/\">Feinschmecker<\/a>\u00a0\u00bb avec d&rsquo;autres produits aux nombreuses vertus.<\/p>\n<p><span style=\"font-family: Liberation Sans, sans-serif;\"><u><b>INCI-Inhaltsstoffe :<\/b><\/u><\/span><\/p>\n<p><span style=\"color: #00000a;\"><span style=\"font-family: Liberation Sans, sans-serif;\"><span style=\"font-size: medium;\">Kamelmilch<\/span><\/span><\/span><\/p>\n<p><span style=\"color: #00000a;\"><span style=\"font-family: Liberation Sans, sans-serif;\"><span style=\"font-size: medium;\">Zucker<\/span><\/span><\/span><\/p>\n<p><span style=\"color: #00000a;\"><span style=\"font-family: Liberation Sans, sans-serif;\"><span style=\"font-size: medium;\">Natrium<\/span><\/span><\/span><\/p>\n<p><span style=\"font-family: Liberation Sans, sans-serif;\"><u><b>Herkunft :<\/b><\/u> <span style=\"font-size: medium;\">Marokko<\/span><\/span><\/p>\n<p><u><b>Inhalt :<\/b><\/u><b> <\/b> Erh\u00e4ltlich in 100ml-, 210ml- oder 310ml-T\u00f6pfen<\/p>","protected":false},"excerpt":{"rendered":"<p class=\"western\" align=\"left\">Carajmel ist ein weltweit einzigartiges Produkt : <strong>eine Milchkonfit\u00fcre mit nat\u00fcrlicher Kamelmilch 100%!<\/strong><\/p>\n<p class=\"western\">Sa texture est onctueuse et non collante, et son go\u00fbt est inimitable et tout simplement <strong>d\u00e9licieux<\/strong> ; il se rapproche d\u2019ailleurs beaucoup du caramel au beurre sal\u00e9.<\/p>\n<p class=\"western\">Neben der Eignung f\u00fcr<strong> intol\u00e9rants au lactose<\/strong>, ce produit authentique du Sahara a conserv\u00e9 une bonne partie des \u00e9normes <strong>Tugenden der Kamelmilch<\/strong>.<\/p>\n<p>Carajmel : le lait de chamelle \u00e0 tartiner !<\/p>","protected":false},"featured_media":1534,"template":"","meta":[],"product_brand":[],"product_cat":[29,64,28],"product_tag":[],"class_list":{"0":"post-1532","1":"product","2":"type-product","3":"status-publish","4":"has-post-thumbnail","6":"product_cat-alimentation","7":"product_cat-lait-de-chamelle","8":"product_cat-medecine-sante","10":"first","11":"outofstock","12":"sale","13":"shipping-taxable","14":"purchasable","15":"product-type-variable"},"_links":{"self":[{"href":"https:\/\/1001vertus.com\/de\/wp-json\/wp\/v2\/product\/1532","targetHints":{"allow":["GET"]}}],"collection":[{"href":"https:\/\/1001vertus.com\/de\/wp-json\/wp\/v2\/product"}],"about":[{"href":"https:\/\/1001vertus.com\/de\/wp-json\/wp\/v2\/types\/product"}],"wp:featuredmedia":[{"embeddable":true,"href":"https:\/\/1001vertus.com\/de\/wp-json\/wp\/v2\/media\/1534"}],"wp:attachment":[{"href":"https:\/\/1001vertus.com\/de\/wp-json\/wp\/v2\/media?parent=1532"}],"wp:term":[{"taxonomy":"product_brand","embeddable":true,"href":"https:\/\/1001vertus.com\/de\/wp-json\/wp\/v2\/product_brand?post=1532"},{"taxonomy":"product_cat","embeddable":true,"href":"https:\/\/1001vertus.com\/de\/wp-json\/wp\/v2\/product_cat?post=1532"},{"taxonomy":"product_tag","embeddable":true,"href":"https:\/\/1001vertus.com\/de\/wp-json\/wp\/v2\/product_tag?post=1532"}],"curies":[{"name":"wp","href":"https:\/\/api.w.org\/{rel}","templated":true}]}}