{"id":14828,"date":"2023-09-18T10:01:05","date_gmt":"2023-09-18T09:01:05","guid":{"rendered":"https:\/\/1001vertus.com\/?post_type=product&#038;p=14828"},"modified":"2024-04-28T21:30:22","modified_gmt":"2024-04-28T20:30:22","slug":"dolive-ol-aus-marokko","status":"publish","type":"product","link":"https:\/\/1001vertus.com\/de\/produit\/huile-dolive-du-maroc\/","title":{"rendered":"Huile d&rsquo;olive du Maroc &#8211; 250ml"},"content":{"rendered":"<p>D\u00e9lice aussi bien gustatif que pour l&rsquo;organisme, l&rsquo;huile d&rsquo;olive du Maroc est tout simplement une p\u00e9pite.\u00a0<strong>Sa saveur exceptionnelle autant que ces pr\u00e9cieux bienfaits en font un incontournable des cuisines du monde entier.<\/strong>\u00a0On vous pr\u00e9sente l&rsquo;huile d&rsquo;olive sign\u00e9e Assali, un bijou ajout\u00e9 \u00e0 vos mets d&rsquo;ailleurs et d&rsquo;ici.<\/p>\n<h2><strong>L&rsquo;huile d&rsquo;olive du Maroc Assali une qualit\u00e9 inou\u00efe<\/strong><\/h2>\n<p>Fid\u00e8les \u00e0 nos valeurs, notre s\u00e9lection regorge de produits d&rsquo;excellence. Ainsi, pas \u00e9tonnant que nous vous proposions \u00e0 travers nos huiles d&rsquo;olive du Maroc, celle que Assali nous signe de fa\u00e7on sublime.<\/p>\n<p>En effet, la marque nous habitue \u00e0\u00a0<strong>des produits de haute qualit\u00e9, ce qui se retrouve ainsi forc\u00e9ment dans cette huile si bonne pour la sant\u00e9.<\/strong>\u00a0En outre, on le constate \u00e0\u00a0<strong>son gout riche et d\u00e9licat<\/strong>. Man kommt viele Male gerne zur\u00fcck.<\/p>\n<h2><strong>Marokkanisches Oliven\u00f6l Assali: ein exquisiter Geschmack<\/strong><\/h2>\n<p>Si vous aimez ressentir pleinement la saveur m\u00e9diterran\u00e9enne de l&rsquo;olive, alors cette huile saura pleinement vous ravir. En effet, l&rsquo;huile d&rsquo;olive Assali vous apporte<strong>\u00a0toute la saveur de ce petit fruit vert du soleil au sein d&rsquo;une sublime et \u00e9l\u00e9gante bouteille.<\/strong><\/p>\n<p>Un ar\u00f4me que vous pourrez ajouter \u00e0 tous vos mets. Ou juste d\u00e9guster sur une tranche de pain complet. Un plaisir pour le palais et la sant\u00e9, que l&rsquo;on ne manque surtout pas de se procurer.<\/p>\n<h3><strong>Die Vorteile dieses \u00d6ls im Besonderen\u00a0<\/strong><\/h3>\n<p>Oliven\u00f6l aus Marokko veredelt Ihr Aussehen ebenso wie Ihren gesamten Organismus.<\/p>\n<p>En effet, elle s&rsquo;utilise depuis des si\u00e8cles dans la <a href=\"https:\/\/1001vertus.com\/de\/product\/tawbah-medicine-book\/\"><strong>m\u00e9decine naturelle et proph\u00e9tique<\/strong><\/a> de fa\u00e7on pr\u00e9cise. Et ce, que ce soit\u00a0<strong>zur \u00e4u\u00dferen oder inneren Anwendung.<\/strong>\u00a0Elle offre \u00e0 votre peau notamment\u00a0<strong>eine reinigende, aber auch feuchtigkeitsspendende, beruhigende, verj\u00fcngende und ebenso n\u00e4hrende Kraft.\u00a0<\/strong><\/p>\n<p>Dar\u00fcber hinaus\u00a0<strong>pour votre corps c&rsquo;est un v\u00e9ritable tr\u00e9sor.<\/strong>\u00a0Sie geht u. a,<strong> permettre de r\u00e9duire le mauvais cholest\u00e9rol, r\u00e9duire l&rsquo;hypertension, pr\u00e9venir de l&rsquo;ost\u00e9oporose, entretenir la m\u00e9moire, favoriser la d\u00e9tente musculaire<\/strong>\u00a0und noch viele weitere Vorteile.<\/p>\n<p>En clair, si il vous faut \u00e9quiper vos placards de cuisine, c&rsquo;est assur\u00e9ment avec l&rsquo;huile d&rsquo;olive du Maroc Assali.<\/p>","protected":false},"excerpt":{"rendered":"<p>D\u00e9lice aussi bien gustatif que pour l&rsquo;organisme, l&rsquo;huile d&rsquo;olive du Maroc est tout simplement une p\u00e9pite.<\/p>\n<p><strong>Sa saveur exceptionnelle autant que ces pr\u00e9cieux bienfaits en font un incontournable des cuisines du monde entier.<\/strong><\/p>","protected":false},"featured_media":14825,"template":"","meta":[],"product_brand":[],"product_cat":[97,29],"product_tag":[],"class_list":{"0":"post-14828","1":"product","2":"type-product","3":"status-publish","4":"has-post-thumbnail","6":"product_cat-huile-dolive","7":"product_cat-alimentation","9":"first","10":"outofstock","11":"shipping-taxable","12":"purchasable","13":"product-type-simple"},"_links":{"self":[{"href":"https:\/\/1001vertus.com\/de\/wp-json\/wp\/v2\/product\/14828","targetHints":{"allow":["GET"]}}],"collection":[{"href":"https:\/\/1001vertus.com\/de\/wp-json\/wp\/v2\/product"}],"about":[{"href":"https:\/\/1001vertus.com\/de\/wp-json\/wp\/v2\/types\/product"}],"wp:featuredmedia":[{"embeddable":true,"href":"https:\/\/1001vertus.com\/de\/wp-json\/wp\/v2\/media\/14825"}],"wp:attachment":[{"href":"https:\/\/1001vertus.com\/de\/wp-json\/wp\/v2\/media?parent=14828"}],"wp:term":[{"taxonomy":"product_brand","embeddable":true,"href":"https:\/\/1001vertus.com\/de\/wp-json\/wp\/v2\/product_brand?post=14828"},{"taxonomy":"product_cat","embeddable":true,"href":"https:\/\/1001vertus.com\/de\/wp-json\/wp\/v2\/product_cat?post=14828"},{"taxonomy":"product_tag","embeddable":true,"href":"https:\/\/1001vertus.com\/de\/wp-json\/wp\/v2\/product_tag?post=14828"}],"curies":[{"name":"wp","href":"https:\/\/api.w.org\/{rel}","templated":true}]}}