{"id":13817,"date":"2023-08-25T20:04:16","date_gmt":"2023-08-25T19:04:16","guid":{"rendered":"https:\/\/1001vertus.com\/?post_type=product&#038;p=13817"},"modified":"2026-04-20T10:10:53","modified_gmt":"2026-04-20T09:10:53","slug":"naturlicher-kampfer-am-stuck","status":"publish","type":"product","link":"https:\/\/1001vertus.com\/de\/produit\/camphre-naturel-en-morceau\/","title":{"rendered":"Nat\u00fcrlicher Kampfer am St\u00fcck (Ca. 25g)"},"content":{"rendered":"<p>Die\u00a0<strong>nat\u00fcrlicher Kampfer<\/strong> est une substance issue de l&rsquo;\u00e9corce et des branches de l&rsquo;arbre Camphrier, originaire d&rsquo;Asie du Sud-Est. Il est utilis\u00e9 depuis des si\u00e8cles dans la m\u00e9decine traditionnelle asiatique et occidentale pour ses vertus l\u00e9g\u00e8rement analg\u00e9siques, antiseptiques et anti-inflammatoires. Ici, nous allons explorer les diff\u00e9rents usages et b\u00e9n\u00e9fices du camphre naturel pour am\u00e9liorer votre bien-\u00eatre au quotidien.<\/p>\n<h2><strong>H\u00e4ufige Verwendungen von nat\u00fcrlichem Campher<\/strong><\/h2>\n<ul>\n<li><strong>Linderung von Muskelverspannungen und Gelenkschmerzen<\/strong><\/li>\n<\/ul>\n<p>Gr\u00e2ce \u00e0 ses propri\u00e9t\u00e9s\u00a0<strong>analg\u00e9siques<\/strong> et anti-inflammatoires, il est souvent utilis\u00e9 en massage pour soulager les <strong>Muskelverspannungen<\/strong>\u00a0et les douleurs articulaires. En effet, il permet de d\u00e9tendre les muscles et favorise la circulation sanguine dans les zones concern\u00e9es, ce qui contribue \u00e0 r\u00e9duire les inflammations et les douleurs.<\/p>\n<ul>\n<li><strong>Apaisement des piq\u00fbres d&rsquo;insectes et d\u00e9mangeaisons<\/strong><\/li>\n<\/ul>\n<p>Le camphre naturel en morceau poss\u00e8de \u00e9galement des vertus <strong>Antiseptika.<\/strong> Ce qui en fait un excellent rem\u00e8de contre les\u00a0<strong>piq\u00fbres d&rsquo;insectes<\/strong>\u00a0et les d\u00e9mangeaisons. En l&rsquo;appliquant sur la zone affect\u00e9e, il permet de d\u00e9sinfecter la plaie et de calmer rapidement les d\u00e9mangeaisons, tout en r\u00e9duisant les risques d&rsquo;infection.<\/p>\n<ul>\n<li><strong>Traitement des probl\u00e8mes respiratoires<\/strong><\/li>\n<\/ul>\n<p>Enfin, le camphre naturel est \u00e9galement connu pour ses propri\u00e9t\u00e9s expectorantes et d\u00e9congestionnantes. Il est ainsi couramment utilis\u00e9 en inhalation ou en application sur la poitrine pour traiter les affections respiratoires telles que la toux, le rhume, la sinusite ou encore la bronchite.<\/p>\n<h2><strong>Comment utiliser le camphre naturel\u00a0?<\/strong><\/h2>\n<p>Le camphre naturel peut \u00eatre utilis\u00e9 sous diff\u00e9rentes formes, en fonction de vos besoins et de l&rsquo;effet recherch\u00e9\u00a0:<\/p>\n<ul>\n<li><strong>\u00c4therisches \u00d6l<\/strong>\u00a0: dilu\u00e9e dans une <a href=\"https:\/\/1001vertus.com\/de\/product-category\/bio-ole\/\"><strong>huile v\u00e9g\u00e9tale<\/strong><\/a> neutre. Elle peut \u00eatre appliqu\u00e9e en massage sur les zones douloureuses ou en inhalation pour d\u00e9gager les voies respiratoires.<\/li>\n<li><strong>Balsam<\/strong>\u00a0: g\u00e9n\u00e9ralement compos\u00e9 de camphre, de menthol et d&rsquo;autres ingr\u00e9dients apaisants. Il s&rsquo;applique directement sur la peau pour soulager les douleurs musculaires et articulaires, ainsi que les piq\u00fbres d&rsquo;insectes.<\/li>\n<li><strong>Kampferpulver<\/strong>\u00a0: elle peut \u00eatre <a href=\"https:\/\/1001vertus.com\/de\/product\/zamzamwasser\/\"><strong>m\u00e9lang\u00e9e \u00e0 de l&rsquo;eau<\/strong><\/a> pour r\u00e9aliser une p\u00e2te \u00e0 appliquer sur les zones touch\u00e9es par les d\u00e9mangeaisons ou les inflammations.<\/li>\n<\/ul>\n<h2><strong>Pr\u00e9cautions d&#8217;emploi du camphre naturel<\/strong><\/h2>\n<p>Bien que le camphre naturel soit g\u00e9n\u00e9ralement sans danger pour la plupart des personnes, certaines pr\u00e9cautions d&#8217;emploi sont toutefois \u00e0 respecter\u00a0:<\/p>\n<ol>\n<li><strong>Halten Sie sich an die Dosierungen<\/strong> : une utilisation excessive ou prolong\u00e9e peut entra\u00eener des effets ind\u00e9sirables. Tels que des irritations cutan\u00e9es, des naus\u00e9es ou encore des troubles neurologiques. Il est donc important de ne pas d\u00e9passer les doses recommand\u00e9es. Toujours diluer l&rsquo;huile essentielle de camphre avant application.<\/li>\n<li><strong>\u00c9viter le contact avec les yeux et les muqueuses<\/strong>\u00a0: en raison de sa puissance, le camphre peut provoquer des br\u00fblures ou des irritations s&rsquo;il entre en contact avec les yeux ou les muqueuses. Veillez donc \u00e0 bien vous laver les mains apr\u00e8s chaque utilisation et \u00e0 \u00e9viter tout contact accidentel.<\/li>\n<li><strong>Kontraindikationen<\/strong> : il est d\u00e9conseill\u00e9 aux femmes enceintes, allaitantes, ainsi qu&rsquo;aux enfants de moins de 6 ans. En cas de doute ou de pathologie particuli\u00e8re, il est recommand\u00e9 de consulter un professionnel de sant\u00e9 avant d&rsquo;utiliser le camphre naturel.<\/li>\n<\/ol>\n<h3><strong>En r\u00e9sum\u00e9<\/strong><\/h3>\n<p>Le camphre naturel est une substance aux multiples vertus qui peut vous aider \u00e0 soulager les tensions musculaires. Apaiser les piq\u00fbres d&rsquo;insectes et am\u00e9liorer votre confort respiratoire. Disponible sous diff\u00e9rentes formes, il est facile \u00e0 utiliser et adapt\u00e9 \u00e0 de nombreuses situations du quotidien. N&rsquo;oubliez cependant pas de respecter les pr\u00e9cautions d&#8217;emploi et de consulter un professionnel de sant\u00e9 en cas de besoin.<\/p>","protected":false},"excerpt":{"rendered":"<p>Die\u00a0<strong>nat\u00fcrlicher Kampfer<\/strong>\u00a0est une substance issue de l&rsquo;\u00e9corce et des branches de l&rsquo;arbre Camphrier, originaire d&rsquo;Asie du Sud-Est.<\/p>","protected":false},"featured_media":13818,"template":"","meta":[],"product_brand":[],"product_cat":[27],"product_tag":[],"class_list":{"0":"post-13817","1":"product","2":"type-product","3":"status-publish","4":"has-post-thumbnail","6":"product_cat-bien-etre","8":"first","9":"instock","10":"shipping-taxable","11":"purchasable","12":"product-type-simple"},"_links":{"self":[{"href":"https:\/\/1001vertus.com\/de\/wp-json\/wp\/v2\/product\/13817","targetHints":{"allow":["GET"]}}],"collection":[{"href":"https:\/\/1001vertus.com\/de\/wp-json\/wp\/v2\/product"}],"about":[{"href":"https:\/\/1001vertus.com\/de\/wp-json\/wp\/v2\/types\/product"}],"wp:featuredmedia":[{"embeddable":true,"href":"https:\/\/1001vertus.com\/de\/wp-json\/wp\/v2\/media\/13818"}],"wp:attachment":[{"href":"https:\/\/1001vertus.com\/de\/wp-json\/wp\/v2\/media?parent=13817"}],"wp:term":[{"taxonomy":"product_brand","embeddable":true,"href":"https:\/\/1001vertus.com\/de\/wp-json\/wp\/v2\/product_brand?post=13817"},{"taxonomy":"product_cat","embeddable":true,"href":"https:\/\/1001vertus.com\/de\/wp-json\/wp\/v2\/product_cat?post=13817"},{"taxonomy":"product_tag","embeddable":true,"href":"https:\/\/1001vertus.com\/de\/wp-json\/wp\/v2\/product_tag?post=13817"}],"curies":[{"name":"wp","href":"https:\/\/api.w.org\/{rel}","templated":true}]}}