{"id":1203,"date":"2019-01-13T19:03:52","date_gmt":"2019-01-13T18:03:52","guid":{"rendered":"https:\/\/1001vertus.com\/?post_type=product&#038;p=1203"},"modified":"2023-02-07T12:46:09","modified_gmt":"2023-02-07T11:46:09","slug":"lincroyable-serum-repousse-de-1001-vertus","status":"publish","type":"product","link":"https:\/\/1001vertus.com\/de\/produit\/lincroyable-serum-repousse-de-1001-vertus\/","title":{"rendered":"L\u2019incroyable s\u00e9rum repousse &#8211; 1001 VERTUS"},"content":{"rendered":"<p class=\"western\"><span style=\"font-family: Liberation Serif, Times New Roman, serif;\"><span style=\"font-size: medium;\">L\u2019incroyable s\u00e9rum repousse de 1001 Vertus est compos\u00e9 des huiles et mac\u00e9rats huileux suivants : huile d\u2019argan, huile d\u2019ail, huile de nigelle, huile d\u2019amande douce, huile de roquette, huile de p\u00e9pin de figue de barbarie, huile de s\u00e9same, huile de pin, huile d\u2019oignon, huile de moutarde, huile de fenugrec, huile de camomille, huile de jujubier, et huile de safran pur.<\/span><\/span><\/p>\n<p class=\"western\"><span style=\"font-family: Liberation Serif, Times New Roman, serif;\"><span style=\"font-size: medium;\">Chacune de ces huiles est b\u00e9n\u00e9fique pour vos cheveux mais leur synergie est tout simplement \u00e9poustouflante ! D&rsquo;ailleurs la majorit\u00e9 des utilisateurs remarquent des effets positifs d\u00e8s les premi\u00e8res utilisations.<br \/>\n<\/span><\/span><\/p>\n<p class=\"western\"><span style=\"font-family: Liberation Serif, Times New Roman, serif;\"><span style=\"font-size: medium;\">Notre s\u00e9rum : <\/span><\/span><\/p>\n<ul>\n<li class=\"western\"><span style=\"font-family: Liberation Serif, Times New Roman, serif;\"><span style=\"font-size: medium;\">regt das Wachstum an, <\/span><\/span><\/li>\n<li class=\"western\"><span style=\"font-family: Liberation Serif, Times New Roman, serif;\"><span style=\"font-size: medium;\">aktiviert das Nachwachsen, <\/span><\/span><\/li>\n<li class=\"western\"><span style=\"font-family: Liberation Serif, Times New Roman, serif;\"><span style=\"font-size: medium;\">stoppt den Haarausfall, <\/span><\/span><\/li>\n<li class=\"western\"><span style=\"font-family: Liberation Serif, Times New Roman, serif;\"><span style=\"font-size: medium;\">n\u00e4hrt und st\u00e4rkt, <\/span><\/span><\/li>\n<li class=\"western\"><span style=\"font-family: Liberation Serif, Times New Roman, serif;\"><span style=\"font-size: medium;\">r\u00e9pare et \u00e9paissit, <\/span><\/span><\/li>\n<li class=\"western\"><span style=\"font-family: Liberation Serif, Times New Roman, serif;\"><span style=\"font-size: medium;\">und macht das Haar gl\u00e4nzend und seidig.<br \/>\n<\/span><\/span><\/li>\n<\/ul>\n<p class=\"western\"><span style=\"font-family: Liberation Serif, Times New Roman, serif;\"><span style=\"font-size: medium;\">Les r\u00e9sultats sont tous simplement bluffants ! Vous en doutez ? Jetez un \u0153il \u00e0 nos <a href=\"https:\/\/1001vertus.com\/de\/product\/lincroyable-serum-capillaire-de-1001-vertus\/#reviews\">zahlreiche Kundenmeinungen<\/a><\/span><\/span> !<\/p>\n<p>&nbsp;<\/p>\n<p class=\"western\"><span style=\"font-family: Liberation Serif, Times New Roman, serif;\"><span style=\"font-size: medium;\"><u><strong>Hinweise zur Verwendung :<\/strong> <\/u><\/span><\/span><\/p>\n<p class=\"western\"><span style=\"font-family: Liberation Serif, Times New Roman, serif;\"><span style=\"font-size: medium;\">Appliquez le s\u00e9rum sur le cuir chevelu puis masser soigneusement pendant 1 \u00e0 2 minutes et terminez sur la longueur des cheveux, pour obtenir un r\u00e9sultat optimal. <\/span><\/span><\/p>\n<p class=\"western\"><span style=\"font-family: Liberation Serif, Times New Roman, serif;\"><span style=\"font-size: medium;\">Lassen Sie <strong>mindestens<\/strong> 1 \u00e0 2 heures puis lavez. <\/span><\/span><span style=\"font-family: Liberation Serif, Times New Roman, serif;\"><span style=\"font-size: medium;\"><strong>Plus le temps de pause est important, plus le r\u00e9sultat sera au rendez-vous.<\/strong> N&rsquo;h\u00e9sitez donc pas \u00e0 le laisser toute la nuit !<br \/>\n<\/span><\/span><\/p>\n<p class=\"western\"><span style=\"font-family: Liberation Serif, Times New Roman, serif;\"><span style=\"font-size: medium;\">R\u00e9p\u00e9tez l\u2019op\u00e9ration deux \u00e0 trois fois par semaine <strong>maximal<\/strong>. (Attention, \u00e0 ne pas le faire plus de 3 fois par semaine, sinon cela pourrait asphyxier le cuir chevelu.)<br \/>\n<\/span><\/span><\/p>\n<p>&nbsp;<\/p>\n<p><u><b>Herkunft<\/b><\/u><u> :<\/u> Marokko<\/p>\n<p class=\"western\"><em><span style=\"font-family: Liberation Serif, Times New Roman, serif;\"><span style=\"font-size: medium;\">Notre incroyable s\u00e9rum repousse est disponible en bouteille de 50ml ou 100ml.<\/span><\/span><\/em><\/p>","protected":false},"excerpt":{"rendered":"<p class=\"western\"><span style=\"font-family: Liberation Serif, Times New Roman, serif;\"><span style=\"font-size: medium;\">Comme son nom l\u2019indique, notre s\u00e9rum repousse est tout simplement incroyable. Ce m\u00e9lange d\u2019huiles et de mac\u00e9rats huileux , savamment dos\u00e9, a d\u00e9j\u00e0 fait ses preuves aupr\u00e8s de nombreux hommes et femmes.<\/span><\/span><\/p>\n<p class=\"western\"><span style=\"font-family: Liberation Serif, Times New Roman, serif;\"><span style=\"font-size: medium;\">Le r\u00e9sultat est sans appel. <\/span><\/span><\/p>\n<p class=\"western\"><span style=\"font-family: Liberation Serif, Times New Roman, serif;\"><span style=\"font-size: medium;\">Notre s\u00e9rum\u00a0:<\/span><\/span><\/p>\n<ul>\n<li>\n<p class=\"western\"><span style=\"font-family: Liberation Serif, Times New Roman, serif;\"><span style=\"font-size: medium;\">regt das Wachstum an, <\/span><\/span><\/p>\n<\/li>\n<li>\n<p class=\"western\"><span style=\"font-family: Liberation Serif, Times New Roman, serif;\"><span style=\"font-size: medium;\">aktiviert das Nachwachsen,<\/span><\/span><\/p>\n<\/li>\n<li>\n<p class=\"western\"><span style=\"font-family: Liberation Serif, Times New Roman, serif;\"><span style=\"font-size: medium;\">stoppt den Fall,<\/span><\/span><\/p>\n<\/li>\n<li>\n<p class=\"western\"><span style=\"font-family: Liberation Serif, Times New Roman, serif;\"><span style=\"font-size: medium;\">n\u00e4hrt und st\u00e4rkt,<\/span><\/span><\/p>\n<\/li>\n<li>\n<p class=\"western\"><span style=\"font-family: Liberation Serif, Times New Roman, serif;\"><span style=\"font-size: medium;\">r\u00e9pare et \u00e9paissit,<\/span><\/span><\/p>\n<\/li>\n<li>\n<p class=\"western\"><span style=\"font-family: Liberation Serif, Times New Roman, serif;\"><span style=\"font-size: medium;\">und macht das Haar gl\u00e4nzend und seidig.<\/span><\/span><\/p>\n<\/li>\n<\/ul>\n<p class=\"western\"><span style=\"font-family: Liberation Serif, Times New Roman, serif;\"><span style=\"font-size: medium;\">De plus, la plupart des utilisateurs ont remarqu\u00e9s des effets d\u00e8s la premi\u00e8re utilisation\u00a0!<\/span><\/span><\/p>","protected":false},"featured_media":1209,"template":"","meta":[],"product_brand":[],"product_cat":[27],"product_tag":[],"class_list":{"0":"post-1203","1":"product","2":"type-product","3":"status-publish","4":"has-post-thumbnail","6":"product_cat-bien-etre","8":"first","9":"instock","10":"featured","11":"shipping-taxable","12":"purchasable","13":"product-type-variable"},"_links":{"self":[{"href":"https:\/\/1001vertus.com\/de\/wp-json\/wp\/v2\/product\/1203","targetHints":{"allow":["GET"]}}],"collection":[{"href":"https:\/\/1001vertus.com\/de\/wp-json\/wp\/v2\/product"}],"about":[{"href":"https:\/\/1001vertus.com\/de\/wp-json\/wp\/v2\/types\/product"}],"wp:featuredmedia":[{"embeddable":true,"href":"https:\/\/1001vertus.com\/de\/wp-json\/wp\/v2\/media\/1209"}],"wp:attachment":[{"href":"https:\/\/1001vertus.com\/de\/wp-json\/wp\/v2\/media?parent=1203"}],"wp:term":[{"taxonomy":"product_brand","embeddable":true,"href":"https:\/\/1001vertus.com\/de\/wp-json\/wp\/v2\/product_brand?post=1203"},{"taxonomy":"product_cat","embeddable":true,"href":"https:\/\/1001vertus.com\/de\/wp-json\/wp\/v2\/product_cat?post=1203"},{"taxonomy":"product_tag","embeddable":true,"href":"https:\/\/1001vertus.com\/de\/wp-json\/wp\/v2\/product_tag?post=1203"}],"curies":[{"name":"wp","href":"https:\/\/api.w.org\/{rel}","templated":true}]}}