{"id":1189,"date":"2019-01-13T08:12:55","date_gmt":"2019-01-13T07:12:55","guid":{"rendered":"https:\/\/1001vertus.com\/?post_type=product&#038;p=1189"},"modified":"2026-03-27T11:19:13","modified_gmt":"2026-03-27T10:19:13","slug":"bio-damaszener-rosenwasser","status":"publish","type":"product","link":"https:\/\/1001vertus.com\/de\/produit\/eau-de-rose-de-damas-bio\/","title":{"rendered":"Damaszener-Rosenwasser BIO"},"content":{"rendered":"<p class=\"western\"><strong><span style=\"font-family: Liberation Serif, Times New Roman, serif;\"><span style=\"font-size: medium;\">L\u2019eau de rose est utilis\u00e9e depuis l\u2019antiquit\u00e9 pour ses vertus r\u00e9g\u00e9n\u00e9rantes et antibact\u00e9riennes.<\/span><\/span><\/strong><\/p>\n<p class=\"western\"><span style=\"font-family: Liberation Serif, Times New Roman, serif;\"><span style=\"font-size: medium;\">Elle est \u00e9galement appel\u00e9e hydrolat de rose, et est obtenue par la distillation \u00e0 la vapeur des fleurs fra\u00eeches. Cueillie \u00e0 la main d\u00e8s l\u2019aurore, ses p\u00e9tales sont imm\u00e9diatement distill\u00e9s avec de l\u2019eau de source\u00a0; ce proc\u00e9d\u00e9 d\u2019extraction naturel, respectueux de l\u2019environnement et du v\u00e9g\u00e9tal, garantit un hydrolat 100% naturel, particuli\u00e8rement riche en mol\u00e9cules actives. <\/span><\/span><\/p>\n<p class=\"western\"><span style=\"font-family: Liberation Serif, Times New Roman, serif;\"><span style=\"font-size: medium;\">Les p\u00e9tales utilis\u00e9s lors de la distillation sont des p\u00e9tales de rose de Damas. Cette vari\u00e9t\u00e9 de rose est l\u2019une des plus anciennes au monde. Son nom fait r\u00e9f\u00e9rence \u00e0 la ville de Damas, en Syrie. Elle serait apparue avant l\u2019homme, il y a environ 35 millions d\u2019ann\u00e9es. <\/span><\/span><\/p>\n<p class=\"western\"><span style=\"font-family: Liberation Serif, Times New Roman, serif;\"><span style=\"font-size: medium;\">Diese Rose<\/span><\/span><em><span style=\"font-family: Liberation Serif, Times New Roman, serif;\"><span style=\"font-size: medium;\">\u00a0findet seinen Ursprung<\/span><\/span><\/em><span style=\"font-family: Liberation Serif, Times New Roman, serif;\"><span style=\"font-size: medium;\">\u00a0\u00e0 l\u2019\u00e9tat sauvage en Syrie, et au\u00a0Maroc. On la retrouve \u00e9galement en Turquie et en Bulgarie sous forme de cultures plus extensives.\u00a0Le Maroc est le troisi\u00e8me pays producteur de la Rose de Damas. C\u2019est d\u2019ailleurs de ce pays que provient notre eau de rose BIO mais aussi notre huile de rose BIO.<\/span><\/span><\/p>\n<p class=\"western\"><span style=\"font-family: Liberation Serif, Times New Roman, serif;\"><span style=\"font-size: medium;\">Le climat semi-aride du sud marocain et la richesse du sol en min\u00e9raux donne<\/span><\/span> <strong><span style=\"font-family: Liberation Serif, Times New Roman, serif;\"><span style=\"font-size: medium;\">une qualit\u00e9 de rose unique, intens\u00e9ment fleurie et naturellement tr\u00e8s concentr\u00e9e en actifs<\/span><\/span><\/strong><span style=\"font-family: Liberation Serif, Times New Roman, serif;\"><span style=\"font-size: medium;\">.<\/span><\/span><\/p>\n<p>&nbsp;<\/p>\n<p class=\"western\"><span style=\"font-family: Liberation Serif, Times New Roman, serif;\"><span style=\"font-size: medium;\"><u><b>VERTUS :<\/b><\/u><\/span><\/span><\/p>\n<h3 class=\"western\"><span style=\"font-family: Liberation Serif, Times New Roman, serif;\"><span style=\"font-size: medium;\">&#8211; nettoie la peau en profondeur :<\/span><\/span><\/h3>\n<p class=\"western\"><span style=\"font-family: Liberation Serif, Times New Roman, serif;\"><span style=\"font-size: medium;\">L\u2019eau de rose est un <\/span><\/span><span style=\"color: #000080;\"><span lang=\"zxx\"><span style=\"color: #000000;\"><span style=\"font-family: Liberation Serif, Times New Roman, serif;\"><span style=\"font-size: medium;\">antibact\u00e9rien<\/span><\/span><\/span><\/span><\/span><span style=\"font-family: Liberation Serif, Times New Roman, serif;\"><span style=\"font-size: medium;\"> naturel. Issue d\u2019un processus de distillation de p\u00e9tales de roses, cette eau vous permettra de conserver une peau propre toute la journ\u00e9e. Mettez-en sur un coton comme une eau micellaire et <\/span><\/span><strong><span style=\"font-family: Liberation Serif, Times New Roman, serif;\"><span style=\"font-size: medium;\">reinigen Sie Ihr Gesicht morgens und abends damit.<\/span><\/span><\/strong><span style=\"font-family: Liberation Serif, Times New Roman, serif;\"><span style=\"font-size: medium;\"> Vous ne serez pas d\u00e9\u00e7ue. Les personnes qui ont la peau grasse seront par ailleurs surpris de d\u00e9couvrir que cette eau resserre les pores efficacement.<\/span><\/span><\/p>\n<h3 class=\"western\"><span style=\"font-family: Liberation Serif, Times New Roman, serif;\"><span style=\"font-size: medium;\">&#8211; hydratante :<\/span><\/span><\/h3>\n<p class=\"western\"><span style=\"font-family: Liberation Serif, Times New Roman, serif;\"><span style=\"font-size: medium;\">L\u2019appliquer sur son visage matin et soir permettra aussi \u00e0 votre peau d\u2019\u00eatre bien hydrat\u00e9e. L\u2019eau de rose poss\u00e8de en effet de nombreuses vertus, dont celles de <\/span><\/span><strong><span style=\"font-family: Liberation Serif, Times New Roman, serif;\"><span style=\"font-size: medium;\">die Haut gl\u00e4tten und revitalisieren<\/span><\/span><\/strong><span style=\"font-family: Liberation Serif, Times New Roman, serif;\"><span style=\"font-size: medium;\">. Elle maintient \u00e9galement l\u2019\u00e9quilibre du pH de la peau. <\/span><\/span><\/p>\n<h3 class=\"western\"><span style=\"font-family: Liberation Serif, Times New Roman, serif;\"><span style=\"font-size: medium;\">&#8211; excellent to<\/span><\/span><strong><span style=\"font-family: Liberation Serif, Times New Roman, serif;\"><span style=\"font-size: medium;\">nique pour le visage\u00a0:<\/span><\/span><\/strong><\/h3>\n<p class=\"western\" align=\"justify\"><span style=\"font-family: Liberation Serif, Times New Roman, serif;\"><span style=\"font-size: medium;\">La plupart des toniques disponibles sur le march\u00e9 sont remplis de produits chimiques et contiennent de l\u2019alcool.<\/span><\/span><\/p>\n<p class=\"western\" align=\"justify\"><span style=\"font-family: Liberation Serif, Times New Roman, serif;\"><span style=\"font-size: medium;\">L\u2019utilisation r\u00e9guli\u00e8re de l\u2019eau de rose aidera \u00e0 maintenir l\u2019hydratation de la peau. Elle est une meilleure alternative et plus naturelle aux toniques chimiques.<\/span><\/span><\/p>\n<p class=\"western\" align=\"justify\"><span style=\"font-family: Liberation Serif, Times New Roman, serif;\"><span style=\"font-size: medium;\">Pour cela, appliquer \u00a0l\u2019eau de rose r\u00e9frig\u00e9r\u00e9e sur la peau\u00a0avec une boule de coton doux apr\u00e8s le d\u00e9maquillage de la peau <\/span><\/span><\/p>\n<p class=\"western\" align=\"justify\"><span style=\"font-family: Liberation Serif, Times New Roman, serif;\"><span style=\"font-size: medium;\">Utilisation de l\u2019eau de rose comme tonique aide \u00e0 tonifier naturellement la peau du visage. Elle ferme les pores ouverts tout en donnant \u00e0 la peau un agr\u00e9able parfum floral.<\/span><\/span><\/p>\n<h3 class=\"western\" align=\"justify\"><strong><span style=\"font-family: Liberation Serif, Times New Roman, serif;\"><span style=\"font-size: medium;\">&#8211; bonne pour les yeux et leurs contours :<\/span><\/span><\/strong><\/h3>\n<p class=\"western\" align=\"justify\"><span style=\"font-family: Liberation Serif, Times New Roman, serif;\"><span style=\"font-size: medium;\">Elle aidera \u00e0 pr\u00e9venir et gu\u00e9rir les cernes et les poches sous les yeux mais elle aidera \u00e9galement \u00e0 nettoyer et apaiser les yeux d\u2019une mani\u00e8re douce. <\/span><\/span><\/p>\n<p class=\"western\" align=\"justify\"><span style=\"font-family: Liberation Serif, Times New Roman, serif;\"><span style=\"font-size: medium;\">Si vous vous r\u00e9veillez chaque matin avec les yeux gonfl\u00e9s, l\u2019eau de rose pourra faire des miracles. <\/span><\/span><strong><span style=\"font-family: Liberation Serif, Times New Roman, serif;\"><span style=\"font-size: medium;\">Imbibez des cotons d\u2019eau de rose<\/span><\/span><\/strong> <span style=\"font-family: Liberation Serif, Times New Roman, serif;\"><span style=\"font-size: medium;\">que vous aurez conserv\u00e9 au frais. D\u00e9posez ces cotons sur vos yeux et laissez agir. En quelques minutes, vos yeux se d\u00e9gonfleront et les cernes, si vous en avez, s\u2019estomperont.<\/span><\/span><\/p>\n<h3 class=\"western\"><span style=\"font-family: Liberation Serif, Times New Roman, serif;\"><span style=\"font-size: medium;\">&#8211; combat les rides :<\/span><\/span><\/h3>\n<p class=\"western\"><span style=\"font-family: Liberation Serif, Times New Roman, serif;\"><span style=\"font-size: medium;\">En appliquant chaque jour de l\u2019eau de rose sur votre visage, vous combattrez efficacement l\u2019apparition des rides. Riche en antioxydants, elle contribuera \u00e0<\/span><\/span><strong><span style=\"font-family: Liberation Serif, Times New Roman, serif;\"><span style=\"font-size: medium;\"> die Hautalterung zur\u00fcckdr\u00e4ngen<\/span><\/span><\/strong><span style=\"font-family: Liberation Serif, Times New Roman, serif;\"><span style=\"font-size: medium;\"> w\u00e4hrend sie gleichzeitig Falten und feine Linien mindert.<\/span><\/span><\/p>\n<h3 class=\"western\"><span style=\"font-family: Liberation Serif, Times New Roman, serif;\"><span style=\"font-size: medium;\">&#8211; poss\u00e8de des vertus cicatrisantes :<\/span><\/span><\/h3>\n<p class=\"western\"><span style=\"font-family: Liberation Serif, Times New Roman, serif;\"><span style=\"font-size: medium;\">L\u2019eau peut en effet venir gu\u00e9rir les cicatrices ou les blessures. Tr\u00e8s respectueuse des peaux sensibles, l\u2019eau de rose sera aussi recommand\u00e9e en cas d\u2019<\/span><\/span><span style=\"color: #000080;\"><span lang=\"zxx\"><span style=\"color: #000000;\"><span style=\"font-family: Liberation Serif, Times New Roman, serif;\"><span style=\"font-size: medium;\">Akne<\/span><\/span><\/span><\/span><\/span><span style=\"font-family: Liberation Serif, Times New Roman, serif;\"><span style=\"font-size: medium;\"> um das Gesicht zu pflegen. Seine <\/span><\/span><strong><span style=\"font-family: Liberation Serif, Times New Roman, serif;\"><span style=\"font-size: medium;\">vertus antibact\u00e9riennes et cicatrisantes<\/span><\/span><\/strong><span style=\"font-family: Liberation Serif, Times New Roman, serif;\"><span style=\"font-size: medium;\"> sich<\/span><\/span><span style=\"font-family: Liberation Serif, Times New Roman, serif;\"><span style=\"font-size: medium;\">ront aussi efficaces contre les aphtes, les ulc\u00e8res cutan\u00e9s, la dermatite et l\u2019ecz\u00e9ma. <\/span><\/span><\/p>\n<h3 class=\"western\"><span style=\"font-family: Liberation Serif, Times New Roman, serif;\"><span style=\"font-size: medium;\">&#8211; excellent soin apr\u00e8s-soleil :<\/span><\/span><\/h3>\n<p class=\"western\"><span style=\"font-family: Liberation Serif, Times New Roman, serif;\"><span style=\"font-size: medium;\">Apr\u00e8s avoir pass\u00e9 une journ\u00e9e au soleil, il faut prendre soin de sa peau. L\u2019eau de rose sera alors particuli\u00e8rement recommand\u00e9e, dans la mesure o\u00f9<\/span><\/span> <strong><span style=\"font-family: Liberation Serif, Times New Roman, serif;\"><span style=\"font-size: medium;\">sie bek\u00e4mpft die sch\u00e4dlichen Auswirkungen der Sonne auf die Haut<\/span><\/span><\/strong><span style=\"font-family: Liberation Serif, Times New Roman, serif;\"><span style=\"font-size: medium;\">. Mettez l\u2019eau de rose dans un vaporisateur et pulv\u00e9rise<\/span><\/span><span style=\"font-family: Liberation Serif, Times New Roman, serif;\"><span style=\"font-size: medium;\">z-la sur toutes les parties du corps qui ont \u00e9t\u00e9 expos\u00e9es au soleil. Cela vous apaisera imm\u00e9diatement.<\/span><\/span><\/p>\n<p class=\"western\"><strong><span style=\"font-family: Liberation Serif, Times New Roman, serif;\"><span style=\"font-size: medium;\">Attention \u00e0 la composition !<\/span><\/span><\/strong><\/p>\n<p class=\"western\"><span style=\"font-family: Liberation Serif, Times New Roman, serif;\"><span style=\"font-size: medium;\">Comme l&rsquo;appellation \u00ab eau florale \u00bb n&rsquo;est pas contr\u00f4l\u00e9e, certaines marques peu scrupuleuses m\u00e9langent quelques gouttes d&rsquo;huile essentielle de rose \u00e0 de l&rsquo;eau, et la vendent comme une eau florale. <\/span><\/span><\/p>\n<p>&nbsp;<\/p>\n<p><span style=\"font-family: Liberation Sans, sans-serif;\"><u><b>Ing<\/b><\/u><u><b>r<\/b><\/u><u><b>INCI-Erzeugnisse:<\/b><\/u><\/span><\/p>\n<p>Wasser<\/p>\n<p>P\u00e9tales de rose de Damas<\/p>\n<p><span style=\"font-family: Liberation Sans, sans-serif;\"><u><b>Herkunft :<\/b><\/u> <span style=\"font-size: medium;\">Marokko<\/span><\/span><\/p>\n<p><u><b>Inhalt :<\/b><\/u><b> <\/b>100ml<\/p>\n<p>&nbsp;<\/p>","protected":false},"excerpt":{"rendered":"<p class=\"western\"><span style=\"font-family: Liberation Serif, Times New Roman, serif;\"><span style=\"font-size: medium;\">L\u2019eau de rose est un produit miracle qui risque de bouleverser votre quotidien. Ses vertus sont multiples et vont vous permettre de vous d\u00e9barrasser de nombreux produits compos\u00e9s d\u2019agents chimiques dangereux pour la peau. <\/span><\/span><\/p>\n<p class=\"western\"><span style=\"font-family: Liberation Serif, Times New Roman, serif;\"><span style=\"font-size: medium;\">Elle fera un parfait d\u00e9maquillant sain et naturel.<\/span><\/span><\/p>\n<p class=\"western\"><span style=\"font-family: Liberation Serif, Times New Roman, serif;\"><span style=\"font-size: medium;\">Elle nettoie en profondeur, hydrate, combat les rides, mais est \u00e9galement bonne pour le contour des yeux (cernes, poches, yeux gonfl\u00e9s\u2026).<\/span><\/span><\/p>\n<p class=\"western\"><span style=\"font-family: Liberation Serif, Times New Roman, serif;\"><span style=\"font-size: medium;\">Notre eau de rose est certifi\u00e9e BIO et est obtenue par distillation \u00e0 la vapeur des roses fra\u00eeches de Damas.<\/span><\/span><\/p>","protected":false},"featured_media":1210,"template":"","meta":[],"product_brand":[],"product_cat":[27],"product_tag":[],"class_list":{"0":"post-1189","1":"product","2":"type-product","3":"status-publish","4":"has-post-thumbnail","6":"product_cat-bien-etre","8":"first","9":"instock","10":"shipping-taxable","11":"purchasable","12":"product-type-simple"},"_links":{"self":[{"href":"https:\/\/1001vertus.com\/de\/wp-json\/wp\/v2\/product\/1189","targetHints":{"allow":["GET"]}}],"collection":[{"href":"https:\/\/1001vertus.com\/de\/wp-json\/wp\/v2\/product"}],"about":[{"href":"https:\/\/1001vertus.com\/de\/wp-json\/wp\/v2\/types\/product"}],"wp:featuredmedia":[{"embeddable":true,"href":"https:\/\/1001vertus.com\/de\/wp-json\/wp\/v2\/media\/1210"}],"wp:attachment":[{"href":"https:\/\/1001vertus.com\/de\/wp-json\/wp\/v2\/media?parent=1189"}],"wp:term":[{"taxonomy":"product_brand","embeddable":true,"href":"https:\/\/1001vertus.com\/de\/wp-json\/wp\/v2\/product_brand?post=1189"},{"taxonomy":"product_cat","embeddable":true,"href":"https:\/\/1001vertus.com\/de\/wp-json\/wp\/v2\/product_cat?post=1189"},{"taxonomy":"product_tag","embeddable":true,"href":"https:\/\/1001vertus.com\/de\/wp-json\/wp\/v2\/product_tag?post=1189"}],"curies":[{"name":"wp","href":"https:\/\/api.w.org\/{rel}","templated":true}]}}