{"id":11336,"date":"2023-05-28T19:59:06","date_gmt":"2023-05-28T18:59:06","guid":{"rendered":"https:\/\/1001vertus.com\/?post_type=product&#038;p=11336"},"modified":"2023-05-28T20:02:28","modified_gmt":"2023-05-28T19:02:28","slug":"rose-de-jericho-chajarat-mariam","status":"publish","type":"product","link":"https:\/\/1001vertus.com\/de\/produit\/rose-de-jericho-chajarat-mariam\/","title":{"rendered":"Rose von Jericho (Chajarat mariam) 25g"},"content":{"rendered":"<p>La Rose de Jericho, \u00e9galement connue sous le nom de Chajarat Mariam, est une plante myst\u00e9rieuse dont les bienfaits sont nombreux. <strong>Originaire des r\u00e9gions d\u00e9sertiques dues Moyen-Orient. Elle est r\u00e9put\u00e9e pour sa capacit\u00e9 \u00e0 survivre dans des conditions extr\u00eames gr\u00e2ce \u00e0 un m\u00e9canisme d&rsquo;adaptation unique.<\/strong><\/p>\n<p>Ici, 1001 Vertus explore avec vous les diff\u00e9rentes vertus de cette plante surprenante et les raisons pour lesquelles vous devriez envisager d&rsquo;y int\u00e9grer dans votre quotidien.<\/p>\n<h2><strong>Une plante extraordinaire aux propri\u00e9t\u00e9s uniques<\/strong><\/h2>\n<p>La Rose de Jericho est en r\u00e9alit\u00e9 une plante r\u00e9surrectionnelle. On l&rsquo;appelle ainsi car lorsqu&rsquo;elle se dess\u00e8che, elle se referme sur elle-m\u00eame et prend la forme d&rsquo;une boule compacte. Donnant ainsi l&rsquo;impression d&rsquo;\u00eatre morte. Toutefois, d\u00e8s qu&rsquo;elle entre en contact avec de l&rsquo;eau, elle s&rsquo;ouvre de nouveau et retrouve sa vitalit\u00e9 en seulement quelques heures.<\/p>\n<p>Au-del\u00e0 de son aspect \u00e9tonnant, la Chajarat Mariam poss\u00e8de \u00e9galement des qualit\u00e9s m\u00e9dicinales reconnues depuis des si\u00e8cles par les peuples du d\u00e9sert. Elle est notamment utilis\u00e9e en m\u00e9decine traditionnelle orientale pour traiter diverses affections comme les probl\u00e8mes digestifs, la fatigue ou encore les maladies inflammatoires.<\/p>\n<h3><strong>Un alli\u00e9 pour lutter contre le diab\u00e8te<\/strong><\/h3>\n<p>Les recherches scientifiques ont permis de mettre en lumi\u00e8re les propri\u00e9t\u00e9s anti-diab\u00e9tiques de la Rose de Jericho. En effet, cette plante est capable de r\u00e9duire significativement le taux de glyc\u00e9mie chez les personnes atteintes de diab\u00e8te de type 2. Elle agit notamment en favorisant l&rsquo;absorption du glucose par les cellules et en stimulant la production d&rsquo;insuline.<\/p>\n<p>Ainsi, la consommation r\u00e9guli\u00e8re de Chajarat Mariam peut contribuer \u00e0 am\u00e9liorer la qualit\u00e9 de vie des personnes souffrant de diab\u00e8te et pr\u00e9venir les complications li\u00e9es \u00e0 cette maladie. Telles que les probl\u00e8mes cardiaques, r\u00e9naux ou encore les troubles de la vision.<\/p>\n<p><strong>Cette plante m\u00e9dicinale est un rem\u00e8de totalement naturel qui permet aussi :<\/strong><\/p>\n<ul>\n<li>De diminuer l\u2019arthrite<\/li>\n<li><strong><a href=\"https:\/\/1001vertus.com\/de\/product-category\/vorteile-von-datteln\/\">De faciliter l\u2019accouchement<\/a>\u00a0<\/strong><\/li>\n<li><strong>Chajarat Mariam ist n\u00fctzlich f\u00fcr<\/strong>\u00a0<strong>le diab\u00e8te<\/strong>\u00a0car elle a des vertus hypoglyc\u00e9miantes<\/li>\n<li>Elle a une action diur\u00e9tique et est efficace contre les infections urinaires et les maladies cardiaques<\/li>\n<li>Sie ist hilfreich bei Bindehautentz\u00fcndung<\/li>\n<\/ul>\n<h2><strong>Les autres bienfaits de la Rose de Jericho sur la sant\u00e9<\/strong><\/h2>\n<p>Outre ses vertus anti-diab\u00e9tiques, la Rose de Jericho poss\u00e8de de nombreuses autres propri\u00e9t\u00e9s b\u00e9n\u00e9fiques pour la sant\u00e9 :<\/p>\n<ul>\n<li><strong>Antioxidans<\/strong> :\u00a0elle aide \u00e0 lutter contre le stress oxydatif responsable du vieillissement pr\u00e9matur\u00e9 des cellules et de nombreuses maladies chroniques.<\/li>\n<li><strong>Entz\u00fcndungshemmend<\/strong> : elle permet de soulager les douleurs et les inflammations. Notamment dans le cadre des maladies articulaires comme l&rsquo;arthrose ou la polyarthrite rhumato\u00efde.<\/li>\n<li><strong>Immunstimulierend<\/strong> :\u00a0elle renforce les d\u00e9fenses immunitaires et aide ainsi \u00e0 combattre les infections, le rhume et la grippe.<\/li>\n<li><strong>Diur\u00e9tique<\/strong> :\u00a0elle favorise l&rsquo;\u00e9limination des toxines et des d\u00e9chets m\u00e9taboliques par les reins, contribuant ainsi \u00e0 la d\u00e9toxification de l&rsquo;organisme.<\/li>\n<\/ul>\n<h3><strong>La Rose de Jericho en cosm\u00e9tique<\/strong><\/h3>\n<p>L&rsquo;incroyable capacit\u00e9 d&rsquo;adaptation de la Rose de Jericho en fait \u00e9galement un ingr\u00e9dient int\u00e9ressant pour les soins de la peau. Gr\u00e2ce \u00e0 ses propri\u00e9t\u00e9s hydratantes et r\u00e9g\u00e9n\u00e9rantes, elle est particuli\u00e8rement adapt\u00e9e aux peaux s\u00e8ches, sensibles ou matures. Elle peut \u00eatre utilis\u00e9e sous forme d&rsquo;huile, de cr\u00e8me ou encore de masque pour nourrir la peau en profondeur et am\u00e9liorer son \u00e9lasticit\u00e9.<\/p>\n<h3><strong>Wie kann man die Rose von Jericho im Alltag verwenden?<\/strong><\/h3>\n<p>Il existe plusieurs fa\u00e7ons d&rsquo;int\u00e9grer la Chajarat Mariam dans votre routine quotidienne :<\/p>\n<ol>\n<li><strong>Als Aufguss<\/strong> :\u00a0laissez tremper une petite quantit\u00e9 de plante s\u00e9ch\u00e9e dans de l&rsquo;eau chaude pendant 10 minutes, puis filtrez avant de boire. Vous pouvez consommer cette infusion jusqu&rsquo;\u00e0 trois fois par jour pour b\u00e9n\u00e9ficier de ses bienfaits sur la sant\u00e9.<\/li>\n<li><strong>En d\u00e9coction<\/strong> :\u00a0portez une poign\u00e9e de plante \u00e0 \u00e9bullition dans un litre d&rsquo;eau pendant 15 minutes, puis laissez refroidir. Buvez cette d\u00e9coction tout au long de la journ\u00e9e pour renforcer vos d\u00e9fenses immunitaires et lutter contre la fatigue.<\/li>\n<li><strong>In Pulverform<\/strong> : r\u00e9duisez la plante s\u00e9ch\u00e9e en poudre \u00e0 l&rsquo;aide d&rsquo;un mortier et d&rsquo;un pilon. Incorporez-la \u00e0 vos pr\u00e9parations culinaires (soupes, sauces, smoothies) pour b\u00e9n\u00e9ficier de ses vertus anti-diab\u00e9tiques.<\/li>\n<li><strong>En cosm\u00e9tique<\/strong> :\u00a0utilisez des produits \u00e0 base de Rose de Jericho pour prendre soin de votre peau et lutter contre les signes du vieillissement.<\/li>\n<\/ol>\n<p>Ainsi, la\u00a0Rose de Jericho\u00a0est une plante aux propri\u00e9t\u00e9s exceptionnelles qui m\u00e9rite d&rsquo;\u00eatre d\u00e9couverte et int\u00e9gr\u00e9e dans notre quotidien pour profiter pleinement de ses bienfaits sur la sant\u00e9. Alors n&rsquo;h\u00e9sitez plus et laissez-vous tenter par cette plante fascinante !<\/p>","protected":false},"excerpt":{"rendered":"<p><strong>Einige Vorteile :<\/strong><\/p>\n<ul>\n<li><strong>Antioxidans<\/strong> :\u00a0elle aide \u00e0 lutter contre le stress oxydatif responsable du vieillissement pr\u00e9matur\u00e9 des cellules et de nombreuses maladies chroniques.<\/li>\n<li><strong>Entz\u00fcndungshemmend<\/strong> : elle permet de soulager les douleurs et les inflammations. Notamment dans le cadre des maladies articulaires comme l&rsquo;arthrose ou la polyarthrite rhumato\u00efde.<\/li>\n<li><strong>Immunstimulierend<\/strong> :\u00a0elle renforce les d\u00e9fenses immunitaires et aide ainsi \u00e0 combattre les infections, le rhume et la grippe.<\/li>\n<li><strong>Diur\u00e9tique<\/strong> :\u00a0elle favorise l&rsquo;\u00e9limination des toxines et des d\u00e9chets m\u00e9taboliques par les reins, contribuant ainsi \u00e0 la d\u00e9toxification de l&rsquo;organisme.<\/li>\n<\/ul>","protected":false},"featured_media":11338,"template":"","meta":[],"product_brand":[],"product_cat":[27,28],"product_tag":[],"class_list":{"0":"post-11336","1":"product","2":"type-product","3":"status-publish","4":"has-post-thumbnail","6":"product_cat-bien-etre","7":"product_cat-medecine-sante","9":"first","10":"instock","11":"shipping-taxable","12":"purchasable","13":"product-type-simple"},"_links":{"self":[{"href":"https:\/\/1001vertus.com\/de\/wp-json\/wp\/v2\/product\/11336","targetHints":{"allow":["GET"]}}],"collection":[{"href":"https:\/\/1001vertus.com\/de\/wp-json\/wp\/v2\/product"}],"about":[{"href":"https:\/\/1001vertus.com\/de\/wp-json\/wp\/v2\/types\/product"}],"wp:featuredmedia":[{"embeddable":true,"href":"https:\/\/1001vertus.com\/de\/wp-json\/wp\/v2\/media\/11338"}],"wp:attachment":[{"href":"https:\/\/1001vertus.com\/de\/wp-json\/wp\/v2\/media?parent=11336"}],"wp:term":[{"taxonomy":"product_brand","embeddable":true,"href":"https:\/\/1001vertus.com\/de\/wp-json\/wp\/v2\/product_brand?post=11336"},{"taxonomy":"product_cat","embeddable":true,"href":"https:\/\/1001vertus.com\/de\/wp-json\/wp\/v2\/product_cat?post=11336"},{"taxonomy":"product_tag","embeddable":true,"href":"https:\/\/1001vertus.com\/de\/wp-json\/wp\/v2\/product_tag?post=11336"}],"curies":[{"name":"wp","href":"https:\/\/api.w.org\/{rel}","templated":true}]}}